{"id":29853,"date":"2025-06-12T17:55:09","date_gmt":"2025-06-12T15:55:09","guid":{"rendered":"https:\/\/kobra.si\/spletna-trgovina-kobra\/urevo-spacewalk-3s-elektricna-tekalna-steza-crna\/"},"modified":"2026-04-21T21:00:36","modified_gmt":"2026-04-21T19:00:36","slug":"urevo-spacewalk-3s-elektricna-tekalna-steza-crna","status":"publish","type":"product","link":"https:\/\/kobra.si\/en\/spletna-trgovina-kobra\/urevo-spacewalk-3s-elektricna-tekalna-steza-crna\/","title":{"rendered":"UREVO Spacewalk 3S elektri\u010dna tekalna steza (\u010drna)"},"content":{"rendered":"<h3>UREVO Spacewalk 3S elektri\u010dna tekalna steza (\u010drna)<\/h3>\n<p>Elektri\u010dna tekalna steza UREVO Spacewalk 3S je sodobna re\u0161itev za tiste, ki i\u0161\u010dejo u\u010dinkovito vadbo, ne da bi zapustili dom. Zdru\u017eite udobje z intenzivno vadbo zaradi 9 stopenj samodejnega spreminjanja naklona, kar vam omogo\u010da u\u010dinkovito modeliranje tele\u010djih in kolkov. Ne glede na va\u0161o raven telesne pripravljenosti vam bo ta tekalna steza omogo\u010dila, da vadbo prilagodite svojim potrebam in ciljem telesne pripravljenosti.<\/p>\n<p>\n<img decoding=\"async\" border=\"0\" src=\"https:\/\/assets.innpro.pl\/11571\/13702\/4.jpg\" title=\"\">\n<\/p>\n<h3><strong>Zdru\u017eljivost z ve\u010dnamenskimi aplikacijami<\/strong><br \/><\/h3>\n<p>Spacewalk 3S deluje z aplikacijami, kot so UREVO, Zwift in Kinomap, s katerimi lahko spremljate svoj napredek, se povezujete z virtualnimi svetovi in trenirate z drugimi uporabniki. Zaradi prilagojenih ciljev in programov vadbe vsakodnevna vadba ni le u\u010dinkovita, temve\u010d tudi polna motivacije. Poleg tega teka\u0161ka steza UREVO sodeluje z ekosistemom Xiaomi, kar odpira \u0161e ve\u010d mo\u017enosti.<\/p>\n<p>\n<img decoding=\"async\" border=\"0\" src=\"https:\/\/assets.innpro.pl\/11571\/13702\/5.jpg\" title=\"\">\n<\/p>\n<h3><strong>Zmogljiv motor in izjemno tiho delovanje<\/strong><br \/><\/h3>\n<p>Zaradi zmogljivega, a izjemno tihega motorja (le 45 dB) UREVO Spacewalk 3S zagotavlja udobno vadbo, ne da bi pri tem motil va\u0161 dom. Odslej lahko u\u017eivate v udobni, tihi in profesionalni opremi v katerem koli prostoru va\u0161ega doma.<\/p>\n<p>\n<img decoding=\"async\" border=\"0\" src=\"https:\/\/assets.innpro.pl\/11571\/13702\/10.jpg\" title=\"\">\n<\/p>\n<h3><strong>Prenosna zasnova<\/strong><br \/><\/h3>\n<p>UREVO Spacewalk 3S je zasnovan z mislijo na prakti\u010dnost. Tekalna steza ima ro\u010daje za la\u017eje prena\u0161anje in mehanizem za zlaganje, ki njeno vi\u0161ino zmanj\u0161a na samo 16,5 cm. Zaradi tega je shranjevanje teka\u0161ke steze preprosto in brez te\u017eav, tudi v manj\u0161ih prostorih.<\/p>\n<p>\n<img decoding=\"async\" border=\"0\" src=\"https:\/\/assets.innpro.pl\/11571\/13702\/3.jpg\" title=\"\">\n<\/p>\n<h3><strong>Natan\u010dno spremljanje zmogljivosti<br \/><\/strong><\/h3>\n<p>S kristalno jasnim zaslonom LED in aplikacijo UREVO je spremljanje klju\u010dnih parametrov vadbe \u0161e la\u017eje. Spremljajte naklon, hitrost, \u010das, razdaljo in porabljene kalorije v realnem \u010dasu prek povezave Bluetooth, da boste vedno spremljali svoj napredek.<\/p>\n<p>\n<img decoding=\"async\" border=\"0\" src=\"https:\/\/assets.innpro.pl\/11571\/13702\/2.jpg\" title=\"\">\n<\/p>\n<h3>Vklju\u010deno<\/h3>\n<ul class=\"list-disc pl-5\">\n<li>tekalna steza<\/li>\n<li>daljinski upravljalnik<\/li>\n<li>napajalni kabel<\/li>\n<li>mazalno olje<\/li>\n<li>orodje za \u0161esterokotnike<\/li>\n<li>baterija AAA<\/li>\n<li>instructions manual<\/li>\n<\/ul>\n<div class=\"table-wrapper\">\n<h3><\/h3>\n<table>\n<tbody>\n<tr>\n<th>Proizvajalec<\/th>\n<td>UREVO<\/td>\n<\/tr>\n<tr>\n<th>Model<\/th>\n<td>Spacewalk 3S<\/td>\n<\/tr>\n<tr>\n<th>Color<\/th>\n<td>\u010drna<\/td>\n<\/tr>\n<tr>\n<th>Stopnje samodejnega spreminjanja nagiba<\/th>\n<td>Da, 9<\/td>\n<\/tr>\n<tr>\n<th>Zdru\u017eljive aplikacije<\/th>\n<td>UREVO, Zwift, Kinomap<\/td>\n<\/tr>\n<tr>\n<th>Povezava Bluetooth<\/th>\n<td>Da<\/td>\n<\/tr>\n<tr>\n<th>Glasnost motorja<\/th>\n<td>&lt;45 db<\/td>\n<\/tr>\n<tr>\n<th>Dol\u017eina tekalne steze, ko je zlo\u017eena<\/th>\n<td>16,5 cm<\/td>\n<\/tr>\n<tr>\n<th>Zdru\u017eljivost<\/th>\n<td>Ekosistem Xiaomi<\/td>\n<\/tr>\n<\/tbody>\n<\/table>\n<\/div>","protected":false},"excerpt":{"rendered":"<p>Na zalogi pri zunanjem dobavitelju. Rok dobave 3-7 delovnih dni.<\/p>","protected":false},"featured_media":29890,"template":"","meta":{"_monsterinsights_skip_tracking":false,"_monsterinsights_sitenote_active":false,"_monsterinsights_sitenote_note":"","_monsterinsights_sitenote_category":0},"product_brand":[],"product_cat":[280,253,255],"product_tag":[],"class_list":{"0":"post-29853","1":"product","2":"type-product","3":"status-publish","4":"has-post-thumbnail","6":"product_cat-fitnes-naprave","7":"product_cat-sport","8":"product_cat-vsi","10":"first","11":"instock","12":"taxable","13":"shipping-taxable","14":"purchasable","15":"product-type-simple"},"jetpack_sharing_enabled":true,"_links":{"self":[{"href":"https:\/\/kobra.si\/en\/wp-json\/wp\/v2\/product\/29853","targetHints":{"allow":["GET"]}}],"collection":[{"href":"https:\/\/kobra.si\/en\/wp-json\/wp\/v2\/product"}],"about":[{"href":"https:\/\/kobra.si\/en\/wp-json\/wp\/v2\/types\/product"}],"version-history":[{"count":2,"href":"https:\/\/kobra.si\/en\/wp-json\/wp\/v2\/product\/29853\/revisions"}],"predecessor-version":[{"id":31633,"href":"https:\/\/kobra.si\/en\/wp-json\/wp\/v2\/product\/29853\/revisions\/31633"}],"wp:featuredmedia":[{"embeddable":true,"href":"https:\/\/kobra.si\/en\/wp-json\/wp\/v2\/media\/29890"}],"wp:attachment":[{"href":"https:\/\/kobra.si\/en\/wp-json\/wp\/v2\/media?parent=29853"}],"wp:term":[{"taxonomy":"product_brand","embeddable":true,"href":"https:\/\/kobra.si\/en\/wp-json\/wp\/v2\/product_brand?post=29853"},{"taxonomy":"product_cat","embeddable":true,"href":"https:\/\/kobra.si\/en\/wp-json\/wp\/v2\/product_cat?post=29853"},{"taxonomy":"product_tag","embeddable":true,"href":"https:\/\/kobra.si\/en\/wp-json\/wp\/v2\/product_tag?post=29853"}],"curies":[{"name":"wp","href":"https:\/\/api.w.org\/{rel}","templated":true}]}}