{"id":29590,"date":"2025-05-04T19:02:50","date_gmt":"2025-05-04T17:02:50","guid":{"rendered":"https:\/\/kobra.si\/spletna-trgovina-kobra\/geneinno-t1-pro-200m-4k-uhd-podvodni-dron\/"},"modified":"2025-12-19T21:02:11","modified_gmt":"2025-12-19T20:02:11","slug":"geneinno-t1-pro-200m-4k-uhd-podvodni-dron","status":"publish","type":"product","link":"https:\/\/kobra.si\/en\/spletna-trgovina-kobra\/geneinno-t1-pro-200m-4k-uhd-podvodni-dron\/","title":{"rendered":"Geneinno T1-Pro 200m 4K UHD podvodni dron"},"content":{"rendered":"<h3>Geneinno T1-Pro 200m 4K UHD podvodni dron<\/h3>\n<p>Geneinno T1-Pro je vsestranski podvodni dron, zasnovan za profesionalne in raziskovalne naloge. Z zmo\u017enostjo potapljanja do globine 175 metrov in robustno zasnovo je naprava idealna za pregled trupa, raziskovanje razbitin, spremljanje ribogojstva ali raziskovanje morskega dna. Edinstven azimutalni nadzorni sistem zagotavlja stabilnost in natan\u010dno manevriranje tudi v mo\u010dnih tokovih s hitrostjo do 4 vozlov. Opomba: prijemalo, prikazano na nekaterih fotografijah, ni vklju\u010deno.<\/p>\n<p>\n<img decoding=\"async\" alt=\"\" border=\"0\" src=\"https:\/\/assets.innpro.pl\/13258\/16284\/11.jpg\" title=\"\">\n<\/p>\n<h3>Visokokakovostni videoposnetki 4K in natan\u010dne slike<\/h3>\n<p>Dron je opremljen s kamero 4K, ki temelji na 1\/2,3-pal\u010dnem senzorju SONY CMOS in zajema videoposnetke v lo\u010dljivosti 4000 x 3000 slikovnih pik pri 30 slikah na sekundo ter fotografije v kakovosti 12 MP. \u0160irokokotni objektiv s 160-stopinjskim vidnim poljem in tehnologija EIS Anti-Shake zagotavljata stabilne in jasne posnetke tudi v zahtevnih podvodnih pogojih. T1-Pro podpira formate JPEG, RAW in DNG za napredno urejanje fotografij po snemanju.<\/p>\n<p>\n<img decoding=\"async\" alt=\"\" border=\"0\" src=\"https:\/\/assets.innpro.pl\/13258\/16284\/1.jpg\" title=\"\">\n<\/p>\n<h3>Napredni senzorji in vsestranskost uporabe<\/h3>\n<p>Geneinno T1-Pro je opremljen s senzorji IMU s 6-osnim \u017eiroskopom, merilnikom pospe\u0161ka in 3-osnim kompasom za natan\u010den nadzor v 6 stopinjah prostosti. Globinski senzor deluje z natan\u010dnostjo \u00b10,05 m, temperaturni senzor pa z natan\u010dnostjo \u00b10,5 \u00b0C.<\/p>\n<p>\n<img decoding=\"async\" alt=\"\" border=\"0\" src=\"https:\/\/assets.innpro.pl\/13258\/16284\/3.jpg\" title=\"\">\n<\/p>\n<h3>Dolg \u010das delovanja in vzdr\u017eljiva baterija<\/h3>\n<p>S prostorno baterijo s kapaciteto 9000 mAh ponuja model Geneinno T1-Pro do 4 ure neprekinjenega delovanja. Baterija se popolnoma napolni v samo 3 urah.<\/p>\n<p>\n<img decoding=\"async\" alt=\"\" border=\"0\" src=\"https:\/\/assets.innpro.pl\/13258\/16284\/4.jpg\" title=\"\">\n<\/p>\n<h3>Pametna osvetlitev in trpe\u017een kabel<\/h3>\n<p>Dron je opremljen z dvema \u017earometoma LED s po 1500 lumni. Kot snopa je 60\u00b0, barvna temperatura pa 4500K, kar zagotavlja naravno reprodukcijo barv pod vodo. Kabel s premerom 4,5 mm, ki zdr\u017ei do 100 kg, omogo\u010da varno raziskovanje do 200 metrov.<\/p>\n<p>\n<img decoding=\"async\" alt=\"\" border=\"0\" src=\"https:\/\/assets.innpro.pl\/13258\/16284\/5.jpg\" title=\"\">\n<\/p>\n<h3>Intuitivno upravljanje in prenos v \u017eivo<\/h3>\n<p>Geneinno T1-Pro lahko upravljate z namenskim 2,4 GHz krmilnikom, ki omogo\u010da ogled v realnem \u010dasu na pametnem telefonu ali tabli\u010dnem ra\u010dunalniku v kakovosti polne HD 1080p. Z aplikacijo Geneinno App lahko uporabniki sledijo natan\u010dni poti drona in prejemajo obvestila o njegovem stanju. Vgrajena omre\u017eja Wi-Fi 5 GHz in 2,4 GHz zagotavljajo stabilno povezavo na razdaljah do 50 metrov, brez\u017ei\u010dni rele pa omogo\u010da delovanje ve\u010d kot 10 ur.<\/p>\n<p>\n<img decoding=\"async\" alt=\"\" border=\"0\" src=\"https:\/\/assets.innpro.pl\/13258\/16284\/9.jpg\" title=\"\">\n<\/p>\n<h3>Vklju\u010deno<\/h3>\n<ul class=\"list-disc pl-5\">\n<li>Dron Geneinno T1-PRO<\/li>\n<li>Navijalo s kablom in navijalnikom<\/li>\n<li>brez\u017ei\u010dni oddajnik<\/li>\n<li>Filtri za potapljanje<\/li>\n<li>Uporabni\u0161ki priro\u010dnik<\/li>\n<li>Krmilnik<\/li>\n<li>Polnilec<\/li>\n<li>Moduli predstikalnih naprav<\/li>\n<li>Trdo ohi\u0161je<\/li>\n<li>Uporabni\u0161ki priro\u010dnik<\/li>\n<\/ul>\n<div class=\"table-wrapper\">\n<h3>General<\/h3>\n<table>\n<tbody>\n<tr>\n<th>Proizvajalec<\/th>\n<td>Geneinno<\/td>\n<\/tr>\n<tr>\n<th>Model<\/th>\n<td>T1-Pro-200M<\/td>\n<\/tr>\n<\/tbody>\n<\/table>\n<h3>Enota<\/h3>\n<table>\n<tbody>\n<tr>\n<th>Weight<\/th>\n<td>5 kg<\/td>\n<\/tr>\n<tr>\n<th>Dimenzije<\/th>\n<td>380 * 348 * 168 mm<\/td>\n<\/tr>\n<tr>\n<th>Najve\u010dja globina<\/th>\n<td>175m<\/td>\n<\/tr>\n<tr>\n<th>Obmo\u010dje delovne temperature<\/th>\n<td>-10\u2103 ~ 50\u2103<\/td>\n<\/tr>\n<tr>\n<th>Najve\u010dja potovalna hitrost<\/th>\n<td>2 m\/s<\/td>\n<\/tr>\n<tr>\n<th>Najve\u010dja hitrost vzpenjanja\/spu\u0161\u010danja<\/th>\n<td>1,5 m\/s<\/td>\n<\/tr>\n<tr>\n<th>Odpornost pretoka<\/th>\n<td>4 kn 2 m\/s<\/td>\n<\/tr>\n<tr>\n<th>Zmogljivost baterije<\/th>\n<td>9000 mAh\/97,2Wh<\/td>\n<\/tr>\n<tr>\n<th>Najdalj\u0161i \u010das potopa<\/th>\n<td>4 ure<\/td>\n<\/tr>\n<tr>\n<th>\u010cas polnjenja<\/th>\n<td>3 ure<\/td>\n<\/tr>\n<tr>\n<th>Najve\u010dji kot nagiba<\/th>\n<td>+60\u00b0<\/td>\n<\/tr>\n<tr>\n<th>Raz\u0161iritveni vmesnik<\/th>\n<td>Da<\/td>\n<\/tr>\n<tr>\n<th>Stopnje svobode<\/th>\n<td>Naprej\/nazaj, vzpenjanje\/spu\u0161\u010danje, levi\/desni zasuk, prevra\u010danje, nagib &#8211; 5 DOF<\/td>\n<\/tr>\n<\/tbody>\n<\/table>\n<h3>Kamera<\/h3>\n<table>\n<tbody>\n<tr>\n<th>CMOS<\/th>\n<td>6,17 mm x 4,55 mm SONY CMOS<\/td>\n<\/tr>\n<tr>\n<th>IRIS<\/th>\n<td>F2.5<\/td>\n<\/tr>\n<tr>\n<th>FOV (VIDNO POLJE)<\/th>\n<td>160\u00b0<\/td>\n<\/tr>\n<tr>\n<th>\u010cas odpiranja zaklopa<\/th>\n<td>1\/30S<\/td>\n<\/tr>\n<tr>\n<th>Velikost slike<\/th>\n<td>4000*3000 12M<\/td>\n<\/tr>\n<tr>\n<th>Format fotografije<\/th>\n<td>JPEG\/RAW\/DNG<\/td>\n<\/tr>\n<tr>\n<th>Lo\u010dljivost videoposnetka<\/th>\n<td>4K: 4000*3000 30 sli\u010dic na sekundo<\/td>\n<\/tr>\n<tr>\n<th>FHD<\/th>\n<td>1920*1080 60 sli\u010dic na sekundo<\/td>\n<\/tr>\n<tr>\n<th>Lo\u010dljivost oddajanja v \u017eivo<\/th>\n<td>480\/720\/1080P<\/td>\n<\/tr>\n<tr>\n<th>Najve\u010dja hitrost prenosa videa<\/th>\n<td>2 Mb\/s (v \u017eivo) 12 Mb\/s (video)<\/td>\n<\/tr>\n<tr>\n<th>Video format<\/th>\n<td>MP4 (MPEG-4 H264\/H265)<\/td>\n<\/tr>\n<tr>\n<th>Pomnilnik<\/th>\n<td>128G<\/td>\n<\/tr>\n<tr>\n<th>\u010cas snemanja<\/th>\n<td>4 ~ 8 ur<\/td>\n<\/tr>\n<tr>\n<th>Za\u0161\u010dita objektiva proti tresenju<\/th>\n<td>EIS proti tresljajem<\/td>\n<\/tr>\n<\/tbody>\n<\/table>\n<h3>Svetloba<\/h3>\n<table>\n<tbody>\n<tr>\n<th>Lumeni<\/th>\n<td>2*1500 LM<\/td>\n<\/tr>\n<tr>\n<th>Kot svetlobnega snopa<\/th>\n<td>60\u00b0<\/td>\n<\/tr>\n<tr>\n<th>Temperatura<\/th>\n<td>4500K<\/td>\n<\/tr>\n<\/tbody>\n<\/table>\n<h3>Kabel<\/h3>\n<table>\n<tbody>\n<tr>\n<th>Premer kabla<\/th>\n<td>4,5 mm<\/td>\n<\/tr>\n<tr>\n<th>Delovna trdnost kabla<\/th>\n<td>220 funtov<\/td>\n<\/tr>\n<tr>\n<th>Dol\u017eina kabla<\/th>\n<td>Standardno 200 m<\/td>\n<\/tr>\n<\/tbody>\n<\/table>\n<h3>Uporaba<\/h3>\n<table>\n<tbody>\n<tr>\n<th>Prenos v \u017eivo<\/th>\n<td>Da<\/td>\n<\/tr>\n<tr>\n<th>Operacijski sistemi<\/th>\n<td>IOS 9.0 +\/ Android 5.0<\/td>\n<\/tr>\n<\/tbody>\n<\/table>\n<h3>Sensor<\/h3>\n<table>\n<tbody>\n<tr>\n<th>IMU<\/th>\n<td>6-osni \u017eiroskop in merilnik pospe\u0161ka + 3-osni kompas<\/td>\n<\/tr>\n<tr>\n<th>Senzor globine Natan\u010dnost<\/th>\n<td>+\/- 0.05m<\/td>\n<\/tr>\n<tr>\n<th>Natan\u010dnost temperaturnega senzorja<\/th>\n<td>+\/- 0.5\u2103<\/td>\n<\/tr>\n<tr>\n<th>Natan\u010dnost senzorja nagiba\/obrata<\/th>\n<td>+\/- 1\u00b0<\/td>\n<\/tr>\n<tr>\n<th>Natan\u010dnost senzorja nagibanja<\/th>\n<td>+\/- 1.5\u00b0<\/td>\n<\/tr>\n<\/tbody>\n<\/table>\n<h3>Brez\u017ei\u010dni rele<\/h3>\n<table>\n<tbody>\n<tr>\n<th>Weight<\/th>\n<td>0,45 kg<\/td>\n<\/tr>\n<tr>\n<th>Dimenzije<\/th>\n<td>109 x 99 x 53 mm<\/td>\n<\/tr>\n<tr>\n<th>Kapaciteta baterije<\/th>\n<td>3200 mAh\/34,56Wh<\/td>\n<\/tr>\n<tr>\n<th>Najdalj\u0161i \u010das delovanja<\/th>\n<td>&gt;10 h<\/td>\n<\/tr>\n<tr>\n<th>Odpornost na vodo<\/th>\n<td>IP57<\/td>\n<\/tr>\n<tr>\n<th>Frekvenca WIFI<\/th>\n<td>5 GHz + 2,4 GHz<\/td>\n<\/tr>\n<tr>\n<th>Najve\u010dja razdalja WIFI<\/th>\n<td>50m<\/td>\n<\/tr>\n<tr>\n<th>\u010cas polnjenja<\/th>\n<td>3 h<\/td>\n<\/tr>\n<\/tbody>\n<\/table>\n<\/div>","protected":false},"excerpt":{"rendered":"<p>Na zalogi pri zunanjem dobavitelju. Rok dobave 3-7 delovnih dni.<\/p>","protected":false},"featured_media":29671,"template":"","meta":{"_monsterinsights_skip_tracking":false,"_monsterinsights_sitenote_active":false,"_monsterinsights_sitenote_note":"","_monsterinsights_sitenote_category":0},"product_brand":[],"product_cat":[253,254,255],"product_tag":[],"class_list":{"0":"post-29590","1":"product","2":"type-product","3":"status-publish","4":"has-post-thumbnail","6":"product_cat-sport","7":"product_cat-vodni-sporti","8":"product_cat-vsi","10":"first","11":"instock","12":"taxable","13":"shipping-taxable","14":"purchasable","15":"product-type-simple"},"jetpack_sharing_enabled":true,"_links":{"self":[{"href":"https:\/\/kobra.si\/en\/wp-json\/wp\/v2\/product\/29590","targetHints":{"allow":["GET"]}}],"collection":[{"href":"https:\/\/kobra.si\/en\/wp-json\/wp\/v2\/product"}],"about":[{"href":"https:\/\/kobra.si\/en\/wp-json\/wp\/v2\/types\/product"}],"version-history":[{"count":2,"href":"https:\/\/kobra.si\/en\/wp-json\/wp\/v2\/product\/29590\/revisions"}],"predecessor-version":[{"id":31617,"href":"https:\/\/kobra.si\/en\/wp-json\/wp\/v2\/product\/29590\/revisions\/31617"}],"wp:featuredmedia":[{"embeddable":true,"href":"https:\/\/kobra.si\/en\/wp-json\/wp\/v2\/media\/29671"}],"wp:attachment":[{"href":"https:\/\/kobra.si\/en\/wp-json\/wp\/v2\/media?parent=29590"}],"wp:term":[{"taxonomy":"product_brand","embeddable":true,"href":"https:\/\/kobra.si\/en\/wp-json\/wp\/v2\/product_brand?post=29590"},{"taxonomy":"product_cat","embeddable":true,"href":"https:\/\/kobra.si\/en\/wp-json\/wp\/v2\/product_cat?post=29590"},{"taxonomy":"product_tag","embeddable":true,"href":"https:\/\/kobra.si\/en\/wp-json\/wp\/v2\/product_tag?post=29590"}],"curies":[{"name":"wp","href":"https:\/\/api.w.org\/{rel}","templated":true}]}}