{"id":29571,"date":"2025-05-04T19:02:15","date_gmt":"2025-05-04T17:02:15","guid":{"rendered":"https:\/\/kobra.si\/spletna-trgovina-kobra\/geneinno-canfish-camx-1080hd-200m-kamera-za-podvodni-ribolov\/"},"modified":"2025-12-01T09:55:24","modified_gmt":"2025-12-01T08:55:24","slug":"geneinno-canfish-camx-1080hd-200m-kamera-za-podvodni-ribolov","status":"publish","type":"product","link":"https:\/\/kobra.si\/en\/spletna-trgovina-kobra\/geneinno-canfish-camx-1080hd-200m-kamera-za-podvodni-ribolov\/","title":{"rendered":"Geneinno CanFish CamX 1080HD 200m kamera za podvodni ribolov"},"content":{"rendered":"<h3>Geneinno CanFish CamX 1080HD 200m kamera za podvodni ribolov<\/h3>\n<p>Geneinno CanFish CamX je napredna podvodna kamera, zasnovana za ribi\u0161ke navdu\u0161ence, ki \u017eelijo ujeti vsak trenutek svoje podvodne pustolov\u0161\u010dine. Z visokokakovostnim snemanjem Full HD 1080p in 136\u00b0 vidnim kotom lahko podvodni svet opazujete v podrobnostih brez primere. Zaradi kompaktne zasnove (31 mm x 110 mm) in majhne te\u017ee 85,3 g je naprava priro\u010dna za uporabo in jo je enostavno namestiti na va\u0161 ribi\u0161ki komplet.<\/p>\n<p>\n<img decoding=\"async\" alt=\"\" border=\"0\" src=\"https:\/\/assets.innpro.pl\/13262\/16289\/1.jpg\" title=\"\">\n<\/p>\n<h3>Globine, ki jih \u0161e niste videli<\/h3>\n<p>CanFish CamX vam omogo\u010da raziskovanje podvodnega sveta v globinah do 200 metrov. Zahvaljujo\u010d vodoodpornosti IPX8 lahko brez skrbi lovite tako v sladki kot v slani vodi. Dolga \u017eivljenjska doba baterije &#8211; do 138 minut &#8211; vam omogo\u010da dolgotrajno opazovanje brez potrebe po pogostem polnjenju. Tehnologija brez\u017ei\u010dnega prenosa na razdalji do 50 metrov zagotavlja stalno povezavo z va\u0161o mobilno napravo.<\/p>\n<p>\n<img decoding=\"async\" alt=\"\" border=\"0\" src=\"https:\/\/assets.innpro.pl\/13262\/16289\/3.jpg\" title=\"\">\n<\/p>\n<h3>Kristalno \u010diste slike v vseh pogojih<\/h3>\n<p>Kamera Geneinno CanFish CamX je opremljena z napredno korekcijo svetlobe in podporno zeleno osvetlitvijo, ki se dobro obnese tudi v slabo osvetljenih vodah. Senzor Sony CMOS FHD 200W zagotavlja ostre slike, zaslonka f\/2,0 in razpon ISO od 100 do 6400 pa fotoaparat prilagodita spreminjajo\u010dim se svetlobnim razmeram. Stabilizacija slike, ki temelji na dinamiki teko\u010din, zagotavlja gladke posnetke brez tresljajev.<\/p>\n<p>\n<img decoding=\"async\" alt=\"\" border=\"0\" src=\"https:\/\/assets.innpro.pl\/13262\/16289\/4.jpg\" title=\"\">\n<\/p>\n<h3>Inteligentno snemanje in segmentacija<\/h3>\n<p>S 16 GB vgrajenega pomnilnika fotoaparat samodejno shranjuje posnetke vsake 3 minute ali glede na \u017eelje uporabnika. Funkcija pametnega segmentiranja omogo\u010da hitro iskanje najzanimivej\u0161ih trenutkov brez pregledovanja ve\u010durnih posnetkov. Video format MP4 in najve\u010dja bitna hitrost 4 Mb\/s zagotavljata visoko kakovost slike in enostavno urejanje posnetkov.<\/p>\n<p>\n<img decoding=\"async\" alt=\"\" border=\"0\" src=\"https:\/\/assets.innpro.pl\/13262\/16289\/6.jpg\" title=\"\">\n<\/p>\n<h3>Priro\u010dna uporaba in dolga \u017eivljenjska doba<\/h3>\n<p>Kamera podpira brez\u017ei\u010dno polnjenje, za polno polnjenje pa potrebujete le 3,5 ure. Z zasnovo, ki ne zahteva vzdr\u017eevanja, in intuitivno aplikacijo CanFish za iOS in Android je upravljanje kamere CanFish CamX preprosto in priro\u010dno. Ne glede na to, ali lovite z obale, \u010dolna ali pod ledom, s kamero CanFish CamX lahko vidite tisto, kar je bilo prej nevidno.<\/p>\n<p>\n<img decoding=\"async\" alt=\"\" border=\"0\" src=\"https:\/\/assets.innpro.pl\/13262\/16289\/2.jpg\" title=\"\">\n<\/p>\n<h3>Vklju\u010deno<\/h3>\n<ul class=\"list-disc pl-5\">\n<li>Kamera za podvodni ribolov Chasing Fishing CamX<\/li>\n<li>Brez\u017ei\u010dna polnilna postaja<\/li>\n<li>Polnilni kabel (tip C)<\/li>\n<li>Obro\u010dek za plovnost<\/li>\n<\/ul>\n<div class=\"table-wrapper\">\n<h3><\/h3>\n<table>\n<tbody>\n<tr>\n<th>Proizvajalec<\/th>\n<td>Geneinno<\/td>\n<\/tr>\n<tr>\n<th>Model<\/th>\n<td>CamX-CanFish<\/td>\n<\/tr>\n<\/tbody>\n<\/table>\n<h3>Kamera<\/h3>\n<table>\n<tbody>\n<tr>\n<th>Najve\u010dja delovna globina<\/th>\n<td>200m<\/td>\n<\/tr>\n<tr>\n<th>CMOS<\/th>\n<td>200\u4e07, FHD, senzor SONY Stella CMOS<\/td>\n<\/tr>\n<tr>\n<th>Zaslonka<\/th>\n<td>F\/2.0<\/td>\n<\/tr>\n<tr>\n<th>Efektivna gori\u0161\u010dna razdalja (EFL)<\/th>\n<td>0.2m~\u221e<\/td>\n<\/tr>\n<tr>\n<th>Razpon ISO<\/th>\n<td>100-6400<\/td>\n<\/tr>\n<tr>\n<th>Vidno polje<\/th>\n<td>136\u00b0<\/td>\n<\/tr>\n<tr>\n<th>Najve\u010dja lo\u010dljivost slike<\/th>\n<td>1920 * 1080, Full HD<\/td>\n<\/tr>\n<tr>\n<th>Najve\u010dja hitrost prenosa videa<\/th>\n<td>4 Mb\/s<\/td>\n<\/tr>\n<tr>\n<th>Video<\/th>\n<td>MP4<\/td>\n<\/tr>\n<tr>\n<th>Kartica TF<\/th>\n<td>16 GB<\/td>\n<\/tr>\n<\/tbody>\n<\/table>\n<h3>Videz<\/h3>\n<table>\n<tbody>\n<tr>\n<th>Velikost (premer * dol\u017eina)<\/th>\n<td>31 * 110 mm<\/td>\n<\/tr>\n<tr>\n<th>Weight<\/th>\n<td>85.3g<\/td>\n<\/tr>\n<\/tbody>\n<\/table>\n<h3>Polnilec in akumulatorska baterija<\/h3>\n<table>\n<tbody>\n<tr>\n<th>\u010cas polnjenja<\/th>\n<td>3,5 ure (sobna temperatura 25 \u2103, testirano v laboratorijskih pogojih)<\/td>\n<\/tr>\n<tr>\n<th>Vzdr\u017eljivost<\/th>\n<td>2,3 ure (WiFi izklopljen, sobna temperatura 25 \u2103, testirano v laboratorijskih pogojih)<\/td>\n<\/tr>\n<\/tbody>\n<\/table>\n<h3>Druge spletne strani<\/h3>\n<table>\n<tbody>\n<tr>\n<th>Vodoodpornost kamere<\/th>\n<td>IPX8<\/td>\n<\/tr>\n<tr>\n<th>Wi-Fi<\/th>\n<td>2,4 GHz\/5 GHz (po vstopu v vodo ni na voljo)<\/td>\n<\/tr>\n<tr>\n<th>Uporaba<\/th>\n<td>CanFish<\/td>\n<\/tr>\n<\/tbody>\n<\/table>\n<\/div>","protected":false},"excerpt":{"rendered":"<p>Na zalogi pri zunanjem dobavitelju. Rok dobave 3-7 delovnih dni.<\/p>","protected":false},"featured_media":29618,"template":"","meta":{"_monsterinsights_skip_tracking":false,"_monsterinsights_sitenote_active":false,"_monsterinsights_sitenote_note":"","_monsterinsights_sitenote_category":0},"product_brand":[],"product_cat":[253,254,255],"product_tag":[],"class_list":{"0":"post-29571","1":"product","2":"type-product","3":"status-publish","4":"has-post-thumbnail","6":"product_cat-sport","7":"product_cat-vodni-sporti","8":"product_cat-vsi","10":"first","11":"outofstock","12":"taxable","13":"shipping-taxable","14":"purchasable","15":"product-type-simple"},"jetpack_sharing_enabled":true,"_links":{"self":[{"href":"https:\/\/kobra.si\/en\/wp-json\/wp\/v2\/product\/29571","targetHints":{"allow":["GET"]}}],"collection":[{"href":"https:\/\/kobra.si\/en\/wp-json\/wp\/v2\/product"}],"about":[{"href":"https:\/\/kobra.si\/en\/wp-json\/wp\/v2\/types\/product"}],"version-history":[{"count":2,"href":"https:\/\/kobra.si\/en\/wp-json\/wp\/v2\/product\/29571\/revisions"}],"predecessor-version":[{"id":31611,"href":"https:\/\/kobra.si\/en\/wp-json\/wp\/v2\/product\/29571\/revisions\/31611"}],"wp:featuredmedia":[{"embeddable":true,"href":"https:\/\/kobra.si\/en\/wp-json\/wp\/v2\/media\/29618"}],"wp:attachment":[{"href":"https:\/\/kobra.si\/en\/wp-json\/wp\/v2\/media?parent=29571"}],"wp:term":[{"taxonomy":"product_brand","embeddable":true,"href":"https:\/\/kobra.si\/en\/wp-json\/wp\/v2\/product_brand?post=29571"},{"taxonomy":"product_cat","embeddable":true,"href":"https:\/\/kobra.si\/en\/wp-json\/wp\/v2\/product_cat?post=29571"},{"taxonomy":"product_tag","embeddable":true,"href":"https:\/\/kobra.si\/en\/wp-json\/wp\/v2\/product_tag?post=29571"}],"curies":[{"name":"wp","href":"https:\/\/api.w.org\/{rel}","templated":true}]}}