{"id":29565,"date":"2025-05-04T19:02:02","date_gmt":"2025-05-04T17:02:02","guid":{"rendered":"https:\/\/kobra.si\/spletna-trgovina-kobra\/geneinno-s2-potopni-skutercrno-in-rumeno\/"},"modified":"2026-04-03T21:01:35","modified_gmt":"2026-04-03T19:01:35","slug":"geneinno-s2-potopni-skutercrno-in-rumeno","status":"publish","type":"product","link":"https:\/\/kobra.si\/en\/spletna-trgovina-kobra\/geneinno-s2-potopni-skutercrno-in-rumeno\/","title":{"rendered":"Geneinno S2 potopni skuter(\u010drno in rumeno)"},"content":{"rendered":"<h3>Geneinno S2 podvodni skuter (\u010drno-rumen)<\/h3>\n<p>Geneinno S2 je kompakten in lahek podvodni skuter, ki zdru\u017euje mobilnost, mo\u010d in napredno tehnologijo za nepozabno izku\u0161njo plavanja, potapljanja ali potapljanja. S 350-vatnimi motorji, hitrostjo do 4,3 km\/h in mo\u017enostjo potapljanja do 30 metrov ponuja skuter dinami\u010dno in varno raziskovanje podvodnih globin. Njegova polnilna baterija omogo\u010da do 45 minut delovanja z enim polnjenjem, hitro magnetno polnjenje pa traja le 1,5 ure. Zaradi funkcije star\u0161evskega nadzora v mobilni aplikaciji, zdru\u017eljivosti s kamerami GoPro in pozitivnega vzgona je skuter Geneinno S2 idealna izbira za vso dru\u017eino, tako za zabavo v bazenu kot v odprti vodi.<\/p>\n<p>\n<img decoding=\"async\" alt=\"\" border=\"0\" src=\"https:\/\/assets.innpro.pl\/13259\/16285\/11.jpg\" title=\"\">\n<\/p>\n<h3>Izjemna mo\u010d v minimalisti\u010dni obliki<\/h3>\n<p>Geneinno S2 tehta le 2,7 kg in je po velikosti primerljiv s 16-pal\u010dnim ra\u010dunalnikom MacBook Pro, zato je izjemno prenosen in enostaven za prena\u0161anje. Sprejme se v nahrbtnik ali ro\u010dno prtljago, zato ga lahko vzamete s seboj na vsako potovanje &#8211; od po\u010ditnic na morju do dru\u017einskih vikendov ob jezeru. Poleg tega je vgrajena baterija s kapaciteto 97 Wh varna za prena\u0161anje na letalu, hitro magnetno polnjenje pa traja le 1,5 ure.<\/p>\n<p>\n<img decoding=\"async\" alt=\"\" border=\"0\" src=\"https:\/\/assets.innpro.pl\/13259\/16285\/2.jpg\" title=\"\">\n<\/p>\n<h3>Mo\u010d in hitrost, ki si ju zaslu\u017eite<\/h3>\n<p>Kljub kompaktni velikosti se v modelu Geneinno S2 skriva impresivna mo\u010d. Brezkrta\u010dni motorji s skupno mo\u010djo 350 W ustvarijo potisk 10 kg, kar mu omogo\u010da nemoteno gibanje pod vodo s hitrostjo do 4,3 km\/h. Dva na\u010dina hitrosti &#8211; 3,2 km\/h in 4,3 km\/h &#8211; vam omogo\u010data, da hitrost prilagodite svojim potrebam. Prestavljanje je intuitivno, preprosto dvakrat kliknite levi gumb, da prestavite v vi\u0161jo prestavo, ali desni gumb, da se vrnete na ni\u017ejo hitrost.<\/p>\n<p>\n<img decoding=\"async\" alt=\"\" border=\"0\" src=\"https:\/\/assets.innpro.pl\/13259\/16285\/1.jpg\" title=\"\">\n<\/p>\n<h3>Razi\u0161\u010dite podvodne globine<\/h3>\n<p>Z modelom Geneinno S2 se lahko potopite na globino do 30 metrov in raziskujete podvodni svet, ki vam je bil prej nedosegljiv. Robustna konstrukcija iz plastike ABS zagotavlja zanesljivost in odpornost na te\u017eke podvodne razmere. Zaradi pozitivnega vzgona skuter zlahka plava, zato je njegova uporaba varnej\u0161a, zlasti za za\u010detnike.<\/p>\n<p>\n<img decoding=\"async\" alt=\"\" border=\"0\" src=\"https:\/\/assets.innpro.pl\/13259\/16285\/9.jpg\" title=\"\">\n<\/p>\n<h3>Dolg \u010das delovanja in hitro polnjenje<\/h3>\n<p>Skuter Geneinno S2 je opremljen z inteligentnim sistemom za upravljanje energije, ki z enim polnjenjem zagotavlja do 45 minut neprekinjene zabave. To je dovolj \u010dasa za u\u017eivanje v spro\u0161\u010denem plavanju, potapljanju ali potapljanju. Po kon\u010dani seansi traja le 90 minut, da je skuter znova pripravljen za akcijo.<\/p>\n<p>\n<img decoding=\"async\" alt=\"\" border=\"0\" src=\"https:\/\/assets.innpro.pl\/13259\/16285\/3.jpg\" title=\"\">\n<\/p>\n<h3>Varnost in nadzor<\/h3>\n<p>Skuter Geneinno S2 je bil zasnovan z mislijo na uporabnike vseh starosti. Z namensko mobilno aplikacijo lahko spremljate parametre delovanja naprave in aktivirate star\u0161evski na\u010din, ki vam omogo\u010da daljinski nadzor skuterja, medtem ko se va\u0161i otroci u\u010dijo plavati. To je popolna re\u0161itev, ki zdru\u017euje zabavo in varnost.<\/p>\n<p>\n<img decoding=\"async\" alt=\"\" border=\"0\" src=\"https:\/\/assets.innpro.pl\/13259\/16285\/5.jpg\" title=\"\">\n<\/p>\n<h3>Ujemite vsak trenutek<\/h3>\n<p>Ne zamudite nobenega trenutka pod vodo &#8211; skuter Geneinno S2 je zdru\u017eljiv s kamerami GoPro. Poseben nosilec na sprednji strani skuterja vam omogo\u010da, da med potapljanjem posnamete dih jemajo\u010de posnetke. Namestite lahko tudi dodatno razsvetljavo za osvetlitev temnej\u0161ih koti\u010dkov podvodnih jam. Od zdaj naprej ni\u010d ne bo u\u0161lo va\u0161i pozornosti!<\/p>\n<p>\n<img decoding=\"async\" alt=\"\" border=\"0\" src=\"https:\/\/assets.innpro.pl\/13259\/16285\/9.jpg\" title=\"\">\n<\/p>\n<h3>Vsestranskost v vsaki situaciji<\/h3>\n<p>Geneinno S2 je idealna izbira za plavanje, potapljanje, potapljanje z vr\u010dem in prosto potapljanje. Njegova vsestranskost pomeni, da ga lahko uporabljate tako v bazenu kot v odprti vodi &#8211; v jezerih, morjih ali oceanih. S plovilom Geneinno S2 postanejo podvodne pustolov\u0161\u010dine la\u017eje, varnej\u0161e in \u0161e bolj vznemirljive. Na novo odkrijte podvodni svet in ob\u010dutite pravo svobodo gibanja!<\/p>\n<p>\n<img decoding=\"async\" alt=\"\" border=\"0\" src=\"https:\/\/assets.innpro.pl\/13259\/16285\/12.jpg\" title=\"\">\n<\/p>\n<h3>Vklju\u010deno<\/h3>\n<ul class=\"list-disc pl-5\">\n<li>podvodni skuter<\/li>\n<li>adapter<\/li>\n<li>instructions manual<\/li>\n<\/ul>\n<div class=\"table-wrapper\">\n<h3><\/h3>\n<table>\n<tbody>\n<tr>\n<th>Proizvajalec<\/th>\n<td>Geneinno<\/td>\n<\/tr>\n<tr>\n<th>Model<\/th>\n<td>S2<\/td>\n<\/tr>\n<tr>\n<th>Color<\/th>\n<td>\u010crna in rumena<\/td>\n<\/tr>\n<tr>\n<th>Dimenzije<\/th>\n<td>48,3 \u00d7 25,4 \u00d7 15,2 cm<\/td>\n<\/tr>\n<tr>\n<th>Weight<\/th>\n<td>2,7 kg<\/td>\n<\/tr>\n<tr>\n<th>Capacity<\/th>\n<td>Pozitivno<\/td>\n<\/tr>\n<tr>\n<th>Najve\u010dja globina potopitve<\/th>\n<td>30 m<\/td>\n<\/tr>\n<tr>\n<th>Spremenljive hitrosti<\/th>\n<td>3,2 km\/h in 4,3 km\/h<\/td>\n<\/tr>\n<tr>\n<th>Zdru\u017eljivost<\/th>\n<td>GoPro, svetilka<\/td>\n<\/tr>\n<tr>\n<th>Working temperature<\/th>\n<td>0-40\u00b0C<\/td>\n<\/tr>\n<tr>\n<th>Zaklepanje<\/th>\n<td>Varnostna klju\u010davnica za otroke<\/td>\n<\/tr>\n<tr>\n<th>Najve\u010dji potisk<\/th>\n<td>10 kg<\/td>\n<\/tr>\n<tr>\n<th>Mo\u010d<\/th>\n<td>150\/240\/350 W<\/td>\n<\/tr>\n<tr>\n<th>Zmogljivost baterije<\/th>\n<td>4400 mAh \/ 97,68 Wh<\/td>\n<\/tr>\n<tr>\n<th>Napetost<\/th>\n<td>22,2 V<\/td>\n<\/tr>\n<tr>\n<th>\u010cas polnjenja<\/th>\n<td>1,5-2 uri<\/td>\n<\/tr>\n<tr>\n<th>Namenska aplikacija<\/th>\n<td>Aplikacija Geneinno<\/td>\n<\/tr>\n<tr>\n<th>Povezava<\/th>\n<td>Bluetooth 4.0 in ve\u010d<\/td>\n<\/tr>\n<tr>\n<th>Funkcije, ki so na voljo v aplikaciji<\/th>\n<td>Hitrost, razdalja, zmogljivost baterije, nadzor hitrosti, souporaba v dru\u017eabnih omre\u017ejih<\/td>\n<\/tr>\n<\/tbody>\n<\/table>\n<\/div>","protected":false},"excerpt":{"rendered":"<p>Na zalogi pri zunanjem dobavitelju. Rok dobave 3-7 delovnih dni.<\/p>","protected":false},"featured_media":29613,"template":"","meta":{"_monsterinsights_skip_tracking":false,"_monsterinsights_sitenote_active":false,"_monsterinsights_sitenote_note":"","_monsterinsights_sitenote_category":0},"product_brand":[],"product_cat":[253,254,255],"product_tag":[],"class_list":{"0":"post-29565","1":"product","2":"type-product","3":"status-publish","4":"has-post-thumbnail","6":"product_cat-sport","7":"product_cat-vodni-sporti","8":"product_cat-vsi","10":"first","11":"instock","12":"taxable","13":"shipping-taxable","14":"purchasable","15":"product-type-simple"},"jetpack_sharing_enabled":true,"_links":{"self":[{"href":"https:\/\/kobra.si\/en\/wp-json\/wp\/v2\/product\/29565","targetHints":{"allow":["GET"]}}],"collection":[{"href":"https:\/\/kobra.si\/en\/wp-json\/wp\/v2\/product"}],"about":[{"href":"https:\/\/kobra.si\/en\/wp-json\/wp\/v2\/types\/product"}],"version-history":[{"count":2,"href":"https:\/\/kobra.si\/en\/wp-json\/wp\/v2\/product\/29565\/revisions"}],"predecessor-version":[{"id":31615,"href":"https:\/\/kobra.si\/en\/wp-json\/wp\/v2\/product\/29565\/revisions\/31615"}],"wp:featuredmedia":[{"embeddable":true,"href":"https:\/\/kobra.si\/en\/wp-json\/wp\/v2\/media\/29613"}],"wp:attachment":[{"href":"https:\/\/kobra.si\/en\/wp-json\/wp\/v2\/media?parent=29565"}],"wp:term":[{"taxonomy":"product_brand","embeddable":true,"href":"https:\/\/kobra.si\/en\/wp-json\/wp\/v2\/product_brand?post=29565"},{"taxonomy":"product_cat","embeddable":true,"href":"https:\/\/kobra.si\/en\/wp-json\/wp\/v2\/product_cat?post=29565"},{"taxonomy":"product_tag","embeddable":true,"href":"https:\/\/kobra.si\/en\/wp-json\/wp\/v2\/product_tag?post=29565"}],"curies":[{"name":"wp","href":"https:\/\/api.w.org\/{rel}","templated":true}]}}