{"id":29550,"date":"2025-05-04T19:01:41","date_gmt":"2025-05-04T17:01:41","guid":{"rendered":"https:\/\/kobra.si\/spletna-trgovina-kobra\/geneinno-s1-plus-potopni-skuter\/"},"modified":"2026-03-17T14:26:03","modified_gmt":"2026-03-17T13:26:03","slug":"geneinno-s1-plus-potopni-skuter","status":"publish","type":"product","link":"https:\/\/kobra.si\/en\/spletna-trgovina-kobra\/geneinno-s1-plus-potopni-skuter\/","title":{"rendered":"Geneinno S1-Plus potopni skuter"},"content":{"rendered":"<h3>Podvodni skuter Geneinno S1-Plus<\/h3>\n<p>Geneinno S1-Plus je kompakten podvodni skuter, ki omogo\u010da potapljanje do globine 50 metrov in do 60 minut delovanja. S potisno silo 12 kg in hitrostjo 1,8 m\/s je idealen za snorklanje ali potapljanje. Zaradi lahke in prenosne zasnove ga zlahka spravite v kov\u010dek, odstranljiva baterija z zmogljivostjo 140 Wh pa omogo\u010da nemoten prevoz z letalom, vlakom ali ladjo. Geneinno S1-Plus podpira dodatke, kot sta GoPro in svetilka, zaradi intuitivnega delovanja, varnostne klju\u010davnice in za\u0161\u010dite pred uhajanjem energije pa je varen za odrasle in otroke. S skuterjem Geneinno S1-Plus bodo va\u0161e podvodne pustolov\u0161\u010dine pre\u0161le na vi\u0161jo raven!<\/p>\n<p>\n<img decoding=\"async\" alt=\"\" border=\"0\" src=\"https:\/\/assets.innpro.pl\/13256\/16281\/2.jpg\" title=\"\">\n<\/p>\n<h3>Mo\u010d, ki navdu\u0161uje<\/h3>\n<p>Kljub majhnosti ponuja skuter Geneinno S1-Plus impresivno vle\u010dno silo kar 12 kilogramov, ki vam omogo\u010da gibanje s hitrostjo do 1,8 m\/s. Vgrajen \u010dip za var\u010devanje z energijo zagotavlja optimalno zmogljivost, kar omogo\u010da dalj\u0161e in bolj razburljivo raziskovanje pod vodo. Ne glede na to, ali se potapljate s potapljanjem, prostim potapljanjem ali tehni\u010dnim potapljanjem, je model Geneinno S1-Plus kos vsakemu izzivu.<\/p>\n<p>\n<img decoding=\"async\" alt=\"\" border=\"0\" src=\"https:\/\/assets.innpro.pl\/13256\/16281\/3.jpg\" title=\"\">\n<\/p>\n<h3>Premi\u0161ljena zasnova &#8211; kot nala\u0161\u010d za vsako situacijo<\/h3>\n<p>Geneinno S1-Plus je popoln potovalni spremljevalec &#8211; je lahek in kompakten, zato ga boste zlahka spravili v kov\u010dek. Zaradi prostorne 140 Wh baterije ga lahko brez te\u017eav vzamete na letalo, vlak ali ladjo in u\u017eivate v podvodnih dogodiv\u0161\u010dinah kjerkoli na svetu. Motor skuterja je v celoti nadgrajen in izdelan iz najkakovostnej\u0161ega nerjavnega jekla 316, da je pod vodo odporen proti koroziji, usedanju soli, pesku in visokemu tlaku. Zaradi napredne tehnologije motorja deluje skuter Geneinno S1-Plus bolj u\u010dinkovito in zanesljivo tudi v najzahtevnej\u0161ih razmerah.<\/p>\n<p>\n<img decoding=\"async\" alt=\"\" border=\"0\" src=\"https:\/\/assets.innpro.pl\/13256\/16281\/8.jpg\" title=\"\">\n<\/p>\n<h3>Brez skrbi zaradi izpraznjene baterije<\/h3>\n<p>Zaradi izpraznjene baterije vam ni treba kon\u010dati podvodne ekspedicije. Skuter Geneinno S1-Plus je opremljen s sistemom za hitro zamenjavo baterije &#8211; zamenjava traja le 10 sekund, zato lahko skuter takoj spet za\u010dnete uporabljati.<\/p>\n<p>\n<img decoding=\"async\" alt=\"\" border=\"0\" src=\"https:\/\/assets.innpro.pl\/13256\/16281\/1.jpg\" title=\"\">\n<\/p>\n<h3>Intuitivno upravljanje in varnost<\/h3>\n<p>Skuter omogo\u010da uporabo v enoro\u010dnem ali dvro\u010dnem na\u010dinu, s \u010dimer lahko na\u010din upravljanja prilagodite svojim \u017eeljam. Za najve\u010djo za\u0161\u010dito je skuter Geneinno S1-Plus opremljen z varnostno klju\u010davnico, za\u0161\u010ditno mre\u017eo in za\u0161\u010dito pred uhajanjem elektri\u010dne energije. Zaradi tega je naprava idealna tako za odrasle kot za otroke.<\/p>\n<p>\n<img decoding=\"async\" alt=\"\" border=\"0\" src=\"https:\/\/assets.innpro.pl\/13256\/16281\/5.jpg\" title=\"\">\n<\/p>\n<h3>Ujemite vsak trenutek<\/h3>\n<p>Naprava Geneinno S1-Plus podpira razli\u010dne dodatke, kot sta kamera GoPro in svetilka. Tako lahko posnamete spektakularne posnetke podvodnega sveta in osvetlite temnej\u0161e globine, da ne boste ni\u010desar zamudili. Poleg tega je skuter Geneinno S1-Plus zasnovan s pozitivnim vzgonom, kar pomeni, da ga ne boste nikoli izgubili &#8211; tudi \u010de ga po nesre\u010di izpustite pod vodo, se bo samodejno dvignil na povr\u0161je.<\/p>\n<p>\n<img decoding=\"async\" alt=\"\" border=\"0\" src=\"https:\/\/assets.innpro.pl\/13256\/16281\/7.jpg\" title=\"\">\n<\/p>\n<h3>Ve\u010d mo\u017enosti z aplikacijo<\/h3>\n<p>Model Geneinno S1-Plus je zdru\u017eljiv z namensko aplikacijo Geneinno, s katero pridobite dostop do priro\u010dnega upravljanja skuterja. Hitro in priro\u010dno lahko menjate prestave, vklopite na\u010din samo\u010di\u0161\u010denja opreme in si ogledate podatke o svoji dejavnosti (na primer preplavalno razdaljo ali \u010das plavanja). Poleg tega vam aplikacija omogo\u010da deljenje podatkov, tako da se lahko s svojimi dose\u017eki pohvalite dru\u017eini in prijateljem.<\/p>\n<p>\n<img decoding=\"async\" alt=\"\" border=\"0\" src=\"https:\/\/assets.innpro.pl\/13256\/16281\/4.jpg\" title=\"\">\n<\/p>\n<h3>Pripravljeni na pot v trenutku<\/h3>\n<p>Polnjenje baterije skuterja traja le 90 minut, zato se lahko hitro pripravite na naslednjo pustolov\u0161\u010dino. Ne glede na to, ali na\u010drtujete spro\u0161\u010dujo\u010de popoldansko potapljanje ali intenzivno potapljanje v ve\u010dje globine, je skuter Geneinno S1-Plus vedno pripravljen na akcijo. Ponovno odkrijte podvodni svet s skuterjem Geneinno S1-Plus, ki zdru\u017euje mo\u010d, varnost in udobje v eni kompaktni enoti. Potopite se v pustolov\u0161\u010dino \u0161e danes!<\/p>\n<p>\n<img decoding=\"async\" alt=\"\" border=\"0\" src=\"https:\/\/assets.innpro.pl\/13256\/16281\/6.jpg\" title=\"\">\n<\/p>\n<h3>Vklju\u010deno<\/h3>\n<ul class=\"list-disc pl-5\">\n<li>podvodni skuter<\/li>\n<li>baterija<\/li>\n<li>adapter<\/li>\n<li>kabel za prepre\u010devanje izgube<\/li>\n<li>priro\u010dnik z navodili<\/li>\n<\/ul>\n<div class=\"table-wrapper\">\n<h3><\/h3>\n<table>\n<tbody>\n<tr>\n<th>Proizvajalec<\/th>\n<td>Geneinno<\/td>\n<\/tr>\n<tr>\n<th>Model<\/th>\n<td>S1<\/td>\n<\/tr>\n<tr>\n<th>Dimenzije<\/th>\n<td>500 \u00d7 209 \u00d7 226 mm<\/td>\n<\/tr>\n<tr>\n<th>Color<\/th>\n<td>Oran\u017ena, modra<\/td>\n<\/tr>\n<tr>\n<th>Weight<\/th>\n<td>3,7 kg<\/td>\n<\/tr>\n<tr>\n<th>Capacity<\/th>\n<td>Pozitivno<\/td>\n<\/tr>\n<tr>\n<th>Najve\u010dja globina potopitve<\/th>\n<td>50 m<\/td>\n<\/tr>\n<tr>\n<th>Na\u010din delovanja<\/th>\n<td>Na\u010din z eno ali dvema rokama<\/td>\n<\/tr>\n<tr>\n<th>Najdalj\u0161i \u010das delovanja<\/th>\n<td>60 minut<\/td>\n<\/tr>\n<tr>\n<th>Najve\u010dja hitrost<\/th>\n<td>6,5 km\/h<\/td>\n<\/tr>\n<tr>\n<th>Varnostna klju\u010davnica<\/th>\n<td>Zaklepanje na napravi \/ zaklepanje z enim klikom v aplikaciji<\/td>\n<\/tr>\n<tr>\n<th>Zdru\u017eljivost<\/th>\n<td>GoPro, lu\u010di, ute\u017ei za uravnote\u017eenje in druga dodatna oprema<\/td>\n<\/tr>\n<tr>\n<th>Prestavno razmerje<\/th>\n<td>2 prestavi<\/td>\n<\/tr>\n<tr>\n<th>Temperatura delovanja<\/th>\n<td>0-40\u00b0C<\/td>\n<\/tr>\n<tr>\n<th>Najve\u010dji potisk<\/th>\n<td>12 kg<\/td>\n<\/tr>\n<tr>\n<th>Mo\u010d<\/th>\n<td>480 W<\/td>\n<\/tr>\n<tr>\n<th>Baterija za polnjenje<\/th>\n<td>6300 mAh \/ 139,86 Wh<\/td>\n<\/tr>\n<tr>\n<th>Napetost<\/th>\n<td>22,2 V<\/td>\n<\/tr>\n<tr>\n<th>Namenska aplikacija<\/th>\n<td>Aplikacija Geneinno<\/td>\n<\/tr>\n<\/tbody>\n<\/table>\n<\/div>","protected":false},"excerpt":{"rendered":"<p>Na zalogi pri zunanjem dobavitelju. Rok dobave 3-7 delovnih dni.<\/p>","protected":false},"featured_media":29600,"template":"","meta":{"_monsterinsights_skip_tracking":false,"_monsterinsights_sitenote_active":false,"_monsterinsights_sitenote_note":"","_monsterinsights_sitenote_category":0},"product_brand":[],"product_cat":[253,254,255],"product_tag":[],"class_list":{"0":"post-29550","1":"product","2":"type-product","3":"status-publish","4":"has-post-thumbnail","6":"product_cat-sport","7":"product_cat-vodni-sporti","8":"product_cat-vsi","10":"first","11":"outofstock","12":"taxable","13":"shipping-taxable","14":"purchasable","15":"product-type-simple"},"jetpack_sharing_enabled":true,"_links":{"self":[{"href":"https:\/\/kobra.si\/en\/wp-json\/wp\/v2\/product\/29550","targetHints":{"allow":["GET"]}}],"collection":[{"href":"https:\/\/kobra.si\/en\/wp-json\/wp\/v2\/product"}],"about":[{"href":"https:\/\/kobra.si\/en\/wp-json\/wp\/v2\/types\/product"}],"version-history":[{"count":2,"href":"https:\/\/kobra.si\/en\/wp-json\/wp\/v2\/product\/29550\/revisions"}],"predecessor-version":[{"id":31613,"href":"https:\/\/kobra.si\/en\/wp-json\/wp\/v2\/product\/29550\/revisions\/31613"}],"wp:featuredmedia":[{"embeddable":true,"href":"https:\/\/kobra.si\/en\/wp-json\/wp\/v2\/media\/29600"}],"wp:attachment":[{"href":"https:\/\/kobra.si\/en\/wp-json\/wp\/v2\/media?parent=29550"}],"wp:term":[{"taxonomy":"product_brand","embeddable":true,"href":"https:\/\/kobra.si\/en\/wp-json\/wp\/v2\/product_brand?post=29550"},{"taxonomy":"product_cat","embeddable":true,"href":"https:\/\/kobra.si\/en\/wp-json\/wp\/v2\/product_cat?post=29550"},{"taxonomy":"product_tag","embeddable":true,"href":"https:\/\/kobra.si\/en\/wp-json\/wp\/v2\/product_tag?post=29550"}],"curies":[{"name":"wp","href":"https:\/\/api.w.org\/{rel}","templated":true}]}}