{"id":29536,"date":"2025-05-04T18:29:33","date_gmt":"2025-05-04T16:29:33","guid":{"rendered":"https:\/\/kobra.si\/spletna-trgovina-kobra\/urevo-foldi-mini-zlozljiva-elektricna-tekalna-steza-crno-oranzna\/"},"modified":"2026-04-20T21:00:45","modified_gmt":"2026-04-20T19:00:45","slug":"urevo-foldi-mini-zlozljiva-elektricna-tekalna-steza-crno-oranzna","status":"publish","type":"product","link":"https:\/\/kobra.si\/en\/spletna-trgovina-kobra\/urevo-foldi-mini-zlozljiva-elektricna-tekalna-steza-crno-oranzna\/","title":{"rendered":"UREVO Foldi Mini zlo\u017eljiva elektri\u010dna tekalna steza (\u010drno-oran\u017ena)"},"content":{"rendered":"<h3>UREVO Foldi Mini zlo\u017eljiva elektri\u010dna tekalna steza (\u010drno-oran\u017ena).<\/h3>\n<p>Elektri\u010dna tekalna steza UREVO Foldi Mini je idealna re\u0161itev za ljudi, ki \u017eelijo v svoje \u017eivljenje uvesti redno telesno dejavnost ne glede na vreme in zunanje razmere. Zaradi sodobnih funkcij in kompaktne zasnove vam Foldi Mini omogo\u010da u\u010dinkovito vadbo doma, kar vam omogo\u010da hitro kurjenje kalorij in pove\u010danje telesne pripravljenosti. S tekalno stezo UREVO lahko vsak dan ra\u010dunate na udobno in napredno vadbo.<\/p>\n<p>\n<img decoding=\"async\" border=\"0\" src=\"https:\/\/assets.innpro.pl\/11568\/13699\/10.jpg\" title=\"\">\n<\/p>\n<h3>12 programov HIIT za hitrej\u0161e izgorevanje kalorij<\/h3>\n<p>Z 12 razli\u010dnimi vadbenimi programi, ki temeljijo na na\u010delu HIIT (High Intensity Interval Training), vam teka\u0161ka steza Foldi Mini omogo\u010da hitro kurjenje ma\u0161\u010dob, kar je dvakrat bolj u\u010dinkovito kot pri obi\u010dajni kardio vadbi. HIIT je mednarodno priznana metoda zmanj\u0161evanja ma\u0161\u010dob, ki zagotavlja maksimalne rezultate v kratkem \u010dasu in je idealna za ljudi, ki \u017eelijo \u010dim prej videti rezultate svojega truda. \u0160e ve\u010d, teka\u0161ka steza UREVO deluje z ekosistemom Xiaomi, kar vam odpira \u0161e ve\u010d mo\u017enosti.<\/p>\n<p>\n<img decoding=\"async\" border=\"0\" src=\"https:\/\/assets.innpro.pl\/11568\/13699\/4.jpg\" title=\"\">\n<\/p>\n<h3>Izjemno tanka in mobilna zasnova<\/h3>\n<p>UREVO Foldi Mini odlikujeta lahka (22,5 kg) in izjemno tanka (14 cm, ko je zlo\u017eena) zasnova, ki vam omogo\u010da priro\u010dno shranjevanje tekalne steze doma. Inovativni sistem zlaganja z vrtljivim gumbom omogo\u010da hitro zlaganje in razlaganje naprave, zato je tekalna steza v nekaj trenutkih pripravljena za uporabo. Tekalna steza ima v stojalo vgrajena tudi kolesa za la\u017eje prena\u0161anje. Te prednosti pomenijo, da lahko vadite v katerem koli prostoru, po vadbi pa jo lahko preprosto shranite.<\/p>\n<p>\n<img decoding=\"async\" border=\"0\" src=\"https:\/\/assets.innpro.pl\/11568\/13699\/3.jpg\" title=\"\">\n<\/p>\n<h3>Ve\u010d svobode zaradi prostorne tekalne povr\u0161ine<\/h3>\n<p>100,3 x 41 cm \u0161iroka in dolga teka\u0161ka povr\u0161ina zagotavlja udobno vadbo z ve\u010djo svobodo gibanja. Ni vam treba omejevati svojih korakov, s Foldi Mini boste pridobili dovolj prostora, da boste lahko tekli tako, kot vam je v\u0161e\u010d. Naprava je tudi vzdr\u017eljiva &#8211; ponuja nosilnost do 100 kg, mo\u010dan motor z mo\u010djo 2,25 KM pa deluje tiho (manj kot 45 dB), zato lahko vadite, ne da bi pri tem motili \u010dlane gospodinjstva.<\/p>\n<p>\n<img decoding=\"async\" border=\"0\" src=\"https:\/\/assets.innpro.pl\/11568\/13699\/2.jpg\" title=\"\">\n<\/p>\n<h3>Vzdr\u017eljiv in varen teko\u010di trak<\/h3>\n<p>Teka\u0161ka steza UREVO Foldi Mini je opremljena s petplastnim nedrse\u010dim teka\u0161kim jermenom, ki skrbi za varnost in udobje pri vadbi. Plast povr\u0161ine, odporne na obrabo, in plast za zmanj\u0161anje hrupa poskrbita, da je vadba tiha in udobna. Oja\u010dana konstrukcija zagotavlja stabilnost, bla\u017eilna plast EVA pa \u0161\u010diti sklepe pred prevelikimi obremenitvami, kar je \u0161e posebej pomembno med intenzivno vadbo.<\/p>\n<p>\n<img decoding=\"async\" border=\"0\" src=\"https:\/\/assets.innpro.pl\/11568\/13699\/8.jpg\" title=\"\">\n<\/p>\n<h3>Popoln nadzor nad vadbo<\/h3>\n<p>UREVO Foldi Mini vam omogo\u010da, da spremljate svojo zmogljivost. Na preglednem zaslonu teka\u0161ke steze se bele\u017eijo podatki o porabljenih kalorijah, \u010dasu, hitrosti in prehojeni razdalji, kar vam omogo\u010da popoln nadzor nad vadbo in vas motivira, da \u0161e naprej delate na svoji formi. Nastavljiva platforma omogo\u010da bolj\u0161o vidljivost teh podatkov, zato lahko zlahka spremljate svoj napredek.<\/p>\n<p>\n<img decoding=\"async\" border=\"0\" src=\"https:\/\/assets.innpro.pl\/11568\/13699\/7.jpg\" title=\"\">\n<\/p>\n<h3>Okolju prijazna zasnova in var\u010devanje z energijo<\/h3>\n<p>Tekalna steza UREVO Foldi Mini je zasnovana z mislijo na okolje. Zaradi na\u010dinov var\u010devanja z energijo je naprava okolju prijazna, saj porabi manj energije. Tako lahko skrbite za svoje zdravje in hkrati skrbite za na\u0161 planet.<\/p>\n<p>\n<img decoding=\"async\" border=\"0\" src=\"https:\/\/assets.innpro.pl\/11568\/13699\/11.jpg\" title=\"\">\n<\/p>\n<h3>Vklju\u010deno<\/h3>\n<ul class=\"list-disc pl-5\">\n<li>6 mm notranji imbusni klju\u010d tipa L<\/li>\n<li>5-milimetrski notranji imbusni klju\u010d tipa L<\/li>\n<li>klju\u010d<\/li>\n<li>silikonsko olje<\/li>\n<li>gumb (4x)<\/li>\n<li>varnostni klju\u010d<\/li>\n<li>instructions manual<\/li>\n<\/ul>\n<div class=\"table-wrapper\">\n<h3><\/h3>\n<table>\n<tbody>\n<tr>\n<th>Proizvajalec<\/th>\n<td>UREVO<\/td>\n<\/tr>\n<tr>\n<th>Model<\/th>\n<td>Foldi Mini<\/td>\n<\/tr>\n<tr>\n<th>Color<\/th>\n<td>\u010drna in oran\u017ena<\/td>\n<\/tr>\n<tr>\n<th>\u0160tevilo \u0161portnih programov<\/th>\n<td>12 programov HIIT<\/td>\n<\/tr>\n<tr>\n<th>Te\u017ea tekalne steze<\/th>\n<td>22,55 kg<\/td>\n<\/tr>\n<tr>\n<th>Dimenzije traku<\/th>\n<td>100,3 x 41 cm<\/td>\n<\/tr>\n<tr>\n<th>Dol\u017eina tekalne steze po zlo\u017eitvi<\/th>\n<td>14 cm<\/td>\n<\/tr>\n<tr>\n<th>Mo\u010d motorja<\/th>\n<td>2,25 KM<\/td>\n<\/tr>\n<tr>\n<th>Glasnost motorja<\/th>\n<td>&lt;45 dB<\/td>\n<\/tr>\n<tr>\n<th>Najve\u010dja zmogljivost obremenitve<\/th>\n<td>100 kg<\/td>\n<\/tr>\n<tr>\n<th>Najve\u010dja hitrost naprave<\/th>\n<td>10 km\/h<\/td>\n<\/tr>\n<\/tbody>\n<\/table>\n<\/div>","protected":false},"excerpt":{"rendered":"<p>Na zalogi pri zunanjem dobavitelju. Rok dobave 3-7 delovnih dni.<\/p>","protected":false},"featured_media":29883,"template":"","meta":{"_monsterinsights_skip_tracking":false,"_monsterinsights_sitenote_active":false,"_monsterinsights_sitenote_note":"","_monsterinsights_sitenote_category":0},"product_brand":[],"product_cat":[280,253,255],"product_tag":[],"class_list":{"0":"post-29536","1":"product","2":"type-product","3":"status-publish","4":"has-post-thumbnail","6":"product_cat-fitnes-naprave","7":"product_cat-sport","8":"product_cat-vsi","10":"first","11":"instock","12":"taxable","13":"shipping-taxable","14":"purchasable","15":"product-type-simple"},"jetpack_sharing_enabled":true,"_links":{"self":[{"href":"https:\/\/kobra.si\/en\/wp-json\/wp\/v2\/product\/29536","targetHints":{"allow":["GET"]}}],"collection":[{"href":"https:\/\/kobra.si\/en\/wp-json\/wp\/v2\/product"}],"about":[{"href":"https:\/\/kobra.si\/en\/wp-json\/wp\/v2\/types\/product"}],"version-history":[{"count":2,"href":"https:\/\/kobra.si\/en\/wp-json\/wp\/v2\/product\/29536\/revisions"}],"predecessor-version":[{"id":31632,"href":"https:\/\/kobra.si\/en\/wp-json\/wp\/v2\/product\/29536\/revisions\/31632"}],"wp:featuredmedia":[{"embeddable":true,"href":"https:\/\/kobra.si\/en\/wp-json\/wp\/v2\/media\/29883"}],"wp:attachment":[{"href":"https:\/\/kobra.si\/en\/wp-json\/wp\/v2\/media?parent=29536"}],"wp:term":[{"taxonomy":"product_brand","embeddable":true,"href":"https:\/\/kobra.si\/en\/wp-json\/wp\/v2\/product_brand?post=29536"},{"taxonomy":"product_cat","embeddable":true,"href":"https:\/\/kobra.si\/en\/wp-json\/wp\/v2\/product_cat?post=29536"},{"taxonomy":"product_tag","embeddable":true,"href":"https:\/\/kobra.si\/en\/wp-json\/wp\/v2\/product_tag?post=29536"}],"curies":[{"name":"wp","href":"https:\/\/api.w.org\/{rel}","templated":true}]}}