{"id":29433,"date":"2025-05-03T11:43:36","date_gmt":"2025-05-03T09:43:36","guid":{"rendered":"https:\/\/kobra.si\/spletna-trgovina-kobra\/pametno-stensko-stikalo-wifi-meross-mss810hk-un\/"},"modified":"2026-04-20T20:54:14","modified_gmt":"2026-04-20T18:54:14","slug":"pametno-stensko-stikalo-wifi-meross-mss810hk-un","status":"publish","type":"product","link":"https:\/\/kobra.si\/en\/spletna-trgovina-kobra\/pametno-stensko-stikalo-wifi-meross-mss810hk-un\/","title":{"rendered":"Pametno stensko stikalo WiFi Meross MSS810HK-UN"},"content":{"rendered":"<h3>Meross MSS810HK-UN pametno stensko stikalo Wi-Fi<\/h3>\n<p>Pametno stensko stikalo Meross MSS810HK-UN je odli\u010den na\u010din, da v svoj vsakdan vnesete sodobno tehnologijo. Z namensko aplikacijo boste imeli popoln nadzor nad razsvetljavo, zdru\u017eljivost s priljubljenimi glasovnimi pomo\u010dniki pa bo poskrbela za \u0161e bolj priro\u010dno upravljanje. Programirate lahko tudi urnike delovanja ali nastavite \u010dasovnik. Enostavno ga pove\u017eite z obstoje\u010dim omre\u017ejem Wi-Fi, da boste lahko prosto upravljali razsvetljavo ali stropni ventilator na daljavo. Opomba: za namestitev stikala je potrebna nevtralna \u017eica modre barve.<\/p>\n<p><img decoding=\"async\" src=\"https:\/\/b2b.innpro.pl\/data\/include\/cms\/04Meross\/MSS810HK-UN\/2.jpg\" alt=\"04Meross\/MSS810HK-UN\/2\" title=\"\"><\/p>\n<h3>Prilagodite osvetlitev dnevnemu ritmu<\/h3>\n<p>S stikalom Meross MSS810HK-UN lahko osvetlitev v svojem domu preprosto prilagodite dnevnemu ritmu. Razsvetljavo nastavite tako, da bo zjutraj vstala skupaj z vami, nato pa se samodejno ugasnila, ko boste zapustili hi\u0161o. Vse to je zdaj mogo\u010de, vse, kar morate storiti, pa je, da v aplikaciji nastavite ustrezne urnike delovanja in \u010dasovnike.<\/p>\n<p><img decoding=\"async\" src=\"https:\/\/b2b.innpro.pl\/data\/include\/cms\/04Meross\/MSS810HK-UN\/1.jpg\" alt=\"04Meross\/MSS810HK-UN\/1\" title=\"\"><\/p>\n<h3>Upravljanje lu\u010di od koder koli<\/h3>\n<p>Upravljanje lu\u010di \u0161e nikoli ni bilo tako enostavno in priro\u010dno! Z namensko aplikacijo Meross lahko daljinsko upravljate lu\u010di v svojem domu od koder koli na svetu &#8211; le nekaj klikov stran! Ne glede na to, ali ste v slu\u017ebi, na po\u010ditnicah ali pa le le\u017eite na kav\u010du, imate zdaj popoln nadzor nad razsvetljavo v katerem koli prostoru. Poleg tega je stikalo zdru\u017eljivo tudi s sistemom Apple HomeKit, kar pomeni, da lahko svojo razsvetljavo pove\u017eete z ekosistemom Apple in izkoristite napredne funkcije avtomatizacije.<\/p>\n<p><img decoding=\"async\" src=\"https:\/\/b2b.innpro.pl\/data\/include\/cms\/04Meross\/MSS810HK-UN\/6.jpg\" alt=\"04Meross\/MSS810HK-UN\/6\" title=\"\"><\/p>\n<h3>Odkrijte novo dimenzijo nadzora<\/h3>\n<p>Stikalo je zdru\u017eljivo z najbolj priljubljenimi glasovnimi pomo\u010dniki, vklju\u010dno s Siri, Amazon Alexa, Google Assistant in SmartThings. S preprostimi glasovnimi ukazi lahko zdaj upravljate razsvetljavo v svojem domu, ne da bi vam bilo treba se\u010di po telefonu ali vstati iz postelje. Se vra\u010date domov s polnimi rokami nakupov? Preprosto prosite glasovnega pomo\u010dnika, naj pri\u017ege lu\u010di na hodniku &#8211; ni\u010d ve\u010d skrbi z iskanjem stikala v temi! <\/p>\n<p><img decoding=\"async\" src=\"https:\/\/b2b.innpro.pl\/data\/include\/cms\/04Meross\/MSS810HK-UN\/4.jpg\" alt=\"04Meross\/MSS810HK-UN\/4\" title=\"\"><\/p>\n<h3>Hitra in preprosta namestitev<\/h3>\n<p>Odkrijte prihodnost upravljanja razsvetljave z napravo Meross MSS810HK-UN! Stikalo deluje z va\u0161im obstoje\u010dim omre\u017ejem Wi-Fi, kar pomeni, da ne potrebujete dodatnih vozli\u0161\u010d ali zapletenih namestitev. Preprosto namestite stikalo, ga pove\u017eite z omre\u017ejem Wi-Fi, konfigurirajte ga v namenski aplikaciji in kon\u010dano je! Poleg tega je zdru\u017eljivo z razli\u010dnimi vrstami enopolnih stikal, kar pomeni, da ga lahko preprosto vklju\u010dite v obstoje\u010do elektri\u010dno infrastrukturo svojega doma.<\/p>\n<p><img decoding=\"async\" src=\"https:\/\/b2b.innpro.pl\/data\/include\/cms\/04Meross\/MSS810HK-UN\/5.jpg\" alt=\"04Meross\/MSS810HK-UN\/5\" title=\"\"><\/p>\n<h3>Vklju\u010deno<\/h3>\n<ul>\n<li>stensko stikalo x1<\/li>\n<li>\u017ei\u010dna nalepka x1<\/li>\n<li>kabel x3<\/li>\n<li>instructions manual<\/li>\n<\/ul>\n<div class=\"table-wrapper\">\n<table>\n<tbody>\n<tr>\n<th>Proizvajalec<\/th>\n<td>Meross<\/td>\n<\/tr>\n<tr>\n<th>Model<\/th>\n<td>MSS810HK-UN<\/td>\n<\/tr>\n<tr>\n<th>Vhodni tok<\/th>\n<td>100-250 V, 50\/60 Hz<\/td>\n<\/tr>\n<tr>\n<th>Izhodni tok<\/th>\n<td>Max. 400 W za INC; najve\u010d 150 W za CFL in LED<\/td>\n<\/tr>\n<tr>\n<th>Standardi brez\u017ei\u010dne komunikacije<\/th>\n<td>IEEE 802.11 b\/g\/n, 2,4 GHz, 1T1R<\/td>\n<\/tr>\n<tr>\n<th>Varnostne funkcije brez\u017ei\u010dne povezave<\/th>\n<td>Podpira 64\/128-bitni WEP, WPA-PSK\/WPA2-PSK\/WPA3 (ne podpira Wi-Fi Enterprise)<\/td>\n<\/tr>\n<tr>\n<th>Zdru\u017eljivost <\/th>\n<td>Apple Home, Amazon Alexa, Google Home, SmartThings<\/td>\n<\/tr>\n<tr>\n<th>Aplikacija<\/th>\n<td>Meross<\/td>\n<\/tr>\n<tr>\n<th>Sistemske zahteve<\/th>\n<td>Pametni telefon z operacijskim sistemom iOS 13 ali novej\u0161im, Android 6.0 ali novej\u0161im, obstoje\u010de omre\u017eje Wi-Fi <\/td>\n<\/tr>\n<tr>\n<th>Temperatura delovanja<\/th>\n<td> 0 \u00b0C ~ 40 \u00b0C<\/td>\n<\/tr>\n<tr>\n<th>Storage temperature<\/th>\n<td>-40 \u00b0C~70 \u00b0C<\/td>\n<\/tr>\n<tr>\n<th>Delovna vla\u017enost<\/th>\n<td>10 % ~ 90 % brez kondenzacije<\/td>\n<\/tr>\n<tr>\n<th>Vla\u017enost pri shranjevanju<\/th>\n<td>5 % ~ 90 % brez kondenzacije<\/td>\n<\/tr>\n<tr>\n<th>Dimenzije<\/th>\n<td>5 x 4,6 x 1,9 mm<\/td>\n<\/tr>\n<\/tbody>\n<\/table>\n<\/div>","protected":false},"excerpt":{"rendered":"<p>Na zalogi pri zunanjem dobavitelju. Rok dobave 3-7 delovnih dni.<\/p>","protected":false},"featured_media":29431,"template":"","meta":{"_monsterinsights_skip_tracking":false,"_monsterinsights_sitenote_active":false,"_monsterinsights_sitenote_note":"","_monsterinsights_sitenote_category":0},"product_brand":[],"product_cat":[291,101,255],"product_tag":[],"class_list":{"0":"post-29433","1":"product","2":"type-product","3":"status-publish","4":"has-post-thumbnail","6":"product_cat-pametne-instalacije","7":"product_cat-pametni-dom","8":"product_cat-vsi","10":"first","11":"instock","12":"taxable","13":"shipping-taxable","14":"purchasable","15":"product-type-simple"},"jetpack_sharing_enabled":true,"_links":{"self":[{"href":"https:\/\/kobra.si\/en\/wp-json\/wp\/v2\/product\/29433","targetHints":{"allow":["GET"]}}],"collection":[{"href":"https:\/\/kobra.si\/en\/wp-json\/wp\/v2\/product"}],"about":[{"href":"https:\/\/kobra.si\/en\/wp-json\/wp\/v2\/types\/product"}],"version-history":[{"count":1,"href":"https:\/\/kobra.si\/en\/wp-json\/wp\/v2\/product\/29433\/revisions"}],"predecessor-version":[{"id":31768,"href":"https:\/\/kobra.si\/en\/wp-json\/wp\/v2\/product\/29433\/revisions\/31768"}],"wp:featuredmedia":[{"embeddable":true,"href":"https:\/\/kobra.si\/en\/wp-json\/wp\/v2\/media\/29431"}],"wp:attachment":[{"href":"https:\/\/kobra.si\/en\/wp-json\/wp\/v2\/media?parent=29433"}],"wp:term":[{"taxonomy":"product_brand","embeddable":true,"href":"https:\/\/kobra.si\/en\/wp-json\/wp\/v2\/product_brand?post=29433"},{"taxonomy":"product_cat","embeddable":true,"href":"https:\/\/kobra.si\/en\/wp-json\/wp\/v2\/product_cat?post=29433"},{"taxonomy":"product_tag","embeddable":true,"href":"https:\/\/kobra.si\/en\/wp-json\/wp\/v2\/product_tag?post=29433"}],"curies":[{"name":"wp","href":"https:\/\/api.w.org\/{rel}","templated":true}]}}