{"id":29430,"date":"2025-05-03T11:43:23","date_gmt":"2025-05-03T09:43:23","guid":{"rendered":"https:\/\/kobra.si\/spletna-trgovina-kobra\/pametno-odpiranje-garaznih-vrat-meross-msg200-homekit\/"},"modified":"2025-12-02T10:28:58","modified_gmt":"2025-12-02T09:28:58","slug":"pametno-odpiranje-garaznih-vrat-meross-msg200-homekit","status":"publish","type":"product","link":"https:\/\/kobra.si\/en\/spletna-trgovina-kobra\/pametno-odpiranje-garaznih-vrat-meross-msg200-homekit\/","title":{"rendered":"Pametno odpiranje gara\u017enih vrat Meross MSG200 (HomeKit)"},"content":{"rendered":"<h3>Pametno odpiranje gara\u017enih vrat Meross MSG200 (HomeKit)<\/h3>\n<p>S pametnim stikalom Meross MSG200 pridobite mo\u017enost daljinskega odpiranja in zapiranja gara\u017enih vrat! Ta izdelek je zdru\u017eljiv s storitvami Apple HomeKit, Amazon Alexa, Google Home in Samsung SmartThings, zato ga lahko vklju\u010dite v svoj vsakdanji ekosistem. Naprava omogo\u010da hkratno upravljanje do 3 gara\u017enih vrat (ob nakupu dodatnih senzorjev), odlikuje pa jo \u0161iroka zdru\u017eljivost.<\/p>\n<p><img decoding=\"async\" src=\"https:\/\/b2b.innpro.pl\/data\/include\/cms\/04Meross\/MSG200HK-EU\/1.jpg\" border=\"0\" alt=\"04Meross\/MSG200HK-EU\/1\" title=\"\"><\/p>\n<h3>Bolj\u0161i signal, zanesljivo delovanje<\/h3>\n<p>Stikalo Meross MSG200 je opremljeno z zunanjo anteno, ki bolje sprejema signale Wi-Fi in zagotavlja njegovo zanesljivo delovanje &#8211; ni vam treba skrbeti za zamude ali motnje. Prav tako vam ni treba skrbeti za varnost va\u0161ih otrok ali hi\u0161nih ljubljen\u010dkov. Ko se gara\u017ena vrata zapirajo, stikalo odda zvo\u010dni signal, da se lahko vsi varno oddaljijo. Zanesljivo delovanje izdelka zagotavlja tudi vgrajen visoko ob\u010dutljiv senzor.<\/p>\n<p><img decoding=\"async\" src=\"https:\/\/b2b.innpro.pl\/data\/include\/cms\/04Meross\/MSG200HK-EU\/5.jpg\" border=\"0\" alt=\"04Meross\/MSG200HK-EU\/5\" title=\"\"><\/p>\n<h3>\u0160iroka zdru\u017eljivost, enostavna namestitev<\/h3>\n<p>Ne skrbite zaradi te\u017eav z zdru\u017eljivostjo. Stikalo odli\u010dno deluje s pribli\u017eno 1600 modeli gara\u017enih vrat ve\u010d kot 200 blagovnih znamk. Dobro bo deloval tako s starej\u0161imi kot novej\u0161imi modeli. Njegova namestitev je prav tako enostavna &#8211; sledite le nekaj preprostim korakom.<\/p>\n<p><img decoding=\"async\" src=\"https:\/\/b2b.innpro.pl\/data\/include\/cms\/04Meross\/MSG200HK-EU\/3.jpg\" border=\"0\" alt=\"04Meross\/MSG200HK-EU\/3\" title=\"\"><\/p>\n<h3>Priro\u010dno upravljanje<\/h3>\n<p>Svoja obi\u010dajna gara\u017ena vrata spremenite v pametna. Stikalo Meross MSG200 vam omogo\u010da daljinsko odpiranje in zapiranje &#8211; samo z nekaj kliki na telefonu! Naprava je zdru\u017eljiva s sistemi Apple HomeKit, Google Assistant, Amazon Alexa in Samsung SmartThings. Upravljate jo lahko s platforme, ki jo najpogosteje uporabljate &#8211; ni vam treba preklapljati med aplikacijami. Niste prepri\u010dani, ali ste zaprli gara\u017ena vrata, preden ste od\u0161li na delo? Zdaj lahko to storite s pametnim telefonom!<\/p>\n<p><img decoding=\"async\" src=\"https:\/\/b2b.innpro.pl\/data\/include\/cms\/04Meross\/MSG200HK-EU\/4.jpg\" border=\"0\" alt=\"04Meross\/MSG200HK-EU\/4\" title=\"\"><\/p>\n<h3>V \u0161katli<\/h3>\n<ul>\n<li>Pametno stikalo za gara\u017ena vrata<\/li>\n<li>Adapter USB<\/li>\n<li>Senzor za gara\u017ena vrata s kablom<\/li>\n<li>Povezovalni trak za kabel<\/li>\n<li>Preskusna \u017eica<\/li>\n<li>Dvostranski lepilni trak<\/li>\n<li>Vijaki x4<\/li>\n<li>Uporabni\u0161ki priro\u010dnik<\/li>\n<\/ul>\n<div class=\"table-wrapper\">\n<table>\n<tbody>\n<tr>\n<th>Blagovna znamka<\/th>\n<td>Meross<\/td>\n<\/tr>\n<tr>\n<th>Model<\/th>\n<td>MSG200<\/td>\n<\/tr>\n<tr>\n<th>Vhod<\/th>\n<td>5 V \/ 1 A DC ali ve\u010d<\/td>\n<\/tr>\n<tr>\n<th>Gumb<\/th>\n<td>1x gumb za ponastavitev<\/td>\n<\/tr>\n<tr>\n<th>LED DIODA<\/th>\n<td>1x LED indikator stanja<\/td>\n<\/tr>\n<tr>\n<th>Dimenzije<\/th>\n<td>9,3 x 7,8 x 2,2 cm<\/td>\n<\/tr>\n<tr>\n<th>Dol\u017eina napajalnega kabla<\/th>\n<td>1.5 m<\/td>\n<\/tr>\n<tr>\n<th>Dol\u017eina kabla senzorja<\/th>\n<td>5 m<\/td>\n<\/tr>\n<tr>\n<th>Standard brez\u017ei\u010dne komunikacije<\/th>\n<td>IEEE 802.11 b\/g\/n, 2,4 GHz, 1T1R<\/td>\n<\/tr>\n<tr>\n<th>Varnost<\/th>\n<td>Podpora za 64\/128-bitni WEP, WPA-PSK, WPA2-PSK<\/p>\n<p>*Izdelek ne podpira povezave Wi-Fi za podjetja.<\/td>\n<\/tr>\n<tr>\n<th>Zdru\u017eljivost<\/th>\n<td>Apple HomeKit, Google Assistant, Amazon Alexa, Samsung SmartThings<\/td>\n<\/tr>\n<tr>\n<th>Podprti sistemi<\/th>\n<td>iOS 13 in novej\u0161i, Android 6.0 in novej\u0161i<\/td>\n<\/tr>\n<tr>\n<th>Temperatura delovanja<\/th>\n<td>Od 0 \u00b0C do 40 \u00b0C<\/td>\n<\/tr>\n<tr>\n<th>Storage temperature<\/th>\n<td>Od -40 \u00b0C do 70 \u00b0C<\/td>\n<\/tr>\n<tr>\n<th>Vla\u017enost delovnega okolja<\/th>\n<td>10-90 % (brez kondenzacije)<\/td>\n<\/tr>\n<tr>\n<th>Vlaga v skladi\u0161\u010dnem okolju<\/th>\n<td>5-90 % (brez kondenzacije)<\/td>\n<\/tr>\n<\/tbody>\n<\/table>\n<\/div>","protected":false},"excerpt":{"rendered":"<p>Na zalogi pri zunanjem dobavitelju. Rok dobave 3-7 delovnih dni.<\/p>","protected":false},"featured_media":29428,"template":"","meta":{"_monsterinsights_skip_tracking":false,"_monsterinsights_sitenote_active":false,"_monsterinsights_sitenote_note":"","_monsterinsights_sitenote_category":0},"product_brand":[],"product_cat":[291,101,255],"product_tag":[],"class_list":{"0":"post-29430","1":"product","2":"type-product","3":"status-publish","4":"has-post-thumbnail","6":"product_cat-pametne-instalacije","7":"product_cat-pametni-dom","8":"product_cat-vsi","10":"first","11":"outofstock","12":"taxable","13":"shipping-taxable","14":"purchasable","15":"product-type-simple"},"jetpack_sharing_enabled":true,"_links":{"self":[{"href":"https:\/\/kobra.si\/en\/wp-json\/wp\/v2\/product\/29430","targetHints":{"allow":["GET"]}}],"collection":[{"href":"https:\/\/kobra.si\/en\/wp-json\/wp\/v2\/product"}],"about":[{"href":"https:\/\/kobra.si\/en\/wp-json\/wp\/v2\/types\/product"}],"version-history":[{"count":1,"href":"https:\/\/kobra.si\/en\/wp-json\/wp\/v2\/product\/29430\/revisions"}],"predecessor-version":[{"id":31767,"href":"https:\/\/kobra.si\/en\/wp-json\/wp\/v2\/product\/29430\/revisions\/31767"}],"wp:featuredmedia":[{"embeddable":true,"href":"https:\/\/kobra.si\/en\/wp-json\/wp\/v2\/media\/29428"}],"wp:attachment":[{"href":"https:\/\/kobra.si\/en\/wp-json\/wp\/v2\/media?parent=29430"}],"wp:term":[{"taxonomy":"product_brand","embeddable":true,"href":"https:\/\/kobra.si\/en\/wp-json\/wp\/v2\/product_brand?post=29430"},{"taxonomy":"product_cat","embeddable":true,"href":"https:\/\/kobra.si\/en\/wp-json\/wp\/v2\/product_cat?post=29430"},{"taxonomy":"product_tag","embeddable":true,"href":"https:\/\/kobra.si\/en\/wp-json\/wp\/v2\/product_tag?post=29430"}],"curies":[{"name":"wp","href":"https:\/\/api.w.org\/{rel}","templated":true}]}}