{"id":29425,"date":"2025-05-03T11:43:08","date_gmt":"2025-05-03T09:43:08","guid":{"rendered":"https:\/\/kobra.si\/spletna-trgovina-kobra\/pametno-stikalo-wifi-meross-mss710-un-brez-kompleta-homekit\/"},"modified":"2026-04-14T20:54:16","modified_gmt":"2026-04-14T18:54:16","slug":"pametno-stikalo-wifi-meross-mss710-un-brez-kompleta-homekit","status":"publish","type":"product","link":"https:\/\/kobra.si\/en\/spletna-trgovina-kobra\/pametno-stikalo-wifi-meross-mss710-un-brez-kompleta-homekit\/","title":{"rendered":"Pametno stikalo WiFi Meross MSS710-UN (brez kompleta HomeKit)"},"content":{"rendered":"<h3>Meross MSS710-UN Pametno stikalo Wi-Fi (brez kompleta HomeKit)<\/h3>\n<p>Upravljanje va\u0161ega pametnega doma \u0161e nikoli ni bilo tako enostavno. Merossovo stikalo Wi-Fi omogo\u010da enostavno daljinsko upravljanje seznanjenih naprav &#8211; prek aplikacije ali glasovnih ukazov. Naprava je med drugim zdru\u017eljiva z Amazon Alexa in Google Assistant. Za njeno pravilno delovanje potrebujete le obstoje\u010de omre\u017eje Wi-Fi &#8211; ne potrebujete nobenih dodatnih vozli\u0161\u010d.<\/p>\n<p><img decoding=\"async\" src=\"https:\/\/b2b.innpro.pl\/data\/include\/cms\/04Meross\/MSS710-UN\/2.jpg\" alt=\"04Meross\/MSS710-UN\/2\" title=\"\"><\/p>\n<h3>Upravljajte svoje naprave na daljavo<\/h3>\n<p>Pridobite mo\u017enost daljinskega upravljanja naprav, kot so svetilke, ventilatorji ali grelniki. Aplikacija Meross vam med drugim omogo\u010da, da na daljavo priro\u010dno vklopite in izklopite opremo, povezano s stikalom, ter preverite njeno stanje. Izdelek je zdru\u017eljiv tudi s storitvami Samsung SmartThings, Amazon Alexa in Google Assistant. Upravljate ga lahko tudi z glasom, na primer s pametno pomo\u010dnico Siri.<\/p>\n<p><img decoding=\"async\" src=\"https:\/\/b2b.innpro.pl\/data\/include\/cms\/04Meross\/MSS710-UN\/1.jpg\" alt=\"04Meross\/MSS710-UN\/1\" title=\"\"><\/p>\n<h3>Ustvarjanje delovnih urnikov in \u010dasovnikov<\/h3>\n<p>Prilagodite delovanje naprav svojemu urniku. Z aplikacijo lahko ustvarite urnike dela za naprave, priklju\u010dene na stikalo. Naredite, da se lu\u010di samodejno vklopijo ob 7. uri zjutraj, ko vstanete, in izklopijo ob 23. uri, ko greste spat. Na voljo je tudi mo\u017enost nastavitve \u010dasovnikov &#8211; uporabite jo, \u010de \u017eelite, da se izbrana naprava po dolo\u010denem \u010dasu sama izklopi. Na voljo je tudi funkcija son\u010dnega vzhoda in zahoda.<\/p>\n<p><img decoding=\"async\" src=\"https:\/\/b2b.innpro.pl\/data\/include\/cms\/04Meross\/MSS710-UN\/6.jpg\" alt=\"04Meross\/MSS710-UN\/6\" title=\"\"><\/p>\n<h3>Uporabniku prijazna stran<\/h3>\n<p>Monta\u017ea in konfiguracija stikala vam ne bosta povzro\u010dala te\u017eav. Prav tako vam ni treba kupiti dodatnih vozli\u0161\u010d &#8211; vse, kar potrebujete, je delujo\u010de omre\u017eje Wi-Fi. Naprava je tudi varna za uporabo. Opremljena je s tokokrogom za za\u0161\u010dito pred preobremenitvijo, njeno ohi\u0161je pa je izdelano iz trpe\u017ene, ognjevarne plastike. Vse to zagotavlja, da vam bo stikalo dolgo \u010dasa dobro slu\u017eilo.<\/p>\n<p><img decoding=\"async\" src=\"https:\/\/b2b.innpro.pl\/data\/include\/cms\/04Meross\/MSS710-UN\/7.jpg\" alt=\"04Meross\/MSS710-UN\/7\" title=\"\"><\/p>\n<h3>Prilo\u017eena stran<\/h3>\n<ul>\n<li>pametno stikalo<\/li>\n<li>priro\u010dnik z navodili<\/li>\n<\/ul>\n<div class=\"table-wrapper\">\n<table>\n<tbody>\n<tr>\n<th>Proizvajalec <\/th>\n<td>Meross<\/td>\n<\/tr>\n<tr>\n<th>Model<\/th>\n<td>MSS710-UN <\/td>\n<\/tr>\n<tr>\n<th>Vhodni tok<\/th>\n<td>90-250 V, 50\/60 Hz<\/td>\n<\/tr>\n<tr>\n<th>Izhodni tok<\/th>\n<td>10 A (najve\u010d)<\/td>\n<\/tr>\n<tr>\n<th>Standard brez\u017ei\u010dne komunikacije<\/th>\n<td>IEEE 802.11 b\/g\/n, 2,4 GHz, 1T1R<\/td>\n<\/tr>\n<tr>\n<th>Brez\u017ei\u010dna varnost<\/th>\n<td>Podpira standarde WEP 64\/128 bitov, WPA-PSK \/ WPA2-PSK (ne podpira standarda WiFi Enterprise)<\/td>\n<\/tr>\n<tr>\n<th>Aplikacija<\/th>\n<td>Meross<\/td>\n<\/tr>\n<tr>\n<th>Sistemske zahteve<\/th>\n<td>iOS 9 ali novej\u0161i, Android 4.1 ali novej\u0161i<\/td>\n<\/tr>\n<tr>\n<th>Zdru\u017eljivost<\/th>\n<td>Amazon Alexa, Google Home, SmartThings<\/td>\n<\/tr>\n<tr>\n<th>Dimenzije<\/th>\n<td>9,6 x 4,7 x 2,4 cm<\/td>\n<\/tr>\n<tr>\n<th>Temperatura delovanja<\/th>\n<td>0 \u00b0C ~ 40 \u00b0C<\/td>\n<\/tr>\n<tr>\n<th>Storage temperature<\/th>\n<td>-40 \u00b0C~70 \u00b0C<\/td>\n<\/tr>\n<tr>\n<th>Delovna vla\u017enost<\/th>\n<td>10 % ~ 90 % (brez kondenzacije)<\/td>\n<\/tr>\n<tr>\n<th>Vla\u017enost okolice za shranjevanje<\/th>\n<td>5 % ~ 90 % (brez kondenzacije)<\/td>\n<\/tr>\n<\/tbody>\n<\/table>\n<\/div>","protected":false},"excerpt":{"rendered":"<p>Na zalogi pri zunanjem dobavitelju. Rok dobave 3-7 delovnih dni.<\/p>","protected":false},"featured_media":29423,"template":"","meta":{"_monsterinsights_skip_tracking":false,"_monsterinsights_sitenote_active":false,"_monsterinsights_sitenote_note":"","_monsterinsights_sitenote_category":0},"product_brand":[],"product_cat":[291,101,255],"product_tag":[],"class_list":{"0":"post-29425","1":"product","2":"type-product","3":"status-publish","4":"has-post-thumbnail","6":"product_cat-pametne-instalacije","7":"product_cat-pametni-dom","8":"product_cat-vsi","10":"first","11":"instock","12":"taxable","13":"shipping-taxable","14":"purchasable","15":"product-type-simple"},"jetpack_sharing_enabled":true,"_links":{"self":[{"href":"https:\/\/kobra.si\/en\/wp-json\/wp\/v2\/product\/29425","targetHints":{"allow":["GET"]}}],"collection":[{"href":"https:\/\/kobra.si\/en\/wp-json\/wp\/v2\/product"}],"about":[{"href":"https:\/\/kobra.si\/en\/wp-json\/wp\/v2\/types\/product"}],"version-history":[{"count":1,"href":"https:\/\/kobra.si\/en\/wp-json\/wp\/v2\/product\/29425\/revisions"}],"predecessor-version":[{"id":31770,"href":"https:\/\/kobra.si\/en\/wp-json\/wp\/v2\/product\/29425\/revisions\/31770"}],"wp:featuredmedia":[{"embeddable":true,"href":"https:\/\/kobra.si\/en\/wp-json\/wp\/v2\/media\/29423"}],"wp:attachment":[{"href":"https:\/\/kobra.si\/en\/wp-json\/wp\/v2\/media?parent=29425"}],"wp:term":[{"taxonomy":"product_brand","embeddable":true,"href":"https:\/\/kobra.si\/en\/wp-json\/wp\/v2\/product_brand?post=29425"},{"taxonomy":"product_cat","embeddable":true,"href":"https:\/\/kobra.si\/en\/wp-json\/wp\/v2\/product_cat?post=29425"},{"taxonomy":"product_tag","embeddable":true,"href":"https:\/\/kobra.si\/en\/wp-json\/wp\/v2\/product_tag?post=29425"}],"curies":[{"name":"wp","href":"https:\/\/api.w.org\/{rel}","templated":true}]}}