{"id":29422,"date":"2025-05-03T11:42:57","date_gmt":"2025-05-03T09:42:57","guid":{"rendered":"https:\/\/kobra.si\/spletna-trgovina-kobra\/pametni-vtic-meross-mss315ma-eu-z-merilnikom-porabe-energije-matter\/"},"modified":"2026-04-15T20:54:11","modified_gmt":"2026-04-15T18:54:11","slug":"pametni-vtic-meross-mss315ma-eu-z-merilnikom-porabe-energije-matter","status":"publish","type":"product","link":"https:\/\/kobra.si\/en\/spletna-trgovina-kobra\/pametni-vtic-meross-mss315ma-eu-z-merilnikom-porabe-energije-matter\/","title":{"rendered":"Pametna vti\u010dnica MEROSS MSS315MA-EU z merilnikom porabe energije (Matter)"},"content":{"rendered":"<h3>Pametna vti\u010dnica MEROSS MSS315MA-EU z merjenjem energije (Matter)<\/h3>\n<p>Pametna vti\u010dnica MEROSS MSS315MA-EU je klju\u010d do popolnega nadzora nad porabo energije v va\u0161em domu. Funkcija spremljanja porabe energije zagotavlja trenutna poro\u010dila in zgodovino porabe, kar vam omogo\u010da zmanj\u0161anje ra\u010dunov za elektri\u010dno energijo. S podporo Matter sta konfiguracija in delovanje vti\u010dnice izjemno enostavna. Napredna varnost zagotavlja varnost va\u0161ih podatkov, medtem ko vam podpora za ve\u010d upraviteljev omogo\u010da ve\u010d svobode pri izbiri na\u010dina upravljanja naprav. Opomba: za delovanje naprave je potrebna ena od vti\u010dnic, navedenih v specifikacijah (ni prilo\u017eena).<\/p>\n<p><img decoding=\"async\" src=\"https:\/\/b2b.innpro.pl\/data\/include\/cms\/04Meross\/MSS315MA-EU\/4.jpg\" border=\"0\" alt=\"04Meross\/MSS315MA-EU\/4\" title=\"\"><\/p>\n<h3>Spremljajte porabo energije<\/h3>\n<p>Zdaj se lahko zavedate, koliko energije porabijo va\u0161e naprave. Vti\u010dnica Meross zagotavlja poro\u010dila v realnem \u010dasu o tem, koliko energije porabijo va\u0161e priklju\u010dene naprave. Z aplikacijo Meross boste pridobili tudi neomejen dostop do preteklih podatkov, ki vam bodo omogo\u010dili raziskovanje podrobnosti in analizo trendov porabe energije v va\u0161em domu. Poleg tega vam aplikacija omogo\u010da tudi merjenje proizvedene energije &#8211; idealno za spremljanje energije iz son\u010dnih kolektorjev na balkonu.<\/p>\n<p><img decoding=\"async\" src=\"https:\/\/b2b.innpro.pl\/data\/include\/cms\/04Meross\/MSS315MA-EU\/2.jpg\" border=\"0\" alt=\"04Meross\/MSS315MA-EU\/2\" title=\"\"><\/p>\n<h3>Prihodnost pametnega doma<\/h3>\n<p>Pametna vti\u010dnica Meroos deluje na podlagi najnovej\u0161ega standarda Matter. Ta vti\u010dnici omogo\u010da povezavo z razli\u010dnimi aplikacijami, nadzor vseh naprav in celo povezavo z razli\u010dnimi storitvami v oblaku, med drugim z Apple Home, Amazon Alexa, SmartThings in Google Home. To je re\u0161itev, ki odpira nove mo\u017enosti in vam omogo\u010da prilagodljivost pri ustvarjanju integriranega ekosistema v va\u0161em domu.<\/p>\n<p><img decoding=\"async\" src=\"https:\/\/b2b.innpro.pl\/data\/include\/cms\/04Meross\/MSS315MA-EU\/1.jpg\" border=\"0\" alt=\"04Meross\/MSS315MA-EU\/1\" title=\"\"><\/p>\n<h3>\u0160e la\u017eja nastavitev<\/h3>\n<p>Nastavitev naprave vam ne bo predstavljala te\u017eav. Zaradi standardne matrice je postopek \u0161e enostavnej\u0161i. Samo poskenirate kodo QR, da za\u017eenete vti\u010dnico in u\u017eivate v vseh njenih funkcijah. Ni vam ve\u010d treba izgubljati \u010dasa za zapletene konfiguracije! Vendar je pomembno opozoriti, da brez enega od glasovnih vozli\u0161\u010d, navedenih v specifikacijah in prikazanih na spodnji sliki, izdelka ni mogo\u010de zagnati. Vozli\u0161\u010de ima klju\u010dno vlogo pri zagotavljanju polne funkcionalnosti naprave, zato se pred za\u010detkom konfiguracije prepri\u010dajte, da imate vso potrebno dodatno opremo.<\/p>\n<p><img decoding=\"async\" src=\"https:\/\/b2b.innpro.pl\/data\/include\/cms\/04Meross\/MSS315MA-EU\/8.jpg\" border=\"0\" alt=\"04Meross\/MSS315MA-EU\/3\" title=\"\"><\/p>\n<h3>Vklju\u010deno<\/h3>\n<ul>\n<li>pametna vti\u010dnica<\/li>\n<li>uporabni\u0161ki priro\u010dnik<\/li>\n<\/ul>\n<div class=\"table-wrapper\">\n<table>\n<tbody>\n<tr>\n<th>Proizvajalec<\/th>\n<td>Meross<\/td>\n<\/tr>\n<tr>\n<th>Model<\/th>\n<td>MSS315MA-EU<\/td>\n<\/tr>\n<tr>\n<th>Vhodni tok<\/th>\n<td>100-240 V, 50\/60 Hz<\/td>\n<\/tr>\n<tr>\n<th>Izhodni tok<\/th>\n<td>16A (najve\u010d)<\/td>\n<\/tr>\n<tr>\n<th>Zdru\u017eljivost<\/th>\n<td>Amazon Alexa (Echo \/ Echo Dot 3rd \/ Echo Dot 4th \/ Echo Dot 5th \/ Echo Show 1st Gen \/ Echo Show 2nd Gen \/ Echo Show 3rd Gen je potreben za pravilno delovanje), <br \/>Google Home (za pravilno delovanje so potrebni Nest Wi-Fi Pro, Google Home, Nest Audio ali Nest Hub), <br \/>Apple Home (HomePod, HomePod mini ali Apple TV 4K so potrebni za pravilno delovanje)<\/td>\n<\/tr>\n<tr>\n<th>Brez\u017ei\u010dna varnost<\/th>\n<td>Podpira standarde WEP 64\/128 bitov, WPA-PSK\/WPA2-PSK\/WPA3-PSK<\/td>\n<\/tr>\n<tr>\n<th>Sistemske zahteve<\/th>\n<td>iOS 16.1 ali novej\u0161i, Android 8.1 ali novej\u0161i<\/td>\n<\/tr>\n<tr>\n<th>Dimenzije<\/th>\n<td>5 x 5 x 6,4 cm<\/td>\n<\/tr>\n<tr>\n<th>Working temperature<\/th>\n<td>0 \u00b0C ~ 40 \u00b0C<\/td>\n<\/tr>\n<tr>\n<th>Storage temperature<\/th>\n<td>-40 \u00b0C~70 \u00b0C<\/td>\n<\/tr>\n<tr>\n<th>Delovna vla\u017enost<\/th>\n<td>10 % ~ 90 % (brez kondenzacije)<\/td>\n<\/tr>\n<tr>\n<th>Vla\u017enost okolice za shranjevanje<\/th>\n<td>5 % ~ 90 % (brez kondenzacije)<\/td>\n<\/tr>\n<\/tbody>\n<\/table>\n<\/div>","protected":false},"excerpt":{"rendered":"<p>Na zalogi pri zunanjem dobavitelju. Rok dobave 3-7 delovnih dni.<\/p>","protected":false},"featured_media":29439,"template":"","meta":{"_monsterinsights_skip_tracking":false,"_monsterinsights_sitenote_active":false,"_monsterinsights_sitenote_note":"","_monsterinsights_sitenote_category":0},"product_brand":[],"product_cat":[291,101,255],"product_tag":[],"class_list":{"0":"post-29422","1":"product","2":"type-product","3":"status-publish","4":"has-post-thumbnail","6":"product_cat-pametne-instalacije","7":"product_cat-pametni-dom","8":"product_cat-vsi","10":"first","11":"outofstock","12":"taxable","13":"shipping-taxable","14":"purchasable","15":"product-type-simple"},"jetpack_sharing_enabled":true,"_links":{"self":[{"href":"https:\/\/kobra.si\/en\/wp-json\/wp\/v2\/product\/29422","targetHints":{"allow":["GET"]}}],"collection":[{"href":"https:\/\/kobra.si\/en\/wp-json\/wp\/v2\/product"}],"about":[{"href":"https:\/\/kobra.si\/en\/wp-json\/wp\/v2\/types\/product"}],"version-history":[{"count":2,"href":"https:\/\/kobra.si\/en\/wp-json\/wp\/v2\/product\/29422\/revisions"}],"predecessor-version":[{"id":31821,"href":"https:\/\/kobra.si\/en\/wp-json\/wp\/v2\/product\/29422\/revisions\/31821"}],"wp:featuredmedia":[{"embeddable":true,"href":"https:\/\/kobra.si\/en\/wp-json\/wp\/v2\/media\/29439"}],"wp:attachment":[{"href":"https:\/\/kobra.si\/en\/wp-json\/wp\/v2\/media?parent=29422"}],"wp:term":[{"taxonomy":"product_brand","embeddable":true,"href":"https:\/\/kobra.si\/en\/wp-json\/wp\/v2\/product_brand?post=29422"},{"taxonomy":"product_cat","embeddable":true,"href":"https:\/\/kobra.si\/en\/wp-json\/wp\/v2\/product_cat?post=29422"},{"taxonomy":"product_tag","embeddable":true,"href":"https:\/\/kobra.si\/en\/wp-json\/wp\/v2\/product_tag?post=29422"}],"curies":[{"name":"wp","href":"https:\/\/api.w.org\/{rel}","templated":true}]}}