{"id":29416,"date":"2025-05-03T11:42:35","date_gmt":"2025-05-03T09:42:35","guid":{"rendered":"https:\/\/kobra.si\/spletna-trgovina-kobra\/pametno-stikalo-wifi-meross-mss710hk-homekit\/"},"modified":"2026-03-17T14:10:21","modified_gmt":"2026-03-17T13:10:21","slug":"pametno-stikalo-wifi-meross-mss710hk-homekit","status":"publish","type":"product","link":"https:\/\/kobra.si\/en\/spletna-trgovina-kobra\/pametno-stikalo-wifi-meross-mss710hk-homekit\/","title":{"rendered":"Pametno stikalo WiFi Meross MSS710HK (HomeKit)"},"content":{"rendered":"<h3>Meross MSS710HK Pametno stikalo Wi-Fi (HomeKit)<\/h3>\n<p>Upravljanje va\u0161ega pametnega doma \u0161e nikoli ni bilo tako enostavno. Merossovo stikalo Wi-Fi vam omogo\u010da enostavno daljinsko upravljanje seznanjenih naprav &#8211; z aplikacijami ali glasovnimi ukazi. Naprava je med drugim zdru\u017eljiva z Apple HomeKit in Google Assistant. Za njeno pravilno delovanje potrebujete le obstoje\u010de omre\u017eje Wi-Fi &#8211; ne potrebujete nobenih dodatnih vozli\u0161\u010d.<\/p>\n<p><img decoding=\"async\" src=\"https:\/\/b2b.innpro.pl\/data\/include\/cms\/04Meross\/MSS710HK\/4.jpg?v=1640079049715\" title=\"\"><\/p>\n<h3>Upravljanje naprav na daljavo<\/h3>\n<p>Pridobite daljinski nadzor nad napravami, kot so svetilke, ventilatorji ali grelniki. Aplikacija Meross vam med drugim omogo\u010da, da na daljavo udobno vklopite in izklopite opremo, povezano s stikalom, ter preverite njeno stanje. Izdelek je zdru\u017eljiv tudi s storitvami Apple HomeKit, Samsung SmartThings, Amazon Alexa in Google Assistant. Upravljate ga lahko tudi z glasom, na primer s pametno pomo\u010dnico Siri.<\/p>\n<p><img decoding=\"async\" src=\"https:\/\/b2b.innpro.pl\/data\/include\/cms\/04Meross\/MSS710HK\/2.jpg?v=1640079049715\" title=\"\"><\/p>\n<h3>Ustvarjanje urnikov in \u010dasovnikov<\/h3>\n<p>Prilagodite delovanje naprav svojemu urniku. Z aplikacijo lahko ustvarite urnike za naprave, povezane s stikalom. Naredite, da se lu\u010di samodejno vklopijo ob 7:00 zjutraj, ko vstanete, in izklopijo ob 23:00, ko greste spat. Na voljo je tudi mo\u017enost nastavitve \u010dasovnika &#8211; uporabite jo, \u010de \u017eelite, da se izbrana naprava po dolo\u010denem \u010dasu sama izklopi. Na voljo je tudi funkcija son\u010dnega vzhoda\/zahoda.<\/p>\n<p><img decoding=\"async\" src=\"https:\/\/b2b.innpro.pl\/data\/include\/cms\/04Meross\/MSS710HK\/3.jpg?v=1640079049715\" title=\"\"><\/p>\n<h3>Uporabniku prijazen<\/h3>\n<p>Namestitev in konfiguracija stikala vam ne bosta povzro\u010dala te\u017eav. Prav tako vam ni treba kupiti dodatnih vozli\u0161\u010d &#8211; vse, kar potrebujete, je delujo\u010de omre\u017eje Wi-Fi. Naprava zagotavlja tudi varnost uporabe. Opremljena je s tokokrogom za za\u0161\u010dito pred preobremenitvijo, njeno ohi\u0161je pa je izdelano iz trpe\u017ene, ognjevarne plastike. Vse to pomeni, da vam bo stikalo dolgo \u010dasa dobro slu\u017eilo.<\/p>\n<p><img decoding=\"async\" src=\"https:\/\/b2b.innpro.pl\/data\/include\/cms\/04Meross\/MSS710HK\/5.jpg?v=1640079049715\" title=\"\"><\/p>\n<h3>V \u0161katli<\/h3>\n<ul>\n<li>Pametno stikalo<\/li>\n<li>Uporabni\u0161ki priro\u010dnik<\/li>\n<\/ul>\n<div class=\"table-wrapper\">\n<table>\n<tbody>\n<tr>\n<th>Blagovna znamka<\/th>\n<td>Meross<\/td>\n<\/tr>\n<tr>\n<th>Model<\/th>\n<td>MSS710HK<\/td>\n<\/tr>\n<tr>\n<th>Vhod<\/th>\n<td>90-250V~, 50\/60Hz, 10A<\/td>\n<\/tr>\n<tr>\n<th>Izhod<\/th>\n<td>90-250V~, 50\/60Hz, 10A (najve\u010dja obremenitev)<\/td>\n<\/tr>\n<tr>\n<th>Gumbi<\/th>\n<td>1x gumb za vklop\/izklop (pritisnite in dr\u017eite 5 sekund, da obnovite tovarni\u0161ke nastavitve)<\/td>\n<\/tr>\n<tr>\n<th>LED DIODA<\/th>\n<td>1x LED dioda stanja<\/td>\n<\/tr>\n<tr>\n<th>Dimenzije<\/th>\n<td>9,6&#215;4,7&#215;2,4 cm<\/td>\n<\/tr>\n<tr>\n<th>Antena<\/th>\n<td>Ena notranja antena<\/td>\n<\/tr>\n<tr>\n<th>Brez\u017ei\u010dni standard<\/th>\n<td>IEEE 802.11 b\/g\/n, 2,4 GHz, 1T1R<\/td>\n<\/tr>\n<tr>\n<th>Brez\u017ei\u010dna varnost<\/th>\n<td>\n<p>Podpira standarde WEP 64\/128bit, WPA-PSK \/ WPA2-PSK<\/p>\n<p>* Ne podpira Wi-Fi Enterprise.<\/p>\n<\/td>\n<\/tr>\n<tr>\n<th>Potrdila<\/th>\n<td>FCC, CE, RoHS, WEEE<\/td>\n<\/tr>\n<tr>\n<th>Sistemske zahteve<\/th>\n<td>Android 4.1 ali novej\u0161i \/ iOS 13.0 ali novej\u0161i, obstoje\u010da povezava Wi-Fi<\/td>\n<\/tr>\n<tr>\n<th>Working temperature<\/th>\n<td>0-40\u00b0C<\/td>\n<\/tr>\n<tr>\n<th>Storage temperature<\/th>\n<td>-40-70\u00b0C<\/td>\n<\/tr>\n<tr>\n<th>Delovna vla\u017enost<\/th>\n<td>10-90 % (brez kondenzacije)<\/td>\n<\/tr>\n<tr>\n<th>Vla\u017enost pri shranjevanju<\/th>\n<td>5-90 % (brez kondenzacije)<\/td>\n<\/tr>\n<tr>\n<th>Uporaba<\/th>\n<td>Meross<\/td>\n<\/tr>\n<tr>\n<th>Zdru\u017eljivost<\/th>\n<td>Apple HomeKit, Amazon Alexa, Google Assistant, Samsung SmartThings<\/td>\n<\/tr>\n<\/tbody>\n<\/table>\n<\/div>","protected":false},"excerpt":{"rendered":"<p>Na zalogi pri zunanjem dobavitelju. Rok dobave 3-7 delovnih dni.<\/p>","protected":false},"featured_media":29414,"template":"","meta":{"_monsterinsights_skip_tracking":false,"_monsterinsights_sitenote_active":false,"_monsterinsights_sitenote_note":"","_monsterinsights_sitenote_category":0},"product_brand":[],"product_cat":[291,101,255],"product_tag":[],"class_list":{"0":"post-29416","1":"product","2":"type-product","3":"status-publish","4":"has-post-thumbnail","6":"product_cat-pametne-instalacije","7":"product_cat-pametni-dom","8":"product_cat-vsi","10":"first","11":"outofstock","12":"taxable","13":"shipping-taxable","14":"purchasable","15":"product-type-simple"},"jetpack_sharing_enabled":true,"_links":{"self":[{"href":"https:\/\/kobra.si\/en\/wp-json\/wp\/v2\/product\/29416","targetHints":{"allow":["GET"]}}],"collection":[{"href":"https:\/\/kobra.si\/en\/wp-json\/wp\/v2\/product"}],"about":[{"href":"https:\/\/kobra.si\/en\/wp-json\/wp\/v2\/types\/product"}],"version-history":[{"count":1,"href":"https:\/\/kobra.si\/en\/wp-json\/wp\/v2\/product\/29416\/revisions"}],"predecessor-version":[{"id":31771,"href":"https:\/\/kobra.si\/en\/wp-json\/wp\/v2\/product\/29416\/revisions\/31771"}],"wp:featuredmedia":[{"embeddable":true,"href":"https:\/\/kobra.si\/en\/wp-json\/wp\/v2\/media\/29414"}],"wp:attachment":[{"href":"https:\/\/kobra.si\/en\/wp-json\/wp\/v2\/media?parent=29416"}],"wp:term":[{"taxonomy":"product_brand","embeddable":true,"href":"https:\/\/kobra.si\/en\/wp-json\/wp\/v2\/product_brand?post=29416"},{"taxonomy":"product_cat","embeddable":true,"href":"https:\/\/kobra.si\/en\/wp-json\/wp\/v2\/product_cat?post=29416"},{"taxonomy":"product_tag","embeddable":true,"href":"https:\/\/kobra.si\/en\/wp-json\/wp\/v2\/product_tag?post=29416"}],"curies":[{"name":"wp","href":"https:\/\/api.w.org\/{rel}","templated":true}]}}