{"id":29413,"date":"2025-05-03T11:42:24","date_gmt":"2025-05-03T09:42:24","guid":{"rendered":"https:\/\/kobra.si\/spletna-trgovina-kobra\/pametni-termostatski-ventil-meross-mts150hk-homekit\/"},"modified":"2026-04-13T20:46:24","modified_gmt":"2026-04-13T18:46:24","slug":"pametni-termostatski-ventil-meross-mts150hk-homekit","status":"publish","type":"product","link":"https:\/\/kobra.si\/en\/spletna-trgovina-kobra\/pametni-termostatski-ventil-meross-mts150hk-homekit\/","title":{"rendered":"Pametni termostatski ventil Meross MTS150HK (HomeKit)"},"content":{"rendered":"<h3>Pametni termostat Meross MTS150HK (EU)<\/h3>\n<p>Poskrbite, da bo va\u0161 dom prijetno topel, in se poslovite od previsokih ra\u010dunov za ogrevanje. Pametni termostat Meross omogo\u010da daljinsko upravljanje in na\u010drtovanje prek aplikacije. Podpira tudi glasovno upravljanje in je med drugim zdru\u017eljiv s storitvami Apple HomeKit, Google Assistant in Amazon Alexa. Naprava lahko tudi samodejno izklopi ogrevanje, ko zazna odprto okno. Za pravilno delovanje termostata je potreben pametni koncentrator Meross, ki je na voljo posebej (ni prilo\u017een).<\/p>\n<p><img decoding=\"async\" src=\"https:\/\/b2b.innpro.pl\/data\/include\/cms\/04Meross\/MTS150HKEU-MTS150HHKEU\/5.jpg?v=1634288122502\" title=\"\"><\/p>\n<h3>Zazna odprta okna<\/h3>\n<p>Ni vam ve\u010d treba skrbeti, da so ra\u010duni za ogrevanje previsoki. \u010ce termostat zazna odprto okno, takoj izklopi grelnik. Tako se boste izognili zelo visokim pla\u010dilom. Tudi \u010de pozabite, da je ogrevanje vklopljeno, in se odlo\u010dite, da boste malo prezra\u010dili stanovanje, bo naprava Meross poskrbela za to in vam prihranila te\u017eave.<\/p>\n<p><img decoding=\"async\" src=\"https:\/\/b2b.innpro.pl\/data\/include\/cms\/04Meross\/MTS150HKEU-MTS150HHKEU\/6.jpg?v=1634288122502\" title=\"\"><\/p>\n<h3>Ustvarite urnike ogrevanja<\/h3>\n<p>Kako se \u0161e lahko izognete previsokim ra\u010dunom in prihranite denar? To je la\u017eje, kot se sli\u0161i! Termostat Meross vam omogo\u010da, da prek aplikacije ustvarite urnike delovanja. Tako lahko ogrevanje preprosto prilagodite svojim potrebam in \u017eivljenjskemu slogu. Ni vam ve\u010d treba skrbeti, da se boste z dela vrnili domov v mrzlo hi\u0161o ali da bo po va\u0161em odhodu po nepotrebnem delovalo ogrevanje!<\/p>\n<p><img decoding=\"async\" src=\"https:\/\/b2b.innpro.pl\/data\/include\/cms\/04Meross\/MTS150HKEU-MTS150HHKEU\/3.jpg?v=1634288122502\" title=\"\"><\/p>\n<h3>Priro\u010den daljinski upravljalnik<\/h3>\n<p>Zdaj imate vse, kar potrebujete, na dosegu roke. Termostat lahko daljinsko upravljate z aplikacijo Meross. Naprava deluje tudi s storitvami Apple HomeKit, Amazon Alexa, Google Assistant in Samsung SmartThings. Zaradi zdru\u017eljivosti z glasovnimi pomo\u010dniki jo lahko priro\u010dno upravljate tudi s preprostimi ukazi. Pametnega telefona nimate pri sebi ali pa so va\u0161e roke zasedene? Z nekaj besedami lahko ogrevanje prilagodite svojim potrebam!<\/p>\n<p><img decoding=\"async\" src=\"https:\/\/b2b.innpro.pl\/data\/include\/cms\/04Meross\/MTS150HKEU-MTS150HHKEU\/1.jpg?v=1634288122502\" title=\"\"><\/p>\n<h3>Ogrevanje, ki ga potrebujete<\/h3>\n<p>Z uporabo ve\u010d termostatov lahko temperaturo v vsakem prostoru preprosto prilagodite svojim zahtevam. Kako deluje? Vsaka naprava se upravlja neodvisno. Tako lahko otrokovo sobo prijetno ogrejete na pribli\u017eno 25 \u00b0C. V kuhinji, kjer delujeta pe\u010dica in plinski \u0161tedilnik, je dovolj pribli\u017eno 18 \u00b0C. Ne \u017eelite zmrzniti, ko pridete iz vro\u010de kopeli? Nastavite temperaturo v kopalnici na pribli\u017eno 20 \u00b0C!<\/p>\n<p><img decoding=\"async\" src=\"https:\/\/b2b.innpro.pl\/data\/include\/cms\/04Meross\/MTS150HKEU-MTS150HHKEU\/2.jpg?v=1634288122502\" title=\"\"><\/p>\n<h3>Enostavna namestitev in konfiguracija<\/h3>\n<p>Se bojite zapletene konfiguracije naprave? Ne bojte se! Termostat je izjemno enostaven in hiter za namestitev, zaradi prilo\u017eenih adapterjev pa ga odlikuje \u0161iroka zdru\u017eljivost. Potrebuje le 2 bateriji AA (nista vklju\u010deni). Za pravilno delovanje morate kupiti pametno vozli\u0161\u010de Meross. \u017delite daljinsko upravljati naprave, ki so name\u0161\u010dene v napravi Apple Home? Preprosto nastavite HomePod, Apple TV ali iPad po svoji izbiri kot doma\u010de vozli\u0161\u010de.<\/p>\n<p><img decoding=\"async\" src=\"https:\/\/b2b.innpro.pl\/data\/include\/cms\/04Meross\/MTS150HKEU-MTS150HHKEU\/4.jpg?v=1634288122502\" title=\"\"><\/p>\n<ul>\n<li>Inteligentni termostat<\/li>\n<li>Adapter Danfoss RA<\/li>\n<li>Adapter Danfoss RAV<\/li>\n<li>Adapter Danfoss RAVL<\/li>\n<li>Adapter M28 x 1,5<\/li>\n<li>Adapter Caleffi<\/li>\n<li>Adapter Giacomini<\/li>\n<li>Uporabni\u0161ki priro\u010dnik<\/li>\n<\/ul>\n<div class=\"table-wrapper\">\n<table>\n<tbody>\n<tr>\n<th>Blagovna znamka<\/th>\n<td>Meross<\/td>\n<\/tr>\n<tr>\n<th>Model<\/th>\n<td>MTS150HK<\/td>\n<\/tr>\n<tr>\n<th>Razli\u010dica<\/th>\n<td>EU<\/td>\n<\/tr>\n<tr>\n<th>Power supply<\/th>\n<td>2x baterije AA 1,5 V (niso vklju\u010dene)<\/td>\n<\/tr>\n<tr>\n<th>Vrsta priklju\u010dka<\/th>\n<td>M30 x 1,5 (prilo\u017eenih 6 adapterjev)<\/td>\n<\/tr>\n<tr>\n<th>Dimenzije<\/th>\n<td>8,2 x 5 x 5 cm<\/td>\n<\/tr>\n<tr>\n<th>Brez\u017ei\u010dni standard<\/th>\n<td>433 MHz<\/td>\n<\/tr>\n<tr>\n<th>Certifikati<\/th>\n<td>CE, RoHS, WEEE<\/td>\n<\/tr>\n<tr>\n<th>Sistemske zahteve<\/th>\n<td>iOS 13 ali ve\u010d, Android 4.1 ali ve\u010d, obstoje\u010da povezava Wi-Fi<\/td>\n<\/tr>\n<tr>\n<th>Working temperature<\/th>\n<td>0 \u00b0C-40 \u00b0C<\/td>\n<\/tr>\n<tr>\n<th>Storage temperature<\/th>\n<td>-40\u00b0C-70\u00b0C<\/td>\n<\/tr>\n<tr>\n<th>Delovna vla\u017enost<\/th>\n<td>10-90 % (brez kondenzacije)<\/td>\n<\/tr>\n<tr>\n<th>Vla\u017enost pri shranjevanju<\/th>\n<td>5-90 % (brez kondenzacije)<\/td>\n<\/tr>\n<tr>\n<th>Uporaba<\/th>\n<td>Meross<\/td>\n<\/tr>\n<tr>\n<th>Zdru\u017eljivost<\/th>\n<td>Apple HomeKit, Amazon Alexa, Google Assistant, Samsung SmartThings<\/td>\n<\/tr>\n<\/tbody>\n<\/table>\n<\/div>","protected":false},"excerpt":{"rendered":"<p>Na zalogi pri zunanjem dobavitelju. Rok dobave 3-7 delovnih dni.<\/p>","protected":false},"featured_media":29411,"template":"","meta":{"_monsterinsights_skip_tracking":false,"_monsterinsights_sitenote_active":false,"_monsterinsights_sitenote_note":"","_monsterinsights_sitenote_category":0},"product_brand":[],"product_cat":[291,101,255],"product_tag":[],"class_list":{"0":"post-29413","1":"product","2":"type-product","3":"status-publish","4":"has-post-thumbnail","6":"product_cat-pametne-instalacije","7":"product_cat-pametni-dom","8":"product_cat-vsi","10":"first","11":"instock","12":"taxable","13":"shipping-taxable","14":"purchasable","15":"product-type-simple"},"jetpack_sharing_enabled":true,"_links":{"self":[{"href":"https:\/\/kobra.si\/en\/wp-json\/wp\/v2\/product\/29413","targetHints":{"allow":["GET"]}}],"collection":[{"href":"https:\/\/kobra.si\/en\/wp-json\/wp\/v2\/product"}],"about":[{"href":"https:\/\/kobra.si\/en\/wp-json\/wp\/v2\/types\/product"}],"version-history":[{"count":1,"href":"https:\/\/kobra.si\/en\/wp-json\/wp\/v2\/product\/29413\/revisions"}],"predecessor-version":[{"id":31824,"href":"https:\/\/kobra.si\/en\/wp-json\/wp\/v2\/product\/29413\/revisions\/31824"}],"wp:featuredmedia":[{"embeddable":true,"href":"https:\/\/kobra.si\/en\/wp-json\/wp\/v2\/media\/29411"}],"wp:attachment":[{"href":"https:\/\/kobra.si\/en\/wp-json\/wp\/v2\/media?parent=29413"}],"wp:term":[{"taxonomy":"product_brand","embeddable":true,"href":"https:\/\/kobra.si\/en\/wp-json\/wp\/v2\/product_brand?post=29413"},{"taxonomy":"product_cat","embeddable":true,"href":"https:\/\/kobra.si\/en\/wp-json\/wp\/v2\/product_cat?post=29413"},{"taxonomy":"product_tag","embeddable":true,"href":"https:\/\/kobra.si\/en\/wp-json\/wp\/v2\/product_tag?post=29413"}],"curies":[{"name":"wp","href":"https:\/\/api.w.org\/{rel}","templated":true}]}}