{"id":29403,"date":"2025-05-03T11:41:52","date_gmt":"2025-05-03T09:41:52","guid":{"rendered":"https:\/\/kobra.si\/spletna-trgovina-kobra\/pametni-napajalnik-meross-mss425fhkeu-homekit\/"},"modified":"2025-12-02T10:28:58","modified_gmt":"2025-12-02T09:28:58","slug":"pametni-napajalnik-meross-mss425fhkeu-homekit","status":"publish","type":"product","link":"https:\/\/kobra.si\/en\/spletna-trgovina-kobra\/pametni-napajalnik-meross-mss425fhkeu-homekit\/","title":{"rendered":"Pametni napajalnik Meross MSS425FHK(EU) (HomeKit)"},"content":{"rendered":"<h3>Inteligentni napajalnik WiFi Meross MSS425F (HomeKit).<\/h3>\n<p>Upravljanje pametnega doma je postalo \u0161e la\u017eje. Napajalni trak Meross WiFi je opremljen s 4 vti\u010dnicami in 4 priklju\u010dki USB, ki jih lahko upravljate na daljavo prek aplikacije. Prav tako je mogo\u010de ustvariti urnike, nastaviti \u010dasovnike in upravljati z glasom. Izdelek je zdru\u017eljiv s storitvami Apple HomeKit, Google Assistant, Amazon Alexa in Samsung SmartThings.<\/p>\n<p><img decoding=\"async\" src=\"https:\/\/b2b.innpro.pl\/data\/include\/cms\/04Meross\/16.08\/MSS425FHK\/3.jpg\" border=\"0\" alt=\"04Meross\/16.08\/MSS425FHK\/3\" title=\"\"><\/p>\n<h3>Veliko mo\u017enosti &#8211; veliko aplikacij<\/h3>\n<p>Pametni napajalnik Meross se bo odli\u010dno obnesel ne le doma, temve\u010d tudi na primer v pisarni. \u0160tiri vti\u010dnice vam ponujajo veliko mo\u017enosti za priklju\u010ditev razli\u010dnih naprav in njihovo samostojno upravljanje, vrata USB, ki omogo\u010dajo tudi pametno polnjenje z mo\u010djo do 4 A, pa lahko upravljate v skupinah.<\/p>\n<p><img decoding=\"async\" src=\"https:\/\/b2b.innpro.pl\/data\/include\/cms\/04Meross\/16.08\/MSS425FHK\/4.jpg\" border=\"0\" alt=\"04Meross\/16.08\/MSS425FHK\/4\" title=\"\"><\/p>\n<h3>Upravljajte svoje naprave, kjer koli ste<\/h3>\n<p>U\u017eivajte v priro\u010dnem daljinskem upravljanju svojih pametnih naprav. Z aplikacijo Meross jih lahko vklopite in izklopite od koder koli &#8211; tudi zunaj doma. Zanje lahko ustvarite tudi urnike dela in \u010dasovnike. Trakovi delujejo s storitvami Apple HomeKit, Amazon Alexa, Google Assistant in Samsung SmartThings. Tako ga lahko vklju\u010dite v sistem, ki ga uporabljate, in ga celo upravljate z glasom.<\/p>\n<p><img decoding=\"async\" src=\"https:\/\/b2b.innpro.pl\/data\/include\/cms\/04Meross\/16.08\/MSS425FHK\/2.jpg\" border=\"0\" alt=\"04Meross\/16.08\/MSS425FHK\/2\" title=\"\"><\/p>\n<h3>Zaradi varnosti<\/h3>\n<p>Pametni trak Meross zagotavlja popolno varnost uporabe. Ohi\u0161je, izdelano iz ognjevarne plastike, \u0161\u010diti notranjost naprave. Izdelek je opremljen tudi z za\u0161\u010dito pred preobremenitvijo, zato vam ni treba skrbeti za morebitne po\u0161kodbe opreme, ki je priklju\u010dena nanj.<\/p>\n<p><img decoding=\"async\" src=\"https:\/\/b2b.innpro.pl\/data\/include\/cms\/04Meross\/16.08\/MSS425FHK\/6.jpg\" border=\"0\" alt=\"04Meross\/16.08\/MSS425FHK\/6\" title=\"\"><\/p>\n<h3>Skrbno premi\u0161ljena zasnova<\/h3>\n<p>Izdelek je bil ustvarjen s pozornostjo do vsake podrobnosti. Kabel je dolg 1,8 metra in izjemno vzdr\u017eljiv, proti po\u0161kodbam odporen kabel pa zagotavlja hitro in zanesljivo delovanje. Napajalnik ima en sam, za uporabo priro\u010den gumb, s katerim lahko hkrati vklopite ali izklopite vse vti\u010dnice in vrata. Njihovo neodvisno upravljanje je omogo\u010deno z izbrano aplikacijo. Vse to mo\u010dno izbolj\u0161a delovanje naprave.<\/p>\n<p><img decoding=\"async\" src=\"https:\/\/b2b.innpro.pl\/data\/include\/cms\/04Meross\/16.08\/MSS425FHK\/1.jpg\" border=\"0\" alt=\"04Meross\/16.08\/MSS425FHK\/1\" title=\"\"><\/p>\n<h3>Deluje s \u0161tevilnimi razli\u010dnimi napravami<\/h3>\n<p>Za strip WiFi je zna\u010dilna \u0161iroka zdru\u017eljivost. Nanj boste uspe\u0161no priklju\u010dili na primer svetilko, ventilator, vla\u017eilec zraka, prenosni grelnik ali katero koli drugo majhno elektri\u010dno napravo, ki je zdru\u017eljiva z njegovimi specifikacijami. Pridobite nove in bolj zanimive mo\u017enosti ter ustvarite pametni dom, o kakr\u0161nem sanjate!<\/p>\n<p><img decoding=\"async\" src=\"https:\/\/b2b.innpro.pl\/data\/include\/cms\/04Meross\/16.08\/MSS425FHK\/5.jpg\" border=\"0\" alt=\"04Meross\/16.08\/MSS425FHK\/5\" title=\"\"><\/p>\n<div class=\"table-wrapper\">\n<table>\n<tbody>\n<tr>\n<th>Proizvajalec.<\/th>\n<td>Meross<\/td>\n<\/tr>\n<tr>\n<th>Vhod<\/th>\n<td>100-240 V~, 50\/60 Hz, 10 A<\/td>\n<\/tr>\n<tr>\n<th>Izhod<\/th>\n<td>100-240 V~, 50\/60 Hz, 10 A (najve\u010dja obremenitev); 5 V \u2393 2,4 A (en priklju\u010dek USB); 5 V \u2393 4 A (4 priklju\u010dki USB)<\/td>\n<\/tr>\n<tr>\n<th>Priklju\u010dki<\/th>\n<td>4x vti\u010dnica za izmeni\u010dni tok, 4x vrata USB<\/td>\n<\/tr>\n<tr>\n<th>Gumbi<\/th>\n<td>1x gumb za vklop\/izklop (za obnovitev tovarni\u0161kih nastavitev pritisnite in dr\u017eite 5 sekund)<\/td>\n<\/tr>\n<tr>\n<th>LED DIODA<\/th>\n<td>1x LED dioda stanja, 4x LED dioda stanja vti\u010dnice, 1x LED dioda stanja vrat USB<\/td>\n<\/tr>\n<tr>\n<th>Dimenzije<\/th>\n<td>33,4 x 6,4 x 4 cm (brez napajalnega kabla)<\/td>\n<\/tr>\n<tr>\n<th>Dol\u017eina kabla<\/th>\n<td>1,8 m<\/td>\n<\/tr>\n<tr>\n<th>Antene<\/th>\n<td>1x notranja antena<\/td>\n<\/tr>\n<tr>\n<th>Standard brez\u017ei\u010dne povezave<\/th>\n<td>IEEE 802.11 b\/g\/n, 2,4 GHz, 1T1R<\/td>\n<\/tr>\n<tr>\n<th>Varnost brez\u017ei\u010dne povezave<\/th>\n<td>Izdelek podpira 64\/128-bitni WEP, WPA-PSK, WPA2-PSK. <br \/>*izdelek ne podpira brez\u017ei\u010dnega omre\u017eja WiFi za podjetja.<\/td>\n<\/tr>\n<tr>\n<th>Certifikati<\/th>\n<td>CE, RoHS, WEEE<\/td>\n<\/tr>\n<tr>\n<th>Zahteve za strojno opremo<\/th>\n<td>iOS 13.0 ali novej\u0161i\/Android 4.1 ali novej\u0161i, delujo\u010de omre\u017eje WiFi.<\/td>\n<\/tr>\n<tr>\n<th>Working temperature<\/th>\n<td>0 \u00b0C &#8211; 40 \u00b0C<\/td>\n<\/tr>\n<tr>\n<th>Storage temperature<\/th>\n<td>-40 \u00b0C &#8211; 70 \u00b0C<\/td>\n<\/tr>\n<tr>\n<th>Delovna vla\u017enost okolja<\/th>\n<td>10-90 % (brez kondenzacije)<\/td>\n<\/tr>\n<tr>\n<th>Vla\u017enost okolice pri shranjevanju<\/th>\n<td>5-90 % (brez kondenzacije)<\/td>\n<\/tr>\n<tr>\n<th>Uporaba<\/th>\n<td>Meross<\/td>\n<\/tr>\n<tr>\n<th>Zdru\u017eljivost<\/th>\n<td>Apple HomeKit, Google Assistant, Amazon Alexa, Samsung SmartThings<\/td>\n<\/tr>\n<\/tbody>\n<\/table>\n<\/div>","protected":false},"excerpt":{"rendered":"<p>Na zalogi pri zunanjem dobavitelju. Rok dobave 3-7 delovnih dni.<\/p>","protected":false},"featured_media":29401,"template":"","meta":{"_monsterinsights_skip_tracking":false,"_monsterinsights_sitenote_active":false,"_monsterinsights_sitenote_note":"","_monsterinsights_sitenote_category":0},"product_brand":[],"product_cat":[291,101,255],"product_tag":[],"class_list":{"0":"post-29403","1":"product","2":"type-product","3":"status-publish","4":"has-post-thumbnail","6":"product_cat-pametne-instalacije","7":"product_cat-pametni-dom","8":"product_cat-vsi","10":"first","11":"outofstock","12":"taxable","13":"shipping-taxable","14":"purchasable","15":"product-type-simple"},"jetpack_sharing_enabled":true,"_links":{"self":[{"href":"https:\/\/kobra.si\/en\/wp-json\/wp\/v2\/product\/29403","targetHints":{"allow":["GET"]}}],"collection":[{"href":"https:\/\/kobra.si\/en\/wp-json\/wp\/v2\/product"}],"about":[{"href":"https:\/\/kobra.si\/en\/wp-json\/wp\/v2\/types\/product"}],"version-history":[{"count":1,"href":"https:\/\/kobra.si\/en\/wp-json\/wp\/v2\/product\/29403\/revisions"}],"predecessor-version":[{"id":31822,"href":"https:\/\/kobra.si\/en\/wp-json\/wp\/v2\/product\/29403\/revisions\/31822"}],"wp:featuredmedia":[{"embeddable":true,"href":"https:\/\/kobra.si\/en\/wp-json\/wp\/v2\/media\/29401"}],"wp:attachment":[{"href":"https:\/\/kobra.si\/en\/wp-json\/wp\/v2\/media?parent=29403"}],"wp:term":[{"taxonomy":"product_brand","embeddable":true,"href":"https:\/\/kobra.si\/en\/wp-json\/wp\/v2\/product_brand?post=29403"},{"taxonomy":"product_cat","embeddable":true,"href":"https:\/\/kobra.si\/en\/wp-json\/wp\/v2\/product_cat?post=29403"},{"taxonomy":"product_tag","embeddable":true,"href":"https:\/\/kobra.si\/en\/wp-json\/wp\/v2\/product_tag?post=29403"}],"curies":[{"name":"wp","href":"https:\/\/api.w.org\/{rel}","templated":true}]}}