{"id":29144,"date":"2025-04-24T15:03:52","date_gmt":"2025-04-24T13:03:52","guid":{"rendered":"https:\/\/kobra.si\/spletna-trgovina-kobra\/rojecopd521-1000m-ovratnica-za-solanje-psov-z-2-ovratnicama-crna\/"},"modified":"2026-04-27T21:05:17","modified_gmt":"2026-04-27T19:05:17","slug":"rojecopd521-1000m-ovratnica-za-solanje-psov-z-2-ovratnicama-crna","status":"publish","type":"product","link":"https:\/\/kobra.si\/en\/spletna-trgovina-kobra\/rojecopd521-1000m-ovratnica-za-solanje-psov-z-2-ovratnicama-crna\/","title":{"rendered":"RojecoPD521 1000m ovratnica za \u0161olanje psov z 2 ovratnicama (\u010drna)"},"content":{"rendered":"<h3>RojecoPD521 1000m ovratnica za \u0161olanje psov z 2 ovratnicama (\u010drna)<\/h3>\n<p>Komplet sestavljata dve ovratnici proti lajanju Rojeco PD521, namenjeni lastnikom psov, ki \u017eelijo u\u010dinkovito izbolj\u0161ati vedenje svojega ljubljen\u010dka. Z ve\u010d na\u010dini delovanja in vzdr\u017eljivo zasnovo bosta napravi dobro delovali tako pri vsakodnevnem usposabljanju kot pri odpravljanju ne\u017eelenih navad, kot je lajanje ali grizenje predmetov. Po polnem polnjenju, ki traja le 1-2 uri, lahko sprejemnik zdr\u017ei pribli\u017eno 60 dni, daljinski upravljalnik pa 30 dni.<\/p>\n<p>\n<img decoding=\"async\" alt=\"\" border=\"0\" src=\"https:\/\/assets.innpro.pl\/13229\/16237\/1.jpg\" title=\"\">\n<\/p>\n<h3>Odli\u010dno za vse vremenske razmere<\/h3>\n<p>Sprejemnika imata certifikat vodoodpornosti IPX7, kar pomeni, da ju lahko uporabljate tudi v de\u017eju ali pri igri ob vodi. Ustrezno tesnjenje zagotavlja pravilno delovanje v mokrih razmerah, va\u0161 pes pa lahko u\u017eiva v svobodi gibanja brez skrbi, da bi po\u0161kodoval napravo.<\/p>\n<p>\n<img decoding=\"async\" alt=\"\" border=\"0\" src=\"https:\/\/assets.innpro.pl\/13229\/16237\/4.jpg\" title=\"\">\n<\/p>\n<h3>Doseg do 1000 metrov &#8211; popolna svoboda med sprehodi<\/h3>\n<p>Ena od klju\u010dnih prednosti ovratnic Rojeco PD521 je njihov impresiven doseg &#8211; do 1000 metrov. To vam omogo\u010da, da lahko psa prosto usposabljate na odprtih prostorih, kot so park, pla\u017ea ali veliko dvori\u0161\u010de. Tako ima va\u0161 pes prilo\u017enost, da se u\u010di v razli\u010dnih okoljih, kar vodi k bolj\u0161im rezultatom.<\/p>\n<p>\n<img decoding=\"async\" alt=\"\" border=\"0\" src=\"https:\/\/assets.innpro.pl\/13229\/16237\/3.jpg\" title=\"\">\n<\/p>\n<h3>Trije na\u010dini delovanja in enostavno upravljanje<\/h3>\n<p>Naprave ponujajo tri varne na\u010dine delovanja: zvo\u010dni, vibracijski in pulzni z nastavljivimi stopnjami intenzivnosti (od 1 do 16). Vsak na\u010din omogo\u010da u\u010dinkovito prilagoditev metode usposabljanja individualnim potrebam va\u0161ega psa, zaradi \u010desar je usposabljanje u\u010dinkovitej\u0161e. Zaradi osvetljenega zaslona na daljinskem upravljalniku je upravljanje naprave enostavno tudi v son\u010dnih dneh.<\/p>\n<p>\n<img decoding=\"async\" alt=\"\" border=\"0\" src=\"https:\/\/assets.innpro.pl\/13229\/16237\/2.jpg\" title=\"\">\n<\/p>\n<h3>Udobje in za\u0161\u010dita za va\u0161ega psa<\/h3>\n<p>Ovratnice so opremljene s silikonskimi za\u0161\u010ditnimi blazinicami, ki prepre\u010dujejo dra\u017eenje pasje ko\u017ee. Zaradi mehkega najlonskega traku z nastavljivo dol\u017eino (do 70 cm) je ovratnica Rojeco PD521 primerna za pse vseh velikosti &#8211; od majhnih do velikih pasem, ki tehtajo od 1,8 do 54 kg.<\/p>\n<p>\n<img decoding=\"async\" alt=\"\" border=\"0\" src=\"https:\/\/assets.innpro.pl\/13229\/16237\/5.jpg\" title=\"\">\n<\/p>\n<h3>Vklju\u010duje:<\/h3>\n<ul class=\"list-disc pl-5\">\n<li>Vsebuje: ovratnica proti lajanju x2<\/li>\n<li>daljinski upravljalnik<\/li>\n<li>Kabel USB za polnjenje<\/li>\n<li>Navodila za uporabo<\/li>\n<li>Tester impulzov<\/li>\n<li>Elektrode<\/li>\n<li>Silikonski za\u0161\u010ditni pokrov\u010dki<\/li>\n<\/ul>\n<div class=\"table-wrapper\">\n<h3><\/h3>\n<table>\n<tbody>\n<tr>\n<th>Proizvajalec<\/th>\n<td>Rojeco<\/td>\n<\/tr>\n<tr>\n<th>Model<\/th>\n<td>PD521<\/td>\n<\/tr>\n<tr>\n<th>Daljinski upravljalnik<\/th>\n<td>Kapaciteta baterije<\/td>\n<\/tr>\n<tr>\n<th>300 mAh<\/th>\n<td>\u010cas delovanja<\/td>\n<\/tr>\n<tr>\n<th>30 dni<\/th>\n<td>\u010cas pripravljenosti<\/td>\n<\/tr>\n<tr>\n<th>180 dni<\/th>\n<td>Odpornost na vodo<\/td>\n<\/tr>\n<tr>\n<th>IPX3<\/th>\n<td>Sprejemnik<\/td>\n<\/tr>\n<tr>\n<th>Kapaciteta baterije<\/th>\n<td>650 mAh<\/td>\n<\/tr>\n<tr>\n<th>\u010cas delovanja<\/th>\n<td>60 dni<\/td>\n<\/tr>\n<tr>\n<th>\u010cas pripravljenosti<\/th>\n<td>650 dni<\/td>\n<\/tr>\n<tr>\n<th>Odpornost na vodo<\/th>\n<td>IPX7<\/td>\n<\/tr>\n<\/tbody>\n<\/table>\n<\/div>","protected":false},"excerpt":{"rendered":"<p>Na zalogi pri zunanjem dobavitelju. Rok dostave 3-5dni.<\/p>","protected":false},"featured_media":29143,"template":"","meta":{"_monsterinsights_skip_tracking":false,"_monsterinsights_sitenote_active":false,"_monsterinsights_sitenote_note":"","_monsterinsights_sitenote_category":0},"product_brand":[],"product_cat":[166,255],"product_tag":[],"class_list":{"0":"post-29144","1":"product","2":"type-product","3":"status-publish","4":"has-post-thumbnail","6":"product_cat-hisni-ljubljencki","7":"product_cat-vsi","9":"first","10":"instock","11":"taxable","12":"shipping-taxable","13":"purchasable","14":"product-type-simple"},"jetpack_sharing_enabled":true,"_links":{"self":[{"href":"https:\/\/kobra.si\/en\/wp-json\/wp\/v2\/product\/29144","targetHints":{"allow":["GET"]}}],"collection":[{"href":"https:\/\/kobra.si\/en\/wp-json\/wp\/v2\/product"}],"about":[{"href":"https:\/\/kobra.si\/en\/wp-json\/wp\/v2\/types\/product"}],"version-history":[{"count":1,"href":"https:\/\/kobra.si\/en\/wp-json\/wp\/v2\/product\/29144\/revisions"}],"predecessor-version":[{"id":33867,"href":"https:\/\/kobra.si\/en\/wp-json\/wp\/v2\/product\/29144\/revisions\/33867"}],"wp:featuredmedia":[{"embeddable":true,"href":"https:\/\/kobra.si\/en\/wp-json\/wp\/v2\/media\/29143"}],"wp:attachment":[{"href":"https:\/\/kobra.si\/en\/wp-json\/wp\/v2\/media?parent=29144"}],"wp:term":[{"taxonomy":"product_brand","embeddable":true,"href":"https:\/\/kobra.si\/en\/wp-json\/wp\/v2\/product_brand?post=29144"},{"taxonomy":"product_cat","embeddable":true,"href":"https:\/\/kobra.si\/en\/wp-json\/wp\/v2\/product_cat?post=29144"},{"taxonomy":"product_tag","embeddable":true,"href":"https:\/\/kobra.si\/en\/wp-json\/wp\/v2\/product_tag?post=29144"}],"curies":[{"name":"wp","href":"https:\/\/api.w.org\/{rel}","templated":true}]}}