{"id":29142,"date":"2025-04-24T15:03:40","date_gmt":"2025-04-24T13:03:40","guid":{"rendered":"https:\/\/kobra.si\/spletna-trgovina-kobra\/rojeco-pd529-1000m-ovratnica-za-solanje-psov-z-2-ovratnicama-crna\/"},"modified":"2026-04-24T21:01:41","modified_gmt":"2026-04-24T19:01:41","slug":"rojeco-pd529-1000m-ovratnica-za-solanje-psov-z-2-ovratnicama-crna","status":"publish","type":"product","link":"https:\/\/kobra.si\/en\/spletna-trgovina-kobra\/rojeco-pd529-1000m-ovratnica-za-solanje-psov-z-2-ovratnicama-crna\/","title":{"rendered":"Rojeco PD529 1000m ovratnica za \u0161olanje psov z 2 ovratnicama (\u010drna)"},"content":{"rendered":"<h3>Rojeco PD529 1000m ovratnica za \u0161olanje psov z 2 ovratnicama (\u010drna)<\/h3>\n<p>Komplet Rojeco PD529 z daljinskim upravljalnikom ponuja varno re\u0161itev za u\u010dinkovito \u0161olanje psov, prilagojeno razli\u010dnim velikostim in temperamentom hi\u0161nih ljubljen\u010dkov. Vklju\u010duje dve ovratnici, ki podpirata tri na\u010dine usposabljanja &#8211; zvok, vibracije in elektrostati\u010dni impulz z natan\u010dno nastavitvijo intenzivnosti od 1 do 100 stopenj. Tako lahko izberete metodo, ki najbolj ustreza potrebam va\u0161ega ljubljen\u010dka, ter zagotovite udobje in varnost med u\u010denjem.<\/p>\n<p>\n<img decoding=\"async\" alt=\"\" border=\"0\" src=\"https:\/\/assets.innpro.pl\/13228\/16236\/4.jpg\" title=\"\">\n<\/p>\n<h3>Dolg delovni \u010das in priro\u010dno upravljanje<\/h3>\n<p>Z dosegom do 1 000 metrov lahko psa prosto usposabljate tako doma kot na sprehodih. Ovratnica z enim polnjenjem deluje do 30 dni, daljinski upravljalnik pa do 60 dni, zato ni treba pogosto obnavljati energije. Za popolno napolnitev baterije sta potrebni le 2 uri, dodatna funkcija svetilke v daljinskem upravljalniku pa omogo\u010da la\u017eje usposabljanje po temi.<\/p>\n<p>\n<img decoding=\"async\" alt=\"\" border=\"0\" src=\"https:\/\/assets.innpro.pl\/13228\/16236\/2.jpg\" title=\"\">\n<\/p>\n<h3>Vodoodporen in udoben za no\u0161enje<\/h3>\n<p>Ovratnice so vodoodporne (IPX7), kar pomeni, da lahko psi varno te\u010dejo v de\u017eju ali se igrajo v vodi. Trakovi, izdelani iz mehkega TPU, so nastavljivi, tako da ustrezajo hi\u0161nim ljubljen\u010dkom s te\u017eo od 2 do 54 kg (4-120 lbs). Odsevni elementi izbolj\u0161ajo vidljivost v temi in pove\u010dajo varnost va\u0161ega hi\u0161nega ljubljen\u010dka.<\/p>\n<p>\n<img decoding=\"async\" alt=\"\" border=\"0\" src=\"https:\/\/assets.innpro.pl\/13228\/16236\/7.jpg\" title=\"\">\n<\/p>\n<h3>Vklju\u010duje:<\/h3>\n<ul class=\"list-disc pl-5\">\n<li>Sprejemnik x2<\/li>\n<li>daljinski upravljalnik<\/li>\n<li>Nastavljiv pas x2<\/li>\n<li>Tester impulzov<\/li>\n<li>Uporabni\u0161ki priro\u010dnik<\/li>\n<li>Polnilni kabel USB<\/li>\n<li>Elektrode<\/li>\n<li>Silikonski pokrovi<\/li>\n<li>Objemka<\/li>\n<\/ul>\n<div class=\"table-wrapper\">\n<h3><\/h3>\n<table>\n<tbody>\n<tr>\n<th>Proizvajalec<\/th>\n<td>Rojeco<\/td>\n<\/tr>\n<tr>\n<th>Model<\/th>\n<td>PD529<\/td>\n<\/tr>\n<tr>\n<th>Koda proizvajalca<\/th>\n<td>RJTCXGQYTE-01A0101<\/td>\n<\/tr>\n<\/tbody>\n<\/table>\n<h3>Sprejemnik<\/h3>\n<table>\n<tbody>\n<tr>\n<th>Weight<\/th>\n<td>50 g<\/td>\n<\/tr>\n<tr>\n<th>Dimenzije<\/th>\n<td>14,5 x 5 x 2,1 cm<\/td>\n<\/tr>\n<tr>\n<th>Zmogljivost baterije<\/th>\n<td>300 mAh<\/td>\n<\/tr>\n<tr>\n<th>\u010cas delovanja<\/th>\n<td>do 30 dni<\/td>\n<\/tr>\n<tr>\n<th>\u010cas pripravljenosti<\/th>\n<td>do 180 dni<\/td>\n<\/tr>\n<tr>\n<th>Vodoodpornost<\/th>\n<td>IPX3<\/td>\n<\/tr>\n<\/tbody>\n<\/table>\n<h3>Daljinski upravljalnik<\/h3>\n<table>\n<tbody>\n<tr>\n<th>Weight<\/th>\n<td>45 g<\/td>\n<\/tr>\n<tr>\n<th>Dimenzije<\/th>\n<td>6 x 3,5 x 2,5 cm<\/td>\n<\/tr>\n<tr>\n<th>Zmogljivost baterije<\/th>\n<td>650 mAh<\/td>\n<\/tr>\n<tr>\n<th>\u010cas delovanja<\/th>\n<td>do 60 dni<\/td>\n<\/tr>\n<tr>\n<th>\u010cas pripravljenosti<\/th>\n<td>do 650 dni<\/td>\n<\/tr>\n<tr>\n<th>Vodoodpornost<\/th>\n<td>IPX7<\/td>\n<\/tr>\n<\/tbody>\n<\/table>\n<\/div>","protected":false},"excerpt":{"rendered":"<p>Na zalogi pri zunanjem dobavitelju. Rok dostave 3-5dni.<\/p>","protected":false},"featured_media":29141,"template":"","meta":{"_monsterinsights_skip_tracking":false,"_monsterinsights_sitenote_active":false,"_monsterinsights_sitenote_note":"","_monsterinsights_sitenote_category":0},"product_brand":[],"product_cat":[166,255],"product_tag":[],"class_list":{"0":"post-29142","1":"product","2":"type-product","3":"status-publish","4":"has-post-thumbnail","6":"product_cat-hisni-ljubljencki","7":"product_cat-vsi","9":"first","10":"instock","11":"taxable","12":"shipping-taxable","13":"purchasable","14":"product-type-simple"},"jetpack_sharing_enabled":true,"_links":{"self":[{"href":"https:\/\/kobra.si\/en\/wp-json\/wp\/v2\/product\/29142","targetHints":{"allow":["GET"]}}],"collection":[{"href":"https:\/\/kobra.si\/en\/wp-json\/wp\/v2\/product"}],"about":[{"href":"https:\/\/kobra.si\/en\/wp-json\/wp\/v2\/types\/product"}],"version-history":[{"count":1,"href":"https:\/\/kobra.si\/en\/wp-json\/wp\/v2\/product\/29142\/revisions"}],"predecessor-version":[{"id":33868,"href":"https:\/\/kobra.si\/en\/wp-json\/wp\/v2\/product\/29142\/revisions\/33868"}],"wp:featuredmedia":[{"embeddable":true,"href":"https:\/\/kobra.si\/en\/wp-json\/wp\/v2\/media\/29141"}],"wp:attachment":[{"href":"https:\/\/kobra.si\/en\/wp-json\/wp\/v2\/media?parent=29142"}],"wp:term":[{"taxonomy":"product_brand","embeddable":true,"href":"https:\/\/kobra.si\/en\/wp-json\/wp\/v2\/product_brand?post=29142"},{"taxonomy":"product_cat","embeddable":true,"href":"https:\/\/kobra.si\/en\/wp-json\/wp\/v2\/product_cat?post=29142"},{"taxonomy":"product_tag","embeddable":true,"href":"https:\/\/kobra.si\/en\/wp-json\/wp\/v2\/product_tag?post=29142"}],"curies":[{"name":"wp","href":"https:\/\/api.w.org\/{rel}","templated":true}]}}