{"id":29138,"date":"2025-04-24T15:03:16","date_gmt":"2025-04-24T13:03:16","guid":{"rendered":"https:\/\/kobra.si\/spletna-trgovina-kobra\/rojeco-1000m-pd521-elektricna-ovratnica-za-lajanje-crna\/"},"modified":"2026-04-21T21:01:40","modified_gmt":"2026-04-21T19:01:40","slug":"rojeco-1000m-pd521-elektricna-ovratnica-za-lajanje-crna","status":"publish","type":"product","link":"https:\/\/kobra.si\/en\/spletna-trgovina-kobra\/rojeco-1000m-pd521-elektricna-ovratnica-za-lajanje-crna\/","title":{"rendered":"Rojeco 1000M PD521 Elektri\u010dna ovratnica za lajanje (\u010drna)"},"content":{"rendered":"<h3>Rojeco 1000M PD521 Elektri\u010dna ovratnica za lajanje (\u010drna)<\/h3>\n<p>Rojeco PD521 je elektri\u010dna ovratnica, namenjena lastnikom psov, ki \u017eelijo u\u010dinkovito izbolj\u0161ati vedenje svojega ljubljen\u010dka. Zaradi ve\u010d na\u010dinov delovanja in trpe\u017ene zasnove bo naprava dobro delovala tako pri vsakodnevnem usposabljanju kot pri odpravljanju ne\u017eelenih navad, kot je lajanje ali grizenje predmetov.<\/p>\n<p>\n<img decoding=\"async\" border=\"0\" src=\"https:\/\/assets.innpro.pl\/12299\/14628\/8.jpg\" title=\"\">\n<\/p>\n<h3>Idealen za vse vremenske razmere<\/h3>\n<p>Sprejemnik ima certifikat vodoodpornosti IPX7, kar pomeni, da ga lahko uporabljate tudi v de\u017eju ali med igro ob vodi. Ustrezno tesnjenje zagotavlja pravilno delovanje v mokrih razmerah, va\u0161 pes pa lahko u\u017eiva v svobodi gibanja brez skrbi, da bi po\u0161kodoval napravo.<\/p>\n<p>\n<img decoding=\"async\" border=\"0\" src=\"https:\/\/assets.innpro.pl\/12299\/14628\/5.jpg\" title=\"\">\n<\/p>\n<h3>Doseg do 1000 metrov &#8211; popolna svoboda med sprehodi<\/h3>\n<p>Ena od klju\u010dnih prednosti ovratnice Rojeco PD521 je njen impresiven doseg &#8211; do 1000 metrov. To vam omogo\u010da, da lahko psa prosto usposabljate na odprtih prostorih, kot so park, pla\u017ea ali veliko dvori\u0161\u010de. Tako ima va\u0161 pes prilo\u017enost, da se u\u010di v razli\u010dnih okoljih, kar prina\u0161a bolj\u0161e rezultate.<\/p>\n<p>\n<img decoding=\"async\" border=\"0\" src=\"https:\/\/assets.innpro.pl\/12299\/14628\/4.jpg\" title=\"\">\n<\/p>\n<h3>Trije na\u010dini delovanja in enostavno upravljanje<\/h3>\n<p>Naprava ponuja tri varne na\u010dine delovanja: zvo\u010dni, vibracijski in pulzni z nastavljivimi stopnjami intenzivnosti (od 1 do 16). Vsak na\u010din omogo\u010da u\u010dinkovito prilagoditev metode usposabljanja individualnim potrebam va\u0161ega psa, zaradi \u010desar je usposabljanje u\u010dinkovitej\u0161e. Zaradi osvetljenega zaslona na daljinskem upravljalniku je upravljanje naprave enostavno tudi v son\u010dnih dneh.<\/p>\n<p>\n<img decoding=\"async\" border=\"0\" src=\"https:\/\/assets.innpro.pl\/12299\/14628\/2.jpg\" title=\"\">\n<\/p>\n<h3>Udobje in za\u0161\u010dita za va\u0161ega psa<\/h3>\n<p>Ovratnica je opremljena s silikonskimi za\u0161\u010ditnimi blazinicami, ki prepre\u010dujejo dra\u017eenje pasje ko\u017ee. Zaradi mehkega najlonskega traku z nastavljivo dol\u017eino (do 70 cm) je ovratnica Rojeco PD521 primerna za pse vseh velikosti &#8211; od majhnih do velikih pasem, ki tehtajo od 1,8 do 54 kg.<\/p>\n<p>\n<img decoding=\"async\" border=\"0\" src=\"https:\/\/assets.innpro.pl\/12299\/14628\/1.jpg\" title=\"\">\n<\/p>\n<h3>Dolgotrajno delovanje z enim polnjenjem<\/h3>\n<p>Napravo Rojeco PD521 odlikuje tudi dolg \u010das delovanja. Po polnem polnjenju, ki traja le 1-2 uri, lahko sprejemnik deluje pribli\u017eno 60 dni, daljinski upravljalnik pa 30 dni. S tem se boste izognili pogostemu polnjenju naprave.<\/p>\n<p>\n<img decoding=\"async\" border=\"0\" src=\"https:\/\/assets.innpro.pl\/12299\/14628\/3.jpg\" title=\"\">\n<\/p>\n<h3>Vklju\u010deno<\/h3>\n<ul class=\"list-disc pl-5\">\n<li>ovratnica<\/li>\n<li>daljinski upravljalnik<\/li>\n<li>kabel USB<\/li>\n<li>dolgi silikonski pokrov\u010dki x2<\/li>\n<li>kratke silikonske blazinice x2<\/li>\n<li>sprejemnik<\/li>\n<li>prevodni modul (dolg) x2<\/li>\n<li>prevodni modul (kratek) x2<\/li>\n<li>preskusna lu\u010d<\/li>\n<li>uporabni\u0161ki priro\u010dnik<\/li>\n<\/ul>\n<div class=\"table-wrapper\">\n<h3><\/h3>\n<table>\n<tbody>\n<tr>\n<th>Proizvajalec<\/th>\n<td>Rojeco<\/td>\n<\/tr>\n<tr>\n<th>Model<\/th>\n<td>PD521<\/td>\n<\/tr>\n<tr>\n<th>Color<\/th>\n<td>\u010drna<\/td>\n<\/tr>\n<tr>\n<th>DALJINSKI NADZOR<\/th>\n<\/tr>\n<tr>\n<th>Kapaciteta baterije<\/th>\n<td>300 mAh<\/td>\n<\/tr>\n<tr>\n<th>\u010cas delovanja<\/th>\n<td>30 dni<\/td>\n<\/tr>\n<tr>\n<th>\u010cas pripravljenosti<\/th>\n<td>180 dni<\/td>\n<\/tr>\n<tr>\n<th>Odpornost na vodo<\/th>\n<td>IPX3<\/td>\n<\/tr>\n<tr>\n<th>SPREJEMNIK<\/th>\n<\/tr>\n<tr>\n<th>Kapaciteta baterije<\/th>\n<td>650 mAh<\/td>\n<\/tr>\n<tr>\n<th>\u010cas delovanja baterije<\/th>\n<td>60 dni<\/td>\n<\/tr>\n<tr>\n<th>\u010cas pripravljenosti<\/th>\n<td>650 dni<\/td>\n<\/tr>\n<tr>\n<th>Odpornost na vodo<\/th>\n<td>IPX7<\/td>\n<\/tr>\n<\/tbody>\n<\/table>\n<\/div>","protected":false},"excerpt":{"rendered":"<p>Na zalogi pri zunanjem dobavitelju. Rok dostave 3-5dni.<\/p>","protected":false},"featured_media":29137,"template":"","meta":{"_monsterinsights_skip_tracking":false,"_monsterinsights_sitenote_active":false,"_monsterinsights_sitenote_note":"","_monsterinsights_sitenote_category":0},"product_brand":[],"product_cat":[166,255],"product_tag":[],"class_list":{"0":"post-29138","1":"product","2":"type-product","3":"status-publish","4":"has-post-thumbnail","6":"product_cat-hisni-ljubljencki","7":"product_cat-vsi","9":"first","10":"instock","11":"taxable","12":"shipping-taxable","13":"purchasable","14":"product-type-simple"},"jetpack_sharing_enabled":true,"_links":{"self":[{"href":"https:\/\/kobra.si\/en\/wp-json\/wp\/v2\/product\/29138","targetHints":{"allow":["GET"]}}],"collection":[{"href":"https:\/\/kobra.si\/en\/wp-json\/wp\/v2\/product"}],"about":[{"href":"https:\/\/kobra.si\/en\/wp-json\/wp\/v2\/types\/product"}],"version-history":[{"count":1,"href":"https:\/\/kobra.si\/en\/wp-json\/wp\/v2\/product\/29138\/revisions"}],"predecessor-version":[{"id":33870,"href":"https:\/\/kobra.si\/en\/wp-json\/wp\/v2\/product\/29138\/revisions\/33870"}],"wp:featuredmedia":[{"embeddable":true,"href":"https:\/\/kobra.si\/en\/wp-json\/wp\/v2\/media\/29137"}],"wp:attachment":[{"href":"https:\/\/kobra.si\/en\/wp-json\/wp\/v2\/media?parent=29138"}],"wp:term":[{"taxonomy":"product_brand","embeddable":true,"href":"https:\/\/kobra.si\/en\/wp-json\/wp\/v2\/product_brand?post=29138"},{"taxonomy":"product_cat","embeddable":true,"href":"https:\/\/kobra.si\/en\/wp-json\/wp\/v2\/product_cat?post=29138"},{"taxonomy":"product_tag","embeddable":true,"href":"https:\/\/kobra.si\/en\/wp-json\/wp\/v2\/product_tag?post=29138"}],"curies":[{"name":"wp","href":"https:\/\/api.w.org\/{rel}","templated":true}]}}