{"id":29136,"date":"2025-04-24T15:03:02","date_gmt":"2025-04-24T13:03:02","guid":{"rendered":"https:\/\/kobra.si\/spletna-trgovina-kobra\/rojeco-1000m-elektricna-ovratnica-za-lajanje-pd529-crna\/"},"modified":"2026-04-21T21:01:36","modified_gmt":"2026-04-21T19:01:36","slug":"rojeco-1000m-elektricna-ovratnica-za-lajanje-pd529-crna","status":"publish","type":"product","link":"https:\/\/kobra.si\/en\/spletna-trgovina-kobra\/rojeco-1000m-elektricna-ovratnica-za-lajanje-pd529-crna\/","title":{"rendered":"Rojeco 1000m elektri\u010dna ovratnica za lajanje PD529 (\u010drna)"},"content":{"rendered":"<h3>Rojeco 1000m elektri\u010dna ovratnica za lajanje PD529 (\u010drna)<\/h3>\n<p>Rojeco PD529 je ovratnica za lajanje, ki podpira proces \u0161olanja psov zaradi treh varnih in u\u010dinkovitih na\u010dinov delovanja: zvo\u010dnega, vibracijskega in elektri\u010dnega impulza. S prilagodljivimi stopnjami intenzivnosti lahko natan\u010dno izberete prave nastavitve za temperament in potrebe va\u0161ega hi\u0161nega ljubljen\u010dka. Ovratnica je zasnovana z mislijo na varnost, zato pri njeni uporabi ne boste imeli nobenih te\u017eav.<\/p>\n<p>\n<img decoding=\"async\" border=\"0\" src=\"https:\/\/assets.innpro.pl\/12296\/14625\/1.jpg\" title=\"\">\n<\/p>\n<h3>Trije na\u010dini delovanja za optimalne rezultate<\/h3>\n<p>Ovratnica Rojeco PD529 ponuja tri na\u010dine delovanja za u\u010dinkovit nadzor vedenja va\u0161ega psa. Zvo\u010dna funkcija deluje na stalni, enotni ravni, zato je idealna za ne\u017eno opominjanje psa na pravilno vedenje. V na\u010dinu vibriranja je na voljo kar 100 stopenj intenzivnosti, s \u010dimer lahko prefinjeno, a u\u010dinkovito pritegnete pozornost psa. Elektri\u010dni impulz, prav tako s 100 stopnjami nastavitve, je zasnovan za zahtevnej\u0161e situacije, v katerih je potreben izrazitej\u0161i dra\u017eljaj.<\/p>\n<p>\n<img decoding=\"async\" border=\"0\" src=\"https:\/\/assets.innpro.pl\/12296\/14625\/5.jpg\" title=\"\">\n<\/p>\n<h3>Doseg do 1 000 metrov<\/h3>\n<p>Ovratnica Rojeco PD529 zaradi napredne tehnologije proti motnjam zagotavlja stabilen doseg do 1 000 metrov. To je kot nala\u0161\u010d za tiste, ki \u017eelijo svojega psa \u0161olati na velikih obmo\u010djih, kot so parki, gozdovi ali vrtovi. Tudi v te\u017ekih terenskih razmerah naprava ohranja mo\u010dan in stabilen signal, kar zagotavlja, da bo va\u0161 pes sprejel signal ne glede na to, kje se nahaja.<\/p>\n<p>\n<img decoding=\"async\" border=\"0\" src=\"https:\/\/assets.innpro.pl\/12296\/14625\/4.jpg\" title=\"\">\n<\/p>\n<h3>Vodoodpornost IPX7<\/h3>\n<p>Ovratnica je zasnovana za uporabo v razli\u010dnih vremenskih razmerah. S certifikatom vodoodpornosti IPX7 lahko napravo varno uporabljate tudi v de\u017eju ali med igro v vodi. Va\u0161 pes lahko plava, te\u010de po lu\u017eah ali se kopa, vam pa ni treba skrbeti, da bi po\u0161kodovali opremo.<\/p>\n<p>\n<img decoding=\"async\" border=\"0\" src=\"https:\/\/assets.innpro.pl\/12296\/14625\/3.jpg\" title=\"\">\n<\/p>\n<h3>Dolg \u010das delovanja z enim polnjenjem<\/h3>\n<p>Ovratnica Rojeco PD529 je opremljena z visokokakovostno akumulatorsko baterijo, ki zagotavlja do 30 dni delovanja daljinskega upravljalnika in do 60 dni delovanja sprejemnika. Obe napravi boste napolnili s prilo\u017eenim kablom USB, kar vam omogo\u010da enostavno dopolnjevanje energije iz razli\u010dnih virov, kot so powerbank, ra\u010dunalnik ali standardni polnilnik.<\/p>\n<p>\n<img decoding=\"async\" border=\"0\" src=\"https:\/\/assets.innpro.pl\/12296\/14625\/8.jpg\" title=\"\">\n<\/p>\n<h3>Vgrajena svetilka<\/h3>\n<p>\u0160e ena prednost naprave Rojeco PD529 je svetilka LED, ki se nahaja v daljinskem upravljalniku. Ta prakti\u010dna re\u0161itev omogo\u010da varno in udobno hojo po temi. S svetilko si lahko osvetlite pot, poi\u0161\u010dete predmete v temi ali preprosto pove\u010date vidljivost na dalj\u0161i razdalji, kar je \u0161e posebej pomembno med ve\u010dernimi sprehodi na slab\u0161e osvetljenih obmo\u010djih.<\/p>\n<p>\n<img decoding=\"async\" border=\"0\" src=\"https:\/\/assets.innpro.pl\/12296\/14625\/6.jpg\" title=\"\">\n<\/p>\n<h3>Skrbno izbrani materiali<\/h3>\n<p>Ovratnica je izdelana iz mehkega in trpe\u017enega materiala TPU, ki omogo\u010da udobno no\u0161enje in zmanj\u0161uje nevarnost odrgnin na pasji ko\u017ei. Poleg tega je opremljena z odsevnimi elementi, ki pove\u010dajo vidnost psa po temi. Ta re\u0161itev je \u0161e posebej uporabna med ve\u010dernimi sprehodi na prometnih obmo\u010djih, kjer je pomembno, da je pes dobro viden drugim ljudem in vozilom.<\/p>\n<p>\n<img decoding=\"async\" border=\"0\" src=\"https:\/\/assets.innpro.pl\/12296\/14625\/7.jpg\" title=\"\">\n<\/p>\n<h3>Vsestranskost &#8211; za pse vseh velikosti<\/h3>\n<p>Ovratnica Rojeco PD529 je bila zasnovana z mislijo na vsestranskost, zato je primerna za pse, ki tehtajo od 1,8 do 54 kg. Zahvaljujo\u010d nastavljivemu traku jo je mogo\u010de prilagoditi za majhne, srednje in velike pasme, zato je vsestranska re\u0161itev za lastnike razli\u010dnih hi\u0161nih ljubljen\u010dkov.<\/p>\n<p>\n<img decoding=\"async\" border=\"0\" src=\"https:\/\/assets.innpro.pl\/12296\/14625\/9.jpg\" title=\"\">\n<\/p>\n<h3>Vklju\u010deno<\/h3>\n<ul class=\"list-disc pl-5\">\n<li>sprejemnik<\/li>\n<li>daljinski upravljalnik<\/li>\n<li>ovratnica<\/li>\n<li>testna lu\u010dka<\/li>\n<li>uporabni\u0161ki priro\u010dnik<\/li>\n<li>polnilni kabel iz mikro USB v USB-A<\/li>\n<li>prevodni kovinski pokrov\u010dek x2<\/li>\n<li>silikonski pokrov x4<\/li>\n<li>zaponka proti obrabi<\/li>\n<\/ul>\n<div class=\"table-wrapper\">\n<h3><\/h3>\n<table>\n<tbody>\n<tr>\n<th>Proizvajalec<\/th>\n<td>Rojeco<\/td>\n<\/tr>\n<tr>\n<th>Model<\/th>\n<td>PD529<\/td>\n<\/tr>\n<tr>\n<th>Color<\/th>\n<td>\u010drna<\/td>\n<\/tr>\n<tr>\n<th>DALJINSKI NADZOR<\/th>\n<\/tr>\n<tr>\n<th>Weight<\/th>\n<td>50 g<\/td>\n<\/tr>\n<tr>\n<th>Dimenzije<\/th>\n<td>14,5 x 5 x 2,1 cm<\/td>\n<\/tr>\n<tr>\n<th>Zmogljivost baterije<\/th>\n<td>300 mAh<\/td>\n<\/tr>\n<tr>\n<th>\u010cas delovanja<\/th>\n<td>30 dni<\/td>\n<\/tr>\n<tr>\n<th>\u010cas pripravljenosti<\/th>\n<td>180 dni<\/td>\n<\/tr>\n<tr>\n<th>Odpornost na vodo<\/th>\n<td>IPX3<\/td>\n<\/tr>\n<tr>\n<th>SPREJEMNIK<\/th>\n<\/tr>\n<tr>\n<th>Weight<\/th>\n<td>45 g<\/td>\n<\/tr>\n<tr>\n<th>Dimenzije<\/th>\n<td>6 x 3,5 x 2,5 cm<\/td>\n<\/tr>\n<tr>\n<th>Zmogljivost baterije<\/th>\n<td>650 mAh<\/td>\n<\/tr>\n<tr>\n<th>\u010cas delovanja<\/th>\n<td>60 dni<\/td>\n<\/tr>\n<tr>\n<th>\u010cas pripravljenosti<\/th>\n<td>650 dni<\/td>\n<\/tr>\n<tr>\n<th>Odpornost na vodo<\/th>\n<td>IPX7<\/td>\n<\/tr>\n<\/tbody>\n<\/table>\n<\/div>","protected":false},"excerpt":{"rendered":"<p>Na zalogi pri zunanjem dobavitelju. Rok dostave 3-5dni.<\/p>","protected":false},"featured_media":29135,"template":"","meta":{"_monsterinsights_skip_tracking":false,"_monsterinsights_sitenote_active":false,"_monsterinsights_sitenote_note":"","_monsterinsights_sitenote_category":0},"product_brand":[],"product_cat":[166,255],"product_tag":[],"class_list":{"0":"post-29136","1":"product","2":"type-product","3":"status-publish","4":"has-post-thumbnail","6":"product_cat-hisni-ljubljencki","7":"product_cat-vsi","9":"first","10":"instock","11":"taxable","12":"shipping-taxable","13":"purchasable","14":"product-type-simple"},"jetpack_sharing_enabled":true,"_links":{"self":[{"href":"https:\/\/kobra.si\/en\/wp-json\/wp\/v2\/product\/29136","targetHints":{"allow":["GET"]}}],"collection":[{"href":"https:\/\/kobra.si\/en\/wp-json\/wp\/v2\/product"}],"about":[{"href":"https:\/\/kobra.si\/en\/wp-json\/wp\/v2\/types\/product"}],"version-history":[{"count":1,"href":"https:\/\/kobra.si\/en\/wp-json\/wp\/v2\/product\/29136\/revisions"}],"predecessor-version":[{"id":33871,"href":"https:\/\/kobra.si\/en\/wp-json\/wp\/v2\/product\/29136\/revisions\/33871"}],"wp:featuredmedia":[{"embeddable":true,"href":"https:\/\/kobra.si\/en\/wp-json\/wp\/v2\/media\/29135"}],"wp:attachment":[{"href":"https:\/\/kobra.si\/en\/wp-json\/wp\/v2\/media?parent=29136"}],"wp:term":[{"taxonomy":"product_brand","embeddable":true,"href":"https:\/\/kobra.si\/en\/wp-json\/wp\/v2\/product_brand?post=29136"},{"taxonomy":"product_cat","embeddable":true,"href":"https:\/\/kobra.si\/en\/wp-json\/wp\/v2\/product_cat?post=29136"},{"taxonomy":"product_tag","embeddable":true,"href":"https:\/\/kobra.si\/en\/wp-json\/wp\/v2\/product_tag?post=29136"}],"curies":[{"name":"wp","href":"https:\/\/api.w.org\/{rel}","templated":true}]}}