{"id":29130,"date":"2025-04-24T15:02:40","date_gmt":"2025-04-24T13:02:40","guid":{"rendered":"https:\/\/kobra.si\/spletna-trgovina-kobra\/rojeco-2000mah-elektricna-pilica-za-pasje-macje-kremplje\/"},"modified":"2026-04-21T21:01:32","modified_gmt":"2026-04-21T19:01:32","slug":"rojeco-2000mah-elektricna-pilica-za-pasje-macje-kremplje","status":"publish","type":"product","link":"https:\/\/kobra.si\/en\/spletna-trgovina-kobra\/rojeco-2000mah-elektricna-pilica-za-pasje-macje-kremplje\/","title":{"rendered":"Rojeco 2000mAh elektri\u010dna pilica za pasje\/ma\u010dje kremplje"},"content":{"rendered":"<h3>Rojeco Elektri\u010dni brusilnik nohtov za hi\u0161ne ljubljen\u010dke 2000 mAh<\/h3>\n<p>Rojeco vam omogo\u010da, da hitro, tiho in varno poskrbite za kremplje va\u0161ega hi\u0161nega ljubljen\u010dka. S 7-stopenjsko nastavitvijo hitrosti, vgrajeno lu\u010dko LED in tihim delovanjem (45 dB) omogo\u010da priro\u010dno uporabo in je idealen za hi\u0161ne ljubljen\u010dke vseh velikosti. Zaradi zmogljivega motorja in \u010dasa delovanja do 4 h je nepogre\u0161ljiv pripomo\u010dek za vsakodnevno nego.<\/p>\n<p>\n<img decoding=\"async\" border=\"0\" src=\"https:\/\/assets.innpro.pl\/12273\/14580\/1.jpg\" title=\"\">\n<\/p>\n<h3>7-stopenjska nastavitev hitrosti<\/h3>\n<p>Brusilnik za nohte Rojeco ponuja \u0161irok razpon hitrosti od 6 000 do 11 000 vrtljajev na minuto, s \u010dimer lahko mo\u010d natan\u010dno prilagodite trdoti krempljev. Ni\u017eje nastavitve (1-2) pomagajo va\u0161emu ljubljen\u010dku, da se privadi na napravo, srednje nastavitve (3-4) omogo\u010dajo ne\u017eno stri\u017eenje, najvi\u0161je nastavitve (5-7) pa se dobro obnesejo za hitro in u\u010dinkovito piljenje.<\/p>\n<p>\n<img decoding=\"async\" border=\"0\" src=\"https:\/\/assets.innpro.pl\/12273\/14580\/6.jpg\" title=\"\">\n<\/p>\n<h3>Prilagojeno va\u0161emu hi\u0161nemu ljubljen\u010dku<\/h3>\n<p>Brusilnik za nohte je s tremi posebnimi luknjami primeren za nego krempljev majhnih, srednjih in velikih hi\u0161nih ljubljen\u010dkov. To omogo\u010da priro\u010dno rokovanje ne glede na velikost va\u0161ega hi\u0161nega ljubljen\u010dka. Poleg tega brusilnik nohtov deluje izjemno tiho, saj povzro\u010da hrup le 45 dB. Zaradi tega hi\u0161ni ljubljen\u010dek med nego ne do\u017eivlja stresa, zato je postopek veliko la\u017eji.<\/p>\n<p>\n<img decoding=\"async\" border=\"0\" src=\"https:\/\/assets.innpro.pl\/12273\/14580\/9.jpg\" title=\"\">\n<\/p>\n<h3>Vgrajena lu\u010d LED<\/h3>\n<p>Vgrajena lu\u010dka LED zagotavlja natan\u010dno osvetlitev delovnega obmo\u010dja, kar zmanj\u0161uje nevarnost pretiranega oblikovanja krempljev. Njeno svetlost lahko prilagodite v treh stopnjah. Zaradi te re\u0161itve je grooming \u0161e varnej\u0161i, tudi v slab\u0161ih svetlobnih pogojih.<\/p>\n<p>\n<img decoding=\"async\" border=\"0\" src=\"https:\/\/assets.innpro.pl\/12273\/14580\/5.jpg\" title=\"\">\n<\/p>\n<h3>Zmogljiv motor in zmogljiva baterija<\/h3>\n<p>Brusilnik za nohte je opremljen z zmogljivim motorjem, zato deluje nemoteno in brez izpadov. Njegov \u010das delovanja je pribli\u017eno 4 ure, zato je naprava idealna tudi za zahtevnej\u0161e postopke nege. Polnjenje prek vhoda USB-C traja pribli\u017eno 3 ure, poseben indikator pa vas bo seznanil s stopnjo napolnjenosti baterije, zato boste pravo\u010dasno obnovili energijo pilice.<\/p>\n<p>\n<img decoding=\"async\" border=\"0\" src=\"https:\/\/assets.innpro.pl\/12273\/14580\/4.jpg\" title=\"\">\n<\/p>\n<h3>Za\u0161\u010dita in priro\u010dna uporaba<\/h3>\n<p>Zaradi nedrse\u010dega ro\u010daja in kompaktne zasnove vam bo brusilnik za nohte udobno le\u017eal v roki. Poleg tega prozoren pokrov prepre\u010duje \u0161irjenje prahu in \u0161\u010diti o\u010di va\u0161ega ljubljen\u010dka pred umazanijo. Naprava je zasnovana za enostavno vzdr\u017eevanje. Po uporabi lahko glavo hitro o\u010distite s krpo in jo nato zavarujete s pokrovom.<\/p>\n<p>\n<img decoding=\"async\" border=\"0\" src=\"https:\/\/assets.innpro.pl\/12273\/14580\/2.jpg\" title=\"\">\n<\/p>\n<h3>Vklju\u010deno<\/h3>\n<ul class=\"list-disc pl-5\">\n<li>elektri\u010dni brusilnik nohtov<\/li>\n<li>pokrov\u010dki x2<\/li>\n<li>uporabni\u0161ki priro\u010dnik<\/li>\n<\/ul>\n<div class=\"table-wrapper\">\n<h3><\/h3>\n<table>\n<tbody>\n<tr>\n<th>Proizvajalec<\/th>\n<td>Rojeco<\/td>\n<\/tr>\n<tr>\n<th>Model<\/th>\n<td>RMJQXF-05<\/td>\n<\/tr>\n<tr>\n<th>Dimenzije<\/th>\n<td>143 x 160,5 mm<\/td>\n<\/tr>\n<tr>\n<th>Polnilna vrata<\/th>\n<td>USB-C<\/td>\n<\/tr>\n<tr>\n<th>\u010cas polnjenja<\/th>\n<td>pribli\u017eno 3 h<\/td>\n<\/tr>\n<tr>\n<th>\u010cas delovanja<\/th>\n<td>pribli\u017eno 4 h<\/td>\n<\/tr>\n<tr>\n<th>Napetost polnjenja<\/th>\n<td>DC 5V<\/td>\n<\/tr>\n<tr>\n<th>Stopnja hrupa<\/th>\n<td>45 dB<\/td>\n<\/tr>\n<\/tbody>\n<\/table>\n<\/div>","protected":false},"excerpt":{"rendered":"<p>Na zalogi pri zunanjem dobavitelju. Rok dostave 3-5dni.<\/p>","protected":false},"featured_media":29129,"template":"","meta":{"_monsterinsights_skip_tracking":false,"_monsterinsights_sitenote_active":false,"_monsterinsights_sitenote_note":"","_monsterinsights_sitenote_category":0},"product_brand":[],"product_cat":[166,255],"product_tag":[],"class_list":{"0":"post-29130","1":"product","2":"type-product","3":"status-publish","4":"has-post-thumbnail","6":"product_cat-hisni-ljubljencki","7":"product_cat-vsi","9":"first","10":"instock","11":"taxable","12":"shipping-taxable","13":"purchasable","14":"product-type-simple"},"jetpack_sharing_enabled":true,"_links":{"self":[{"href":"https:\/\/kobra.si\/en\/wp-json\/wp\/v2\/product\/29130","targetHints":{"allow":["GET"]}}],"collection":[{"href":"https:\/\/kobra.si\/en\/wp-json\/wp\/v2\/product"}],"about":[{"href":"https:\/\/kobra.si\/en\/wp-json\/wp\/v2\/types\/product"}],"version-history":[{"count":1,"href":"https:\/\/kobra.si\/en\/wp-json\/wp\/v2\/product\/29130\/revisions"}],"predecessor-version":[{"id":33874,"href":"https:\/\/kobra.si\/en\/wp-json\/wp\/v2\/product\/29130\/revisions\/33874"}],"wp:featuredmedia":[{"embeddable":true,"href":"https:\/\/kobra.si\/en\/wp-json\/wp\/v2\/media\/29129"}],"wp:attachment":[{"href":"https:\/\/kobra.si\/en\/wp-json\/wp\/v2\/media?parent=29130"}],"wp:term":[{"taxonomy":"product_brand","embeddable":true,"href":"https:\/\/kobra.si\/en\/wp-json\/wp\/v2\/product_brand?post=29130"},{"taxonomy":"product_cat","embeddable":true,"href":"https:\/\/kobra.si\/en\/wp-json\/wp\/v2\/product_cat?post=29130"},{"taxonomy":"product_tag","embeddable":true,"href":"https:\/\/kobra.si\/en\/wp-json\/wp\/v2\/product_tag?post=29130"}],"curies":[{"name":"wp","href":"https:\/\/api.w.org\/{rel}","templated":true}]}}