{"id":29113,"date":"2025-04-23T10:34:08","date_gmt":"2025-04-23T08:34:08","guid":{"rendered":"https:\/\/kobra.si\/spletna-trgovina-kobra\/pametni-kolesarski-trenazer-cycplus-t2\/"},"modified":"2026-04-01T21:01:55","modified_gmt":"2026-04-01T19:01:55","slug":"pametni-kolesarski-trenazer-cycplus-t2","status":"publish","type":"product","link":"https:\/\/kobra.si\/en\/spletna-trgovina-kobra\/pametni-kolesarski-trenazer-cycplus-t2\/","title":{"rendered":"Pametni kolesarski trena\u017eer Cycplus T2"},"content":{"rendered":"<h3>Inteligentni kolesarski trena\u017eer Cycplus T2<\/h3>\n<p>Cycplus T2 je inteligentni kolesarski trena\u017eer, ki zagotavlja realisti\u010dno izku\u0161njo treninga v udobju va\u0161ega doma. S tehnologijo neposrednega pogona ter podporo za Bluetooth in ANT+ boste imeli popoln nadzor nad vadbo. Kompaktna in zlo\u017eljiva zasnova naprave omogo\u010da enostavno shranjevanje, najve\u010dja izhodna mo\u010d do 2 200 W in simulacija vzponov do 17 % pa zagotavljata intenzivne in zahtevne treninge.<\/p>\n<p>\n<img decoding=\"async\" border=\"0\" src=\"https:\/\/assets.innpro.pl\/10353\/12166\/2.jpg\" title=\"\">\n<\/p>\n<h3>Realisti\u010dna simulacija<\/h3>\n<p>Trena\u017eer Cycplus T2 je opremljen s 50 neodimijevimi magneti in 45 sklopi elektromagnetov, ki zagotavljajo izjemno realisti\u010dno reprodukcijo kolesarjenja, vklju\u010dno s simulacijo spustov in vztrajnosti vztrajnika. Zaradi uporabljene re\u0161itve je vsaka vadba bolj dinami\u010dna, prilagajanje te\u017eavnosti pa je gladko in natan\u010dno.<\/p>\n<p>\n<img decoding=\"async\" border=\"0\" src=\"https:\/\/assets.innpro.pl\/10353\/12166\/5.jpg\" title=\"\">\n<\/p>\n<h3>Dva na\u010dina delovanja<\/h3>\n<p>Naprava ponuja dva na\u010dina delovanja &#8211; brez\u017ei\u010dnega in \u017ei\u010dnega. Pri prvem je za ustvarjanje energije za napajanje brez\u017ei\u010dne povezave potrebno pedaliranje, zato je idealen za var\u010devanje z energijo. Vendar ne omogo\u010da simulacije spusta ali vztrajnosti vztrajnika. Drugi na\u010din zagotavlja stalno in stabilno delovanje trena\u017eerja, kar omogo\u010da simulacijo naprednih scenarijev vadbe, kot so spusti in vzponi z najve\u010djim naklonom do 17 %.<\/p>\n<p>\n<img decoding=\"async\" border=\"0\" src=\"https:\/\/assets.innpro.pl\/10353\/12166\/6.jpg\" title=\"\">\n<\/p>\n<h3>Povezljivost in zdru\u017eljivost<\/h3>\n<p>Izdelek Cycplus podpira protokole Bluetooth 5.0 in ANT+, zato je zdru\u017eljiv z ve\u010dino priljubljenih kolesarskih aplikacij. Tako lahko preprosto spremljate svoj napredek in spremljate statisti\u010dne podatke o treningu v realnem \u010dasu, ANT+ pa zagotavlja stabilno in zanesljivo povezavo.<\/p>\n<p>\n<img decoding=\"async\" border=\"0\" src=\"https:\/\/assets.innpro.pl\/10353\/12166\/9.jpg\" title=\"\">\n<\/p>\n<h3>Intuitivno upravljanje<\/h3>\n<p>Mobilna aplikacija Cycplus (na voljo za iOS in Android) vam omogo\u010da popoln nadzor naprave in prilagajanje nastavitev vadbe. Trena\u017eer ne potrebuje umerjanja &#8211; posledi\u010dno njegovo delovanje ne bo povzro\u010dalo te\u017eav niti za\u010detnikom.<\/p>\n<p>\n<img decoding=\"async\" border=\"0\" src=\"https:\/\/assets.innpro.pl\/10353\/12166\/4.jpg\" title=\"\">\n<\/p>\n<h3>Vklju\u010deno:<\/h3>\n<ul class=\"list-disc pl-5\">\n<li>Trena\u017eer Cycplus T2 s kartu\u0161o (predname\u0161\u010dena)<\/li>\n<li>Adapterja R in L za prehodno os (predname\u0161\u010dena)<\/li>\n<li>adapterja za hitro sprostitev R in L<\/li>\n<li>imbusni klju\u010d<\/li>\n<li>17 mm klju\u010d<\/li>\n<li>Prestavna ro\u010dica za 8-10 prestav<\/li>\n<li>Blazinice za nastavitev kasete x7<\/li>\n<li>Razdelilnik zavornih kolutov<\/li>\n<li>Podloge za bla\u017eenje udarcev (debeline 6 mm)<\/li>\n<li>Sprejemnik USB ANT+ s podalj\u0161evalnim kablom<\/li>\n<li>Napajalnik in napajalni kabel<\/li>\n<\/ul>\n<div class=\"table-wrapper\">\n<h3><\/h3>\n<table>\n<tbody>\n<tr>\n<th>Proizvajalec<\/th>\n<td>Cycplus<\/td>\n<\/tr>\n<tr>\n<th>Model<\/th>\n<td>T2<\/td>\n<\/tr>\n<tr>\n<th>Tip<\/th>\n<td>Inteligentni trena\u017eer z neposrednim pogonom<\/td>\n<\/tr>\n<tr>\n<th>Magneti<\/th>\n<td>50 neodimovih magnetov + 45 sklopov elektromagnetov<\/td>\n<\/tr>\n<tr>\n<th>Dimenzije (v razstavljenem stanju)<\/th>\n<td>520 x 699 x 510 mm<\/td>\n<\/tr>\n<tr>\n<th>Dimenzije (zlo\u017eene)<\/th>\n<td>300 x 257 x 510 mm<\/td>\n<\/tr>\n<tr>\n<th>Te\u017ea (s kaseto)<\/th>\n<td>15,2 kg<\/td>\n<\/tr>\n<tr>\n<th>Najve\u010dja mo\u010d<\/th>\n<td>2200 W<\/td>\n<\/tr>\n<tr>\n<th>Power supply<\/th>\n<td>48 V\/2,5 A (\u010de ni priklju\u010den na napajalnik)<\/td>\n<\/tr>\n<tr>\n<th>Najve\u010dji navor<\/th>\n<td>75 N.m<\/td>\n<\/tr>\n<tr>\n<th>Najve\u010dja zavorna sila<\/th>\n<td>220 N<\/td>\n<\/tr>\n<tr>\n<th>Kot nagiba<\/th>\n<td>do 17 %<\/td>\n<\/tr>\n<tr>\n<th>Zdru\u017eljivost z okvirjem<\/th>\n<td>5130\/5135 (hitra sprostitev), 12142\/12148 (skozi os)<\/td>\n<\/tr>\n<tr>\n<th>Zdru\u017eljivost s kaseto<\/th>\n<td>Shimano 8-12 prestav, SRAM 8-11 prestav, SRAM 12 prestav (potrebno pesto XDR)<\/td>\n<\/tr>\n<tr>\n<th>Komunikacijski protokol<\/th>\n<td>Bluetooth 5.0, ANT+, FTMS<\/td>\n<\/tr>\n<\/tbody>\n<\/table>\n<\/div>","protected":false},"excerpt":{"rendered":"<p>Na zalogi pri zunanjem dobavitelju. Rok dostave 3-5dni.<\/p>","protected":false},"featured_media":29109,"template":"","meta":{"_monsterinsights_skip_tracking":false,"_monsterinsights_sitenote_active":false,"_monsterinsights_sitenote_note":"","_monsterinsights_sitenote_category":0},"product_brand":[],"product_cat":[280,173,253,255],"product_tag":[],"class_list":{"0":"post-29113","1":"product","2":"type-product","3":"status-publish","4":"has-post-thumbnail","6":"product_cat-fitnes-naprave","7":"product_cat-kolesarski-dodatki","8":"product_cat-sport","9":"product_cat-vsi","11":"first","12":"instock","13":"taxable","14":"shipping-taxable","15":"purchasable","16":"product-type-simple"},"jetpack_sharing_enabled":true,"_links":{"self":[{"href":"https:\/\/kobra.si\/en\/wp-json\/wp\/v2\/product\/29113","targetHints":{"allow":["GET"]}}],"collection":[{"href":"https:\/\/kobra.si\/en\/wp-json\/wp\/v2\/product"}],"about":[{"href":"https:\/\/kobra.si\/en\/wp-json\/wp\/v2\/types\/product"}],"version-history":[{"count":1,"href":"https:\/\/kobra.si\/en\/wp-json\/wp\/v2\/product\/29113\/revisions"}],"predecessor-version":[{"id":29115,"href":"https:\/\/kobra.si\/en\/wp-json\/wp\/v2\/product\/29113\/revisions\/29115"}],"wp:featuredmedia":[{"embeddable":true,"href":"https:\/\/kobra.si\/en\/wp-json\/wp\/v2\/media\/29109"}],"wp:attachment":[{"href":"https:\/\/kobra.si\/en\/wp-json\/wp\/v2\/media?parent=29113"}],"wp:term":[{"taxonomy":"product_brand","embeddable":true,"href":"https:\/\/kobra.si\/en\/wp-json\/wp\/v2\/product_brand?post=29113"},{"taxonomy":"product_cat","embeddable":true,"href":"https:\/\/kobra.si\/en\/wp-json\/wp\/v2\/product_cat?post=29113"},{"taxonomy":"product_tag","embeddable":true,"href":"https:\/\/kobra.si\/en\/wp-json\/wp\/v2\/product_tag?post=29113"}],"curies":[{"name":"wp","href":"https:\/\/api.w.org\/{rel}","templated":true}]}}