{"id":29108,"date":"2025-04-23T10:33:54","date_gmt":"2025-04-23T08:33:54","guid":{"rendered":"https:\/\/kobra.si\/spletna-trgovina-kobra\/cycplus-as2-mini-elektricna-crpalka\/"},"modified":"2026-04-07T20:57:45","modified_gmt":"2026-04-07T18:57:45","slug":"cycplus-as2-mini-elektricna-crpalka","status":"publish","type":"product","link":"https:\/\/kobra.si\/en\/spletna-trgovina-kobra\/cycplus-as2-mini-elektricna-crpalka\/","title":{"rendered":"Cycplus AS2 mini elektri\u010dna \u010drpalka"},"content":{"rendered":"<h3>Cycplus AS2 mini elektri\u010dna \u010drpalka<\/h3>\n<p>I\u0161\u010dete elektri\u010dno \u010drpalko, ki vas lahko spremlja skoraj povsod? Izberite model AS2 podjetja Cycplus! Dimenzije te majhne naprave so le 56 x 28 x 47 mm &#8211; zlahka jo boste spravili tudi v \u017eep. Izdelek zagotavlja tlak do 100 psi in omogo\u010da hitro polnjenje &#8211; za polno delovanje potrebuje le pribli\u017eno 20 minut. Odlikujeta ga tudi trpe\u017ena konstrukcija in zdru\u017eljivost z ventili Schrader in Presta.<\/p>\n<p>\n<img decoding=\"async\" border=\"0\" src=\"https:\/\/assets.innpro.pl\/5686\/6690\/7.jpg\" title=\"\">\n<\/p>\n<h3>\u017depna velikost<\/h3>\n<p>Cycplus AS2 je \u010drpalka, ki jo lahko imate vedno pri roki. Tehta le 97 g, njene mere pa so 56 x 28 x 47 mm. Zato jo zlahka spravite v torbo, nahrbtnik ali celo v \u017eep! Na voljo vam je tudi prakti\u010dno silikonsko ohi\u0161je, ki bo napravo za\u0161\u010ditilo pred po\u0161kodbami, hkrati pa bo med \u010drpanjem zagotavljalo trden oprijem in odli\u010dno toplotno izolacijo.<\/p>\n<p>\n<img decoding=\"async\" border=\"0\" src=\"https:\/\/assets.innpro.pl\/5686\/6690\/2.jpg\" title=\"\">\n<\/p>\n<h3>Zmogljiva baterija, hitro polnjenje<\/h3>\n<p>\u010crpalka je opremljena z zmogljivo 300 mAh akumulatorsko baterijo, ki zagotavlja presenetljivo dolg \u010das delovanja. Tako lahko z enim polnjenjem napolnite do dve kolesarski pnevmatiki 700x25C od 0 do 80 psi! \u0160e ve\u010d, za popolno napolnitev naprave potrebujete le pribli\u017eno 20 minut. Dodatna prednost \u010drpalke je vgrajen svetlobni indikator, ki vam bo zagotovil informacije o trenutni stopnji napolnjenosti.<\/p>\n<p>\n<img decoding=\"async\" border=\"0\" src=\"https:\/\/assets.innpro.pl\/5686\/6690\/4.jpg\" title=\"\">\n<\/p>\n<h3>Impresivne zmogljivosti<\/h3>\n<p>Kljub kompaktni velikosti \u010drpalko odlikujejo impresivne zmogljivosti. Zagotavlja najvi\u0161ji tlak 100 psi in vam omogo\u010da, da dose\u017eete 80 psi v samo pribli\u017eno 80 sekundah. Hkrati je zdru\u017eljiva z dvema vrstama ventilov &#8211; Schrader in Presta. Ni vam treba kupiti nobene dodatne opreme!<\/p>\n<p>\n<img decoding=\"async\" border=\"0\" src=\"https:\/\/assets.innpro.pl\/5686\/6690\/3.jpg\" title=\"\">\n<\/p>\n<h3>Vklju\u010deno<\/h3>\n<ul class=\"list-disc pl-5\">\n<li>\u010crpalka<\/li>\n<li>Silikonsko ohi\u0161je<\/li>\n<li>Kabel za polnjenje<\/li>\n<li>Tesnilo<\/li>\n<li>Nosilec<\/li>\n<li>Uporabni\u0161ki priro\u010dnik<\/li>\n<\/ul>\n<div class=\"table-wrapper\">\n<h3><\/h3>\n<table>\n<tbody>\n<tr>\n<th>Proizvajalec<\/th>\n<td>Cycplus<\/td>\n<\/tr>\n<tr>\n<th>Model<\/th>\n<td>AS2<\/td>\n<\/tr>\n<tr>\n<th>Baterija za polnjenje<\/th>\n<td>300 mAh 8,4 V<\/td>\n<\/tr>\n<tr>\n<th>Delovni tok<\/th>\n<td>2,5-5 A<\/td>\n<\/tr>\n<tr>\n<th>Polnilna vrata<\/th>\n<td>USB-C<\/td>\n<\/tr>\n<tr>\n<th>\u010cas polnjenja<\/th>\n<td>Pribli\u017eno 20 min<\/td>\n<\/tr>\n<tr>\n<th>Najve\u010dji tlak<\/th>\n<td>100 psi<\/td>\n<\/tr>\n<tr>\n<th>Dimenzije<\/th>\n<td>56 x 28 x 47 mm<\/td>\n<\/tr>\n<tr>\n<th>Weight<\/th>\n<td>97 g<\/td>\n<\/tr>\n<\/tbody>\n<\/table>\n<\/div>","protected":false},"excerpt":{"rendered":"<p>Na zalogi pri zunanjem dobavitelju. Rok dostave 3-5dni.<\/p>","protected":false},"featured_media":29106,"template":"","meta":{"_monsterinsights_skip_tracking":false,"_monsterinsights_sitenote_active":false,"_monsterinsights_sitenote_note":"","_monsterinsights_sitenote_category":0},"product_brand":[],"product_cat":[173,253,255],"product_tag":[],"class_list":{"0":"post-29108","1":"product","2":"type-product","3":"status-publish","4":"has-post-thumbnail","6":"product_cat-kolesarski-dodatki","7":"product_cat-sport","8":"product_cat-vsi","10":"first","11":"outofstock","12":"taxable","13":"shipping-taxable","14":"purchasable","15":"product-type-simple"},"jetpack_sharing_enabled":true,"_links":{"self":[{"href":"https:\/\/kobra.si\/en\/wp-json\/wp\/v2\/product\/29108","targetHints":{"allow":["GET"]}}],"collection":[{"href":"https:\/\/kobra.si\/en\/wp-json\/wp\/v2\/product"}],"about":[{"href":"https:\/\/kobra.si\/en\/wp-json\/wp\/v2\/types\/product"}],"version-history":[{"count":1,"href":"https:\/\/kobra.si\/en\/wp-json\/wp\/v2\/product\/29108\/revisions"}],"predecessor-version":[{"id":29116,"href":"https:\/\/kobra.si\/en\/wp-json\/wp\/v2\/product\/29108\/revisions\/29116"}],"wp:featuredmedia":[{"embeddable":true,"href":"https:\/\/kobra.si\/en\/wp-json\/wp\/v2\/media\/29106"}],"wp:attachment":[{"href":"https:\/\/kobra.si\/en\/wp-json\/wp\/v2\/media?parent=29108"}],"wp:term":[{"taxonomy":"product_brand","embeddable":true,"href":"https:\/\/kobra.si\/en\/wp-json\/wp\/v2\/product_brand?post=29108"},{"taxonomy":"product_cat","embeddable":true,"href":"https:\/\/kobra.si\/en\/wp-json\/wp\/v2\/product_cat?post=29108"},{"taxonomy":"product_tag","embeddable":true,"href":"https:\/\/kobra.si\/en\/wp-json\/wp\/v2\/product_tag?post=29108"}],"curies":[{"name":"wp","href":"https:\/\/api.w.org\/{rel}","templated":true}]}}