{"id":29102,"date":"2025-04-23T10:33:41","date_gmt":"2025-04-23T08:33:41","guid":{"rendered":"https:\/\/kobra.si\/spletna-trgovina-kobra\/elektricna-crpalka-cycplus-a2\/"},"modified":"2026-04-21T20:56:19","modified_gmt":"2026-04-21T18:56:19","slug":"elektricna-crpalka-cycplus-a2","status":"publish","type":"product","link":"https:\/\/kobra.si\/en\/spletna-trgovina-kobra\/elektricna-crpalka-cycplus-a2\/","title":{"rendered":"Elektri\u010dna \u010drpalka Cycplus A2"},"content":{"rendered":"<h3>Elektri\u010dna \u010drpalka Cycplus A2<\/h3>\n<p>Bodite pripravljeni na vse okoli\u0161\u010dine. Cycplus A2 je ve\u010dnamenska naprava, ki lahko deluje kot \u010drpalka, powerbank in svetilka LED. Opremljena je z zmogljivo akumulatorsko baterijo in ponuja najve\u010dji tlak 150 psi. Prilo\u017eeni so ji tudi \u0161oba za \u010drpalko s kroglico, nosilec za pritrditev na kolo in torbica za prena\u0161anje.<\/p>\n<p>\n<img decoding=\"async\" alt=\"\" border=\"0\" src=\"https:\/\/assets.innpro.pl\/5678\/6684\/2.jpg\" title=\"\">\n<\/p>\n<h3>Prakti\u010dna \u010drpalka<\/h3>\n<p>Napihovalnik A2 zagotavlja najve\u010dji tlak 150 psi in pretok zraka 12 l\/min. Tako lahko napolnite kolesarsko pnevmatiko (700x25C) v pribli\u017eno 90 sekundah! Komplet vklju\u010duje tudi \u0161obo za napihovanje \u017eog. Nastavite lahko tudi ciljni tlak in spremljate njegovo vrednost v realnem \u010dasu na vgrajenem zaslonu.<\/p>\n<p>\n<img decoding=\"async\" alt=\"\" border=\"0\" src=\"https:\/\/assets.innpro.pl\/5678\/6684\/3.jpg\" title=\"\">\n<\/p>\n<h3>Zmogljiva baterija<\/h3>\n<p>Naprava A2 je opremljena z zelo zmogljivo dvokomponentno baterijo (2x 2600 mAh). Zaradi tega ga odlikuje dolg \u010das delovanja z enim polnjenjem. Zdaj lahko avtomobilsko pnevmatiko zlahka napihnete pribli\u017eno 3-4-krat, pnevmatiko gorskega kolesa pribli\u017eno 12-18-krat, ko\u0161arkarsko \u017eogo pa pribli\u017eno 35-40-krat. Napihovalnik se ne bo prehitro izpraznil! Poleg tega je \u010das polnjenja izdelka le pribli\u017eno 2 uri &#8211; ni vam treba dolgo \u010dakati.<\/p>\n<p>\n<img decoding=\"async\" alt=\"\" border=\"0\" src=\"https:\/\/assets.innpro.pl\/5678\/6684\/4.jpg\" title=\"\">\n<\/p>\n<h3>Dodatne zmogljivosti<\/h3>\n<p>Zaradi vgrajene akumulatorske baterije lahko \u010drpalka A2 deluje kot powerbank. Zdaj lahko svoj telefon preprosto napolnite v skoraj vseh okoli\u0161\u010dinah! Naprava je opremljena tudi z osvetlitvijo LED, zato jo lahko uspe\u0161no uporabljate kot svetilko. Zdaj lahko brez te\u017eav opravite manj\u0161e popravilo na robu ceste ali si po temi osvetlite pot!<\/p>\n<p>\n<img decoding=\"async\" alt=\"\" border=\"0\" src=\"https:\/\/assets.innpro.pl\/5678\/6684\/1.jpg\" title=\"\">\n<\/p>\n<h3>Lahka, kompaktna, prenosna<\/h3>\n<p>\u010crpalka tehta le 380 g, njene mere pa so 180 x 55 x 53 mm. Zaradi tega vam njen prevoz ne bo povzro\u010dal te\u017eav &#8211; vedno jo lahko imate s seboj. Poleg tega vam prilo\u017eeni ro\u010daj omogo\u010da, da napravo udobno pritrdite na okvir kolesa. Izkoristite to prilo\u017enost in jo imejte med naslednjimi potovanji na dosegu roke!<\/p>\n<p>\n<img decoding=\"async\" alt=\"\" border=\"0\" src=\"https:\/\/assets.innpro.pl\/5678\/6684\/5.jpg\" title=\"\">\n<\/p>\n<h3>Vklju\u010deno<\/h3>\n<ul class=\"list-disc pl-5\">\n<li>\u010crpalka<\/li>\n<li>Zra\u010dna cev<\/li>\n<li>Pretvornik ventila<\/li>\n<li>\u0160oba krogli\u010dne \u010drpalke<\/li>\n<li>Nosilec za pritrditev na kolo<\/li>\n<li>Torba za prena\u0161anje<\/li>\n<li>Vija\u010dnik<\/li>\n<li>Vijak x2<\/li>\n<li>Polnilni kabel USB-C<\/li>\n<\/ul>\n<div class=\"table-wrapper\">\n<h3><\/h3>\n<table>\n<tbody>\n<tr>\n<th>Proizvajalec<\/th>\n<td>Cycplus<\/td>\n<\/tr>\n<tr>\n<th>Model<\/th>\n<td>A2<\/td>\n<\/tr>\n<tr>\n<th>Baterija<\/th>\n<td>2x 2600 mAh<\/td>\n<\/tr>\n<tr>\n<th>Delovni tok<\/th>\n<td>1-7 A<\/td>\n<\/tr>\n<tr>\n<th>Vrata za polnjenje<\/th>\n<td>USB-C<\/td>\n<\/tr>\n<tr>\n<th>\u010cas polnjenja<\/th>\n<td>Pribli\u017eno 2 uri<\/td>\n<\/tr>\n<tr>\n<th>Najve\u010dji tlak<\/th>\n<td>150 psi<\/td>\n<\/tr>\n<tr>\n<th>Material<\/th>\n<td>ABS<\/td>\n<\/tr>\n<tr>\n<th>Dimenzije<\/th>\n<td>55 x 53 x 180 mm<\/td>\n<\/tr>\n<tr>\n<th>Weight<\/th>\n<td>380 g<\/td>\n<\/tr>\n<\/tbody>\n<\/table>\n<\/div>","protected":false},"excerpt":{"rendered":"<p>Na zalogi pri zunanjem dobavitelju. Rok dostave 3-5dni.<\/p>","protected":false},"featured_media":29099,"template":"","meta":{"_monsterinsights_skip_tracking":false,"_monsterinsights_sitenote_active":false,"_monsterinsights_sitenote_note":"","_monsterinsights_sitenote_category":0},"product_brand":[],"product_cat":[173,253,255],"product_tag":[],"class_list":{"0":"post-29102","1":"product","2":"type-product","3":"status-publish","4":"has-post-thumbnail","6":"product_cat-kolesarski-dodatki","7":"product_cat-sport","8":"product_cat-vsi","10":"first","11":"instock","12":"taxable","13":"shipping-taxable","14":"purchasable","15":"product-type-simple"},"jetpack_sharing_enabled":true,"_links":{"self":[{"href":"https:\/\/kobra.si\/en\/wp-json\/wp\/v2\/product\/29102","targetHints":{"allow":["GET"]}}],"collection":[{"href":"https:\/\/kobra.si\/en\/wp-json\/wp\/v2\/product"}],"about":[{"href":"https:\/\/kobra.si\/en\/wp-json\/wp\/v2\/types\/product"}],"version-history":[{"count":1,"href":"https:\/\/kobra.si\/en\/wp-json\/wp\/v2\/product\/29102\/revisions"}],"predecessor-version":[{"id":29118,"href":"https:\/\/kobra.si\/en\/wp-json\/wp\/v2\/product\/29102\/revisions\/29118"}],"wp:featuredmedia":[{"embeddable":true,"href":"https:\/\/kobra.si\/en\/wp-json\/wp\/v2\/media\/29099"}],"wp:attachment":[{"href":"https:\/\/kobra.si\/en\/wp-json\/wp\/v2\/media?parent=29102"}],"wp:term":[{"taxonomy":"product_brand","embeddable":true,"href":"https:\/\/kobra.si\/en\/wp-json\/wp\/v2\/product_brand?post=29102"},{"taxonomy":"product_cat","embeddable":true,"href":"https:\/\/kobra.si\/en\/wp-json\/wp\/v2\/product_cat?post=29102"},{"taxonomy":"product_tag","embeddable":true,"href":"https:\/\/kobra.si\/en\/wp-json\/wp\/v2\/product_tag?post=29102"}],"curies":[{"name":"wp","href":"https:\/\/api.w.org\/{rel}","templated":true}]}}