{"id":29083,"date":"2025-04-22T10:53:11","date_gmt":"2025-04-22T08:53:11","guid":{"rendered":"https:\/\/kobra.si\/spletna-trgovina-kobra\/zicni-robot-za-ciscenje-bazenov-wybot-l1\/"},"modified":"2026-04-20T21:01:48","modified_gmt":"2026-04-20T19:01:48","slug":"zicni-robot-za-ciscenje-bazenov-wybot-l1","status":"publish","type":"product","link":"https:\/\/kobra.si\/en\/spletna-trgovina-kobra\/zicni-robot-za-ciscenje-bazenov-wybot-l1\/","title":{"rendered":"\u017di\u010dni robot za \u010di\u0161\u010denje bazenov Wybot L1"},"content":{"rendered":"<h3>\u017di\u010dni robot za \u010di\u0161\u010denje bazenov Wybot L1<\/h3>\n<p>Wybot L1 je \u017ei\u010dni robot za \u010di\u0161\u010denje bazenov, ki zdru\u017euje 200 W sesalne mo\u010di in brezkrta\u010dni motor za dolgo \u017eivljenjsko dobo in zanesljivost. Odstranjuje vse vrste odpadkov &#8211; od drobnega prahu do vejic in drobnega listja. Zaradi u\u010dinkovitega sistema za premagovanje ovir se naprava ne ustavi na te\u017eko dostopnih mestih, kar zagotavlja popolno pokritost obmo\u010dja bazena.<\/p>\n<p>\n<img decoding=\"async\" alt=\"\" border=\"0\" src=\"https:\/\/assets.innpro.pl\/13117\/16042\/9.jpg\" title=\"\">\n<\/p>\n<h3>Inteligentno na\u010drtovanje poti<\/h3>\n<p>Robot je opremljen z naprednim navigacijskim sistemom, ki mu omogo\u010da optimalno premikanje po bazenu. U\u010dinkovitost 95-odstotne pokritosti povr\u0161ine pomeni, da bo temeljito o\u010distil skoraj celoten bazen, sposoben je celo navigirati po stopnicah. Z mobilno aplikacijo pa lahko uporabniki izbirajo razli\u010dne na\u010dine \u010di\u0161\u010denja in napravo nadzorujejo v realnem \u010dasu.<\/p>\n<p>\n<img decoding=\"async\" alt=\"\" border=\"0\" src=\"https:\/\/assets.innpro.pl\/13117\/16042\/12.jpg\" title=\"\">\n<\/p>\n<h3>Vsestransko \u010di\u0161\u010denje<\/h3>\n<p>Wybot L1 ni omejen le na \u010di\u0161\u010denje dna. Robot se povzpne po stenah in o\u010disti vodno linijo, s \u010dimer u\u010dinkovito odstrani usedline in umazanijo. Gre za celovito re\u0161itev, ki poskrbi za popolno \u010disto\u010do celotnega bazena, ne da bi bilo treba ro\u010dno \u010distiti stene. Naprava o\u010disti bazene s povr\u0161inami iz cementa, vinila in mozaika.<\/p>\n<p>\n<img decoding=\"async\" alt=\"\" border=\"0\" src=\"https:\/\/assets.innpro.pl\/13117\/16042\/11.jpg\" title=\"\">\n<\/p>\n<h3>Dvoslojni filtrirni sistem<\/h3>\n<p>Zaradi dvoslojnega filtracijskega sistema robot zadr\u017ei tudi najfinej\u0161o umazanijo. \u0160estlitrski filter omogo\u010da dalj\u0161e delovanje robota brez pogostega praznjenja. To je idealno za bazene, ki zahtevajo redno in temeljito \u010di\u0161\u010denje.<\/p>\n<p>\n<img decoding=\"async\" alt=\"\" border=\"0\" src=\"https:\/\/assets.innpro.pl\/13117\/16042\/7.jpg\" title=\"\">\n<\/p>\n<h3>Funkcija to\u010dkovnega \u010di\u0161\u010denja<\/h3>\n<p>Nekatera obmo\u010dja v bazenu zahtevajo posebno pozornost. S funkcijo to\u010dkovnega \u010di\u0161\u010denja lahko uporabnik usmeri robota na dolo\u010deno mesto in tako u\u010dinkovito odstrani trdovratno umazanijo. Zaradi te mo\u017enosti je robot Wybot L1 \u0161e u\u010dinkovitej\u0161i.<\/p>\n<p>\n<img decoding=\"async\" alt=\"\" border=\"0\" src=\"https:\/\/assets.innpro.pl\/13117\/16042\/10.jpg\" title=\"\">\n<\/p>\n<h3>Upravljanje iz aplikacije<\/h3>\n<p>Robota Wybot L1 lahko upravljate z mobilno aplikacijo, ki podpira WiFi. Uporabnik lahko izbere na\u010din \u010di\u0161\u010denja, nastavi urnik dela in tudi daljinsko upravlja robota. Tako je \u010di\u0161\u010denje bazena popolnoma samodejno, tudi ko uporabnika ni doma.<\/p>\n<p>\n<img decoding=\"async\" alt=\"\" border=\"0\" src=\"https:\/\/assets.innpro.pl\/13117\/16042\/13.jpg\" title=\"\">\n<\/p>\n<h3>Tedenski urnik \u010di\u0161\u010denja<\/h3>\n<p>Da bi la\u017eje poskrbel za \u010disto\u010do va\u0161ega bazena, robot ponuja tedenski programator. Nastavite lahko dolo\u010dene dneve in ure delovanja, naprava pa se bo sama zagnala ob dolo\u010denem \u010dasu. To je kot nala\u0161\u010d za ljudi, ki \u017eelijo u\u017eivati v \u010distem bazenu, ne da bi se morali spomniti na redno \u010di\u0161\u010denje.<\/p>\n<p>\n<img decoding=\"async\" alt=\"\" border=\"0\" src=\"https:\/\/assets.innpro.pl\/13117\/16042\/2.jpg\" title=\"\">\n<\/p>\n<h3>En gumb do vodne \u010drte<\/h3>\n<p>Po kon\u010danem ciklu \u010di\u0161\u010denja se naprava Wybot L1 samodejno vrne na vodno linijo, zato jo lahko preprosto odstranite iz bazena. Tako se uporabniku ni treba potapljati ali segati globoko, da bi napravo izvlekel. Z enim klikom v aplikaciji je robot na pravem mestu za priro\u010den izvlek.<\/p>\n<p>\n<img decoding=\"async\" alt=\"\" border=\"0\" src=\"https:\/\/assets.innpro.pl\/13117\/16042\/6.jpg\" title=\"\">\n<\/p>\n<h3>Vidno stanje delovanja<\/h3>\n<p>Robot je opremljen z indikatorjem LED, ki prikazuje stanje delovanja naprave. Uporabnik vedno ve, ali je robot v postopku \u010di\u0161\u010denja, ali je treba izprazniti filter ali pa je kon\u010dal svoje delo. To je dodatno udobje, ki olaj\u0161a vsakodnevno uporabo naprave.<\/p>\n<p>\n<img decoding=\"async\" alt=\"\" border=\"0\" src=\"https:\/\/assets.innpro.pl\/13117\/16042\/5.jpg\" title=\"\">\n<\/p>\n<h3>Prilo\u017een<\/h3>\n<ul class=\"list-disc pl-5\">\n<li>Robot x1<\/li>\n<li>Napajalnik x1<\/li>\n<li>Kabel x 18 m<\/li>\n<li>Plavajo\u010di deli<\/li>\n<li>Uporabni\u0161ki priro\u010dnik x1<\/li>\n<li>Kratek referen\u010dni priro\u010dnik x1<\/li>\n<li>Filter x2<\/li>\n<li>Varnostna vrv x1<\/li>\n<\/ul>\n<div class=\"table-wrapper\">\n<h3><\/h3>\n<table>\n<tbody>\n<tr>\n<th>Proizvajalec<\/th>\n<td>Wybot<\/td>\n<\/tr>\n<tr>\n<th>Model<\/th>\n<td>L1<\/td>\n<\/tr>\n<tr>\n<th>Dimenzije bazena<\/th>\n<td>Do 130 m2<\/td>\n<\/tr>\n<tr>\n<th>Globina<\/th>\n<td>3m<\/td>\n<\/tr>\n<tr>\n<th>Dimenzije enote<\/th>\n<td>503*463*275 mm<\/td>\n<\/tr>\n<tr>\n<th>Weight<\/th>\n<td>11 kg<\/td>\n<\/tr>\n<tr>\n<th>\u010cas delovanja<\/th>\n<td>1 h\/ 2 h\/ 3 h<\/td>\n<\/tr>\n<tr>\n<th>Vhodna napetost<\/th>\n<td>AC 100-240 V, 50 Hz\/60 Hz<\/td>\n<\/tr>\n<tr>\n<th>Izhodna napetost<\/th>\n<td>28 V ENOSMERNE NAPETOSTI<\/td>\n<\/tr>\n<tr>\n<th>Power supply<\/th>\n<td>200W<\/td>\n<\/tr>\n<tr>\n<th>Filtriranje<\/th>\n<td>Dvostopenjska<\/td>\n<\/tr>\n<tr>\n<th>Stopnja pretoka<\/th>\n<td>15m3\/H<\/td>\n<\/tr>\n<tr>\n<th>Hitrost gibanja<\/th>\n<td>10 m\/min.<\/td>\n<\/tr>\n<tr>\n<th>Dol\u017eina kabla<\/th>\n<td>18m<\/td>\n<\/tr>\n<tr>\n<th>Odpornost na vodo<\/th>\n<td>IPX8<\/td>\n<\/tr>\n<tr>\n<th>Posodobitev OTA<\/th>\n<td>Da<\/td>\n<\/tr>\n<tr>\n<th>Povezava z aplikacijo<\/th>\n<td>Da<\/td>\n<\/tr>\n<\/tbody>\n<\/table>\n<\/div>","protected":false},"excerpt":{"rendered":"<p>Na zalogi pri zunanjem dobavitelju. Rok dostave 3-5dni.<\/p>","protected":false},"featured_media":29380,"template":"","meta":{"_monsterinsights_skip_tracking":false,"_monsterinsights_sitenote_active":false,"_monsterinsights_sitenote_note":"","_monsterinsights_sitenote_category":0},"product_brand":[],"product_cat":[285,290,101,255],"product_tag":[],"class_list":{"0":"post-29083","1":"product","2":"type-product","3":"status-publish","4":"has-post-thumbnail","6":"product_cat-ciscenje-pametni-dom","7":"product_cat-ciscenje-bazena","8":"product_cat-pametni-dom","9":"product_cat-vsi","11":"first","12":"instock","13":"taxable","14":"shipping-taxable","15":"purchasable","16":"product-type-simple"},"jetpack_sharing_enabled":true,"_links":{"self":[{"href":"https:\/\/kobra.si\/en\/wp-json\/wp\/v2\/product\/29083","targetHints":{"allow":["GET"]}}],"collection":[{"href":"https:\/\/kobra.si\/en\/wp-json\/wp\/v2\/product"}],"about":[{"href":"https:\/\/kobra.si\/en\/wp-json\/wp\/v2\/types\/product"}],"version-history":[{"count":1,"href":"https:\/\/kobra.si\/en\/wp-json\/wp\/v2\/product\/29083\/revisions"}],"predecessor-version":[{"id":29387,"href":"https:\/\/kobra.si\/en\/wp-json\/wp\/v2\/product\/29083\/revisions\/29387"}],"wp:featuredmedia":[{"embeddable":true,"href":"https:\/\/kobra.si\/en\/wp-json\/wp\/v2\/media\/29380"}],"wp:attachment":[{"href":"https:\/\/kobra.si\/en\/wp-json\/wp\/v2\/media?parent=29083"}],"wp:term":[{"taxonomy":"product_brand","embeddable":true,"href":"https:\/\/kobra.si\/en\/wp-json\/wp\/v2\/product_brand?post=29083"},{"taxonomy":"product_cat","embeddable":true,"href":"https:\/\/kobra.si\/en\/wp-json\/wp\/v2\/product_cat?post=29083"},{"taxonomy":"product_tag","embeddable":true,"href":"https:\/\/kobra.si\/en\/wp-json\/wp\/v2\/product_tag?post=29083"}],"curies":[{"name":"wp","href":"https:\/\/api.w.org\/{rel}","templated":true}]}}