{"id":29076,"date":"2025-04-22T10:52:57","date_gmt":"2025-04-22T08:52:57","guid":{"rendered":"https:\/\/kobra.si\/spletna-trgovina-kobra\/wybot-s2-brezzicni-robot-za-ciscenje-bazenov\/"},"modified":"2026-04-21T21:01:29","modified_gmt":"2026-04-21T19:01:29","slug":"wybot-s2-brezzicni-robot-za-ciscenje-bazenov","status":"publish","type":"product","link":"https:\/\/kobra.si\/en\/spletna-trgovina-kobra\/wybot-s2-brezzicni-robot-za-ciscenje-bazenov\/","title":{"rendered":"Wybot S2 brez\u017ei\u010dni robot za \u010di\u0161\u010denje bazenov"},"content":{"rendered":"<h3>Wybot S2 brez\u017ei\u010dni robot za \u010di\u0161\u010denje bazenov<\/h3>\n<p>Wybot S2 je robot, ki se prilagodi va\u0161im potrebam. Opremljen je z najsodobnej\u0161im zaslonom na dotik, ki vam omogo\u010da hitro izbiro na\u010dina \u010di\u0161\u010denja, ne da bi za to potrebovali aplikacijo. Z enim samim dotikom lahko za\u017eenete ustrezen program in delovanje naprave prilagodite trenutnim razmeram v bazenu.<\/p>\n<p>\n<img decoding=\"async\" alt=\"\" border=\"0\" src=\"https:\/\/assets.innpro.pl\/13110\/16035\/2.jpg\" title=\"\">\n<\/p>\n<h3>Dalj\u0161e in u\u010dinkovitej\u0161e delovanje<\/h3>\n<p>V primerjavi s predhodnikom je naprava Wybot S2 dobila baterijo s kapaciteto 7800 mAh, kar pomeni 22-odstotno pove\u010danje, njen maksimalni \u010das delovanja pa zna\u0161a do 210 minut. Zahvaljujo\u010d edinstveni zasnovi 25,9V napetosti se je energetska u\u010dinkovitost pove\u010dala za 86,5 %, kar omogo\u010da dalj\u0161e in u\u010dinkovitej\u0161e \u010di\u0161\u010denje bazena brez potrebe po pogostem polnjenju.<\/p>\n<p>\n<img decoding=\"async\" alt=\"\" border=\"0\" src=\"https:\/\/assets.innpro.pl\/13110\/16035\/3.jpg\" title=\"\">\n<\/p>\n<h3>Tiho in u\u010dinkovito delovanje<\/h3>\n<p>Tu se za\u010denja novo obdobje \u010di\u0161\u010denja bazenov. Naprava Wybot S2 je opremljena z najsodobnej\u0161im brezkrta\u010dnim motorjem, ki ga odlikujejo ve\u010dja u\u010dinkovitost, ti\u0161je delovanje in dalj\u0161a \u017eivljenjska doba. Ni\u010d ve\u010d tradicionalnih motorjev, ki se hitreje obrabijo in zahtevajo pogostej\u0161e vzdr\u017eevanje.<\/p>\n<p>\n<img decoding=\"async\" alt=\"\" border=\"0\" src=\"https:\/\/assets.innpro.pl\/13110\/16035\/14.jpg\" title=\"\">\n<\/p>\n<h3>\u010cisto\u010da na najvi\u0161ji ravni<\/h3>\n<p>Ne le ve\u010dje ne\u010disto\u010de, temve\u010d tudi droben prah in alge &#8211; Wybot S2 z dvojnim filtrirnim sistemom opravi z vsem. Fini filter z velikostjo 180 \u00b5m u\u010dinkovito zajame ve\u010djo umazanijo, medtem ko poseben gobi\u010dni filter s 40 ppi ujame najfinej\u0161e delce, zato je voda v bazenu popolnoma \u010dista.<\/p>\n<p>\n<img decoding=\"async\" alt=\"\" border=\"0\" src=\"https:\/\/assets.innpro.pl\/13110\/16035\/13.jpg\" title=\"\">\n<\/p>\n<h3>Ni\u010d ve\u010d skrite umazanije<\/h3>\n<p>Zahvaljujo\u010d zmogljivemu sesalnemu sistemu Wybot S2 absorbira umazanijo z neverjetno u\u010dinkovitostjo, tako da za seboj ne pusti niti kan\u010dka prahu ali listja. Vgrajeni valj\u010dek krta\u010de natan\u010dno pobere umazanijo in jo usmeri v zaprto filtrirno ko\u0161aro, s \u010dimer prepre\u010di njen ponovni vstop v vodo.<\/p>\n<p>\n<img decoding=\"async\" alt=\"\" border=\"0\" src=\"https:\/\/assets.innpro.pl\/13110\/16035\/12.jpg\" title=\"\">\n<\/p>\n<h3>Samodejno na\u010drtovanje poti<\/h3>\n<p>Wybot S2 z naprednimi infrarde\u010dimi senzorji zazna ovire in na\u010drtuje optimalno pot \u010di\u0161\u010denja. Robot deluje v razli\u010dnih na\u010dinih, ki zagotavljajo maksimalno pokritost povr\u0161ine bazena. Za \u010di\u0161\u010denje dna so na voljo na\u010dini &#8220;Star Pattern&#8221;, &#8220;Cross Pattern&#8221; in &#8220;S Pattern&#8221;, za \u010di\u0161\u010denje sten pa na\u010dini &#8220;H Pattern&#8221;, &#8220;N Pattern&#8221; in &#8220;Z Pattern&#8221;.<\/p>\n<p>\n<img decoding=\"async\" alt=\"\" border=\"0\" src=\"https:\/\/assets.innpro.pl\/13110\/16035\/9.jpg\" title=\"\">\n<\/p>\n<h3>Obmo\u010dni na\u010din \u010di\u0161\u010denja<\/h3>\n<p>Nekatera obmo\u010dja v bazenu potrebujejo posebno pozornost. Z na\u010dinom conskega \u010di\u0161\u010denja lahko uporabnik ozna\u010di dolo\u010deno obmo\u010dje, ki ga je treba temeljiteje o\u010distiti. Ta funkcija je na voljo prek zaslona na dotik in mobilne aplikacije.<\/p>\n<p>\n<img decoding=\"async\" alt=\"\" border=\"0\" src=\"https:\/\/assets.innpro.pl\/13110\/16035\/15.jpg\" title=\"\">\n<\/p>\n<h3>Preprost cikli\u010dni urnik \u010di\u0161\u010denja<\/h3>\n<p>Da bi bil va\u0161 bazen vedno pripravljen za uporabo, vam Wybot S2 ponuja preprosto na\u010drtovanje cikli\u010dnega \u010di\u0161\u010denja. Nastavite lahko 4 razli\u010dne na\u010dine za zagotavljanje rednega \u010di\u0161\u010denja. Robot se samodejno vrne na polnilno postajo, \u010de zazna nizko stopnjo napolnjenosti baterije, kar vam prihrani skrb za ro\u010dno upravljanje naprave.<\/p>\n<p>\n<img decoding=\"async\" alt=\"\" border=\"0\" src=\"https:\/\/assets.innpro.pl\/13110\/16035\/10.jpg\" title=\"\">\n<\/p>\n<h3>Stalne posodobitve OTA<\/h3>\n<p>Tehnologija ne miruje, zato robot Wybot S2 redno prejema posodobitve OTA, ki zagotavljajo optimizirano delovanje in nove funkcije. Proizvajalec poskrbi, da je naprava nenehno izbolj\u0161ana in prilagojena najnovej\u0161im standardom na podro\u010dju \u010di\u0161\u010denja bazenov.<\/p>\n<p>\n<img decoding=\"async\" alt=\"\" border=\"0\" src=\"https:\/\/assets.innpro.pl\/13110\/16035\/8.jpg\" title=\"\">\n<\/p>\n<h3>Popolna re\u0161itev za vsak bazen<\/h3>\n<p>Ne glede na obliko ali material konstrukcije (steklena vlakna, vinil, kerami\u010dne plo\u0161\u010dice, okrasni kamni, cement) bo naprava Wybot S2 delovala za vse vrste bazenov. Ne glede na to, ali imate okrogel, pravokoten ali po meri oblikovan bazen, bo robot natan\u010dno o\u010distil njegovo dno, stene in vodno linijo. Gre za celovito re\u0161itev, s katero boste lahko brez te\u017eav u\u017eivali v popolnoma \u010disti vodi.<\/p>\n<p>\n<img decoding=\"async\" alt=\"\" border=\"0\" src=\"https:\/\/assets.innpro.pl\/13110\/16035\/7.jpg\" title=\"\">\n<\/p>\n<h3>Vklju\u010deno<\/h3>\n<ul class=\"list-disc pl-5\">\n<li>Robot x1<\/li>\n<li>Filter x2<\/li>\n<li>Plavajo\u010di deli na povr\u0161ini vode<\/li>\n<li>Uporabni\u0161ki priro\u010dnik x1<\/li>\n<li>Kratek vodnik x1<\/li>\n<li>Polnilec x1<\/li>\n<li>Kljuka x1<\/li>\n<\/ul>\n<div class=\"table-wrapper\">\n<h3><\/h3>\n<table>\n<tbody>\n<tr>\n<th>Proizvajalec<\/th>\n<td>Wybot<\/td>\n<\/tr>\n<tr>\n<th>Model<\/th>\n<td>S2<\/td>\n<\/tr>\n<tr>\n<th>Dimenzije bazena<\/th>\n<td>Do 300 m2<\/td>\n<\/tr>\n<tr>\n<th>Globina<\/th>\n<td>3m<\/td>\n<\/tr>\n<tr>\n<th>Dimenzije enote<\/th>\n<td>400*390*255 mm<\/td>\n<\/tr>\n<tr>\n<th>Weight<\/th>\n<td>8,5 kg<\/td>\n<\/tr>\n<tr>\n<th>\u010cas delovanja<\/th>\n<td>3.5 h<\/td>\n<\/tr>\n<tr>\n<th>\u010cas polnjenja<\/th>\n<td>3 h<\/td>\n<\/tr>\n<tr>\n<th>Napetost<\/th>\n<td>Baterija za ponovno polnjenje\/25,2 V<\/td>\n<\/tr>\n<tr>\n<th>Power supply<\/th>\n<td>90 W<\/td>\n<\/tr>\n<tr>\n<th>Vhod polnilnika<\/th>\n<td>100-240 V, 47-63 Hz<\/td>\n<\/tr>\n<tr>\n<th>Izhod polnilnika<\/th>\n<td>29,4 V\/3A<\/td>\n<\/tr>\n<tr>\n<th>Kapaciteta baterije<\/th>\n<td>7800 mAh<\/td>\n<\/tr>\n<tr>\n<th>Razmerje filtrov<\/th>\n<td>Dvostopenjski<\/td>\n<\/tr>\n<tr>\n<th>Stopnja pretoka vode<\/th>\n<td>14 m3\/H<\/td>\n<\/tr>\n<tr>\n<th>\u010cas premikanja<\/th>\n<td>10 m\/min.<\/td>\n<\/tr>\n<tr>\n<th>Odpornost na vodo<\/th>\n<td>IPX8<\/td>\n<\/tr>\n<tr>\n<th>Posodobitev OTA<\/th>\n<td>Na voljo<\/td>\n<\/tr>\n<tr>\n<th>Povezava z aplikacijo<\/th>\n<td>Na voljo<\/td>\n<\/tr>\n<\/tbody>\n<\/table>\n<\/div>","protected":false},"excerpt":{"rendered":"<p>Na zalogi pri zunanjem dobavitelju. Rok dostave 3-5dni.<\/p>","protected":false},"featured_media":29376,"template":"","meta":{"_monsterinsights_skip_tracking":false,"_monsterinsights_sitenote_active":false,"_monsterinsights_sitenote_note":"","_monsterinsights_sitenote_category":0},"product_brand":[],"product_cat":[285,290,101,255],"product_tag":[],"class_list":{"0":"post-29076","1":"product","2":"type-product","3":"status-publish","4":"has-post-thumbnail","6":"product_cat-ciscenje-pametni-dom","7":"product_cat-ciscenje-bazena","8":"product_cat-pametni-dom","9":"product_cat-vsi","11":"first","12":"instock","13":"taxable","14":"shipping-taxable","15":"purchasable","16":"product-type-simple"},"jetpack_sharing_enabled":true,"_links":{"self":[{"href":"https:\/\/kobra.si\/en\/wp-json\/wp\/v2\/product\/29076","targetHints":{"allow":["GET"]}}],"collection":[{"href":"https:\/\/kobra.si\/en\/wp-json\/wp\/v2\/product"}],"about":[{"href":"https:\/\/kobra.si\/en\/wp-json\/wp\/v2\/types\/product"}],"version-history":[{"count":1,"href":"https:\/\/kobra.si\/en\/wp-json\/wp\/v2\/product\/29076\/revisions"}],"predecessor-version":[{"id":29379,"href":"https:\/\/kobra.si\/en\/wp-json\/wp\/v2\/product\/29076\/revisions\/29379"}],"wp:featuredmedia":[{"embeddable":true,"href":"https:\/\/kobra.si\/en\/wp-json\/wp\/v2\/media\/29376"}],"wp:attachment":[{"href":"https:\/\/kobra.si\/en\/wp-json\/wp\/v2\/media?parent=29076"}],"wp:term":[{"taxonomy":"product_brand","embeddable":true,"href":"https:\/\/kobra.si\/en\/wp-json\/wp\/v2\/product_brand?post=29076"},{"taxonomy":"product_cat","embeddable":true,"href":"https:\/\/kobra.si\/en\/wp-json\/wp\/v2\/product_cat?post=29076"},{"taxonomy":"product_tag","embeddable":true,"href":"https:\/\/kobra.si\/en\/wp-json\/wp\/v2\/product_tag?post=29076"}],"curies":[{"name":"wp","href":"https:\/\/api.w.org\/{rel}","templated":true}]}}