{"id":29072,"date":"2025-04-22T10:52:48","date_gmt":"2025-04-22T08:52:48","guid":{"rendered":"https:\/\/kobra.si\/spletna-trgovina-kobra\/wybot-c1-pro-brezzicni-robot-za-ciscenje-bazenov\/"},"modified":"2026-04-21T21:01:26","modified_gmt":"2026-04-21T19:01:26","slug":"wybot-c1-pro-brezzicni-robot-za-ciscenje-bazenov","status":"publish","type":"product","link":"https:\/\/kobra.si\/en\/spletna-trgovina-kobra\/wybot-c1-pro-brezzicni-robot-za-ciscenje-bazenov\/","title":{"rendered":"Wybot C1 Pro brez\u017ei\u010dni robot za \u010di\u0161\u010denje bazenov"},"content":{"rendered":"<h3>Wybot C1 Pro brez\u017ei\u010dni robot za \u010di\u0161\u010denje bazenov<\/h3>\n<p>Wybot C1 Pro je napreden \u010distilni robot, ki odpravlja potrebo po ro\u010dnem \u010di\u0161\u010denju bazena in brez te\u017eav zagotavlja \u010disto vodo. Zahvaljujo\u010d inteligentnim algoritmom in najsodobnej\u0161im senzorjem u\u010dinkovito odstranjuje umazanijo z dna, sten in vodne linije, tako da je va\u0161 bazen v popolnem stanju. Upravljanje robota je izjemno enostavno z namensko aplikacijo, ki vam omogo\u010da prilagajanje na\u010dinov delovanja in prilagoditev naprave. Poleg tega je dron leta 2024<\/p>\n<p>\n<img decoding=\"async\" alt=\"\" border=\"0\" src=\"https:\/\/assets.innpro.pl\/13092\/16014\/1.jpg\" title=\"\">\n<\/p>\n<h3>Zmogljivi motorji in inovativna zasnova baterije<\/h3>\n<p>Wybot C1 Pro je opremljen s tremi zmogljivimi motorji s skupno mo\u010djo 65 W, ki zagotavljajo gladko gibanje po vseh povr\u0161inah. Inovativna 25,9-voltna baterija zagotavlja do 120 minut delovanja, kar omogo\u010da temeljito \u010di\u0161\u010denje tudi velikih bazenov v enem ciklu. Z u\u010dinkovitim sistemom za upravljanje energije naprava optimizira porabo baterije in tako podalj\u0161a \u010das delovanja brez potrebe po pogostem polnjenju.<\/p>\n<p>\n<img decoding=\"async\" alt=\"\" border=\"0\" src=\"https:\/\/assets.innpro.pl\/13092\/16014\/9.jpg\" title=\"\">\n<\/p>\n<h3>Hitro polnjenje in pripravljenost na delo<\/h3>\n<p>Na naslednje \u010di\u0161\u010denje vam ne bo treba dolgo \u010dakati &#8211; naprava Wybot C1 Pro je opremljena s 5A vhodom za polnjenje z visokim tokom, ki omogo\u010da popolno polnjenje v samo 2,5 urah. To pomeni, da bo naprava tudi v primeru izpraznitve baterije hitro pripravljena na ponovno delo, brez dolgih izpadov.<\/p>\n<p>\n<img decoding=\"async\" alt=\"\" border=\"0\" src=\"https:\/\/assets.innpro.pl\/13092\/16014\/12.jpg\" title=\"\">\n<\/p>\n<h3>Napredni na\u010dini \u010di\u0161\u010denja<\/h3>\n<p>Wybot C1 Pro ponuja napredne na\u010dine \u010di\u0161\u010denja, ki omogo\u010dajo, da se popolnoma prilagodi obliki in velikosti bazena. Naprava uporablja inteligentne poti gibanja, kot sta N Path Pattern za stene in Cross Path Pattern za dno bazena, kar zagotavlja optimalno pokritost celotne povr\u0161ine. Poleg tega vgrajeni infrarde\u010di senzorji izbolj\u0161ujejo navigacijo in prepre\u010dujejo, da bi obti\u010dali na ovirah. Robot deluje s pravokotnimi, okroglimi in nepravilnih oblik bazeni.<\/p>\n<p>\n<img decoding=\"async\" alt=\"\" border=\"0\" src=\"https:\/\/assets.innpro.pl\/13092\/16014\/6.jpg\" title=\"\">\n<\/p>\n<h3>U\u010dinkovitost pri odstranjevanju vseh vrst umazanije<\/h3>\n<p>Robot je zasnovan za odstranjevanje vseh vrst umazanije. Z dvema zmogljivima krta\u010dama u\u010dinkovito odstranjuje pesek, listje, prah, lase, manj\u0161e kamne ali usedline na vodni liniji. Se ujamete v odtoke ali druge ovire? S to napravo se to ne bo zgodilo!<\/p>\n<p>\n<img decoding=\"async\" alt=\"\" border=\"0\" src=\"https:\/\/assets.innpro.pl\/13092\/16014\/5.jpg\" title=\"\">\n<\/p>\n<h3>Izjemna sposobnost plezanja<\/h3>\n<p>Napravo Wybot C1 Pro odlikuje odli\u010den oprijem, ki ji omogo\u010da, da se brez te\u017eav premika po navpi\u010dnih stenah bazena. Zahvaljujo\u010d temu natan\u010dno odstranjuje usedline, alge in umazanijo, ki se lahko naberejo na te\u017eko dostopnih mestih. Padate po steni? S tem modelom ne!<\/p>\n<p>\n<img decoding=\"async\" alt=\"\" border=\"0\" src=\"https:\/\/assets.innpro.pl\/13092\/16014\/11.jpg\" title=\"\">\n<\/p>\n<h3>Velika zmogljivost filtra in enostavno \u010di\u0161\u010denje<\/h3>\n<p>Robot je opremljen s filtrom z zgornjim polnjenjem, kar pomeni, da je njegovo \u010di\u0161\u010denje izjemno enostavno. Zaradi velike zmogljivosti vam ni treba skrbeti za pogosto praznjenje ko\u0161a &#8211; Wybot C1 Pro zbere precej\u0161njo koli\u010dino umazanije, za vzdr\u017eevanje pa potrebujete le nekaj trenutkov.<\/p>\n<p>\n<img decoding=\"async\" alt=\"\" border=\"0\" src=\"https:\/\/assets.innpro.pl\/13092\/16014\/2.jpg\" title=\"\">\n<\/p>\n<h3>Intuitivno upravljanje z aplikacijo<\/h3>\n<p>Z namensko mobilno aplikacijo WYBOT lahko robota upravljate s pametnim telefonom. Z aplikacijo lahko izberete na\u010din \u010di\u0161\u010denja, spremljate potek dela in prilagodite nastavitve svojim \u017eeljam. Imate te\u017eave s povezljivostjo? Pri tem modelu ne! Povezava deluje stabilno, aplikacija pa se odzove takoj.<\/p>\n<p>\n<img decoding=\"async\" alt=\"\" border=\"0\" src=\"https:\/\/assets.innpro.pl\/13092\/16014\/7.jpg\" title=\"\">\n<\/p>\n<h3>Stalne posodobitve OTA<\/h3>\n<p>Proizvajalec zagotavlja redne posodobitve OTA, kar pomeni, da lahko naprava Wybot C1 Pro s\u010dasoma deluje \u0161e bolje. Posodobitve programske opreme izbolj\u0161ujejo zmogljivost naprave, optimizirajo njene \u010distilne poti in uvajajo nove funkcije, zato bo va\u0161 bazenski robot vedno na najvi\u0161ji ravni.<\/p>\n<p>\n<img decoding=\"async\" alt=\"\" border=\"0\" src=\"https:\/\/assets.innpro.pl\/13092\/16014\/13.jpg\" title=\"\">\n<\/p>\n<h3>Komplet vklju\u010duje<\/h3>\n<ul class=\"list-disc pl-5\">\n<li>Robot x1<\/li>\n<li>Ko\u0161ara za filter x1<\/li>\n<li>Polnilec x1<\/li>\n<li>Kratek priro\u010dnik x1<\/li>\n<li>Kljuka x1<\/li>\n<li>Plavajo\u010di deli<\/li>\n<\/ul>\n<div class=\"table-wrapper\">\n<h3><\/h3>\n<table>\n<tbody>\n<tr>\n<th>Proizvajalec<\/th>\n<td>Wybot<\/td>\n<\/tr>\n<tr>\n<th>Model<\/th>\n<td>C1 Pro<\/td>\n<\/tr>\n<tr>\n<th>Dimenzije bazena<\/th>\n<td>Max . 150 m2<\/td>\n<\/tr>\n<tr>\n<th>Globina<\/th>\n<td>4m<\/td>\n<\/tr>\n<tr>\n<th>Dimenzije naprave<\/th>\n<td>372*360*240 mm<\/td>\n<\/tr>\n<tr>\n<th>Weight<\/th>\n<td>7,8 kg<\/td>\n<\/tr>\n<tr>\n<th>\u010cas delovanja<\/th>\n<td>120 min<\/td>\n<\/tr>\n<tr>\n<th>\u010cas polnjenja<\/th>\n<td>2,5 h<\/td>\n<\/tr>\n<tr>\n<th>Power supply<\/th>\n<td>65W<\/td>\n<\/tr>\n<tr>\n<th>Vhod polnilnika<\/th>\n<td>100-240 V, 50-60 Hz<\/td>\n<\/tr>\n<tr>\n<th>Izhod polnilnika<\/th>\n<td>25,2 V\/2,6 A<\/td>\n<\/tr>\n<tr>\n<th>Kapaciteta baterije<\/th>\n<td>4600 mAh<\/td>\n<\/tr>\n<tr>\n<th>Filter<\/th>\n<td>180 \u03bcm<\/td>\n<\/tr>\n<tr>\n<th>Hitrost pretoka<\/th>\n<td>115 m3\/H<\/td>\n<\/tr>\n<tr>\n<th>\u010cas premikanja<\/th>\n<td>11 m\/min<\/td>\n<\/tr>\n<tr>\n<th>Odpornost na vodo<\/th>\n<td>IPX8<\/td>\n<\/tr>\n<tr>\n<th>Povezava z aplikacijo<\/th>\n<td>Na voljo<\/td>\n<\/tr>\n<tr>\n<th>Posodobitev OTA<\/th>\n<td>Na voljo<\/td>\n<\/tr>\n<\/tbody>\n<\/table>\n<\/div>","protected":false},"excerpt":{"rendered":"<p>Na zalogi pri zunanjem dobavitelju. Rok dostave 3-5dni.<\/p>","protected":false},"featured_media":29370,"template":"","meta":{"_monsterinsights_skip_tracking":false,"_monsterinsights_sitenote_active":false,"_monsterinsights_sitenote_note":"","_monsterinsights_sitenote_category":0},"product_brand":[],"product_cat":[285,290,101,255],"product_tag":[],"class_list":{"0":"post-29072","1":"product","2":"type-product","3":"status-publish","4":"has-post-thumbnail","6":"product_cat-ciscenje-pametni-dom","7":"product_cat-ciscenje-bazena","8":"product_cat-pametni-dom","9":"product_cat-vsi","11":"first","12":"instock","13":"taxable","14":"shipping-taxable","15":"purchasable","16":"product-type-simple"},"jetpack_sharing_enabled":true,"_links":{"self":[{"href":"https:\/\/kobra.si\/en\/wp-json\/wp\/v2\/product\/29072","targetHints":{"allow":["GET"]}}],"collection":[{"href":"https:\/\/kobra.si\/en\/wp-json\/wp\/v2\/product"}],"about":[{"href":"https:\/\/kobra.si\/en\/wp-json\/wp\/v2\/types\/product"}],"version-history":[{"count":1,"href":"https:\/\/kobra.si\/en\/wp-json\/wp\/v2\/product\/29072\/revisions"}],"predecessor-version":[{"id":29372,"href":"https:\/\/kobra.si\/en\/wp-json\/wp\/v2\/product\/29072\/revisions\/29372"}],"wp:featuredmedia":[{"embeddable":true,"href":"https:\/\/kobra.si\/en\/wp-json\/wp\/v2\/media\/29370"}],"wp:attachment":[{"href":"https:\/\/kobra.si\/en\/wp-json\/wp\/v2\/media?parent=29072"}],"wp:term":[{"taxonomy":"product_brand","embeddable":true,"href":"https:\/\/kobra.si\/en\/wp-json\/wp\/v2\/product_brand?post=29072"},{"taxonomy":"product_cat","embeddable":true,"href":"https:\/\/kobra.si\/en\/wp-json\/wp\/v2\/product_cat?post=29072"},{"taxonomy":"product_tag","embeddable":true,"href":"https:\/\/kobra.si\/en\/wp-json\/wp\/v2\/product_tag?post=29072"}],"curies":[{"name":"wp","href":"https:\/\/api.w.org\/{rel}","templated":true}]}}