{"id":29069,"date":"2025-04-22T10:52:39","date_gmt":"2025-04-22T08:52:39","guid":{"rendered":"https:\/\/kobra.si\/spletna-trgovina-kobra\/brezzicni-robot-za-ciscenje-bazenov-wybot-s1\/"},"modified":"2026-04-21T21:01:22","modified_gmt":"2026-04-21T19:01:22","slug":"brezzicni-robot-za-ciscenje-bazenov-wybot-s1","status":"publish","type":"product","link":"https:\/\/kobra.si\/en\/spletna-trgovina-kobra\/brezzicni-robot-za-ciscenje-bazenov-wybot-s1\/","title":{"rendered":"Brez\u017ei\u010dni robot za \u010di\u0161\u010denje bazenov Wybot S1"},"content":{"rendered":"<h3>Wybot S1 brez\u017ei\u010dni robot za \u010di\u0161\u010denje bazenov<\/h3>\n<p>Wybot S1 je napreden robot za \u010di\u0161\u010denje, ki s svojim inteligentnim navigacijskim sistemom in mo\u010dno sesalno mo\u010djo brez te\u017eav poskrbi za popolnoma \u010dist bazen. Opremljen je s tremi aksialnimi motorji in inovativnim sistemom podvodnega vida, zato natan\u010dno pregleduje okolico, se izogiba oviram in u\u010dinkovito odstranjuje ne\u010disto\u010de. To je najsodobnej\u0161a re\u0161itev za tiste, ki \u017eelijo u\u017eivati v kristalno \u010disti vodi brez ro\u010dnega \u010di\u0161\u010denja.<\/p>\n<p>\n<img decoding=\"async\" alt=\"\" border=\"0\" src=\"https:\/\/assets.innpro.pl\/13064\/15984\/5.jpg\" title=\"\">\n<\/p>\n<h3>Mo\u010d in natan\u010dnost \u010di\u0161\u010denja<\/h3>\n<p>Z izbolj\u0161anim motorjem s hitrostjo do 3 500 vrtljajev na minuto se robot zlahka premika po vseh povr\u0161inah, tudi po gladkih plo\u0161\u010dicah. Zmogljivo sesanje u\u010dinkovito odstranjuje umazanijo, kot so listje, lasje, pesek in druge drobne ne\u010disto\u010de. Poleg tega velik 180 \u00b5m filter zajame tudi najfinej\u0161e delce umazanije, njegova zasnova pa omogo\u010da enostavno praznjenje in izpiranje.<\/p>\n<p>\n<img decoding=\"async\" alt=\"\" border=\"0\" src=\"https:\/\/assets.innpro.pl\/13064\/15984\/8.jpg\" title=\"\">\n<\/p>\n<h3>Dolg \u010das delovanja in hitro polnjenje<\/h3>\n<p>Wybot S1 je opremljen z zmogljivo 6400 mAh baterijo, ki omogo\u010da 180-200 minut neprekinjenega delovanja. To je dovolj dolgo obdobje za u\u010dinkovito \u010di\u0161\u010denje obmo\u010dja do 120 kvadratnih metrov. Po kon\u010danem ciklu je za polnjenje potrebno le 2,5 ure, zato se robot hitro vrne k polni u\u010dinkovitosti in je pripravljen na novo \u010di\u0161\u010denje.<\/p>\n<p>\n<img decoding=\"async\" alt=\"\" border=\"0\" src=\"https:\/\/assets.innpro.pl\/13064\/15984\/10.jpg\" title=\"\">\n<\/p>\n<h3>Inteligentna navigacija in pokritost do 90 % bazena<\/h3>\n<p>Napreden sistem podvodnega vida omogo\u010da, da robot analizira svojo okolico in prilagodi svojo pot \u010di\u0161\u010denja ter tako zagotovi optimalno pokritost dna, sten in vodne linije. Na ta na\u010din naprava u\u010dinkovito o\u010disti tudi te\u017eko dostopne predele in odstrani umazanijo z vseh povr\u0161in.<\/p>\n<p>\n<img decoding=\"async\" alt=\"\" border=\"0\" src=\"https:\/\/assets.innpro.pl\/13064\/15984\/11.jpg\" title=\"\">\n<\/p>\n<h3>Na\u010dini \u010di\u0161\u010denja, prilagojeni va\u0161im potrebam<\/h3>\n<p>Wybot S1 ponuja 6 na\u010dinov delovanja, ki jih lahko prilagodite s pomo\u010djo aplikacije WYBOT APP. Robot u\u010dinkovito o\u010disti dno, stene in vodno linijo ter izbere naju\u010dinkovitej\u0161o pot \u010di\u0161\u010denja. Na\u010drtujete lahko urnik \u010di\u0161\u010denja in u\u017eivate v brezhibnem bazenu brez ro\u010dnega upravljanja.<\/p>\n<p>\n<img decoding=\"async\" alt=\"\" border=\"0\" src=\"https:\/\/assets.innpro.pl\/13064\/15984\/6.jpg\" title=\"\">\n<\/p>\n<h3>Samodejno parkiranje, ko je baterija izpraznjena<\/h3>\n<p>Robot je opremljen s funkcijo samodejnega parkiranja, kar pomeni, da se naprava ob zni\u017eanju ravni napolnjenosti sama premakne do roba bazena, zato jo lahko enostavno izvle\u010dete in napolnite.<\/p>\n<p>\n<img decoding=\"async\" alt=\"\" border=\"0\" src=\"https:\/\/assets.innpro.pl\/13064\/15984\/1.jpg\" title=\"\">\n<\/p>\n<h3>Vsestranskost in enostavnost uporabe<\/h3>\n<p>Naprava Wybot S1 je primerna za \u010di\u0161\u010denje bazenov razli\u010dnih oblik (okroglih, pravokotnih in ledvi\u010dnih) in povr\u0161in &#8211; u\u010dinkovito deluje na betonskih, mozai\u010dnih, vinilnih in plo\u0161\u010dicah na dnu in stenah. Njegovi triosni pogonski motorji mu omogo\u010dajo enostavno premagovanje ovir, zato se ne bo zataknil niti na te\u017eko dostopnih mestih.<\/p>\n<p>\n<img decoding=\"async\" alt=\"\" border=\"0\" src=\"https:\/\/assets.innpro.pl\/13064\/15984\/4.jpg\" title=\"\">\n<\/p>\n<h3>Prilo\u017een<\/h3>\n<ul class=\"list-disc pl-5\">\n<li>Robot x1<\/li>\n<li>Uporabni\u0161ki priro\u010dnik x1<\/li>\n<li>Filter x1<\/li>\n<li>Kratek vodnik x1<\/li>\n<li>Polnilec x1<\/li>\n<li>Plavajo\u010di predmeti<\/li>\n<li>Kljuka x1<\/li>\n<\/ul>\n<div class=\"table-wrapper\">\n<h3><\/h3>\n<table>\n<tbody>\n<tr>\n<th>Proizvajalec<\/th>\n<td>Wybot<\/td>\n<\/tr>\n<tr>\n<th>Model<\/th>\n<td>S1<\/td>\n<\/tr>\n<tr>\n<th>Dimenzije bazena<\/th>\n<td>Do 120 m\u00b2<\/td>\n<\/tr>\n<tr>\n<th>Globina<\/th>\n<td>3m<\/td>\n<\/tr>\n<tr>\n<th>Dimenzije enote<\/th>\n<td>457 * 432 * 292 mm<\/td>\n<\/tr>\n<tr>\n<th>Weight<\/th>\n<td>8 kg<\/td>\n<\/tr>\n<tr>\n<th>\u010cas delovanja<\/th>\n<td>8 kg<\/td>\n<\/tr>\n<tr>\n<th>\u010cas polnjenja<\/th>\n<td>150 min.<\/td>\n<\/tr>\n<tr>\n<th>Napetost<\/th>\n<td>Baterija za polnjenje\/25,2 V<\/td>\n<\/tr>\n<tr>\n<th>Power supply<\/th>\n<td>90W<\/td>\n<\/tr>\n<tr>\n<th>Vhod polnilnika<\/th>\n<td>100-240 V, 47-63 Hz<\/td>\n<\/tr>\n<tr>\n<th>Izhod polnilnika<\/th>\n<td>29,4V\/3A<\/td>\n<\/tr>\n<tr>\n<th>Kapaciteta baterije<\/th>\n<td>6400 mAh<\/td>\n<\/tr>\n<tr>\n<th>Gostota filtra<\/th>\n<td>180 \u03bcm<\/td>\n<\/tr>\n<tr>\n<th>Hitrost pretoka<\/th>\n<td>12m3\/H<\/td>\n<\/tr>\n<tr>\n<th>Hitrost gibanja<\/th>\n<td>10 m\/min.<\/td>\n<\/tr>\n<tr>\n<th>Odpornost na vodo<\/th>\n<td>IPX8<\/td>\n<\/tr>\n<tr>\n<th>Posodobitev OTA<\/th>\n<td>Na voljo<\/td>\n<\/tr>\n<tr>\n<th>Povezava z aplikacijo<\/th>\n<td>Na voljo<\/td>\n<\/tr>\n<\/tbody>\n<\/table>\n<\/div>","protected":false},"excerpt":{"rendered":"<p>Na zalogi pri zunanjem dobavitelju. Rok dostave 3-5dni.<\/p>","protected":false},"featured_media":29359,"template":"","meta":{"_monsterinsights_skip_tracking":false,"_monsterinsights_sitenote_active":false,"_monsterinsights_sitenote_note":"","_monsterinsights_sitenote_category":0},"product_brand":[],"product_cat":[285,290,101,255],"product_tag":[],"class_list":{"0":"post-29069","1":"product","2":"type-product","3":"status-publish","4":"has-post-thumbnail","6":"product_cat-ciscenje-pametni-dom","7":"product_cat-ciscenje-bazena","8":"product_cat-pametni-dom","9":"product_cat-vsi","11":"first","12":"instock","13":"taxable","14":"shipping-taxable","15":"purchasable","16":"product-type-simple"},"jetpack_sharing_enabled":true,"_links":{"self":[{"href":"https:\/\/kobra.si\/en\/wp-json\/wp\/v2\/product\/29069","targetHints":{"allow":["GET"]}}],"collection":[{"href":"https:\/\/kobra.si\/en\/wp-json\/wp\/v2\/product"}],"about":[{"href":"https:\/\/kobra.si\/en\/wp-json\/wp\/v2\/types\/product"}],"version-history":[{"count":1,"href":"https:\/\/kobra.si\/en\/wp-json\/wp\/v2\/product\/29069\/revisions"}],"predecessor-version":[{"id":29361,"href":"https:\/\/kobra.si\/en\/wp-json\/wp\/v2\/product\/29069\/revisions\/29361"}],"wp:featuredmedia":[{"embeddable":true,"href":"https:\/\/kobra.si\/en\/wp-json\/wp\/v2\/media\/29359"}],"wp:attachment":[{"href":"https:\/\/kobra.si\/en\/wp-json\/wp\/v2\/media?parent=29069"}],"wp:term":[{"taxonomy":"product_brand","embeddable":true,"href":"https:\/\/kobra.si\/en\/wp-json\/wp\/v2\/product_brand?post=29069"},{"taxonomy":"product_cat","embeddable":true,"href":"https:\/\/kobra.si\/en\/wp-json\/wp\/v2\/product_cat?post=29069"},{"taxonomy":"product_tag","embeddable":true,"href":"https:\/\/kobra.si\/en\/wp-json\/wp\/v2\/product_tag?post=29069"}],"curies":[{"name":"wp","href":"https:\/\/api.w.org\/{rel}","templated":true}]}}