{"id":29018,"date":"2025-04-17T17:01:26","date_gmt":"2025-04-17T15:01:26","guid":{"rendered":"https:\/\/kobra.si\/spletna-trgovina-kobra\/nadomestni-filtri-za-fontano-oneisall-pwf-002\/"},"modified":"2026-04-06T21:00:18","modified_gmt":"2026-04-06T19:00:18","slug":"nadomestni-filtri-za-fontano-oneisall-pwf-002","status":"publish","type":"product","link":"https:\/\/kobra.si\/en\/spletna-trgovina-kobra\/nadomestni-filtri-za-fontano-oneisall-pwf-002\/","title":{"rendered":"Nadomestni filtri za fontano Oneisall PWF-002"},"content":{"rendered":"<h3>Nadomestni filtri za fontano Oneisall PWF-002.<\/h3>\n<p>Nadomestni filtri za fontano Oneisall PWF-002 zagotavljajo \u010distost vode in tako prispevajo k skrbi za zdravje va\u0161ega ljubljen\u010dka. Njihova petplastna struktura zagotavlja u\u010dinkovito odstranjevanje onesna\u017eeval, kot so dlake, ostanki hrane, klor in te\u017eke kovine.<\/p>\n<p>\n<img decoding=\"async\" border=\"0\" src=\"https:\/\/assets.innpro.pl\/11288\/13377\/3.jpg\" title=\"\">\n<\/p>\n<h3>Napreden sistem filtriranja<\/h3>\n<p>Vsak filter je sestavljen iz petih plasti &#8211; netkanega materiala, smole za ionsko izmenjavo, aktivnega oglja, materiala za \u017eivila in filtrirne gobice. Uporabljena re\u0161itev omogo\u010da u\u010dinkovito \u010di\u0161\u010denje vode in zadr\u017eevanje ve\u010djih onesna\u017eevalcev ter drobnih delcev.<\/p>\n<p>\n<img decoding=\"async\" border=\"0\" src=\"https:\/\/assets.innpro.pl\/11288\/13377\/6.jpg\" title=\"\">\n<\/p>\n<h3>Bolj\u0161i materiali za bolj\u0161e rezultate<\/h3>\n<p>Dodatki so izdelani iz izbolj\u0161anih materialov, ki zagotavljajo \u0161e ve\u010djo u\u010dinkovitost pri odstranjevanju ne\u017eelenih snovi iz vode. Aktivno oglje in smola za ionsko izmenjavo odstranjujeta te\u017eke kovine in klor ter izbolj\u0161ujeta okus in kakovost vode. To zagotavlja, da vsak po\u017eirek vode va\u0161ega hi\u0161nega ljubljen\u010dka ne bo le osve\u017eujo\u010d, temve\u010d tudi koristen za njegovo zdravje.<\/p>\n<p>\n<img decoding=\"async\" border=\"0\" src=\"https:\/\/assets.innpro.pl\/11288\/13377\/2.jpg\" title=\"\">\n<\/p>\n<h3>Easy installation<\/h3>\n<p>Namestitev dodatne opreme vam ne bo povzro\u010dala nobenih te\u017eav. Pred uporabo jih le za 5 minut namo\u010dite v vodo in jih nato 1 minuto izpirate. Redna zamenjava filtrov je zagotovilo za \u010distost vode in podalj\u0161a \u017eivljenjsko dobo fontane.<\/p>\n<p>\n<img decoding=\"async\" border=\"0\" src=\"https:\/\/assets.innpro.pl\/11288\/13377\/5.jpg\" title=\"\">\n<\/p>\n<div class=\"table-wrapper\">\n<h3><\/h3>\n<table>\n<tbody>\n<tr>\n<th>Proizvajalec<\/th>\n<td>Oneisall<\/td>\n<\/tr>\n<tr>\n<th>Model<\/th>\n<td>PWF-002 filter<\/td>\n<\/tr>\n<tr>\n<th>Zdru\u017eljivost<\/th>\n<td>Oneisall PWF-002 vodnjak<\/td>\n<\/tr>\n<tr>\n<th>Struktura<\/th>\n<td>5-slojna (netkana tkanina, smola za ionsko izmenjavo, aktivno oglje, material za \u017eivila, filtrirna goba)<\/td>\n<\/tr>\n<\/tbody>\n<\/table>\n<\/div>","protected":false},"excerpt":{"rendered":"<p>Na zalogi pri zunanjem dobavitelju. Rok dobave 3-5 dni.<\/p>","protected":false},"featured_media":29017,"template":"","meta":{"_monsterinsights_skip_tracking":false,"_monsterinsights_sitenote_active":false,"_monsterinsights_sitenote_note":"","_monsterinsights_sitenote_category":0},"product_brand":[],"product_cat":[166,255],"product_tag":[],"class_list":{"0":"post-29018","1":"product","2":"type-product","3":"status-publish","4":"has-post-thumbnail","6":"product_cat-hisni-ljubljencki","7":"product_cat-vsi","9":"first","10":"outofstock","11":"taxable","12":"shipping-taxable","13":"purchasable","14":"product-type-simple"},"jetpack_sharing_enabled":true,"_links":{"self":[{"href":"https:\/\/kobra.si\/en\/wp-json\/wp\/v2\/product\/29018","targetHints":{"allow":["GET"]}}],"collection":[{"href":"https:\/\/kobra.si\/en\/wp-json\/wp\/v2\/product"}],"about":[{"href":"https:\/\/kobra.si\/en\/wp-json\/wp\/v2\/types\/product"}],"version-history":[{"count":2,"href":"https:\/\/kobra.si\/en\/wp-json\/wp\/v2\/product\/29018\/revisions"}],"predecessor-version":[{"id":33877,"href":"https:\/\/kobra.si\/en\/wp-json\/wp\/v2\/product\/29018\/revisions\/33877"}],"wp:featuredmedia":[{"embeddable":true,"href":"https:\/\/kobra.si\/en\/wp-json\/wp\/v2\/media\/29017"}],"wp:attachment":[{"href":"https:\/\/kobra.si\/en\/wp-json\/wp\/v2\/media?parent=29018"}],"wp:term":[{"taxonomy":"product_brand","embeddable":true,"href":"https:\/\/kobra.si\/en\/wp-json\/wp\/v2\/product_brand?post=29018"},{"taxonomy":"product_cat","embeddable":true,"href":"https:\/\/kobra.si\/en\/wp-json\/wp\/v2\/product_cat?post=29018"},{"taxonomy":"product_tag","embeddable":true,"href":"https:\/\/kobra.si\/en\/wp-json\/wp\/v2\/product_tag?post=29018"}],"curies":[{"name":"wp","href":"https:\/\/api.w.org\/{rel}","templated":true}]}}