{"id":29016,"date":"2025-04-17T17:01:18","date_gmt":"2025-04-17T15:01:18","guid":{"rendered":"https:\/\/kobra.si\/spletna-trgovina-kobra\/filtri-za-oneisall-ptm-643-brezzicno-fontano-pijaco-za-hisne-ljubljencke\/"},"modified":"2026-04-21T21:00:27","modified_gmt":"2026-04-21T19:00:27","slug":"filtri-za-oneisall-ptm-643-brezzicno-fontano-pijaco-za-hisne-ljubljencke","status":"publish","type":"product","link":"https:\/\/kobra.si\/en\/spletna-trgovina-kobra\/filtri-za-oneisall-ptm-643-brezzicno-fontano-pijaco-za-hisne-ljubljencke\/","title":{"rendered":"Filtri za Oneisall PTM-643 brez\u017ei\u010dno fontano\/pija\u010do za hi\u0161ne ljubljen\u010dke"},"content":{"rendered":"<h3>Filtri za Oneisall PTM-643 brez\u017ei\u010dno fontano\/pija\u010do za hi\u0161ne ljubljen\u010dke.<\/h3>\n<p>Filtri Oneisall PTM-643 so zasnovani tako, da se popolnoma prilegajo brez\u017ei\u010dni fontani za hi\u0161ne ljubljen\u010dke Oneisall s prostornino 4 litre. Z njimi boste zagotovili, da bo va\u0161 hi\u0161ni ljubljen\u010dek imel stalen dostop do kristalno \u010diste in zdrave vode. Komplet vklju\u010duje do 9 zamenljivih filtrov, kar zagotavlja dolgotrajno uporabo in udobje za va\u0161ega hi\u0161nega ljubljen\u010dka.<\/p>\n<p>\n<img decoding=\"async\" border=\"0\" src=\"https:\/\/assets.innpro.pl\/11850\/14021\/1.jpg\" title=\"\">\n<\/p>\n<h3>U\u010dinkovito filtriranje za zdravje va\u0161ega hi\u0161nega ljubljen\u010dka<\/h3>\n<p>Vsak filter Oneisall PTM-643 je kombinacija aktivnega oglja, smole za ionsko izmenjavo in netkane tkanine. Ta kombinacija u\u010dinkovito odstranjuje ne\u010disto\u010de, dlake in te\u017eke kovine iz vode ter izbolj\u0161uje njen okus in kakovost. Tako bo va\u0161 hi\u0161ni ljubljen\u010dek pil sve\u017eo in \u010disto vodo ter vsak dan skrbel za svoje zdravje in dobro po\u010dutje.<\/p>\n<p>\n<img decoding=\"async\" border=\"0\" src=\"https:\/\/assets.innpro.pl\/11850\/14021\/2.jpg\" title=\"\">\n<\/p>\n<h3>Enostavna priprava in visokokakovostno delovanje<\/h3>\n<p>Pred uporabo filtra ga preprosto za \u0161tiri minute namo\u010dite v vodo in temeljito sperite pod teko\u010do vodo. Redno menjavanje filtra na vsake 2-3 tedne, odvisno od \u0161tevila \u017eivali, ki uporabljajo fontano, bo zagotovilo neprekinjeno delovanje in najvi\u0161jo kakovost filtrirane vode. Filtri imajo certifikat NSF, kar dokazuje njihovo u\u010dinkovitost pri odstranjevanju onesna\u017eevalcev. Izdelani so iz visokokakovostnih materialov, vklju\u010dno z nerjavnim jeklom, zato zagotavljajo vzdr\u017eljivost in varno uporabo. S filtri Oneisall PTM-643 poskrbite za zdravje svojih hi\u0161nih ljubljen\u010dkov in bodite prepri\u010dani, da pijejo vodo najvi\u0161je kakovosti.<\/p>\n<p>\n<img decoding=\"async\" border=\"0\" src=\"https:\/\/assets.innpro.pl\/11850\/14021\/3.jpg\" title=\"\">\n<\/p>\n<div class=\"table-wrapper\">\n<h3><\/h3>\n<table>\n<tbody>\n<tr>\n<th>Proizvajalec:<\/th>\n<td>Oneisall<\/td>\n<\/tr>\n<tr>\n<th>Model<\/th>\n<td>PTM-643<\/td>\n<\/tr>\n<tr>\n<th>Zdru\u017eljivost<\/th>\n<td>Filtri, zasnovani za brez\u017ei\u010dno fontano Oneisall s prostornino 4 litre<\/td>\n<\/tr>\n<tr>\n<th>\u0160tevilo filtrov v kompletu<\/th>\n<td>9<\/td>\n<\/tr>\n<tr>\n<th>Gradbeni material<\/th>\n<td>Aktivno oglje, smola za ionsko izmenjavo, netkana tkanina, nerjavno jeklo<\/td>\n<\/tr>\n<tr>\n<th>Certifikati<\/th>\n<td>NSF<\/td>\n<\/tr>\n<tr>\n<th>Dimenzije<\/th>\n<td>10,2 x 5 x 0,8 cm<\/td>\n<\/tr>\n<tr>\n<th>Weight<\/th>\n<td>12 g<\/td>\n<\/tr>\n<\/tbody>\n<\/table>\n<\/div>","protected":false},"excerpt":{"rendered":"<p>Na zalogi pri zunanjem dobavitelju. Rok dobave 3-5 dni.<\/p>","protected":false},"featured_media":29015,"template":"","meta":{"_monsterinsights_skip_tracking":false,"_monsterinsights_sitenote_active":false,"_monsterinsights_sitenote_note":"","_monsterinsights_sitenote_category":0},"product_brand":[],"product_cat":[166,255],"product_tag":[],"class_list":{"0":"post-29016","1":"product","2":"type-product","3":"status-publish","4":"has-post-thumbnail","6":"product_cat-hisni-ljubljencki","7":"product_cat-vsi","9":"first","10":"instock","11":"taxable","12":"shipping-taxable","13":"purchasable","14":"product-type-simple"},"jetpack_sharing_enabled":true,"_links":{"self":[{"href":"https:\/\/kobra.si\/en\/wp-json\/wp\/v2\/product\/29016","targetHints":{"allow":["GET"]}}],"collection":[{"href":"https:\/\/kobra.si\/en\/wp-json\/wp\/v2\/product"}],"about":[{"href":"https:\/\/kobra.si\/en\/wp-json\/wp\/v2\/types\/product"}],"version-history":[{"count":1,"href":"https:\/\/kobra.si\/en\/wp-json\/wp\/v2\/product\/29016\/revisions"}],"predecessor-version":[{"id":33878,"href":"https:\/\/kobra.si\/en\/wp-json\/wp\/v2\/product\/29016\/revisions\/33878"}],"wp:featuredmedia":[{"embeddable":true,"href":"https:\/\/kobra.si\/en\/wp-json\/wp\/v2\/media\/29015"}],"wp:attachment":[{"href":"https:\/\/kobra.si\/en\/wp-json\/wp\/v2\/media?parent=29016"}],"wp:term":[{"taxonomy":"product_brand","embeddable":true,"href":"https:\/\/kobra.si\/en\/wp-json\/wp\/v2\/product_brand?post=29016"},{"taxonomy":"product_cat","embeddable":true,"href":"https:\/\/kobra.si\/en\/wp-json\/wp\/v2\/product_cat?post=29016"},{"taxonomy":"product_tag","embeddable":true,"href":"https:\/\/kobra.si\/en\/wp-json\/wp\/v2\/product_tag?post=29016"}],"curies":[{"name":"wp","href":"https:\/\/api.w.org\/{rel}","templated":true}]}}