{"id":29009,"date":"2025-04-17T17:00:45","date_gmt":"2025-04-17T15:00:45","guid":{"rendered":"https:\/\/kobra.si\/spletna-trgovina-kobra\/komplet-za-sesanje-hisnih-ljubljenckov-oneisall-lm5\/"},"modified":"2026-04-21T20:59:33","modified_gmt":"2026-04-21T18:59:33","slug":"komplet-za-sesanje-hisnih-ljubljenckov-oneisall-lm5","status":"publish","type":"product","link":"https:\/\/kobra.si\/en\/spletna-trgovina-kobra\/komplet-za-sesanje-hisnih-ljubljenckov-oneisall-lm5\/","title":{"rendered":"Komplet za sesanje hi\u0161nih ljubljen\u010dkov Oneisall LM5"},"content":{"rendered":"<h3>Komplet za sesanje hi\u0161nih ljubljen\u010dkov Oneisall LM5<\/h3>\n<p>Poskrbite za svojega ljubljenega hi\u0161nega ljubljen\u010dka. Komplet za nego krzna Oneisall LM5 med drugim sestavlja sesalnik, ki zdru\u017euje funkcijo krta\u010denja, sesanja in zbiranja dlak. Z njim boste u\u010dinkovito odstranili dlako in umazanijo, hkrati pa poskrbeli za udobje va\u0161ega hi\u0161nega ljubljen\u010dka. Naprava ponuja sesalno mo\u010d 10 000 Pa in ne povzro\u010da nadle\u017enega hrupa (manj kot 58 dB). Na voljo vam bodo tudi razli\u010dni nastavki, med drugim za \u010di\u0161\u010denje, raz\u010desavanje dlake in odstranjevanje podlanke.<\/p>\n<p>\n<img decoding=\"async\" border=\"0\" src=\"https:\/\/assets.innpro.pl\/11230\/13241\/1.jpg\" title=\"\">\n<\/p>\n<h3>Sesalna mo\u010d, s katero lahko opravite vsako nalogo<\/h3>\n<p>300-vatni motor ustvarja sesalno mo\u010d 10 000 Pa, zato sesalnik zlahka odstrani tako dlako kot drobno umazanijo iz okolja. Trije na\u010dini delovanja omogo\u010dajo, da delovanje naprave prilagodite vrsti dlake in individualnim potrebam &#8211; od ne\u017enega \u010desanja do intenzivnega sesanja. Zaradi tega se bo komplet dobro obnesel tako pri majhnih kot velikih hi\u0161nih ljubljen\u010dkih.<\/p>\n<p>\n<img decoding=\"async\" border=\"0\" src=\"https:\/\/assets.innpro.pl\/11230\/13241\/3.jpg\" title=\"\">\n<\/p>\n<h3>Tiho delovanje<\/h3>\n<p>Sesalnik Oneisall LM5 je zasnovan za hi\u0161ne ljubljen\u010dke, ki se zlahka obremenjujejo, zato raven hrupa, ki ga ustvarja, ne presega 58 dB. Tako bo nega prijetna tudi za ob\u010dutljive hi\u0161ne ljubljen\u010dke.<\/p>\n<p>\n<img decoding=\"async\" border=\"0\" src=\"https:\/\/assets.innpro.pl\/11230\/13241\/5.jpg\" title=\"\">\n<\/p>\n<h3>Prostoren rezervoar in enostavno \u010di\u0161\u010denje<\/h3>\n<p>Naprava je opremljena s prozornim rezervoarjem za prah s prostornino 1,5 litra, ki omogo\u010da dalj\u0161e delovanje brez pogostega praznjenja. Zaradi prozorne zasnove lahko udobno nadzorujete njegovo raven. Zaradi enostavnega odstranjevanja in pranja filtra vam vzdr\u017eevanje naprave ne bo predstavljalo te\u017eav.<\/p>\n<p>\n<img decoding=\"async\" border=\"0\" src=\"https:\/\/assets.innpro.pl\/11230\/13241\/2.jpg\" title=\"\">\n<\/p>\n<h3>V kompletu so razli\u010dni nastavki<\/h3>\n<p>Komplet vklju\u010duje 4 konice za nego va\u0161ega hi\u0161nega ljubljen\u010dka in \u010di\u0161\u010denje. S krta\u010do za raz\u010desavanje lahko hitro in u\u010dinkovito odstranite ohlapno dlako, medtem ko krta\u010da za podlanko zagotavlja profesionalne rezultate in se znebite odmrle dlake. Nastavek za \u0161pranje vam omogo\u010da \u010di\u0161\u010denje te\u017eko dostopnih mest, krta\u010da za \u010di\u0161\u010denje pa je idealna za odstranjevanje dlak s pohi\u0161tva, obla\u010dil in drugih povr\u0161in.<\/p>\n<p>\n<img decoding=\"async\" border=\"0\" src=\"https:\/\/assets.innpro.pl\/11230\/13241\/7.jpg\" title=\"\">\n<\/p>\n<h3>Prihranek \u010dasa in udobje<\/h3>\n<p>Komplet Oneisall LM5 vam omogo\u010da, da v samo 30 minutah u\u010dinkovito poskrbite za \u010disto\u010do doma in videz va\u0161ega hi\u0161nega ljubljen\u010dka. V nasprotju s tradicionalnimi metodami nege, ki so lahko dolgotrajne in drage, sesalnik z nasveti ponuja profesionalne rezultate, ne da bi morali zapustiti hi\u0161o.<\/p>\n<p>\n<img decoding=\"async\" border=\"0\" src=\"https:\/\/assets.innpro.pl\/11230\/13241\/4.jpg\" title=\"\">\n<\/p>\n<h3>Vklju\u010deno:<\/h3>\n<ul class=\"list-disc pl-5\">\n<li>Vklju\u010duje: sesalnik<\/li>\n<li>1,5-metrska cev<\/li>\n<li>Krta\u010da za raz\u010desavanje dlak<\/li>\n<li>Krta\u010da za odstranjevanje pod dlako<\/li>\n<li>Nastavek za \u010di\u0161\u010denje \u0161pranj za \u010di\u0161\u010denje te\u017eko dostopnih mest<\/li>\n<li>Krta\u010da za odstranjevanje dlak s pohi\u0161tva in obla\u010dil<\/li>\n<\/ul>\n<div class=\"table-wrapper\">\n<h3><\/h3>\n<table>\n<tbody>\n<tr>\n<th>Proizvajalec<\/th>\n<td>Oneisall<\/td>\n<\/tr>\n<tr>\n<th>Model<\/th>\n<td>LM5<\/td>\n<\/tr>\n<tr>\n<th>Nazivna mo\u010d<\/th>\n<td>300 W<\/td>\n<\/tr>\n<tr>\n<th>Material<\/th>\n<td>ABS<\/td>\n<\/tr>\n<tr>\n<th>Zmogljivost posode za prah<\/th>\n<td>1,5 l<\/td>\n<\/tr>\n<tr>\n<th>Dol\u017eina cevi<\/th>\n<td>1,5 m<\/td>\n<\/tr>\n<tr>\n<th>Dimenzije<\/th>\n<td>41,45 x 30,58 x 19,2 cm<\/td>\n<\/tr>\n<tr>\n<th>Weight<\/th>\n<td>4,13 kg<\/td>\n<\/tr>\n<tr>\n<th>Nazivna napetost<\/th>\n<td>110 V<\/td>\n<\/tr>\n<\/tbody>\n<\/table>\n<\/div>","protected":false},"excerpt":{"rendered":"<p>Na zalogi pri zunanjem dobavitelju. Rok dobave 3-5 dni.<\/p>","protected":false},"featured_media":29008,"template":"","meta":{"_monsterinsights_skip_tracking":false,"_monsterinsights_sitenote_active":false,"_monsterinsights_sitenote_note":"","_monsterinsights_sitenote_category":0},"product_brand":[],"product_cat":[166,255],"product_tag":[],"class_list":{"0":"post-29009","1":"product","2":"type-product","3":"status-publish","4":"has-post-thumbnail","6":"product_cat-hisni-ljubljencki","7":"product_cat-vsi","9":"first","10":"instock","11":"taxable","12":"shipping-taxable","13":"purchasable","14":"product-type-simple"},"jetpack_sharing_enabled":true,"_links":{"self":[{"href":"https:\/\/kobra.si\/en\/wp-json\/wp\/v2\/product\/29009","targetHints":{"allow":["GET"]}}],"collection":[{"href":"https:\/\/kobra.si\/en\/wp-json\/wp\/v2\/product"}],"about":[{"href":"https:\/\/kobra.si\/en\/wp-json\/wp\/v2\/types\/product"}],"version-history":[{"count":1,"href":"https:\/\/kobra.si\/en\/wp-json\/wp\/v2\/product\/29009\/revisions"}],"predecessor-version":[{"id":33881,"href":"https:\/\/kobra.si\/en\/wp-json\/wp\/v2\/product\/29009\/revisions\/33881"}],"wp:featuredmedia":[{"embeddable":true,"href":"https:\/\/kobra.si\/en\/wp-json\/wp\/v2\/media\/29008"}],"wp:attachment":[{"href":"https:\/\/kobra.si\/en\/wp-json\/wp\/v2\/media?parent=29009"}],"wp:term":[{"taxonomy":"product_brand","embeddable":true,"href":"https:\/\/kobra.si\/en\/wp-json\/wp\/v2\/product_brand?post=29009"},{"taxonomy":"product_cat","embeddable":true,"href":"https:\/\/kobra.si\/en\/wp-json\/wp\/v2\/product_cat?post=29009"},{"taxonomy":"product_tag","embeddable":true,"href":"https:\/\/kobra.si\/en\/wp-json\/wp\/v2\/product_tag?post=29009"}],"curies":[{"name":"wp","href":"https:\/\/api.w.org\/{rel}","templated":true}]}}