{"id":29007,"date":"2025-04-17T17:00:38","date_gmt":"2025-04-17T15:00:38","guid":{"rendered":"https:\/\/kobra.si\/spletna-trgovina-kobra\/oneisall-fontana-napajalnik-iz-nerjavecega-jekla-za-pse-in-macke\/"},"modified":"2026-04-21T20:57:09","modified_gmt":"2026-04-21T18:57:09","slug":"oneisall-fontana-napajalnik-iz-nerjavecega-jekla-za-pse-in-macke","status":"publish","type":"product","link":"https:\/\/kobra.si\/en\/spletna-trgovina-kobra\/oneisall-fontana-napajalnik-iz-nerjavecega-jekla-za-pse-in-macke\/","title":{"rendered":"Oneisall fontana \/ napajalnik iz nerjave\u010dega jekla za pse in ma\u010dke"},"content":{"rendered":"<h3>Vodna fontana\/pitnik za pse in ma\u010dke Oneisall.<\/h3>\n<p>Zagotovite svojemu ljubljen\u010dku stalen dostop do sve\u017ee in \u010diste vode. Napajalnik za hi\u0161ne ljubljen\u010dke Oneisall ponuja ve\u010dstopenjski sistem filtriranja in je izdelan iz nerjave\u010dega jekla 316, zato je popolnoma varen za hi\u0161ne ljubljen\u010dke in odpravlja \u0161kodljive bakterije. Ponuja tudi dva na\u010dina delovanja &#8211; cvetli\u010dni in odstranljivo pipo. Napravo odlikuje tudi tiho delovanje (manj kot 30 dB), opremljena pa je s prozornim okencem z lu\u010dkami LED za spremljanje ravni vode. Prostornina fontane je 2 l.<\/p>\n<p>\n<img decoding=\"async\" border=\"0\" src=\"https:\/\/assets.innpro.pl\/6555\/7652\/Oneisall 1.jpg\" title=\"\">\n<\/p>\n<h3>Vedno zdrava in sve\u017ea voda<\/h3>\n<p>Ali ste vedeli, da lahko pitje nefiltrirane vode prispeva k razvoju nevarnih bolezni pri \u017eivalih? Napajalnik Oneisall vam bo omogo\u010dil, da se tak\u0161nim te\u017eavam izognete! Naprava ponuja napredno filtriranje s filtrom iz ogljikovih vlaken, filtrom iz bele gobice in filtrom iz modre gobice. S tem u\u010dinkovito odstranite neprijetne vonjave in onesna\u017eevala. Poleg tega proces kro\u017eenja pove\u010duje raven kisika v vodi in jo ohranja sve\u017eo. Zdaj lahko preprosto poskrbite za zdravje svojega hi\u0161nega ljubljen\u010dka!<\/p>\n<p>\n<img decoding=\"async\" border=\"0\" src=\"https:\/\/assets.innpro.pl\/6555\/7652\/Oneisall 2.jpg\" title=\"\">\n<\/p>\n<h3>Skrbno premi\u0161ljena zasnova<\/h3>\n<p>Za izdelavo fontane je bilo uporabljeno nerjavno jeklo 316, ki ne le ohranja sve\u017eino vode, temve\u010d tudi prepre\u010duje, da bi se nanjo prilepila ma\u0161\u010doba in umazanija. Tako je la\u017eje vzdr\u017eevati \u010disto\u010do in higieno ter zmanj\u0161ati tveganje oku\u017eb za hi\u0161ne ljubljen\u010dke, ki jo uporabljajo. Hkrati je napajalnik zelo enostaven za \u010di\u0161\u010denje &#8211; njegove posamezne sestavne dele lahko operete v pomivalnem stroju. Tudi namestitev naprave in vzdr\u017eevanje \u010drpalke vam ne bosta povzro\u010dala te\u017eav.<\/p>\n<p>\n<img decoding=\"async\" border=\"0\" src=\"https:\/\/assets.innpro.pl\/6555\/7652\/Oneisall 3.jpg\" title=\"\">\n<\/p>\n<h3>Nadzor nad nivojem vode<\/h3>\n<p>Ne bojte se, da va\u0161 hi\u0161ni ljubljen\u010dek ne bo imel ve\u010d kaj piti, vi pa ne boste ni\u010desar opazili. Vodnjak je opremljen z majhnim okencem z osvetlitvijo LED, ki vam omogo\u010da, da priro\u010dno spremljate preostalo raven vode v rezervoarju. Vse, kar morate storiti, je, da pogledate!<\/p>\n<p>\n<img decoding=\"async\" border=\"0\" src=\"https:\/\/assets.innpro.pl\/6555\/7652\/Oneisall 4.jpg\" title=\"\">\n<\/p>\n<h3>Tiho delovanje<\/h3>\n<p>Zaradi uporabe izbolj\u0161ane \u010drpalke fontana deluje izjemno tiho. Njena glasnost je le pribli\u017eno 30 dB! To pomeni, da bo odli\u010dno delovala tudi pri ob\u010dutljivih in \u017eiv\u010dnih hi\u0161nih ljubljen\u010dkih. Ni vam treba skrbeti, da bi vas nadle\u017een hrup motil ali prestra\u0161il va\u0161ega hi\u0161nega ljubljen\u010dka!<\/p>\n<p>\n<img decoding=\"async\" border=\"0\" src=\"https:\/\/assets.innpro.pl\/6555\/7652\/Oneisall 5.jpg\" title=\"\">\n<\/p>\n<h3>2 na\u010dina delovanja<\/h3>\n<p>Prilagodite delovanje fontane potrebam in navadam svojega hi\u0161nega ljubljen\u010dka. Naprava vam omogo\u010da izbiro med 2 na\u010dinoma delovanja &#8211; odstranljivo pipo in cvetom. Tako jo lahko nastavite tako, da stalni tok vode pritegne pozornost va\u0161ega hi\u0161nega ljubljen\u010dka in ga spodbudi k pitju!<\/p>\n<p>\n<img decoding=\"async\" border=\"0\" src=\"https:\/\/assets.innpro.pl\/6555\/7652\/Oneisall 6.jpg\" title=\"\">\n<\/p>\n<h3>Prilo\u017eeno<\/h3>\n<ul class=\"list-disc pl-5\">\n<li>Vodnjak<\/li>\n<li>3x komplet filtrov<\/li>\n<li>\u010crpalka<\/li>\n<li>Napajalnik<\/li>\n<li>Uporabni\u0161ki priro\u010dnik<\/li>\n<\/ul>\n<div class=\"table-wrapper\">\n<h3><\/h3>\n<table>\n<tbody>\n<tr>\n<th>Proizvajalec<\/th>\n<td>Oneisall<\/td>\n<\/tr>\n<tr>\n<th>Model<\/th>\n<td>PWF-001-1<\/td>\n<\/tr>\n<tr>\n<th>Color<\/th>\n<td>Srebrna<\/td>\n<\/tr>\n<tr>\n<th>Capacity<\/th>\n<td>2 l<\/td>\n<\/tr>\n<tr>\n<th>Stopnja glasnosti<\/th>\n<td>&lt; 30 dB<\/td>\n<\/tr>\n<tr>\n<th>Material<\/th>\n<td>Nerjave\u010de jeklo 316<\/td>\n<\/tr>\n<tr>\n<th>Dimenzije<\/th>\n<td>18 x 18 x 12 cm<\/td>\n<\/tr>\n<tr>\n<th>Weight<\/th>\n<td>740 g<\/td>\n<\/tr>\n<\/tbody>\n<\/table>\n<\/div>","protected":false},"excerpt":{"rendered":"<p>Na zalogi pri zunanjem dobavitelju. Rok dobave 3-5 dni.<\/p>","protected":false},"featured_media":29006,"template":"","meta":{"_monsterinsights_skip_tracking":false,"_monsterinsights_sitenote_active":false,"_monsterinsights_sitenote_note":"","_monsterinsights_sitenote_category":0},"product_brand":[],"product_cat":[166,255],"product_tag":[],"class_list":{"0":"post-29007","1":"product","2":"type-product","3":"status-publish","4":"has-post-thumbnail","6":"product_cat-hisni-ljubljencki","7":"product_cat-vsi","9":"first","10":"outofstock","11":"taxable","12":"shipping-taxable","13":"purchasable","14":"product-type-simple"},"jetpack_sharing_enabled":true,"_links":{"self":[{"href":"https:\/\/kobra.si\/en\/wp-json\/wp\/v2\/product\/29007","targetHints":{"allow":["GET"]}}],"collection":[{"href":"https:\/\/kobra.si\/en\/wp-json\/wp\/v2\/product"}],"about":[{"href":"https:\/\/kobra.si\/en\/wp-json\/wp\/v2\/types\/product"}],"version-history":[{"count":1,"href":"https:\/\/kobra.si\/en\/wp-json\/wp\/v2\/product\/29007\/revisions"}],"predecessor-version":[{"id":33882,"href":"https:\/\/kobra.si\/en\/wp-json\/wp\/v2\/product\/29007\/revisions\/33882"}],"wp:featuredmedia":[{"embeddable":true,"href":"https:\/\/kobra.si\/en\/wp-json\/wp\/v2\/media\/29006"}],"wp:attachment":[{"href":"https:\/\/kobra.si\/en\/wp-json\/wp\/v2\/media?parent=29007"}],"wp:term":[{"taxonomy":"product_brand","embeddable":true,"href":"https:\/\/kobra.si\/en\/wp-json\/wp\/v2\/product_brand?post=29007"},{"taxonomy":"product_cat","embeddable":true,"href":"https:\/\/kobra.si\/en\/wp-json\/wp\/v2\/product_cat?post=29007"},{"taxonomy":"product_tag","embeddable":true,"href":"https:\/\/kobra.si\/en\/wp-json\/wp\/v2\/product_tag?post=29007"}],"curies":[{"name":"wp","href":"https:\/\/api.w.org\/{rel}","templated":true}]}}