{"id":29005,"date":"2025-04-17T17:00:29","date_gmt":"2025-04-17T15:00:29","guid":{"rendered":"https:\/\/kobra.si\/spletna-trgovina-kobra\/nadomestni-filtri-za-fontano-oneisall\/"},"modified":"2026-03-18T20:57:09","modified_gmt":"2026-03-18T19:57:09","slug":"nadomestni-filtri-za-fontano-oneisall","status":"publish","type":"product","link":"https:\/\/kobra.si\/en\/spletna-trgovina-kobra\/nadomestni-filtri-za-fontano-oneisall\/","title":{"rendered":"Nadomestni filtri za fontano Oneisall"},"content":{"rendered":"<h3>Nadomestni filtri za fontano Oneisall.<\/h3>\n<p>Bodite prepri\u010dani, da je voda, ki jo pije va\u0161 hi\u0161ni ljubljen\u010dek, vedno \u010dista, sve\u017ea in varna za zdravje. Filter fontane Oneisall je sestavljen iz treh plasti, ki u\u010dinkovito odstranjujejo vonjave, ostanke hrane, prhljaj, te\u017eke kovine in druge ne\u010disto\u010de. Tako vam ni treba ve\u010d skrbeti za zdravstveno stanje va\u0161ega hi\u0161nega ljubljen\u010dka! Pred uporabo izdelka ga za dve minuti potopite v vodo. Za zagotovitev visoke u\u010dinkovitosti filtriranja ne pozabite redno menjati filtra &#8211; vsaj enkrat na 4 tedne.<\/p>\n<p>\n<img decoding=\"async\" border=\"0\" src=\"https:\/\/assets.innpro.pl\/6570\/7668\/2.jpg\" title=\"\">\n<\/p>\n<div class=\"table-wrapper\">\n<h3><\/h3>\n<table>\n<tbody>\n<tr>\n<th>Proizvajalec:<\/th>\n<td>Oneisall<\/td>\n<\/tr>\n<tr>\n<th>Model<\/th>\n<td>PWF-001 ponovno polnjenje filtra<\/td>\n<\/tr>\n<tr>\n<th>Zdru\u017eljivost<\/th>\n<td>Vodnjak za \u017eivali Oneisall<\/td>\n<\/tr>\n<\/tbody>\n<\/table>\n<\/div>","protected":false},"excerpt":{"rendered":"<p>Na zalogi pri zunanjem dobavitelju. Rok dobave 3-5 dni.<\/p>","protected":false},"featured_media":29004,"template":"","meta":{"_monsterinsights_skip_tracking":false,"_monsterinsights_sitenote_active":false,"_monsterinsights_sitenote_note":"","_monsterinsights_sitenote_category":0},"product_brand":[],"product_cat":[166,255],"product_tag":[],"class_list":{"0":"post-29005","1":"product","2":"type-product","3":"status-publish","4":"has-post-thumbnail","6":"product_cat-hisni-ljubljencki","7":"product_cat-vsi","9":"first","10":"outofstock","11":"taxable","12":"shipping-taxable","13":"purchasable","14":"product-type-simple"},"jetpack_sharing_enabled":true,"_links":{"self":[{"href":"https:\/\/kobra.si\/en\/wp-json\/wp\/v2\/product\/29005","targetHints":{"allow":["GET"]}}],"collection":[{"href":"https:\/\/kobra.si\/en\/wp-json\/wp\/v2\/product"}],"about":[{"href":"https:\/\/kobra.si\/en\/wp-json\/wp\/v2\/types\/product"}],"version-history":[{"count":1,"href":"https:\/\/kobra.si\/en\/wp-json\/wp\/v2\/product\/29005\/revisions"}],"predecessor-version":[{"id":31495,"href":"https:\/\/kobra.si\/en\/wp-json\/wp\/v2\/product\/29005\/revisions\/31495"}],"wp:featuredmedia":[{"embeddable":true,"href":"https:\/\/kobra.si\/en\/wp-json\/wp\/v2\/media\/29004"}],"wp:attachment":[{"href":"https:\/\/kobra.si\/en\/wp-json\/wp\/v2\/media?parent=29005"}],"wp:term":[{"taxonomy":"product_brand","embeddable":true,"href":"https:\/\/kobra.si\/en\/wp-json\/wp\/v2\/product_brand?post=29005"},{"taxonomy":"product_cat","embeddable":true,"href":"https:\/\/kobra.si\/en\/wp-json\/wp\/v2\/product_cat?post=29005"},{"taxonomy":"product_tag","embeddable":true,"href":"https:\/\/kobra.si\/en\/wp-json\/wp\/v2\/product_tag?post=29005"}],"curies":[{"name":"wp","href":"https:\/\/api.w.org\/{rel}","templated":true}]}}