{"id":28973,"date":"2025-04-17T15:58:54","date_gmt":"2025-04-17T13:58:54","guid":{"rendered":"https:\/\/kobra.si\/spletna-trgovina-kobra\/vodna-fontana-za-hisne-ljubljencke-32-l-rojeco\/"},"modified":"2026-04-07T20:57:31","modified_gmt":"2026-04-07T18:57:31","slug":"vodna-fontana-za-hisne-ljubljencke-32-l-rojeco","status":"publish","type":"product","link":"https:\/\/kobra.si\/en\/spletna-trgovina-kobra\/vodna-fontana-za-hisne-ljubljencke-32-l-rojeco\/","title":{"rendered":"Vodna fontana za hi\u0161ne ljubljen\u010dke 3,2 l Rojeco"},"content":{"rendered":"<h3>Rojeco 3,2l ma\u010dja fontana\/pija\u010da<\/h3>\n<p>Zagotovite svojemu ljubljen\u010dku stalen dostop do sve\u017ee in \u010diste vode. Napajalnik Rojeco je izdelan iz nerjave\u010dega jekla 304 in ponuja u\u010dinkovit sistem filtriranja za u\u010dinkovito odstranjevanje ne\u010disto\u010d. Odlikujeta ga tudi prostornina kar 3,2 litra in tiho delovanje. Njegova dodatna prednost je posebna pipa &#8211; voda, ki te\u010de iz nje, pritegne pozornost ma\u010dk in jih spodbudi k pitju.<\/p>\n<p>\n<img decoding=\"async\" border=\"0\" src=\"https:\/\/assets.innpro.pl\/6846\/7973\/3.jpg\" title=\"\">\n<\/p>\n<h3>Vrhunska kakovost izdelave<\/h3>\n<p>Za izdelavo napajalnika je bilo uporabljeno visokokakovostno nerjavno jeklo 304, ki je trpe\u017eno in popolnoma varno za \u017eivali. Ne prispeva k razvoju bakterij in prepre\u010duje te\u017eave, povezane z ma\u010djimi aknami. Poskrbite za zdravje svojega hi\u0161nega ljubljen\u010dka in mu zagotovite najbolj\u0161e!<\/p>\n<p>\n<img decoding=\"async\" border=\"0\" src=\"https:\/\/assets.innpro.pl\/6846\/7973\/5.jpg\" title=\"\">\n<\/p>\n<h3>Brezskrbno \u010di\u0161\u010denje<\/h3>\n<p>Ne bojte se te\u017eav s \u010di\u0161\u010denjem fontane. Napravo je zelo enostavno sestaviti in razstaviti, njen hranilnik in posodo za vodo iz nerjave\u010dega jekla pa lahko brez skrbi operete v pomivalnem stroju. Tako jo lahko brez te\u017eav ohranjate v popolnem stanju! Pozabite na naporno in zamudno \u010di\u0161\u010denje.<\/p>\n<p>\n<img decoding=\"async\" border=\"0\" src=\"https:\/\/assets.innpro.pl\/6846\/7973\/7.jpg\" title=\"\">\n<\/p>\n<h3>Dvojno filtriranje<\/h3>\n<p>Bodite prepri\u010dani, da je voda, ki jo pije va\u0161 hi\u0161ni ljubljen\u010dek, popolnoma varna za zdravje. Vodnjak uporablja dvojni sistem filtriranja &#8211; gobi\u010dni filter u\u010dinkovito ujame dlako, prhljaj in druge ve\u010dje odpadke, filter z aktivnim ogljem pa odstrani te\u017eke kovine in drobne ne\u010disto\u010de. Tako vam ni treba skrbeti, da bi kaj \u0161kodovalo va\u0161i ma\u010dki!<\/p>\n<p>\n<img decoding=\"async\" border=\"0\" src=\"https:\/\/assets.innpro.pl\/6846\/7973\/2.jpg\" title=\"\">\n<\/p>\n<h3>Premi\u0161ljena zasnova s pipo<\/h3>\n<p>Vodnjak je opremljen s posebno pipo, iz katere te\u010de voda. Tak\u0161na re\u0161itev u\u010dinkovito pritegne pozornost ma\u010dk in jih spodbudi k pitju. Zahvaljujo\u010d temu lahko bolje poskrbite za kondicijo svojega hi\u0161nega ljubljen\u010dka! Poleg tega voda, ki se spro\u017ei, ostane dlje \u010dasa \u010dista in sve\u017ea.<\/p>\n<p>\n<img decoding=\"async\" border=\"0\" src=\"https:\/\/assets.innpro.pl\/6846\/7973\/4.jpg\" title=\"\">\n<\/p>\n<h3>Velika zmogljivost<\/h3>\n<p>Poslovite se od potrebe po pogostem polnjenju vode v napajalnik. Napravo blagovne znamke Rojeco odlikuje velika zmogljivost 3,2 litra &#8211; to zadostuje tudi za pribli\u017eno 1-2 tedna. Tako se lahko brez skrbi odpravite v slu\u017ebo ali na zabavo ali pa celo odpotujete za konec tedna. Ne skrbite, da bi va\u0161i ma\u010dki zmanjkalo vode za pitje!<\/p>\n<p>\n<img decoding=\"async\" border=\"0\" src=\"https:\/\/assets.innpro.pl\/6846\/7973\/1.jpg\" title=\"\">\n<\/p>\n<h3>Prefinjeno v vsaki podrobnosti<\/h3>\n<p>Napajalnik Rojeco deluje presenetljivo tiho &#8211; njegova raven glasnosti je le pribli\u017eno 20 dB, kar je pribli\u017eno enako hrupu listja ali \u0161epetu. Ni vam treba skrbeti, da bi zmotil va\u0161 mir ali prestra\u0161il va\u0161ega hi\u0161nega ljubljen\u010dka! Naprava je opremljena tudi z mehko modro osvetlitvijo LED, ki omogo\u010da, da jo po temi zlahka najdete. Poleg tega je fontana zaradi nizke napetosti 5 voltov varna za hi\u0161ne ljubljen\u010dke &#8211; tudi \u010de va\u0161 ljubljen\u010dek ugrizne v kabel.<\/p>\n<p>\n<img decoding=\"async\" border=\"0\" src=\"https:\/\/assets.innpro.pl\/6846\/7973\/6.jpg\" title=\"\">\n<\/p>\n<div class=\"table-wrapper\">\n<h3><\/h3>\n<table>\n<tbody>\n<tr>\n<th>Proizvajalec:<\/th>\n<td>Rojeco<\/td>\n<\/tr>\n<tr>\n<th>Model<\/th>\n<td>RYSJ-07<\/td>\n<\/tr>\n<tr>\n<th>Capacity<\/th>\n<td>3,2 l<\/td>\n<\/tr>\n<tr>\n<th>Vhodni tok adapterja<\/th>\n<td>100-240 V 50\/60 Hz<\/td>\n<\/tr>\n<tr>\n<th>Izhodni tok adapterja<\/th>\n<td>5 V 1000 mA<\/td>\n<\/tr>\n<tr>\n<th>Nazivni vhodni tok<\/th>\n<td>5 V 1 A max.<\/td>\n<\/tr>\n<tr>\n<th>Filtriranje<\/th>\n<td>Filter z aktivnim ogljem, gobi\u010dni filter<\/td>\n<\/tr>\n<tr>\n<th>Material<\/th>\n<td>304 nerjavno jeklo + ABS<\/td>\n<\/tr>\n<tr>\n<th>Dimenzije napajalnika<\/th>\n<td>105 x 250 x 155 mm<\/td>\n<\/tr>\n<tr>\n<th>Dimenzije pipe<\/th>\n<td>110 x 90 mm<\/td>\n<\/tr>\n<\/tbody>\n<\/table>\n<\/div>","protected":false},"excerpt":{"rendered":"<p>Na zalogi pri zunanjem dobavitelju. Rok dostave 3-5dni.<\/p>","protected":false},"featured_media":28972,"template":"","meta":{"_monsterinsights_skip_tracking":false,"_monsterinsights_sitenote_active":false,"_monsterinsights_sitenote_note":"","_monsterinsights_sitenote_category":0},"product_brand":[],"product_cat":[166,255],"product_tag":[],"class_list":{"0":"post-28973","1":"product","2":"type-product","3":"status-publish","4":"has-post-thumbnail","6":"product_cat-hisni-ljubljencki","7":"product_cat-vsi","9":"first","10":"outofstock","11":"taxable","12":"shipping-taxable","13":"purchasable","14":"product-type-simple"},"jetpack_sharing_enabled":true,"_links":{"self":[{"href":"https:\/\/kobra.si\/en\/wp-json\/wp\/v2\/product\/28973","targetHints":{"allow":["GET"]}}],"collection":[{"href":"https:\/\/kobra.si\/en\/wp-json\/wp\/v2\/product"}],"about":[{"href":"https:\/\/kobra.si\/en\/wp-json\/wp\/v2\/types\/product"}],"version-history":[{"count":1,"href":"https:\/\/kobra.si\/en\/wp-json\/wp\/v2\/product\/28973\/revisions"}],"predecessor-version":[{"id":33884,"href":"https:\/\/kobra.si\/en\/wp-json\/wp\/v2\/product\/28973\/revisions\/33884"}],"wp:featuredmedia":[{"embeddable":true,"href":"https:\/\/kobra.si\/en\/wp-json\/wp\/v2\/media\/28972"}],"wp:attachment":[{"href":"https:\/\/kobra.si\/en\/wp-json\/wp\/v2\/media?parent=28973"}],"wp:term":[{"taxonomy":"product_brand","embeddable":true,"href":"https:\/\/kobra.si\/en\/wp-json\/wp\/v2\/product_brand?post=28973"},{"taxonomy":"product_cat","embeddable":true,"href":"https:\/\/kobra.si\/en\/wp-json\/wp\/v2\/product_cat?post=28973"},{"taxonomy":"product_tag","embeddable":true,"href":"https:\/\/kobra.si\/en\/wp-json\/wp\/v2\/product_tag?post=28973"}],"curies":[{"name":"wp","href":"https:\/\/api.w.org\/{rel}","templated":true}]}}