{"id":28971,"date":"2025-04-17T15:54:09","date_gmt":"2025-04-17T13:54:09","guid":{"rendered":"https:\/\/kobra.si\/spletna-trgovina-kobra\/filtri-za-vodno-fontano-in-napajalnik-za-hisne-ljubljencke-iz-nerjavecega-jekla-2v1-32l-rojeco\/"},"modified":"2026-04-21T20:57:05","modified_gmt":"2026-04-21T18:57:05","slug":"filtri-za-vodno-fontano-in-napajalnik-za-hisne-ljubljencke-iz-nerjavecega-jekla-2v1-32l-rojeco","status":"publish","type":"product","link":"https:\/\/kobra.si\/en\/spletna-trgovina-kobra\/filtri-za-vodno-fontano-in-napajalnik-za-hisne-ljubljencke-iz-nerjavecega-jekla-2v1-32l-rojeco\/","title":{"rendered":"Filtri za vodno fontano in napajalnik za hi\u0161ne ljubljen\u010dke iz nerjave\u010dega jekla 2v1 3,2l Rojeco"},"content":{"rendered":"<h3>Filtri za napajalnik 2v1 + posoda Rojeco<\/h3>\n<p>Ali va\u0161 hi\u0161ni ljubljen\u010dek uporablja napravo Rojeco 2 v 1? Filter zamenjajte vsake 2-4 tedne. Na\u0161li boste 10 namenskih dodatkov, ki zagotavljajo u\u010dinkovito filtriranje zaradi plasti netkanega tekstila ter uporabe izmenjalne smole in aktivnega oglja iz kokosove lupine. Zahvaljujo\u010d njim bodo umazanija, dlake, drobni delci in druge \u0161kodljive snovi odstranjeni, va\u0161 \u0161tirino\u017eni prijatelj pa bo u\u017eival v dostopu do \u010diste in sve\u017ee vode. Opomba: pred uporabo izdelke namo\u010dite v vodo.<\/p>\n<p>\n<img decoding=\"async\" border=\"0\" src=\"https:\/\/assets.innpro.pl\/6894\/8033\/4.jpg\" title=\"\">\n<\/p>\n<h3>Vklju\u010deno:<\/h3>\n<ul class=\"list-disc pl-5\">x10 filtrov<\/ul>\n<div class=\"table-wrapper\">\n<h3><\/h3>\n<table>\n<tbody>\n<tr>\n<th>Proizvajalec:<\/th>\n<td>Rojeco<\/td>\n<\/tr>\n<tr>\n<th>Model<\/th>\n<td>RYSJPJ-A-17<\/td>\n<\/tr>\n<tr>\n<th>Zdru\u017eljivost<\/th>\n<td>Rojeco napajalnik 2v1 + skleda (RYSJ-17)<\/td>\n<\/tr>\n<tr>\n<th>Dimenzije<\/th>\n<td>4 x 6,7 cm<\/td>\n<\/tr>\n<\/tbody>\n<\/table>\n<\/div>","protected":false},"excerpt":{"rendered":"<p>Na zalogi pri zunanjem dobavitelju. Rok dostave 3-5dni.<\/p>","protected":false},"featured_media":28970,"template":"","meta":{"_monsterinsights_skip_tracking":false,"_monsterinsights_sitenote_active":false,"_monsterinsights_sitenote_note":"","_monsterinsights_sitenote_category":0},"product_brand":[],"product_cat":[166,255],"product_tag":[],"class_list":{"0":"post-28971","1":"product","2":"type-product","3":"status-publish","4":"has-post-thumbnail","6":"product_cat-hisni-ljubljencki","7":"product_cat-vsi","9":"first","10":"instock","11":"taxable","12":"shipping-taxable","13":"purchasable","14":"product-type-simple"},"jetpack_sharing_enabled":true,"_links":{"self":[{"href":"https:\/\/kobra.si\/en\/wp-json\/wp\/v2\/product\/28971","targetHints":{"allow":["GET"]}}],"collection":[{"href":"https:\/\/kobra.si\/en\/wp-json\/wp\/v2\/product"}],"about":[{"href":"https:\/\/kobra.si\/en\/wp-json\/wp\/v2\/types\/product"}],"version-history":[{"count":1,"href":"https:\/\/kobra.si\/en\/wp-json\/wp\/v2\/product\/28971\/revisions"}],"predecessor-version":[{"id":33885,"href":"https:\/\/kobra.si\/en\/wp-json\/wp\/v2\/product\/28971\/revisions\/33885"}],"wp:featuredmedia":[{"embeddable":true,"href":"https:\/\/kobra.si\/en\/wp-json\/wp\/v2\/media\/28970"}],"wp:attachment":[{"href":"https:\/\/kobra.si\/en\/wp-json\/wp\/v2\/media?parent=28971"}],"wp:term":[{"taxonomy":"product_brand","embeddable":true,"href":"https:\/\/kobra.si\/en\/wp-json\/wp\/v2\/product_brand?post=28971"},{"taxonomy":"product_cat","embeddable":true,"href":"https:\/\/kobra.si\/en\/wp-json\/wp\/v2\/product_cat?post=28971"},{"taxonomy":"product_tag","embeddable":true,"href":"https:\/\/kobra.si\/en\/wp-json\/wp\/v2\/product_tag?post=28971"}],"curies":[{"name":"wp","href":"https:\/\/api.w.org\/{rel}","templated":true}]}}