{"id":28969,"date":"2025-04-17T15:46:34","date_gmt":"2025-04-17T13:46:34","guid":{"rendered":"https:\/\/kobra.si\/spletna-trgovina-kobra\/rojeco-3-2l-2l-stainless-steel-filtri-fontane-4kos\/"},"modified":"2026-04-20T21:01:38","modified_gmt":"2026-04-20T19:01:38","slug":"rojeco-3-2l-2l-stainless-steel-filtri-fontane-4kos","status":"publish","type":"product","link":"https:\/\/kobra.si\/en\/spletna-trgovina-kobra\/rojeco-3-2l-2l-stainless-steel-filtri-fontane-4kos\/","title":{"rendered":"Rojeco 3.2L \/2L Stainless Steel filtri fontane 4kos"},"content":{"rendered":"<h3>Rojeco 3,2L \/2L filtri za vodne fontane za ma\u010dke iz nerjave\u010dega jekla 4Set<\/h3>\n<p>Filtri za fontane Rojeco zagotavljajo, da ima va\u0161 hi\u0161ni ljubljen\u010dek vedno dostop do \u010diste vode. Z dvojnim filtrirnim sistemom odstranijo umazanijo, dlake, ostanke hrane in te\u017eke kovine ter tako poskrbijo za zdravje in dobro po\u010dutje va\u0161ega ljubljen\u010dka. Redna zamenjava na 2-4 tedne ohranja optimalno kakovost vode in spodbuja va\u0161ega ljubljen\u010dka k pogostej\u0161emu pitju in ustrezni hidraciji.<\/p>\n<p>\n<img decoding=\"async\" alt=\"\" border=\"0\" src=\"https:\/\/assets.innpro.pl\/13202\/16189\/2.jpg\" title=\"\">\n<\/p>\n<h3>Dvojno filtriranje za najve\u010djo za\u0161\u010dito<\/h3>\n<p>Vsak filter je sestavljen iz plasti aktivnega oglja in gobice, ki skupaj lovita drobne delce in ve\u010dja onesna\u017eevala. Filter z ogljem odpravlja neprijetne vonjave in izbolj\u0161uje okus vode, goba pa u\u010dinkovito lovi dlake in usedline. Visokokakovostni filtrirni materiali zagotavljajo u\u010dinkovito delovanje v celotni priporo\u010deni \u017eivljenjski dobi.<\/p>\n<p>\n<img decoding=\"async\" alt=\"\" border=\"0\" src=\"https:\/\/assets.innpro.pl\/13202\/16189\/4.jpg\" title=\"\">\n<\/p>\n<h3>Enostavna zamenjava in varna uporaba<\/h3>\n<p>Dodatke Rojeco je enostavno namestiti in so primerni za 3,2-litrske in 2-litrske napajalnike. Za najbolj\u0161e rezultate filter pred prvo uporabo temeljito sperite in ga 5 minut namakajte. Ta priprava zagotavlja enakomeren pretok vode in u\u010dinkovitost filtriranja, hkrati pa \u0161\u010diti \u010drpalko pred zama\u0161itvijo.<\/p>\n<p>\n<img decoding=\"async\" alt=\"\" border=\"0\" src=\"https:\/\/assets.innpro.pl\/13202\/16189\/5.jpg\" title=\"\">\n<\/p>\n<div class=\"table-wrapper\">\n<h3><\/h3>\n<table>\n<tbody>\n<tr>\n<th>Proizvajalec<\/th>\n<td>Rojeco<\/td>\n<\/tr>\n<tr>\n<th>Model<\/th>\n<td>RYSJPJBXG-LX4<\/td>\n<\/tr>\n<tr>\n<th>Zdru\u017eljivost<\/th>\n<td>Rojeco 3,2 l \/ 2 l fontane \/ napajalniki<\/td>\n<\/tr>\n<tr>\n<th>Material<\/th>\n<td>Aktivno oglje, netkana tkanina, filtrirna goba<\/td>\n<\/tr>\n<tr>\n<th>\u0160tevilo kosov v kompletu<\/th>\n<td>4<\/td>\n<\/tr>\n<\/tbody>\n<\/table>\n<\/div>","protected":false},"excerpt":{"rendered":"<p>Na zalogi pri zunanjem dobavitelju. Rok dostave 3-5dni.<\/p>","protected":false},"featured_media":28968,"template":"","meta":{"_monsterinsights_skip_tracking":false,"_monsterinsights_sitenote_active":false,"_monsterinsights_sitenote_note":"","_monsterinsights_sitenote_category":0},"product_brand":[],"product_cat":[166,255],"product_tag":[],"class_list":{"0":"post-28969","1":"product","2":"type-product","3":"status-publish","4":"has-post-thumbnail","6":"product_cat-hisni-ljubljencki","7":"product_cat-vsi","9":"first","10":"instock","11":"taxable","12":"shipping-taxable","13":"purchasable","14":"product-type-simple"},"jetpack_sharing_enabled":true,"_links":{"self":[{"href":"https:\/\/kobra.si\/en\/wp-json\/wp\/v2\/product\/28969","targetHints":{"allow":["GET"]}}],"collection":[{"href":"https:\/\/kobra.si\/en\/wp-json\/wp\/v2\/product"}],"about":[{"href":"https:\/\/kobra.si\/en\/wp-json\/wp\/v2\/types\/product"}],"version-history":[{"count":1,"href":"https:\/\/kobra.si\/en\/wp-json\/wp\/v2\/product\/28969\/revisions"}],"predecessor-version":[{"id":33886,"href":"https:\/\/kobra.si\/en\/wp-json\/wp\/v2\/product\/28969\/revisions\/33886"}],"wp:featuredmedia":[{"embeddable":true,"href":"https:\/\/kobra.si\/en\/wp-json\/wp\/v2\/media\/28968"}],"wp:attachment":[{"href":"https:\/\/kobra.si\/en\/wp-json\/wp\/v2\/media?parent=28969"}],"wp:term":[{"taxonomy":"product_brand","embeddable":true,"href":"https:\/\/kobra.si\/en\/wp-json\/wp\/v2\/product_brand?post=28969"},{"taxonomy":"product_cat","embeddable":true,"href":"https:\/\/kobra.si\/en\/wp-json\/wp\/v2\/product_cat?post=28969"},{"taxonomy":"product_tag","embeddable":true,"href":"https:\/\/kobra.si\/en\/wp-json\/wp\/v2\/product_tag?post=28969"}],"curies":[{"name":"wp","href":"https:\/\/api.w.org\/{rel}","templated":true}]}}