{"id":28902,"date":"2025-04-16T14:50:35","date_gmt":"2025-04-16T12:50:35","guid":{"rendered":"https:\/\/kobra.si\/spletna-trgovina-kobra\/organizer-baseus-t-space-prtljaznik-za-tesla-y-crn\/"},"modified":"2026-01-16T20:57:37","modified_gmt":"2026-01-16T19:57:37","slug":"organizer-baseus-t-space-prtljaznik-za-tesla-y-crn","status":"publish","type":"product","link":"https:\/\/kobra.si\/en\/spletna-trgovina-kobra\/organizer-baseus-t-space-prtljaznik-za-tesla-y-crn\/","title":{"rendered":"Organizer Baseus T-Space prtlja\u017enik za Tesla Y (\u010drn)"},"content":{"rendered":"<h3>Baseus T-Space organizator prtlja\u017enika za Tesla Model Y (\u010drn).<\/h3>\n<\/p>\n<p>Organizator prtlja\u017enika Baseus T-Space je bil zasnovan za lastnike Tesle Y, ki cenijo red in optimalno uporabo prtlja\u017enega prostora. Ta eleganten in prakti\u010den pripomo\u010dek bo popolna re\u0161itev za tiste, ki jim je pomembno, da med potovanjem brez te\u017eav shranjujejo nujne predmete.<\/p>\n<\/p>\n<p>\n<img decoding=\"async\" border=\"0\" src=\"https:\/\/assets.innpro.pl\/5348\/6263\/2.jpg\" title=\"\">\n<\/p>\n<h3>Popolno prileganje<\/h3>\n<\/p>\n<p>Model T-Space Trunk je bil ustvarjen posebej za avtomobil Tesla Y, zato se popolnoma prilega. Odlikuje ga tudi elegantna, minimalisti\u010dna oblika, ki se harmoni\u010dno zlije z notranjostjo vozila ter mu doda slog in razred.<\/p>\n<\/p>\n<p>\n<img decoding=\"async\" border=\"0\" src=\"https:\/\/assets.innpro.pl\/5348\/6263\/3.jpg\" title=\"\">\n<\/p>\n<h3>Ohranite urejenost svojega vozila<\/h3>\n<\/p>\n<p>Ste utrujeni od nereda? Organizator Baseus vam bo pomagal poskrbeti za red! Pripomo\u010dek vam omogo\u010da optimalno organizacijo prostora v avtomobilu in priro\u010dno, a stabilno shranjevanje predmetov, kot so na primer orodje, \u010devlji, steklenice s pija\u010do ali de\u017eniki.<\/p>\n<\/p>\n<p>\n<img decoding=\"async\" border=\"0\" src=\"https:\/\/assets.innpro.pl\/5348\/6263\/4.jpg\" title=\"\">\n<\/p>\n<h3>Quick and easy installation<\/h3>\n<\/p>\n<p>Namestitev organizatorja je hitra in intuitivna ter ne zahteva nobenega orodja ali sprememb na vozilu. Poleg tega vgrajeni magnetni ro\u010daji omogo\u010dajo enostavno namestitev in odstranitev organizatorja iz prtlja\u017enika, zato je priro\u010den za vsakodnevno uporabo. Pripomo\u010dek odlikuje tudi zlo\u017eljiva zasnova, ki omogo\u010da enostavno shranjevanje &#8211; zlo\u017een ne bo zavzel preve\u010d dragocenega prostora!<\/p>\n<\/p>\n<p>\n<img decoding=\"async\" border=\"0\" src=\"https:\/\/assets.innpro.pl\/5348\/6263\/5.jpg\" title=\"\">\n<\/p>\n<h3>Impresivna vzdr\u017eljivost<\/h3>\n<\/p>\n<p>Za izdelavo organizatorja so bili uporabljeni visokokakovostni materiali, kot sta PVC in PU usnje. Zaradi tega je izdelek zelo trpe\u017een in odporen na deformacije, made\u017ee in vodo. Prav tako vam ni treba skrbeti, da bi z njim opraskali notranjost avtomobila. Organizator je opremljen tudi s \u0161tirimi zakovi\u010denimi zasko\u010dki in mo\u010dnim zapenjanjem z velcro. \u0160e ve\u010d, zaradi njegove trpe\u017ene konstrukcije lahko v njem brez skrbi preva\u017eate predmete s skupno te\u017eo do 15 kg!<\/p>\n<\/p>\n<p>\n<img decoding=\"async\" border=\"0\" src=\"https:\/\/assets.innpro.pl\/5348\/6263\/8.jpg\" title=\"\">\n<\/p>\n<div class=\"table-wrapper\">\n<h3><\/h3>\n<table>\n<tbody>\n<tr>\n<th>Proizvajalec<\/th>\n<td>Baseus<\/td>\n<\/tr>\n<tr>\n<th>Ime<\/th>\n<td>Organizator za prtlja\u017enik serije T-Space za Tesla Model Y<\/td>\n<\/tr>\n<tr>\n<th>Model<\/th>\n<td>C20251304111-00<\/td>\n<\/tr>\n<tr>\n<th>Color<\/th>\n<td>\u010crna<\/td>\n<\/tr>\n<tr>\n<th>Material<\/th>\n<td>PU + PVC<\/td>\n<\/tr>\n<tr>\n<th>Zdru\u017eljivost<\/th>\n<td>Tesla Y<\/td>\n<\/tr>\n<tr>\n<th>Weight<\/th>\n<td>Pribli\u017eno 820 g<\/td>\n<\/tr>\n<tr>\n<th>Dimenzije<\/th>\n<td>23 x 22,5 x 31 cm<\/td>\n<\/tr>\n<\/tbody>\n<\/table>\n<\/div>","protected":false},"excerpt":{"rendered":"<p>Na zalogi pri zunanjem dobavitelju. Rok dobave 3-5 dni.<\/p>","protected":false},"featured_media":28893,"template":"","meta":{"_monsterinsights_skip_tracking":false,"_monsterinsights_sitenote_active":false,"_monsterinsights_sitenote_note":"","_monsterinsights_sitenote_category":0},"product_brand":[],"product_cat":[281,284,255],"product_tag":[],"class_list":{"0":"post-28902","1":"product","2":"type-product","3":"status-publish","4":"has-post-thumbnail","6":"product_cat-avto-oprema-2","7":"product_cat-tesla-dodatki","8":"product_cat-vsi","10":"first","11":"outofstock","12":"taxable","13":"shipping-taxable","14":"purchasable","15":"product-type-simple"},"jetpack_sharing_enabled":true,"_links":{"self":[{"href":"https:\/\/kobra.si\/en\/wp-json\/wp\/v2\/product\/28902","targetHints":{"allow":["GET"]}}],"collection":[{"href":"https:\/\/kobra.si\/en\/wp-json\/wp\/v2\/product"}],"about":[{"href":"https:\/\/kobra.si\/en\/wp-json\/wp\/v2\/types\/product"}],"version-history":[{"count":1,"href":"https:\/\/kobra.si\/en\/wp-json\/wp\/v2\/product\/28902\/revisions"}],"predecessor-version":[{"id":28967,"href":"https:\/\/kobra.si\/en\/wp-json\/wp\/v2\/product\/28902\/revisions\/28967"}],"wp:featuredmedia":[{"embeddable":true,"href":"https:\/\/kobra.si\/en\/wp-json\/wp\/v2\/media\/28893"}],"wp:attachment":[{"href":"https:\/\/kobra.si\/en\/wp-json\/wp\/v2\/media?parent=28902"}],"wp:term":[{"taxonomy":"product_brand","embeddable":true,"href":"https:\/\/kobra.si\/en\/wp-json\/wp\/v2\/product_brand?post=28902"},{"taxonomy":"product_cat","embeddable":true,"href":"https:\/\/kobra.si\/en\/wp-json\/wp\/v2\/product_cat?post=28902"},{"taxonomy":"product_tag","embeddable":true,"href":"https:\/\/kobra.si\/en\/wp-json\/wp\/v2\/product_tag?post=28902"}],"curies":[{"name":"wp","href":"https:\/\/api.w.org\/{rel}","templated":true}]}}