{"id":28873,"date":"2025-04-16T14:49:39","date_gmt":"2025-04-16T12:49:39","guid":{"rendered":"https:\/\/kobra.si\/spletna-trgovina-kobra\/vozlisce-baseus-t-space-s-kabli-usb-c-s-strelo-za-avtomobile-tesla-crno\/"},"modified":"2026-04-23T20:56:05","modified_gmt":"2026-04-23T18:56:05","slug":"vozlisce-baseus-t-space-s-kabli-usb-c-s-strelo-za-avtomobile-tesla-crno","status":"publish","type":"product","link":"https:\/\/kobra.si\/en\/spletna-trgovina-kobra\/vozlisce-baseus-t-space-s-kabli-usb-c-s-strelo-za-avtomobile-tesla-crno\/","title":{"rendered":"Vozli\u0161\u010de Baseus T-Space s kabli USB-C na lightning za avtomobile Tesla (\u010drno)"},"content":{"rendered":"<h3>Baseus T-Space vozli\u0161\u010de s kablom USB-C na Lightning za Teslo (\u010drno)<\/h3>\n<p>Vozli\u0161\u010de Baseus T-Space je posebej zasnovano za Teslo. Ima vgrajena vrata USB-C in USB-A ter 2 izvle\u010dna kabla USB-C, zato lahko hkrati polnite 4 naprave. Z uporabo 45 W mo\u010di vam ne bo treba dolgo \u010dakati, preden bo va\u0161 pametni telefon pripravljen za nadaljevanje polnjenja. \u0160e ve\u010d, naprava Baseus Power Split 2.0 samodejno prilagodi mo\u010d polnjenja priklju\u010denim napravam &#8211; lahko ste prepri\u010dani, da so varne. <\/p>\n<p><img decoding=\"async\" src=\"https:\/\/b2b.innpro.pl\/data\/include\/cms\/-Baseus\/B00051300111-01\/6.jpg\" alt=\"-Baseus\/B00051300111-01\/6\" title=\"\"><\/p>\n<h3>Hitro in varno polnjenje<\/h3>\n<p>Vozli\u0161\u010de Baseus je prva tovrstna naprava, zasnovana za Teslo, ki uporablja tehnologijo polnjenja GaN. Zato je polnjenje hitro in ne povzro\u010da pregrevanja opreme. Z mo\u010djo 45 W lahko v kratkem \u010dasu obnovite energijo pametnega telefona, tabli\u010dnega ali prenosnega ra\u010dunalnika. Izdelek podpira tudi razli\u010dne protokole hitrega polnjenja, vklju\u010dno s PD3.0, FCP, SCP, QC3.0 in AFC. Zagotavlja tudi za\u0161\u010dito naprav pred prekomernim tokom, kratkim stikom, pregrevanjem itd. <\/p>\n<p><img decoding=\"async\" src=\"https:\/\/b2b.innpro.pl\/data\/include\/cms\/-Baseus\/B00051300111-01\/1.jpg\" alt=\"-Baseus\/B00051300111-01\/1\" title=\"\"><\/p>\n<h3>Zasnovan za Teslo<\/h3>\n<p>Baseus T-Space je zasnovan za Teslo in se popolnoma prilega njeni notranjosti. Ima poseben pokrov, ki varuje vrata in kable pred prahom ali nenamerno razlitimi pija\u010dami. Silikonski zaklju\u010dek pa \u0161\u010diti komponente avtomobila pred praskami.    <\/p>\n<p><img decoding=\"async\" src=\"https:\/\/b2b.innpro.pl\/data\/include\/cms\/-Baseus\/B00051300111-01\/5.jpg\" alt=\"-Baseus\/B00051300111-01\/5\" title=\"\"><\/p>\n<h3>Priro\u010dne re\u0161itve<\/h3>\n<p>Odlikujeta ga tudi 2 izvle\u010dna kabla USB-C, vsak dolg 0,8 metra, zato ju lahko uporabljajo tudi potniki na zadnjih sede\u017eih &#8211; zaradi magnetnih priklju\u010dkov ju je enostavno shraniti. Poleg tega lahko s priklju\u010dkoma USB-A in USB-C priklju\u010dite dodatne naprave, kot so slu\u0161alke TWS ali igralni krmilnik. Vozli\u0161\u010de omogo\u010da tudi prenos podatkov (na voljo pri modelih 3 in Y). <\/p>\n<p><img decoding=\"async\" src=\"https:\/\/b2b.innpro.pl\/data\/include\/cms\/-Baseus\/B00051300111-01\/2.jpg\" alt=\"-Baseus\/B00051300111-01\/2\" title=\"\"><\/p>\n<div class=\"table-wrapper\">\n<table>\n<tbody>\n<tr>\n<th>Proizvajalec<\/th>\n<td>Baseus<\/td>\n<\/tr>\n<tr>\n<th>Koda proizvajalca<\/th>\n<td>B00051300111-01<\/td>\n<\/tr>\n<tr>\n<th>Model<\/th>\n<td>TS010<\/td>\n<\/tr>\n<tr>\n<th>Color<\/th>\n<td>\u010drna<\/td>\n<\/tr>\n<tr>\n<th>Material<\/th>\n<td>ABS, PC, aluminijeva zlitina<\/td>\n<\/tr>\n<tr>\n<th>Vhodna napetost (USB-C1\/2)<\/th>\n<td>9V\/3A<\/td>\n<\/tr>\n<tr>\n<th>Izhodna napetost (kabel 1)<\/th>\n<td>5V\/3A, 9V\/3A, 12V\/2,5A, 15V\/2A, 20V\/1,5A, 30W max.<\/td>\n<\/tr>\n<tr>\n<th>Izhodna napetost (kabel 2)<\/th>\n<td>5V\/3A, 9V\/3A, 12V\/3A, 15V\/3A, 20V\/2,25A, najve\u010d 45W<\/td>\n<\/tr>\n<tr>\n<th>USB-C<\/th>\n<td>5V\/3A, 9V\/3A, 12V\/2,5A, 15V\/2A, 20V\/1,5A, 30W max.<\/td>\n<\/tr>\n<tr>\n<th>PPS<\/th>\n<td>3,3 V-11 V, 3,3 A<\/td>\n<\/tr>\n<tr>\n<th>USB-A<\/th>\n<td>5V\/2,4A<\/td>\n<\/tr>\n<tr>\n<th>Kabel 1 + kabel 2<\/th>\n<td>30 W + 18 W<\/td>\n<\/tr>\n<tr>\n<th>Kabel 1 + kabel 2 + USB-C<\/th>\n<td>18 W + 18 W + 8 W<\/td>\n<\/tr>\n<tr>\n<th>kabel 1 + kabel 2 + USB-C + USB-A<\/th>\n<td>18 W + 8 W + 8 W + 8 W + 12 W<\/td>\n<\/tr>\n<tr>\n<th>Weight<\/th>\n<td>pribli\u017eno 318 g<\/td>\n<\/tr>\n<tr>\n<th>Dimenzije<\/th>\n<td>196 \u00d7 100 \u00d7 32 mm<\/td>\n<\/tr>\n<\/tbody>\n<\/table>\n<\/div>","protected":false},"excerpt":{"rendered":"<p>Na zalogi pri zunanjem dobavitelju. Rok dobave 3-5 dni.<\/p>","protected":false},"featured_media":28864,"template":"","meta":{"_monsterinsights_skip_tracking":false,"_monsterinsights_sitenote_active":false,"_monsterinsights_sitenote_note":"","_monsterinsights_sitenote_category":0},"product_brand":[],"product_cat":[281,284,255],"product_tag":[],"class_list":{"0":"post-28873","1":"product","2":"type-product","3":"status-publish","4":"has-post-thumbnail","6":"product_cat-avto-oprema-2","7":"product_cat-tesla-dodatki","8":"product_cat-vsi","10":"first","11":"instock","12":"taxable","13":"shipping-taxable","14":"purchasable","15":"product-type-simple"},"jetpack_sharing_enabled":true,"_links":{"self":[{"href":"https:\/\/kobra.si\/en\/wp-json\/wp\/v2\/product\/28873","targetHints":{"allow":["GET"]}}],"collection":[{"href":"https:\/\/kobra.si\/en\/wp-json\/wp\/v2\/product"}],"about":[{"href":"https:\/\/kobra.si\/en\/wp-json\/wp\/v2\/types\/product"}],"version-history":[{"count":2,"href":"https:\/\/kobra.si\/en\/wp-json\/wp\/v2\/product\/28873\/revisions"}],"predecessor-version":[{"id":28954,"href":"https:\/\/kobra.si\/en\/wp-json\/wp\/v2\/product\/28873\/revisions\/28954"}],"wp:featuredmedia":[{"embeddable":true,"href":"https:\/\/kobra.si\/en\/wp-json\/wp\/v2\/media\/28864"}],"wp:attachment":[{"href":"https:\/\/kobra.si\/en\/wp-json\/wp\/v2\/media?parent=28873"}],"wp:term":[{"taxonomy":"product_brand","embeddable":true,"href":"https:\/\/kobra.si\/en\/wp-json\/wp\/v2\/product_brand?post=28873"},{"taxonomy":"product_cat","embeddable":true,"href":"https:\/\/kobra.si\/en\/wp-json\/wp\/v2\/product_cat?post=28873"},{"taxonomy":"product_tag","embeddable":true,"href":"https:\/\/kobra.si\/en\/wp-json\/wp\/v2\/product_tag?post=28873"}],"curies":[{"name":"wp","href":"https:\/\/api.w.org\/{rel}","templated":true}]}}