{"id":28841,"date":"2025-04-16T14:48:39","date_gmt":"2025-04-16T12:48:39","guid":{"rendered":"https:\/\/kobra.si\/spletna-trgovina-kobra\/skatla-za-shranjevanje-tesla-baseus-siva\/"},"modified":"2026-03-18T20:52:06","modified_gmt":"2026-03-18T19:52:06","slug":"skatla-za-shranjevanje-tesla-baseus-siva","status":"publish","type":"product","link":"https:\/\/kobra.si\/en\/spletna-trgovina-kobra\/skatla-za-shranjevanje-tesla-baseus-siva\/","title":{"rendered":"\u0160katla za shranjevanje Tesla Baseus (siva)"},"content":{"rendered":"<h3>Zabojnik za avtomobil Tesla proizvajalca Baseus (siv)<\/h3>\n<p>Baseus BS-TS009 je zabojnik za avtomobile, zasnovan posebej za vozila Tesla 3 in Tesla Y. Popolnoma se prilega globokemu odlagalnemu prostoru, ki se nahaja med voznikovim in sovoznikovim sede\u017eem, kar omogo\u010da bolj\u0161o organizacijo notranjega prostora.<\/p>\n<p><img decoding=\"async\" src=\"https:\/\/assets.innpro.pl\/1055\/1146\/6.jpg\" border=\"0\" alt=\"\" title=\"\"><\/p>\n<h3>Tri globine<\/h3>\n<p>Zabojnik je opremljen s tremi okvirji razli\u010dnih vi\u0161in, zato lahko izberete sebi najprimernej\u0161o globino. Vanj lahko shranite najnujnej\u0161e predmete, kot so telefon, hi\u0161ni klju\u010di ali denarnica, pod njim pa ve\u010dje in manj pogosto uporabljane predmete, kot so svetilka, slu\u0161alke, son\u010dna o\u010dala itd.<\/p>\n<p><img decoding=\"async\" src=\"https:\/\/assets.innpro.pl\/1055\/1146\/1.jpg\" border=\"0\" alt=\"\" title=\"\"><\/p>\n<h3>Preprostost in vzdr\u017eljivost<\/h3>\n<p>Namestitev posode je zelo preprosta in neinvazivna &#8211; preprosto jo potisnite v predal\u010dek in \u017ee je pripravljena za uporabo. \u0160e ve\u010d, za dostop do predmetov v globljem delu komore jo morate le potisniti naprej, kot bi zapirali predal. Posoda je izdelana iz zelo trpe\u017enega silikona FGS (Food Grade Silicone), ki je odporen na obrabo in visoke temperature &#8211; poleg tega je brez vonja, ne nabira prahu ter bla\u017ei in uti\u0161a predmete, ki se premikajo v njem. Po potrebi ga je zelo enostavno o\u010distiti.<\/p>\n<p><img decoding=\"async\" src=\"https:\/\/assets.innpro.pl\/1055\/1146\/3.jpg\" border=\"0\" alt=\"\" title=\"\"><\/p>\n<h3>Vsebina kompleta<\/h3>\n<p>Posoda<\/p>\n<p>Okvir x 3<\/p>\n<div class=\"table-wrapper\">\n<table>\n<tbody>\n<tr>\n<th>Blagovna znamka <\/th>\n<td>Baseus <\/td>\n<\/tr>\n<tr>\n<th>Model <\/th>\n<td>BS-TS009<\/td>\n<\/tr>\n<tr>\n<th>Color <\/th>\n<td>Siva <\/td>\n<\/tr>\n<tr>\n<th>Material <\/th>\n<td>ABS + PC in silikon<\/td>\n<\/tr>\n<tr>\n<th>Dimenzije <\/th>\n<td>166 x 38 x 191 mm <\/td>\n<\/tr>\n<tr>\n<th>Zdru\u017eljivost <\/th>\n<td>Tesla 3\/Y<\/td>\n<\/tr>\n<tr>\n<th><\/th>\n<td><\/td>\n<\/tr>\n<\/tbody>\n<\/table>\n<\/div>","protected":false},"excerpt":{"rendered":"<p>Na zalogi pri zunanjem dobavitelju. Rok dobave 3-5 dni.<\/p>","protected":false},"featured_media":28832,"template":"","meta":{"_monsterinsights_skip_tracking":false,"_monsterinsights_sitenote_active":false,"_monsterinsights_sitenote_note":"","_monsterinsights_sitenote_category":0},"product_brand":[],"product_cat":[281,284,255],"product_tag":[],"class_list":{"0":"post-28841","1":"product","2":"type-product","3":"status-publish","4":"has-post-thumbnail","6":"product_cat-avto-oprema-2","7":"product_cat-tesla-dodatki","8":"product_cat-vsi","10":"first","11":"instock","12":"taxable","13":"shipping-taxable","14":"purchasable","15":"product-type-simple"},"jetpack_sharing_enabled":true,"_links":{"self":[{"href":"https:\/\/kobra.si\/en\/wp-json\/wp\/v2\/product\/28841","targetHints":{"allow":["GET"]}}],"collection":[{"href":"https:\/\/kobra.si\/en\/wp-json\/wp\/v2\/product"}],"about":[{"href":"https:\/\/kobra.si\/en\/wp-json\/wp\/v2\/types\/product"}],"version-history":[{"count":1,"href":"https:\/\/kobra.si\/en\/wp-json\/wp\/v2\/product\/28841\/revisions"}],"predecessor-version":[{"id":28951,"href":"https:\/\/kobra.si\/en\/wp-json\/wp\/v2\/product\/28841\/revisions\/28951"}],"wp:featuredmedia":[{"embeddable":true,"href":"https:\/\/kobra.si\/en\/wp-json\/wp\/v2\/media\/28832"}],"wp:attachment":[{"href":"https:\/\/kobra.si\/en\/wp-json\/wp\/v2\/media?parent=28841"}],"wp:term":[{"taxonomy":"product_brand","embeddable":true,"href":"https:\/\/kobra.si\/en\/wp-json\/wp\/v2\/product_brand?post=28841"},{"taxonomy":"product_cat","embeddable":true,"href":"https:\/\/kobra.si\/en\/wp-json\/wp\/v2\/product_cat?post=28841"},{"taxonomy":"product_tag","embeddable":true,"href":"https:\/\/kobra.si\/en\/wp-json\/wp\/v2\/product_tag?post=28841"}],"curies":[{"name":"wp","href":"https:\/\/api.w.org\/{rel}","templated":true}]}}