{"id":28812,"date":"2025-04-16T14:47:36","date_gmt":"2025-04-16T12:47:36","guid":{"rendered":"https:\/\/kobra.si\/spletna-trgovina-kobra\/kaljeno-steklo-baseus-crystal-03-mm-za-tesla-model-x-s-17\/"},"modified":"2026-04-13T20:47:10","modified_gmt":"2026-04-13T18:47:10","slug":"kaljeno-steklo-baseus-crystal-03-mm-za-tesla-model-x-s-17","status":"publish","type":"product","link":"https:\/\/kobra.si\/en\/spletna-trgovina-kobra\/kaljeno-steklo-baseus-crystal-03-mm-za-tesla-model-x-s-17\/","title":{"rendered":"Kaljeno steklo Baseus Crystal 0,3 mm za Tesla model X\/S 17&#8221;"},"content":{"rendered":"<h3>Baseus Crystal kaljeno steklo za Tesla X\/S <\/h3>\n<p>Poskrbite, da bo va\u0161a Tesla ostala nedotaknjena. Pomagalo vam bo kaljeno steklo Baseus Crystal, ki ga odlikujeta debelina 0,3 mm in diagonala 17&#8243; ter bo za\u0161\u010ditilo zaslon na dotik va\u0161ega avtomobila. Steklo je bilo zasnovano z mislijo na Teslo X\/S, zato se popolnoma prilega zaslonu, zagotavlja hiter odziv na dotik in je odporno na prstne odtise. Zagotavlja tudi odli\u010dno vidljivost v lo\u010dljivosti 8K, je neodsevno in zelo odporno na praske.<\/p>\n<p><img decoding=\"async\" src=\"https:\/\/b2b.innpro.pl\/data\/include\/cms\/-Baseus\/SGBL062502\/1.jpg\" title=\"\"><\/p>\n<h3>Solidna zmogljivost<\/h3>\n<p>Kaljeno steklo Baseus Crystal je sestavljeno iz petih plasti, ki z visoko u\u010dinkovitostjo prepre\u010dujejo praske in po\u0161kodbe. Steklo Baseus Crystal je izjemno odporno, hkrati pa zaradi svoje debeline 0,3 mm omogo\u010da, da ohranite takoj\u0161en odziv na dotik. Zaradi uporabe antirefleksnega premaza se zaslon ne odbija in zagotavlja odli\u010dno vidljivost tako na son\u010den dan kot v temni no\u010di. <\/p>\n<p><img decoding=\"async\" src=\"https:\/\/b2b.innpro.pl\/data\/include\/cms\/-Baseus\/SGBL062502\/2.jpg\" title=\"\"><\/p>\n<h3>Easy installation<\/h3>\n<p>Namestitev kaljenega stekla Baseus Crystal traja nekaj sekund in je trivialna. Vse, kar morate storiti, je, da z brisalcem na alkoholni osnovi odstranite made\u017ee in razmastite povr\u0161ino zaslona. Nato obri\u0161ite zaslon s suho krpo in z nalepko odstranite prah. Pri lepljenju stekla vam bo pomagalo posebno orodje, s katerim ga boste lahko popolnoma prilagodili zaslonu. V kompletu so vklju\u010deni vsi potrebni pripomo\u010dki. <\/p>\n<p><img decoding=\"async\" src=\"https:\/\/b2b.innpro.pl\/data\/include\/cms\/-Baseus\/SGBL062502\/4.jpg\" title=\"\"><\/p>\n<div class=\"table-wrapper\">\n<table>\n<tbody>\n<tr>\n<th>Proizvajalec<\/th>\n<td>Baseus<\/td>\n<\/tr>\n<tr>\n<th>Ime<\/th>\n<td>Baseus Kristalno kaljeno steklo<\/td>\n<\/tr>\n<tr>\n<th>Model<\/th>\n<td>SGBL062502<\/td>\n<\/tr>\n<tr>\n<th>Debelina<\/th>\n<td>0,3 mm<\/td>\n<\/tr>\n<tr>\n<th>Velikost<\/th>\n<td>17&#8243;<\/td>\n<\/tr>\n<tr>\n<th>Zdru\u017eljivost<\/th>\n<td>Tesla X\/S<\/td>\n<\/tr>\n<\/tbody>\n<\/table>\n<\/div>","protected":false},"excerpt":{"rendered":"<p>Na zalogi pri zunanjem dobavitelju. Rok dobave 3-5 dni.<\/p>","protected":false},"featured_media":28806,"template":"","meta":{"_monsterinsights_skip_tracking":false,"_monsterinsights_sitenote_active":false,"_monsterinsights_sitenote_note":"","_monsterinsights_sitenote_category":0},"product_brand":[],"product_cat":[281,284,255],"product_tag":[],"class_list":{"0":"post-28812","1":"product","2":"type-product","3":"status-publish","4":"has-post-thumbnail","6":"product_cat-avto-oprema-2","7":"product_cat-tesla-dodatki","8":"product_cat-vsi","10":"first","11":"instock","12":"taxable","13":"shipping-taxable","14":"purchasable","15":"product-type-simple"},"jetpack_sharing_enabled":true,"_links":{"self":[{"href":"https:\/\/kobra.si\/en\/wp-json\/wp\/v2\/product\/28812","targetHints":{"allow":["GET"]}}],"collection":[{"href":"https:\/\/kobra.si\/en\/wp-json\/wp\/v2\/product"}],"about":[{"href":"https:\/\/kobra.si\/en\/wp-json\/wp\/v2\/types\/product"}],"version-history":[{"count":2,"href":"https:\/\/kobra.si\/en\/wp-json\/wp\/v2\/product\/28812\/revisions"}],"predecessor-version":[{"id":28948,"href":"https:\/\/kobra.si\/en\/wp-json\/wp\/v2\/product\/28812\/revisions\/28948"}],"wp:featuredmedia":[{"embeddable":true,"href":"https:\/\/kobra.si\/en\/wp-json\/wp\/v2\/media\/28806"}],"wp:attachment":[{"href":"https:\/\/kobra.si\/en\/wp-json\/wp\/v2\/media?parent=28812"}],"wp:term":[{"taxonomy":"product_brand","embeddable":true,"href":"https:\/\/kobra.si\/en\/wp-json\/wp\/v2\/product_brand?post=28812"},{"taxonomy":"product_cat","embeddable":true,"href":"https:\/\/kobra.si\/en\/wp-json\/wp\/v2\/product_cat?post=28812"},{"taxonomy":"product_tag","embeddable":true,"href":"https:\/\/kobra.si\/en\/wp-json\/wp\/v2\/product_tag?post=28812"}],"curies":[{"name":"wp","href":"https:\/\/api.w.org\/{rel}","templated":true}]}}