{"id":28748,"date":"2025-04-13T20:42:41","date_gmt":"2025-04-13T18:42:41","guid":{"rendered":"https:\/\/kobra.si\/spletna-trgovina-kobra\/besen-stenski-polnilec-za-elektricne-avtomobile-f30-app\/"},"modified":"2026-02-09T20:59:51","modified_gmt":"2026-02-09T19:59:51","slug":"besen-stenski-polnilec-za-elektricne-avtomobile-f30-app","status":"publish","type":"product","link":"https:\/\/kobra.si\/en\/spletna-trgovina-kobra\/besen-stenski-polnilec-za-elektricne-avtomobile-f30-app\/","title":{"rendered":"Besen stenski polnilec za elektri\u010dne avtomobile F30 APP"},"content":{"rendered":"<h3>Besen F30 APP stenski polnilec za elektri\u010dne avtomobile<\/h3>\n<p>Besen F30 je stenski polnilnik za elektri\u010dne avtomobile, ki ponuja najve\u010djo mo\u010d polnjenja do 7,2 kW v enofaznem na\u010dinu in 22kw v trofaznem na\u010dinu. Opremljen je s pametnim \u010dipom in LCD-zaslonom ter omogo\u010da popoln nadzor nad postopkom polnjenja, pri \u010demer prikazuje klju\u010dne informacije o jakosti toka, mo\u010di in \u010dasu polnjenja. Z namensko aplikacijo EVSEMaster lahko uporabniki prilagodijo nastavitve polnjenja, na\u010drtujejo urnike in spremljajo zgodovino sej polnjenja.<\/p>\n<p>\n<img decoding=\"async\" border=\"0\" src=\"https:\/\/assets.innpro.pl\/9102\/10631\/8.jpg\" title=\"\">\n<\/p>\n<h3>Pametni nadzor in prilagajanje postopka polnjenja<\/h3>\n<p>Polnilnik Besen F30 odlikuje vgrajen pametni \u010dip, ki spremlja in optimizira proces polnjenja ter parametre prilagaja trenutnim potrebam vozila in uporabnika. Zaslon LCD pa v realnem \u010dasu zagotavlja informacije o toku, mo\u010di polnjenja in trajanju seje, kar omogo\u010da natan\u010dno upravljanje energije.<\/p>\n<p>\n<img decoding=\"async\" border=\"0\" src=\"https:\/\/assets.innpro.pl\/9102\/10631\/3.jpg\" title=\"\">\n<\/p>\n<h3>Z aplikacijo \u0161e bolj priro\u010dno<\/h3>\n<p>Z namensko aplikacijo EVSEMaster lahko prilagodite delovanje polnilnika. V njej lahko na\u010drtujete polnjenje ter nastavite najvi\u0161jo raven in \u010das polnjenja za svoje vozilo. Pridobite tudi dostop do zgodovine polnjenja, ki jo lahko prenesete in delite. Aplikacija se s polnilnikom pove\u017ee prek povezave Bluetooth in je na voljo v trgovinah Google Play in App Store.<\/p>\n<p>\n<img decoding=\"async\" border=\"0\" src=\"https:\/\/assets.innpro.pl\/9102\/10631\/4.jpg\" title=\"\">\n<\/p>\n<h3>Napredne varnostne funkcije<\/h3>\n<p>Naprava Besen F30 je zasnovana za najve\u010djo varnost uporabnikov. Polnilec ima \u0161tevilne varnostne funkcije, vklju\u010dno z za\u0161\u010dito pred odprtim tokokrogom, za\u0161\u010dito pred nizko napetostjo in za\u0161\u010dito pred ozemljitvijo. Poleg tega opozorilne in nadzorne funkcije zaznavajo nepravilnosti v stanju polnjenja, kar zmanj\u0161uje tveganje okvare ter \u0161\u010diti uporabnike in vozila.<\/p>\n<p>\n<img decoding=\"async\" border=\"0\" src=\"https:\/\/assets.innpro.pl\/9102\/10631\/2.jpg\" title=\"\">\n<\/p>\n<h3>Vzdr\u017eljivost in vsestranskost v vseh pogojih<\/h3>\n<p>Napravo F30 odlikuje robustna konstrukcija iz ABS in osebnega ra\u010dunalnika, ki zagotavlja odpornost na mehanske po\u0161kodbe in te\u017eke vremenske razmere. Z oznako IP66 je polnilnik za\u0161\u010diten pred vodo in prahom, kar omogo\u010da varno uporabo. Poleg tega ima certifikata CE in FCC, ki potrjujeta skladnost z mednarodnimi varnostnimi in kakovostnimi standardi.<\/p>\n<p>\n<img decoding=\"async\" border=\"0\" src=\"https:\/\/assets.innpro.pl\/9102\/10631\/6.jpg\" title=\"\">\n<\/p>\n<h3>Prilagodljivost in zmogljivost polnjenja<\/h3>\n<p>Naprava Besen F30 je zdru\u017eljiva s \u0161irokim razponom napetosti (100 V-250 V) in ponuja nastavljiv tok (16\/32 A), kar vam omogo\u010da, da mo\u010d polnjenja prilagodite posebnim zahtevam svojega vozila. Najve\u010dja polnilna mo\u010d 7,2 kW zagotavlja hitro in u\u010dinkovito dopolnjevanje energije, zaradi temperaturnega obmo\u010dja delovanja od -25 \u00b0C do 55 \u00b0C pa je polnilnik primeren za najrazli\u010dnej\u0161e podnebne razmere, kar zagotavlja zanesljivost skozi vse leto.<\/p>\n<p>\n<img decoding=\"async\" border=\"0\" src=\"https:\/\/assets.innpro.pl\/9102\/10631\/7.jpg\" title=\"\">\n<\/p>\n<div class=\"table-wrapper\">\n<h3><\/h3>\n<table>\n<tbody>\n<tr>\n<th>Proizvajalec<\/th>\n<td>Besen<\/td>\n<\/tr>\n<tr>\n<th>Model<\/th>\n<td>F30 APP<\/td>\n<\/tr>\n<tr>\n<th>Mesto namestitve<\/th>\n<td>Stena\/stojalo<\/td>\n<\/tr>\n<tr>\n<th>Na\u010din<\/th>\n<td>C (z vti\u010dem)<\/td>\n<\/tr>\n<tr>\n<th>Certificiranje<\/th>\n<td>CE, FCC<\/td>\n<\/tr>\n<tr>\n<th>Stopnja za\u0161\u010dite<\/th>\n<td>IP66<\/td>\n<\/tr>\n<tr>\n<th>Nazivna napetost<\/th>\n<td>100-250 V<\/td>\n<\/tr>\n<tr>\n<th>Nazivni tok<\/th>\n<td>16\/32A<\/td>\n<\/tr>\n<tr>\n<th>Najve\u010dja mo\u010d<\/th>\n<td>3,6 kW\/7,2 kW\/22kw<\/td>\n<\/tr>\n<tr>\n<th>Na\u010din faze<\/th>\n<td>enofazni\/trofazni<\/td>\n<\/tr>\n<tr>\n<th>Working temperature<\/th>\n<td>-25 \u00b0C ~ 55 \u00b0C<\/td>\n<\/tr>\n<tr>\n<th>Material ohi\u0161ja<\/th>\n<td>ABS + PC<\/td>\n<\/tr>\n<tr>\n<th>Uporaba<\/th>\n<td>EVSEMaster<\/td>\n<\/tr>\n<\/tbody>\n<\/table>\n<\/div>","protected":false},"excerpt":{"rendered":"<p>Na zalogi pri zunanjem dobavitelju. Rok dostave 3-5dni.<\/p>","protected":false},"featured_media":29753,"template":"","meta":{"_monsterinsights_skip_tracking":false,"_monsterinsights_sitenote_active":false,"_monsterinsights_sitenote_note":"","_monsterinsights_sitenote_category":0},"product_brand":[],"product_cat":[101,278,255],"product_tag":[],"class_list":{"0":"post-28748","1":"product","2":"type-product","3":"status-publish","4":"has-post-thumbnail","6":"product_cat-pametni-dom","7":"product_cat-polnilnice-za-elektricna-vozila","8":"product_cat-vsi","10":"first","11":"outofstock","12":"taxable","13":"shipping-taxable","14":"purchasable","15":"product-type-simple"},"jetpack_sharing_enabled":true,"_links":{"self":[{"href":"https:\/\/kobra.si\/en\/wp-json\/wp\/v2\/product\/28748","targetHints":{"allow":["GET"]}}],"collection":[{"href":"https:\/\/kobra.si\/en\/wp-json\/wp\/v2\/product"}],"about":[{"href":"https:\/\/kobra.si\/en\/wp-json\/wp\/v2\/types\/product"}],"version-history":[{"count":2,"href":"https:\/\/kobra.si\/en\/wp-json\/wp\/v2\/product\/28748\/revisions"}],"predecessor-version":[{"id":29728,"href":"https:\/\/kobra.si\/en\/wp-json\/wp\/v2\/product\/28748\/revisions\/29728"}],"wp:featuredmedia":[{"embeddable":true,"href":"https:\/\/kobra.si\/en\/wp-json\/wp\/v2\/media\/29753"}],"wp:attachment":[{"href":"https:\/\/kobra.si\/en\/wp-json\/wp\/v2\/media?parent=28748"}],"wp:term":[{"taxonomy":"product_brand","embeddable":true,"href":"https:\/\/kobra.si\/en\/wp-json\/wp\/v2\/product_brand?post=28748"},{"taxonomy":"product_cat","embeddable":true,"href":"https:\/\/kobra.si\/en\/wp-json\/wp\/v2\/product_cat?post=28748"},{"taxonomy":"product_tag","embeddable":true,"href":"https:\/\/kobra.si\/en\/wp-json\/wp\/v2\/product_tag?post=28748"}],"curies":[{"name":"wp","href":"https:\/\/api.w.org\/{rel}","templated":true}]}}