{"id":28706,"date":"2025-04-11T15:01:45","date_gmt":"2025-04-11T13:01:45","guid":{"rendered":"https:\/\/kobra.si\/spletna-trgovina-kobra\/apexel-apl-fl25-led-namizna-svetilka\/"},"modified":"2025-12-01T09:58:29","modified_gmt":"2025-12-01T08:58:29","slug":"apexel-apl-fl25-led-namizna-svetilka","status":"publish","type":"product","link":"https:\/\/kobra.si\/en\/spletna-trgovina-kobra\/apexel-apl-fl25-led-namizna-svetilka\/","title":{"rendered":"Apexel APL-FL25 LED namizna svetilka"},"content":{"rendered":"<h3>Apexel APL-FL25 LED namizna svetilka<\/h3>\n<p>Namizna svetilka Apexel APL-FL25 LED je funkcionalna re\u0161itev, ki je kot nala\u0161\u010d za vsak prostor &#8211; od doma\u010de pisarne do delovnega prostora in prostora za pretakanje. S svojo prefinjeno zasnovo in premi\u0161ljenimi funkcijami, kot sta nastavitev svetlosti in izbirni na\u010dini osvetlitve, svetilka ponuja udobje in se v vsakem trenutku prilagodi va\u0161im potrebam.<\/p>\n<p>\n<img decoding=\"async\" border=\"0\" src=\"https:\/\/assets.innpro.pl\/11324\/13430\/5.jpg\" title=\"\">\n<\/p>\n<h3>Osvetlitev po va\u0161i meri<\/h3>\n<p>Svetilka Apexel APL-FL25 omogo\u010da izbiro treh na\u010dinov osvetlitve: hladnega, naravnega in toplega, s \u010dimer lahko ustvarite pravo vzdu\u0161je glede na \u010das dneva in dejavnosti, ki jih opravljate. Poleg tega vam nadzor nad intenzivnostjo svetlobe omogo\u010da 10-stopenjsko uravnavanje svetlosti &#8211; od mehkega, prijetnega sijaja do polne intenzivnosti, ki je idealna za delo. Z visokim indeksom barvne reprodukcije CRI &gt;95 svetilka zvesto reproducira barve okolice.<\/p>\n<p>\n<img decoding=\"async\" border=\"0\" src=\"https:\/\/assets.innpro.pl\/11324\/13430\/4.jpg\" title=\"\">\n<\/p>\n<h3>Popolna prilagodljivost<\/h3>\n<p>S svetilko Apexel APL-FL25 lahko nadzorujete vsako podrobnost. \u0160est nastavljivih sklepov in 360-stopinjsko vrtenje glave vam omogo\u010data, da svetilko natan\u010dno namestite, kamor koli jo potrebujete. Razpon osvetlitve zna\u0161a pribli\u017eno 110 cm, kar vam omogo\u010da neomejene mo\u017enosti. Svetilka je izdelana iz trpe\u017ene aluminijeve zlitine in zdru\u017euje lahkotnost s trdnostjo.<\/p>\n<p>\n<img decoding=\"async\" border=\"0\" src=\"https:\/\/assets.innpro.pl\/11324\/13430\/6.jpg\" title=\"\">\n<\/p>\n<h3>Prihranite prostor in imejte vse pri roki<\/h3>\n<p>Svetilka Apexel APL-FL25 ne zagotavlja le udobja, temve\u010d poskrbi tudi za urejenost va\u0161e mize. Njena inovativna zasnova prihrani prostor, hkrati pa zagotavlja stabilnost. Namestitev je hitra in preprosta &#8211; svetilka se varno pritrdi na mizno plo\u0161\u010do debeline do pribli\u017eno 6 cm, zato vam ni treba skrbeti, da bi jo premikali. Poleg tega jo napaja kabel USB, zato jo lahko priro\u010dno priklju\u010dite v vrata USB na ra\u010dunalniku, prenosnem ra\u010dunalniku ali banki energije.<\/p>\n<p>\n<img decoding=\"async\" border=\"0\" src=\"https:\/\/assets.innpro.pl\/11324\/13430\/1.jpg\" title=\"\">\n<\/p>\n<h3>Prilo\u017eeno:<\/h3>\n<ul class=\"list-disc pl-5\">\n<li>Priklju\u010dek: namizna svetilka<\/li>\n<li>Trito\u010dkovna roka<\/li>\n<li>Pritrdilna sponka<\/li>\n<li>Klju\u010d za pritrditev<\/li>\n<\/ul>\n<div class=\"table-wrapper\">\n<h3><\/h3>\n<table>\n<tbody>\n<tr>\n<th>Proizvajalec<\/th>\n<td>Apexel<\/td>\n<\/tr>\n<tr>\n<th>Model<\/th>\n<td>APL-FL25<\/td>\n<\/tr>\n<tr>\n<th>Power supply<\/th>\n<td>2800 lm<\/td>\n<\/tr>\n<tr>\n<th>Razpon barvne temperature<\/th>\n<td>3300K-4500K-5600K<\/td>\n<\/tr>\n<tr>\n<th>CRI<\/th>\n<td>&gt;95<\/td>\n<\/tr>\n<tr>\n<th>Nastavitev stopnje svetlosti<\/th>\n<td>Da, na 10 ravneh<\/td>\n<\/tr>\n<tr>\n<th>Power supply<\/th>\n<td>Kabel USB<\/td>\n<\/tr>\n<\/tbody>\n<\/table>\n<\/div>","protected":false},"excerpt":{"rendered":"<p>Na zalogi pri zunanjem dobavitelju. Rok dobave 3-7 delovnih dni.<\/p>","protected":false},"featured_media":28704,"template":"","meta":{"_monsterinsights_skip_tracking":false,"_monsterinsights_sitenote_active":false,"_monsterinsights_sitenote_note":"","_monsterinsights_sitenote_category":0},"product_brand":[],"product_cat":[61,277,255],"product_tag":[],"class_list":{"0":"post-28706","1":"product","2":"type-product","3":"status-publish","4":"has-post-thumbnail","6":"product_cat-dodatki","7":"product_cat-stojala-in-drzala","8":"product_cat-vsi","10":"first","11":"outofstock","12":"taxable","13":"shipping-taxable","14":"purchasable","15":"product-type-simple"},"jetpack_sharing_enabled":true,"_links":{"self":[{"href":"https:\/\/kobra.si\/en\/wp-json\/wp\/v2\/product\/28706","targetHints":{"allow":["GET"]}}],"collection":[{"href":"https:\/\/kobra.si\/en\/wp-json\/wp\/v2\/product"}],"about":[{"href":"https:\/\/kobra.si\/en\/wp-json\/wp\/v2\/types\/product"}],"version-history":[{"count":2,"href":"https:\/\/kobra.si\/en\/wp-json\/wp\/v2\/product\/28706\/revisions"}],"predecessor-version":[{"id":31569,"href":"https:\/\/kobra.si\/en\/wp-json\/wp\/v2\/product\/28706\/revisions\/31569"}],"wp:featuredmedia":[{"embeddable":true,"href":"https:\/\/kobra.si\/en\/wp-json\/wp\/v2\/media\/28704"}],"wp:attachment":[{"href":"https:\/\/kobra.si\/en\/wp-json\/wp\/v2\/media?parent=28706"}],"wp:term":[{"taxonomy":"product_brand","embeddable":true,"href":"https:\/\/kobra.si\/en\/wp-json\/wp\/v2\/product_brand?post=28706"},{"taxonomy":"product_cat","embeddable":true,"href":"https:\/\/kobra.si\/en\/wp-json\/wp\/v2\/product_cat?post=28706"},{"taxonomy":"product_tag","embeddable":true,"href":"https:\/\/kobra.si\/en\/wp-json\/wp\/v2\/product_tag?post=28706"}],"curies":[{"name":"wp","href":"https:\/\/api.w.org\/{rel}","templated":true}]}}