{"id":28703,"date":"2025-04-11T15:01:36","date_gmt":"2025-04-11T13:01:36","guid":{"rendered":"https:\/\/kobra.si\/spletna-trgovina-kobra\/apexel-apl-fl20-luc-za-stativ-obroc-crna\/"},"modified":"2025-12-01T09:58:31","modified_gmt":"2025-12-01T08:58:31","slug":"apexel-apl-fl20-luc-za-stativ-obroc-crna","status":"publish","type":"product","link":"https:\/\/kobra.si\/en\/spletna-trgovina-kobra\/apexel-apl-fl20-luc-za-stativ-obroc-crna\/","title":{"rendered":"APEXEL APL-FL20 lu\u010d za stativ\/obro\u010d (\u010drna)"},"content":{"rendered":"<h3>Apexel APL-FL20 LED obro\u010dna svetilka.<\/h3>\n<p>Apexel APL-FL20 je inovativna obro\u010dna lu\u010d LED, ki je idealna za fotografiranje, videokonference, li\u010denje in oddajanje v \u017eivo. Zaradi pametne zasnove iz aluminijeve zlitine in dvojnih vrst diod LED zagotavlja svetlo in enakomerno osvetlitev v vseh pogojih.<\/p>\n<p>\n<img decoding=\"async\" border=\"0\" src=\"https:\/\/assets.innpro.pl\/7732\/8982\/2.jpg\" title=\"\">\n<\/p>\n<h3>Trije na\u010dini barvne temperature in nadzor svetlosti<\/h3>\n<p>S tremi na\u010dini barvne temperature (2700 K, 4000 K, 5500 K) in desetstopenjskim nadzorom svetlosti vam APL-FL20 omogo\u010da, da osvetlitev prilagodite svojim potrebam. Ne glede na to, ali potrebujete toplo, naravno ali hladno svetlobo, vam bo izdelek zagotovil optimalne pogoje za delo ali ustvarjanje videa.<\/p>\n<p>\n<img decoding=\"async\" border=\"0\" src=\"https:\/\/assets.innpro.pl\/7732\/8982\/1.jpg\" title=\"\">\n<\/p>\n<h3>Napajanje prek USB<\/h3>\n<p>APL-FL20 se napaja s priklju\u010dkom USB-A, zato je njegova uporaba izjemno priro\u010dna. Zaradi mo\u017enosti priklju\u010ditve na prenosne ra\u010dunalnike, ra\u010dunalnike, napajalnike ali polnilnike USB je idealen tako za doma\u010do uporabo kot za potovanja.<\/p>\n<p>\n<img decoding=\"async\" border=\"0\" src=\"https:\/\/assets.innpro.pl\/7732\/8982\/8.jpg\" title=\"\">\n<\/p>\n<h3>Lahek in vzdr\u017eljiv<\/h3>\n<p>Izdelek je izdelan iz visokokakovostne aluminijeve zlitine, zato je zelo trpe\u017een, a hkrati lahek &#8211; tehta le 0,6 kg. Zaradi tega ga je enostavno prena\u0161ati in sestavljati, hkrati pa zagotavlja stabilnost in dolgo \u017eivljenjsko dobo. Ne bojte se, da bi vam prehitro zavrnil slu\u017eenje!<\/p>\n<p>\n<img decoding=\"async\" border=\"0\" src=\"https:\/\/assets.innpro.pl\/7732\/8982\/6.jpg\" title=\"\">\n<\/p>\n<h3>\u0160tevilne mo\u017enosti uporabe<\/h3>\n<p>Obro\u010dna lu\u010d Apexel APL-FL20 je opremljena z nastavljivimi rokami in se vrti za 360\u00b0, kar vam omogo\u010da, da preprosto prilagodite njen polo\u017eaj svojim individualnim potrebam. Zato je idealna za fotografiranje in snemanje videoposnetkov, pa tudi za pisarni\u0161ko delo ali li\u010denje.<\/p>\n<p>\n<img decoding=\"async\" border=\"0\" src=\"https:\/\/assets.innpro.pl\/7732\/8982\/7.jpg\" title=\"\">\n<\/p>\n<h3>Intuitivno upravljanje in \u0161iroka zdru\u017eljivost<\/h3>\n<p>Daljinski upravljalnik, ki je vgrajen v kabel, vam omogo\u010da hitro preklapljanje med na\u010dini osvetlitve in prilagajanje svetlosti. Poleg tega dr\u017ealo za mobilno napravo in adapter za fotoaparat zagotavljata \u0161iroko zdru\u017eljivost izdelka z razli\u010dnimi napravami.<\/p>\n<p>\n<img decoding=\"async\" border=\"0\" src=\"https:\/\/assets.innpro.pl\/7732\/8982\/4.jpg\" title=\"\">\n<\/p>\n<div class=\"table-wrapper\">\n<h3><\/h3>\n<table>\n<tbody>\n<tr>\n<th>Proizvajalec<\/th>\n<td>Apexel<\/td>\n<\/tr>\n<tr>\n<th>Model<\/th>\n<td>APL-FL20<\/td>\n<\/tr>\n<tr>\n<th>Napajalnik<\/th>\n<td>USB-A<\/td>\n<\/tr>\n<tr>\n<th>Barvna temperatura<\/th>\n<td>2700 K &#8211; 4000 K &#8211; 5500 K<\/td>\n<\/tr>\n<tr>\n<th>Nastavitev svetlosti<\/th>\n<td>Da<\/td>\n<\/tr>\n<tr>\n<th>Material<\/th>\n<td>Zlitina aluminija<\/td>\n<\/tr>\n<tr>\n<th>Dol\u017eina kabla<\/th>\n<td>1,8 m<\/td>\n<\/tr>\n<\/tbody>\n<\/table>\n<\/div>","protected":false},"excerpt":{"rendered":"<p>Na zalogi pri zunanjem dobavitelju. Rok dobave 3-7 delovnih dni.<\/p>","protected":false},"featured_media":28701,"template":"","meta":{"_monsterinsights_skip_tracking":false,"_monsterinsights_sitenote_active":false,"_monsterinsights_sitenote_note":"","_monsterinsights_sitenote_category":0},"product_brand":[],"product_cat":[61,277,255],"product_tag":[],"class_list":{"0":"post-28703","1":"product","2":"type-product","3":"status-publish","4":"has-post-thumbnail","6":"product_cat-dodatki","7":"product_cat-stojala-in-drzala","8":"product_cat-vsi","10":"first","11":"instock","12":"taxable","13":"shipping-taxable","14":"purchasable","15":"product-type-simple"},"jetpack_sharing_enabled":true,"_links":{"self":[{"href":"https:\/\/kobra.si\/en\/wp-json\/wp\/v2\/product\/28703","targetHints":{"allow":["GET"]}}],"collection":[{"href":"https:\/\/kobra.si\/en\/wp-json\/wp\/v2\/product"}],"about":[{"href":"https:\/\/kobra.si\/en\/wp-json\/wp\/v2\/types\/product"}],"version-history":[{"count":2,"href":"https:\/\/kobra.si\/en\/wp-json\/wp\/v2\/product\/28703\/revisions"}],"predecessor-version":[{"id":31568,"href":"https:\/\/kobra.si\/en\/wp-json\/wp\/v2\/product\/28703\/revisions\/31568"}],"wp:featuredmedia":[{"embeddable":true,"href":"https:\/\/kobra.si\/en\/wp-json\/wp\/v2\/media\/28701"}],"wp:attachment":[{"href":"https:\/\/kobra.si\/en\/wp-json\/wp\/v2\/media?parent=28703"}],"wp:term":[{"taxonomy":"product_brand","embeddable":true,"href":"https:\/\/kobra.si\/en\/wp-json\/wp\/v2\/product_brand?post=28703"},{"taxonomy":"product_cat","embeddable":true,"href":"https:\/\/kobra.si\/en\/wp-json\/wp\/v2\/product_cat?post=28703"},{"taxonomy":"product_tag","embeddable":true,"href":"https:\/\/kobra.si\/en\/wp-json\/wp\/v2\/product_tag?post=28703"}],"curies":[{"name":"wp","href":"https:\/\/api.w.org\/{rel}","templated":true}]}}