{"id":28691,"date":"2025-04-11T15:00:49","date_gmt":"2025-04-11T13:00:49","guid":{"rendered":"https:\/\/kobra.si\/spletna-trgovina-kobra\/nosilec-za-telefon-stativ-apexel-apl-jj21fl-z-led-lucko-crn\/"},"modified":"2025-12-01T09:58:32","modified_gmt":"2025-12-01T08:58:32","slug":"nosilec-za-telefon-stativ-apexel-apl-jj21fl-z-led-lucko-crn","status":"publish","type":"product","link":"https:\/\/kobra.si\/en\/spletna-trgovina-kobra\/nosilec-za-telefon-stativ-apexel-apl-jj21fl-z-led-lucko-crn\/","title":{"rendered":"Nosilec za telefon\/stativ APEXEL APL-JJ21FL z LED lu\u010dko (\u010drn)"},"content":{"rendered":"<h3>APEXEL APL-JJ21FL dr\u017ealo za telefon\/stojalo z LED lu\u010dko (\u010drno)<\/h3>\n<p><p>V dobi dru\u017eabnih medijev, ko si vsi \u017eelijo, da bi njihove fotografije in videoposnetki izstopali, bo Apexel APL-JJ21FL dr\u017ealo za telefon\/stojalo z lu\u010dko LED nepogre\u0161ljivo orodje za dosego tega cilja. Ta inovativni pripomo\u010dek zdru\u017euje funkcionalnost in vsestranskost ter uporabnikom ponuja novo raven nadzora nad osvetlitvijo pri ustvarjanju vsebin.<\/p>\n<\/p>\n<p><img decoding=\"async\" src=\"https:\/\/assets.innpro.pl\/4260\/4770\/2.jpg\" border=\"0\" alt=\"\" title=\"\"><\/p>\n<h3>Osvetlitev, prilagojena va\u0161im potrebam<\/h3>\n<p><p>Eden od sestavnih delov te naprave je svetilka LED, ki ponuja tri stopnje svetlosti. Tako lahko ne glede na svetlobne razmere intenzivnost svetlobe prilagodite svojim potrebam in tako zagotovite optimalne pogoje za ustvarjanje fotografij ali prenosov v \u017eivo. Poleg tega 12 diod LED zagotavlja enakomerno in mo\u010dno osvetlitev, kar lahko bistveno izbolj\u0161a kakovost va\u0161ega dela.<\/p>\n<\/p>\n<p><img decoding=\"async\" src=\"https:\/\/assets.innpro.pl\/4260\/4770\/1.jpg\" border=\"0\" alt=\"\" title=\"\"><\/p>\n<h3>Vsestranskost in udobje pri uporabi<\/h3>\n<p><p>Za APL-JJ21FL je zna\u010dilna izjemna vsestranskost. Zasnovan je bil za \u0161iroko paleto aplikacij &#8211; od selfijev do oddaj v \u017eivo in snemanja videoposnetkov. Zaradi svoje kompaktne velikosti (135 \u00d7 240 mm) in lahke zasnove (90 g) je ta naprava priro\u010dna za prena\u0161anje in vas lahko spremlja v vsaki situaciji. Poleg tega je nosilec\/stojalo Apexel APL-JJ21FL izdelan iz trpe\u017enih materialov ABS+PC, kar zagotavlja dolgotrajno uporabo in odpornost na vsakodnevno obrabo. Napajanje z dvema baterijama AAA (nista vklju\u010deni).<\/p>\n<\/p>\n<p><img decoding=\"async\" src=\"https:\/\/assets.innpro.pl\/4260\/4770\/5.jpg\" border=\"0\" alt=\"\" title=\"\"><\/p>\n<h3>Vklju\u010deno<\/h3>\n<ul>\n<li>Lu\u010d LED<\/li>\n<li>dr\u017ealo za telefon<\/li>\n<li>stativ<\/li>\n<\/ul>\n<div class=\"table-wrapper\">\n<h3><\/h3>\n<table>\n<tbody>\n<tr>\n<th>Proizvajalec<\/th>\n<td>Apexel <\/td>\n<\/tr>\n<tr>\n<th>Model<\/th>\n<td>APL-JJ21FL<\/td>\n<\/tr>\n<tr>\n<th>Vrsta lu\u010di<\/th>\n<td>Prenosna ro\u010dna svetilka LED s stativom<\/td>\n<\/tr>\n<tr>\n<th>Glavni material <\/th>\n<td>ABS + PC<\/td>\n<\/tr>\n<tr>\n<th>Stopnje svetlosti<\/th>\n<td>3<\/td>\n<\/tr>\n<tr>\n<th>\u0160tevilo diod LED <\/th>\n<td>12 kosov<\/td>\n<\/tr>\n<tr>\n<th>Power supply <\/th>\n<td>x2 baterije AAA<\/td>\n<\/tr>\n<tr>\n<th>Velikost <\/th>\n<td>135 \u00d7 240 mm<\/td>\n<\/tr>\n<tr>\n<th>Neto te\u017ea <\/th>\n<td>90 g<\/td>\n<\/tr>\n<\/tbody>\n<\/table>\n<\/div>","protected":false},"excerpt":{"rendered":"<p>Na zalogi pri zunanjem dobavitelju. Rok dostave 3-5dni.<\/p>","protected":false},"featured_media":28689,"template":"","meta":{"_monsterinsights_skip_tracking":false,"_monsterinsights_sitenote_active":false,"_monsterinsights_sitenote_note":"","_monsterinsights_sitenote_category":0},"product_brand":[],"product_cat":[61,277,255],"product_tag":[],"class_list":{"0":"post-28691","1":"product","2":"type-product","3":"status-publish","4":"has-post-thumbnail","6":"product_cat-dodatki","7":"product_cat-stojala-in-drzala","8":"product_cat-vsi","10":"first","11":"outofstock","12":"taxable","13":"shipping-taxable","14":"purchasable","15":"product-type-simple"},"jetpack_sharing_enabled":true,"_links":{"self":[{"href":"https:\/\/kobra.si\/en\/wp-json\/wp\/v2\/product\/28691","targetHints":{"allow":["GET"]}}],"collection":[{"href":"https:\/\/kobra.si\/en\/wp-json\/wp\/v2\/product"}],"about":[{"href":"https:\/\/kobra.si\/en\/wp-json\/wp\/v2\/types\/product"}],"version-history":[{"count":1,"href":"https:\/\/kobra.si\/en\/wp-json\/wp\/v2\/product\/28691\/revisions"}],"predecessor-version":[{"id":28718,"href":"https:\/\/kobra.si\/en\/wp-json\/wp\/v2\/product\/28691\/revisions\/28718"}],"wp:featuredmedia":[{"embeddable":true,"href":"https:\/\/kobra.si\/en\/wp-json\/wp\/v2\/media\/28689"}],"wp:attachment":[{"href":"https:\/\/kobra.si\/en\/wp-json\/wp\/v2\/media?parent=28691"}],"wp:term":[{"taxonomy":"product_brand","embeddable":true,"href":"https:\/\/kobra.si\/en\/wp-json\/wp\/v2\/product_brand?post=28691"},{"taxonomy":"product_cat","embeddable":true,"href":"https:\/\/kobra.si\/en\/wp-json\/wp\/v2\/product_cat?post=28691"},{"taxonomy":"product_tag","embeddable":true,"href":"https:\/\/kobra.si\/en\/wp-json\/wp\/v2\/product_tag?post=28691"}],"curies":[{"name":"wp","href":"https:\/\/api.w.org\/{rel}","templated":true}]}}