{"id":28679,"date":"2025-04-11T14:59:40","date_gmt":"2025-04-11T12:59:40","guid":{"rendered":"https:\/\/kobra.si\/spletna-trgovina-kobra\/samostojna-palica-stativ-apexel-apl-jj070-70-crna\/"},"modified":"2025-12-01T09:58:35","modified_gmt":"2025-12-01T08:58:35","slug":"samostojna-palica-stativ-apexel-apl-jj070-70-crna","status":"publish","type":"product","link":"https:\/\/kobra.si\/en\/spletna-trgovina-kobra\/samostojna-palica-stativ-apexel-apl-jj070-70-crna\/","title":{"rendered":"Samostojna palica\/stativ APEXEL APL-JJ070 70&#8243; (\u010drna)"},"content":{"rendered":"<h3><strong>APEXEL APL-JJ070 70&#8243; palica\/stativ za selfije (\u010drna)<\/strong><\/h3>\n<p><p>Odkrijte vsestranskost in zanesljivost s stativom APEXEL APL-JJ070, ki je popolna re\u0161itev za vse navdu\u0161ence nad fotografijo in videom. Ta \u010drni stativ\/ palica za selfije ne zagotavlja le stabilnosti in vsestranskosti z mo\u017enostjo postavitve telefona navpi\u010dno, vodoravno in nagibanja pod razli\u010dnimi koti, temve\u010d zaradi za\u0161\u010ditnih silikonskih prevlek na ro\u010dajih zagotavlja tudi varnost va\u0161e naprave. Zaradi oja\u010dane konstrukcije, gumijastih nedrse\u010dih blazinic na nogah in navoja za stativ za namestitev dodatne opreme, kot so fotoaparati ali lu\u010di, je nepogre\u0161ljivo orodje za vse, ki cenijo kakovost in funkcionalnost. Komplet poleg stativa vklju\u010duje \u0161e kov\u010dek za prena\u0161anje, navodila za uporabo, daljinski spro\u017eilec, dr\u017ealo za telefon in monta\u017eni del, zato je celovita re\u0161itev za profesionalce in amaterje.<\/p>\n<\/p>\n<p><img decoding=\"async\" src=\"https:\/\/assets.innpro.pl\/4296\/4813\/8.jpg\" border=\"0\" alt=\"\" title=\"\"><\/p>\n<h3>Visoka zdru\u017eljivost<\/h3>\n<p><p>Stativ APEXEL APL-JJ070 izkazuje izjemno zdru\u017eljivost s telefoni \u0161irine od 5,58 do 9,4 mm, kar uporabnikom omogo\u010da uporabo \u0161tevilnih mobilnih naprav. Tako lahko ne glede na model telefona u\u017eivate v stabilnem in zanesljivem oprijemu, ki zagotavlja stabilnost fotografij in videoposnetkov. Zaradi te lastnosti je stativ idealna izbira za ljudi, ki uporabljajo razli\u010dne telefone ali \u017eelijo zagotoviti, da bo ustrezal tudi njihovi novi napravi.<\/p>\n<\/p>\n<p><img decoding=\"async\" src=\"https:\/\/assets.innpro.pl\/4296\/4813\/3.jpg\" border=\"0\" alt=\"\" title=\"\"><\/p>\n<h3>Stabilnost in varnost<\/h3>\n<p><p>Zagotavljanje varnosti za va\u0161o napravo je klju\u010dnega pomena in stativ APEXEL APL-JJ070 to nalogo odli\u010dno opravi. Za\u0161\u010ditne silikonske prevleke na dr\u017ealu telefona, obogatene s teksturo, ki prepre\u010duje drsenje, zagotavljajo, da bo va\u0161 telefon med uporabo ostal varen in stabilen. Ta lastnost je \u0161e posebej pomembna pri delu v te\u017ekih terenskih razmerah.<\/p>\n<p><\/p>\n<\/p>\n<p><img decoding=\"async\" src=\"https:\/\/assets.innpro.pl\/4296\/4813\/2.jpg\" border=\"0\" alt=\"\" title=\"\"><\/p>\n<h3>Vsestranska uporaba<\/h3>\n<p><p>Zaradi mo\u017enosti postavitve telefona navpi\u010dno, vodoravno in nagibanja pod razli\u010dnimi koti je stativ APEXEL APL-JJ070 idealna re\u0161itev za vse vrste fotografij in videoposnetkov. Ta vsestranskost omogo\u010da enostavno prilagajanje nastavitev potrebam kadriranja, kar uporabnikom ponuja ustvarjalno svobodo pri ustvarjanju vsebin.<\/p>\n<\/p>\n<p><img decoding=\"async\" src=\"https:\/\/assets.innpro.pl\/4296\/4813\/5.jpg\" border=\"0\" alt=\"\" title=\"\"><\/p>\n<h3>Oja\u010dana konstrukcija<\/h3>\n<p><p>Oja\u010dana konstrukcija stativa zagotavlja njegovo vzdr\u017eljivost in odpornost proti po\u0161kodbam, kar je izjemno pomembno za ljudi, ki pogosto delajo na terenu. Trdna konstrukcija stativa zagotavlja, da je kos intenzivni uporabi in razli\u010dnim zunanjim razmeram, kar zagotavlja stabilnost in varnost opreme za ve\u010d let.<\/p>\n<\/p>\n<p><img decoding=\"async\" src=\"https:\/\/assets.innpro.pl\/4296\/4813\/6.jpg\" border=\"0\" alt=\"\" title=\"\"><\/p>\n<h3>Gumijaste nedrse\u010de blazinice<\/h3>\n<p><p>Noge stativa, opremljene z gumijastimi protizdrsnimi blazinicami, znatno pove\u010dajo stabilnost na razli\u010dnih povr\u0161inah in prepre\u010dujejo nenamerno premikanje stativa. To je klju\u010dnega pomena za ohranjanje kontinuitete in kakovosti kadra, zlasti na mestih, kjer lahko stabilnost podlage predstavlja izziv.<\/p>\n<p><\/p>\n<\/p>\n<p><img decoding=\"async\" src=\"https:\/\/assets.innpro.pl\/4296\/4813\/7.jpg\" border=\"0\" alt=\"\" title=\"\"><\/p>\n<h3>Package contents<\/h3>\n<p>Prenosni kov\u010dek<\/p>\n<p>Stativ<\/p>\n<p>Navodila za uporabo<\/p>\n<p>Daljinski spro\u017eilec<\/p>\n<p>Dr\u017ealo za telefon<\/p>\n<p>Monta\u017eni del<\/p>\n<div class=\"table-wrapper\">\n<h3><\/h3>\n<table>\n<tbody>\n<tr>\n<th>Blagovna znamka <\/th>\n<td>Apexel <\/td>\n<\/tr>\n<tr>\n<th>Model <\/th>\n<td>APL-JJ070<\/td>\n<\/tr>\n<tr>\n<th>Color <\/th>\n<td>\u010crna <\/td>\n<\/tr>\n<tr>\n<th>Zdru\u017eljivost s telefoni \u0161irine <\/th>\n<td>5,58 &#8211; 9,4 mm<\/td>\n<\/tr>\n<tr>\n<th>Vi\u0161ina stativa <\/th>\n<td>51-178 cm <\/td>\n<\/tr>\n<tr>\n<th>Razpon nog <\/th>\n<td>53 cm <\/td>\n<\/tr>\n<tr>\n<th><\/th>\n<td><\/td>\n<\/tr>\n<\/tbody>\n<\/table>\n<\/div>","protected":false},"excerpt":{"rendered":"<p>Na zalogi pri zunanjem dobavitelju. Rok dostave 3-5dni.<\/p>","protected":false},"featured_media":28676,"template":"","meta":{"_monsterinsights_skip_tracking":false,"_monsterinsights_sitenote_active":false,"_monsterinsights_sitenote_note":"","_monsterinsights_sitenote_category":0},"product_brand":[],"product_cat":[61,277,255],"product_tag":[],"class_list":{"0":"post-28679","1":"product","2":"type-product","3":"status-publish","4":"has-post-thumbnail","6":"product_cat-dodatki","7":"product_cat-stojala-in-drzala","8":"product_cat-vsi","10":"first","11":"instock","12":"taxable","13":"shipping-taxable","14":"purchasable","15":"product-type-simple"},"jetpack_sharing_enabled":true,"_links":{"self":[{"href":"https:\/\/kobra.si\/en\/wp-json\/wp\/v2\/product\/28679","targetHints":{"allow":["GET"]}}],"collection":[{"href":"https:\/\/kobra.si\/en\/wp-json\/wp\/v2\/product"}],"about":[{"href":"https:\/\/kobra.si\/en\/wp-json\/wp\/v2\/types\/product"}],"version-history":[{"count":1,"href":"https:\/\/kobra.si\/en\/wp-json\/wp\/v2\/product\/28679\/revisions"}],"predecessor-version":[{"id":28715,"href":"https:\/\/kobra.si\/en\/wp-json\/wp\/v2\/product\/28679\/revisions\/28715"}],"wp:featuredmedia":[{"embeddable":true,"href":"https:\/\/kobra.si\/en\/wp-json\/wp\/v2\/media\/28676"}],"wp:attachment":[{"href":"https:\/\/kobra.si\/en\/wp-json\/wp\/v2\/media?parent=28679"}],"wp:term":[{"taxonomy":"product_brand","embeddable":true,"href":"https:\/\/kobra.si\/en\/wp-json\/wp\/v2\/product_brand?post=28679"},{"taxonomy":"product_cat","embeddable":true,"href":"https:\/\/kobra.si\/en\/wp-json\/wp\/v2\/product_cat?post=28679"},{"taxonomy":"product_tag","embeddable":true,"href":"https:\/\/kobra.si\/en\/wp-json\/wp\/v2\/product_tag?post=28679"}],"curies":[{"name":"wp","href":"https:\/\/api.w.org\/{rel}","templated":true}]}}