{"id":28617,"date":"2025-04-10T14:41:41","date_gmt":"2025-04-10T12:41:41","guid":{"rendered":"https:\/\/kobra.si\/spletna-trgovina-kobra\/wybot-s2-pro-brezzicni-robot-za-ciscenje-bazenov\/"},"modified":"2026-04-21T21:01:16","modified_gmt":"2026-04-21T19:01:16","slug":"wybot-s2-pro-brezzicni-robot-za-ciscenje-bazenov","status":"publish","type":"product","link":"https:\/\/kobra.si\/en\/spletna-trgovina-kobra\/wybot-s2-pro-brezzicni-robot-za-ciscenje-bazenov\/","title":{"rendered":"Wybot S2 Pro brez\u017ei\u010dni robot za \u010di\u0161\u010denje bazenov"},"content":{"rendered":"<h3>Wybot S2 Pro brez\u017ei\u010dni robot za \u010di\u0161\u010denje bazenov<\/h3>\n<p>Pozabite na te\u017eave s tradicionalnim polnjenjem in pokvarjenimi priklju\u010dki. Dobitnik nagrade New York Design Awards 2024 Wybot S2 Pro je prvi robot za \u010di\u0161\u010denje bazenov na svetu s podvodno tehnologijo brez\u017ei\u010dnega polnjenja, ki odpravlja tveganje korozije in mehanskih napak. Ko ga je treba napolniti, se samodejno vrne na priklopno postajo, kar zagotavlja neprekinjeno delovanje brez potrebe po ro\u010dnem vzdr\u017eevanju.<\/p>\n<p>\n<img decoding=\"async\" alt=\"\" border=\"0\" src=\"https:\/\/assets.innpro.pl\/13103\/16028\/4.jpg\" title=\"\">\n<\/p>\n<h3>Popoln podvodni nadzor<\/h3>\n<p>S2 Pro je prvi bazenski robot na svetu, opremljen s sonarjem, ki mu omogo\u010da sprejemanje ukazov tudi pod vodo. Njegova priklopna postaja ne deluje le kot polnilna postaja, temve\u010d tudi oja\u010da nadzorni signal, kar odpravlja te\u017eave s povezljivostjo. Ne glede na to, kje ste, preprosto za\u017eenite aplikacijo WYBOT, da za\u010dnete \u010distiti, izberete pot za premikanje ali dolo\u010dite dolo\u010dena obmo\u010dja, ki potrebujejo ve\u010d pozornosti. To je raven natan\u010dnosti, ki je druge naprave ne morejo ponuditi.<\/p>\n<p>\n<img decoding=\"async\" alt=\"\" border=\"0\" src=\"https:\/\/assets.innpro.pl\/13103\/16028\/6.jpg\" title=\"\">\n<\/p>\n<h3>Mo\u010dnej\u0161i in u\u010dinkovitej\u0161i brezkrta\u010dni motor<\/h3>\n<p>S2 Pro z 90-vatnim brezkrta\u010dnim motorjem zagotavlja \u0161e bolj\u0161o u\u010dinkovitost \u010di\u0161\u010denja. V primerjavi s standardnimi re\u0161itvami njegov motor odlikujejo ve\u010dja u\u010dinkovitost, dalj\u0161a \u017eivljenjska doba in manj\u0161a poraba energije. Pretok vode 14 m\u00b3\/h (3962 GPH) mu omogo\u010da hitro sesanje umazanije in temeljito \u010di\u0161\u010denje vseh povr\u0161in.<\/p>\n<p>\n<img decoding=\"async\" alt=\"\" border=\"0\" src=\"https:\/\/assets.innpro.pl\/13103\/16028\/2.jpg\" title=\"\">\n<\/p>\n<h3>Dve stopnji filtriranja<\/h3>\n<p>Sesalnik Wybot S2 Pro uporablja sistem dvojnega filtriranja, ki zajame tudi najfinej\u0161e delce prahu in umazanije. Fini filter 180 \u00b5m in ultrafini gobica 40 ppi u\u010dinkovito lovita onesna\u017eevalce, zato je voda kristalno \u010dista.<\/p>\n<p>\n<img decoding=\"async\" alt=\"\" border=\"0\" src=\"https:\/\/assets.innpro.pl\/13103\/16028\/10.jpg\" title=\"\">\n<\/p>\n<h3>Dolg delovni \u010das in hitro polnjenje<\/h3>\n<p>Robot lahko z enim polnjenjem deluje do 3,5 ure, zato je idealen za velike bazene do 300 kvadratnih \u010devljev. \u010cas polnjenja je le 3 ure, zato je naprava hitro pripravljena na novo \u010di\u0161\u010denje. Poleg tega se za razliko od \u0161tevilnih drugih robotov, ki se ustavijo na naklju\u010dnih mestih, S2 Pro vedno natan\u010dno vrne na svojo priklopno postajo. S pritiskom na gumb bo robot brezhibno na\u0161el svojo bazo in bo pripravljen, da ga vzamete iz vode ali za naslednje delo.<\/p>\n<p>\n<img decoding=\"async\" alt=\"\" border=\"0\" src=\"https:\/\/assets.innpro.pl\/13103\/16028\/8.jpg\" title=\"\">\n<\/p>\n<h3>Inteligentno na\u010drtovanje poti \u010di\u0161\u010denja<\/h3>\n<p>S2 Pro s svojimi naprednimi senzorji u\u010dinkovito pregleduje okolico in optimalno na\u010drtuje svojo pot. Glede na potrebe lahko uporabnik izbere razli\u010dne vzorce \u010di\u0161\u010denja &#8211; od klasi\u010dnega vzorca &#8220;S&#8221; do vzorcev &#8220;Star Pattern&#8221;, &#8220;Cross Pattern&#8221; in specializiranih na\u010dinov za stene, kot sta &#8220;N Pattern&#8221; ali &#8220;Z Pattern&#8221;.<\/p>\n<p>\n<img decoding=\"async\" alt=\"\" border=\"0\" src=\"https:\/\/assets.innpro.pl\/13103\/16028\/13.jpg\" title=\"\">\n<\/p>\n<h3>Temeljito \u010di\u0161\u010denje vseh obmo\u010dij bazena<\/h3>\n<p>S2 Pro je zasnovan za popolno \u010di\u0161\u010denje bazena, ki zajema dno, stene in vodno linijo. Z naprednimi senzorji globine in \u017eiroskopom se robot enakomerno premika tudi po navpi\u010dnih povr\u0161inah ter u\u010dinkovito odstranjuje usedline in umazanijo.<\/p>\n<p>\n<img decoding=\"async\" alt=\"\" border=\"0\" src=\"https:\/\/assets.innpro.pl\/13103\/16028\/9.jpg\" title=\"\">\n<\/p>\n<h3>Natan\u010dno \u010di\u0161\u010denje izbranih obmo\u010dij<\/h3>\n<p>Nekatera obmo\u010dja v bazenu potrebujejo ve\u010d pozornosti &#8211; z robotom S2 Pro to ni te\u017eava! S funkcijo ciljnega \u010di\u0161\u010denja obmo\u010dij lahko natan\u010dno dolo\u010dite dolo\u010deno mesto v bazenu, ki potrebuje dodatno \u010di\u0161\u010denje. To je raven nadzora, ki je drugi roboti ne ponujajo.<\/p>\n<p>\n<img decoding=\"async\" alt=\"\" border=\"0\" src=\"https:\/\/assets.innpro.pl\/13103\/16028\/5.jpg\" title=\"\">\n<\/p>\n<h3>Minutni urnik natan\u010dnega \u010di\u0161\u010denja<\/h3>\n<p>Z aplikacijo WYBOT lahko nastavite natan\u010den \u010das za\u010detka delovanja robota in tako prilagodite urnik \u010di\u0161\u010denja svojim potrebam. Vrhunska avtomatizacija zagotavlja, da je va\u0161 bazen vedno pripravljen za uporabo, brez potrebe po ro\u010dnem upravljanju.<\/p>\n<p>\n<img decoding=\"async\" alt=\"\" border=\"0\" src=\"https:\/\/assets.innpro.pl\/13103\/16028\/12.jpg\" title=\"\">\n<\/p>\n<h3>Popolna zdru\u017eljivost z razli\u010dnimi povr\u0161inami<\/h3>\n<p>Ne glede na material, iz katerega je izdelan va\u0161 bazen, lahko robot S2 Pro obdela vse povr\u0161ine &#8211; od kerami\u010dnih plo\u0161\u010dic do cementa, kamna, steklenih vlaken in vinila. Robot natan\u010dno prilagodi mo\u010d in hitrost sesanja vrsti povr\u0161ine ter tako zagotovi najve\u010djo u\u010dinkovitost brez nevarnosti po\u0161kodb. Tudi oblika ni pomembna, naprava v celoti podpira okrogle, pravokotne, ledvi\u010dne ali nepravilne oblike bazenov.<\/p>\n<p>\n<img decoding=\"async\" alt=\"\" border=\"0\" src=\"https:\/\/assets.innpro.pl\/13103\/16028\/7.jpg\" title=\"\">\n<\/p>\n<h3>Prilo\u017eeno<\/h3>\n<ul class=\"list-disc pl-5\">\n<li>Robot x1<\/li>\n<li>Navodila za uporabo x1<\/li>\n<li>Filter x2<\/li>\n<li>Kratek vodnik<\/li>\n<li>Polnilnik x1<\/li>\n<li>Plavajo\u010di deli<\/li>\n<li>Kljuka x1<\/li>\n<li>Priklju\u010dna postaja x1<\/li>\n<li>Lepilni trakovi<\/li>\n<\/ul>\n<div class=\"table-wrapper\">\n<h3><\/h3>\n<table>\n<tbody>\n<tr>\n<th>Proizvajalec<\/th>\n<td>Wybot<\/td>\n<\/tr>\n<tr>\n<th>Model<\/th>\n<td>S2 Pro<\/td>\n<\/tr>\n<tr>\n<th>Dimenzije bazena<\/th>\n<td>Do 300 m2<\/td>\n<\/tr>\n<tr>\n<th>Globina<\/th>\n<td>3m<\/td>\n<\/tr>\n<tr>\n<th>Dimenzije enote<\/th>\n<td>400*390*255 mm<\/td>\n<\/tr>\n<tr>\n<th>Weight<\/th>\n<td>8,5 kg (robot) + 3,0 kg (postaja)<\/td>\n<\/tr>\n<tr>\n<th>Delovni \u010das<\/th>\n<td>3.5 h<\/td>\n<\/tr>\n<tr>\n<th>\u010cas polnjenja<\/th>\n<td>3 h<\/td>\n<\/tr>\n<tr>\n<th>Napetost<\/th>\n<td>Baterija za ponovno polnjenje\/25,9 V<\/td>\n<\/tr>\n<tr>\n<th>Power supply<\/th>\n<td>90W<\/td>\n<\/tr>\n<tr>\n<th>Vhod polnilnika<\/th>\n<td>100-240 V, 47-63 Hz<\/td>\n<\/tr>\n<tr>\n<th>Izhod polnilnika<\/th>\n<td>29,4V\/3A<\/td>\n<\/tr>\n<tr>\n<th>Kapaciteta baterije<\/th>\n<td>7800 mAh<\/td>\n<\/tr>\n<tr>\n<th>Filtriranje<\/th>\n<td>Dvostopenjska<\/td>\n<\/tr>\n<tr>\n<th>Stopnja pretoka<\/th>\n<td>14m3\/H (3962GPH)<\/td>\n<\/tr>\n<tr>\n<th>Hitrost gibanja<\/th>\n<td>10 m\/min.<\/td>\n<\/tr>\n<tr>\n<th>Vodotesnost<\/th>\n<td>IPX8<\/td>\n<\/tr>\n<tr>\n<th>Posodobitev OTA<\/th>\n<td>Na voljo<\/td>\n<\/tr>\n<tr>\n<th>Povezava z aplikacijo<\/th>\n<td>Na voljo<\/td>\n<\/tr>\n<\/tbody>\n<\/table>\n<\/div>","protected":false},"excerpt":{"rendered":"<p>Na zalogi pri zunanjem dobavitelju. Rok dostave 3-5dni.<\/p>","protected":false},"featured_media":29373,"template":"","meta":{"_monsterinsights_skip_tracking":false,"_monsterinsights_sitenote_active":false,"_monsterinsights_sitenote_note":"","_monsterinsights_sitenote_category":0},"product_brand":[],"product_cat":[285,290,101,255],"product_tag":[],"class_list":{"0":"post-28617","1":"product","2":"type-product","3":"status-publish","4":"has-post-thumbnail","6":"product_cat-ciscenje-pametni-dom","7":"product_cat-ciscenje-bazena","8":"product_cat-pametni-dom","9":"product_cat-vsi","11":"first","12":"instock","13":"taxable","14":"shipping-taxable","15":"purchasable","16":"product-type-simple"},"jetpack_sharing_enabled":true,"_links":{"self":[{"href":"https:\/\/kobra.si\/en\/wp-json\/wp\/v2\/product\/28617","targetHints":{"allow":["GET"]}}],"collection":[{"href":"https:\/\/kobra.si\/en\/wp-json\/wp\/v2\/product"}],"about":[{"href":"https:\/\/kobra.si\/en\/wp-json\/wp\/v2\/types\/product"}],"version-history":[{"count":1,"href":"https:\/\/kobra.si\/en\/wp-json\/wp\/v2\/product\/28617\/revisions"}],"predecessor-version":[{"id":28908,"href":"https:\/\/kobra.si\/en\/wp-json\/wp\/v2\/product\/28617\/revisions\/28908"}],"wp:featuredmedia":[{"embeddable":true,"href":"https:\/\/kobra.si\/en\/wp-json\/wp\/v2\/media\/29373"}],"wp:attachment":[{"href":"https:\/\/kobra.si\/en\/wp-json\/wp\/v2\/media?parent=28617"}],"wp:term":[{"taxonomy":"product_brand","embeddable":true,"href":"https:\/\/kobra.si\/en\/wp-json\/wp\/v2\/product_brand?post=28617"},{"taxonomy":"product_cat","embeddable":true,"href":"https:\/\/kobra.si\/en\/wp-json\/wp\/v2\/product_cat?post=28617"},{"taxonomy":"product_tag","embeddable":true,"href":"https:\/\/kobra.si\/en\/wp-json\/wp\/v2\/product_tag?post=28617"}],"curies":[{"name":"wp","href":"https:\/\/api.w.org\/{rel}","templated":true}]}}