{"id":28613,"date":"2025-04-10T14:41:34","date_gmt":"2025-04-10T12:41:34","guid":{"rendered":"https:\/\/kobra.si\/spletna-trgovina-kobra\/wybot-c1-brezzicni-robot-za-ciscenje-bazenov\/"},"modified":"2026-04-21T21:01:12","modified_gmt":"2026-04-21T19:01:12","slug":"wybot-c1-brezzicni-robot-za-ciscenje-bazenov","status":"publish","type":"product","link":"https:\/\/kobra.si\/en\/spletna-trgovina-kobra\/wybot-c1-brezzicni-robot-za-ciscenje-bazenov\/","title":{"rendered":"Wybot C1 brez\u017ei\u010dni robot za \u010di\u0161\u010denje bazenov"},"content":{"rendered":"<h3>Wybot C1 brez\u017ei\u010dni robot za \u010di\u0161\u010denje bazenov.<\/h3>\n<p>Wybot C1 je najsodobnej\u0161a naprava za \u010di\u0161\u010denje, ki zagotavlja celovito odstranjevanje umazanije z dna, sten in vodne linije bazena. Z izbolj\u0161anim motorjem in dvojnimi krta\u010dami za \u010di\u0161\u010denje u\u010dinkovito odstrani vso umazanijo, voda pa ostane kristalno \u010dista. Zaradi popolnoma brez\u017ei\u010dne zasnove je uporaba priro\u010dna in ne zahteva zapletene namestitve.<\/p>\n<p>\n<img decoding=\"async\" alt=\"\" border=\"0\" src=\"https:\/\/assets.innpro.pl\/13080\/16002\/1.jpg\" title=\"\">\n<\/p>\n<h3>Mo\u010dno sesanje in u\u010dinkovito \u010di\u0161\u010denje<\/h3>\n<p>Wybot C1 je opremljen z naprednim motorjem s pove\u010dano mo\u010djo, ki ustvarja \u0161e ve\u010djo sesalno mo\u010d. Dve krta\u010di za \u010di\u0161\u010denje u\u010dinkovito odstranjujeta usedline, alge in umazanijo ter zagotavljata temeljito \u010di\u0161\u010denje v 150 minutah. Idealen je za vse, ki \u017eelijo brez te\u017eav u\u017eivati v popolnoma \u010distem bazenu.<\/p>\n<p>\n<img decoding=\"async\" alt=\"\" border=\"0\" src=\"https:\/\/assets.innpro.pl\/13080\/16002\/3.jpg\" title=\"\">\n<\/p>\n<h3>Inteligentni na\u010dini \u010di\u0161\u010denja<\/h3>\n<p>Robot deluje v privzetem na\u010dinu, ki se najprej osredoto\u010di na stene bazena in jih o\u010disti po vzorcu poti N, nato pa se premakne na dno in se premika po vzorcu poti CROSS. To zagotavlja popolno pokritost bazena in odstranitev ne\u010disto\u010d iz vseh koti\u010dkov.<\/p>\n<p>\n<img decoding=\"async\" alt=\"\" border=\"0\" src=\"https:\/\/assets.innpro.pl\/13080\/16002\/4.jpg\" title=\"\">\n<\/p>\n<h3>Napreden sistem filtriranja<\/h3>\n<p>Bazen Wybot C1 uporablja dvostopenjski sistem filtriranja, ki u\u010dinkovito ujame tudi drobne delce umazanije. Velika posoda za umazanijo omogo\u010da dolgotrajno delovanje brez pogostega praznjenja, njegova zasnova pa omogo\u010da hitro in priro\u010dno \u010di\u0161\u010denje.<\/p>\n<p>\n<img decoding=\"async\" alt=\"\" border=\"0\" src=\"https:\/\/assets.innpro.pl\/13080\/16002\/13.jpg\" title=\"\">\n<\/p>\n<h3>Inovativne re\u0161itve za ve\u010djo u\u010dinkovitost<\/h3>\n<p>Zahvaljujo\u010d funkciji \u010di\u0161\u010denja odtokov se robot ne zatika na odtokih, zaradi \u010desar ni potrebno ro\u010dno poseganje. Lahko ga pustite v bazenu in mu omogo\u010dite nemoteno delovanje. Robot deluje v pravokotnih, okroglih bazenih in bazenih prostega tipa s povr\u0161ino iz steklenih vlaken, betona, mozaika, vinila ali plo\u0161\u010dic.<\/p>\n<p>\n<img decoding=\"async\" alt=\"\" border=\"0\" src=\"https:\/\/assets.innpro.pl\/13080\/16002\/12.jpg\" title=\"\">\n<\/p>\n<h3>Indikator baterije v \u0161tirih barvah<\/h3>\n<p>Wybot C1 je opremljen z lahko berljivim indikatorjem LED, ki prikazuje stanje baterije in delovanje naprave. Med obi\u010dajnim delovanjem indikator LED utripa modro, ko baterija dose\u017ee polno napolnjenost, pa postane stalno zelen. Med polnjenjem semafor postopoma prehaja med razli\u010dnimi stopnjami &#8211; ko je stopnja napolnjenosti med 81 % in 99 %, LED utripa zeleno, pod 80 % pa za\u010dne utripati rumeno, kar je jasen signal, da je potrebno nadaljnje polnjenje. Ta preprosta in intuitivna re\u0161itev vam omogo\u010da, da hitro ocenite stanje robota in ustrezno na\u010drtujete njegovo naslednjo uporabo.<\/p>\n<p>\n<img decoding=\"async\" alt=\"\" border=\"0\" src=\"https:\/\/assets.innpro.pl\/13080\/16002\/9.jpg\" title=\"\">\n<\/p>\n<h3>Brez\u017ei\u010dno udobje in enostavno upravljanje<\/h3>\n<p>Wybot C1 je popolnoma brez\u017ei\u010dni robot, ki odpravlja te\u017eave z zapletenimi kabli. Ko kon\u010da z delom, ga lahko preprosto odstranite iz vode in o\u010distite. Je odli\u010dna izbira za ljudi, ki cenijo priro\u010dnost, u\u010dinkovitost in sodobno tehnologijo.<\/p>\n<p>\n<img decoding=\"async\" alt=\"\" border=\"0\" src=\"https:\/\/assets.innpro.pl\/13080\/16002\/7.jpg\" title=\"\">\n<\/p>\n<h3>Vklju\u010deno<\/h3>\n<ul class=\"list-disc pl-5\">\n<li>Robot x1<\/li>\n<li>Filter x1<\/li>\n<li>Uporabni\u0161ki priro\u010dnik x1<\/li>\n<li>Polnilec x1<\/li>\n<li>Kratek referen\u010dni priro\u010dnik x1<\/li>\n<li>Plavajo\u010di deli<\/li>\n<li>Kljuka x1<\/li>\n<\/ul>\n<div class=\"table-wrapper\">\n<h3><\/h3>\n<table>\n<tbody>\n<tr>\n<th>Proizvajalec<\/th>\n<td>Wybot<\/td>\n<\/tr>\n<tr>\n<th>Model<\/th>\n<td>C1<\/td>\n<\/tr>\n<tr>\n<th>Dimenzije bazena<\/th>\n<td>120m2 ~ 150m2<\/td>\n<\/tr>\n<tr>\n<th>Globina<\/th>\n<td>3m<\/td>\n<\/tr>\n<tr>\n<th>Dimenzije enote<\/th>\n<td>360*390*260 mm<\/td>\n<\/tr>\n<tr>\n<th>Weight<\/th>\n<td>8 kg<\/td>\n<\/tr>\n<tr>\n<th>\u010cas delovanja<\/th>\n<td>120min.~150min.<\/td>\n<\/tr>\n<tr>\n<th>\u010cas polnjenja<\/th>\n<td>3 h<\/td>\n<\/tr>\n<tr>\n<th>Power supply<\/th>\n<td>65W<\/td>\n<\/tr>\n<tr>\n<th>Vhod za polnjenje<\/th>\n<td>100-240 V, 50-60 Hz<\/td>\n<\/tr>\n<tr>\n<th>Izhod za polnjenje<\/th>\n<td>25,2 V\/1,5 A<\/td>\n<\/tr>\n<tr>\n<th>Zmogljivost akumulatorja<\/th>\n<td>4600 mAh<\/td>\n<\/tr>\n<tr>\n<th>Filter<\/th>\n<td>180 \u03bcm<\/td>\n<\/tr>\n<tr>\n<th>Hitrost pretoka<\/th>\n<td>11,5 m3\/H<\/td>\n<\/tr>\n<tr>\n<th>Hitrost gibanja<\/th>\n<td>16 m\/min<\/td>\n<\/tr>\n<tr>\n<th>Odpornost na vodo<\/th>\n<td>IPX8<\/td>\n<\/tr>\n<tr>\n<th>Povezljivost z aplikacijami<\/th>\n<td>Da<\/td>\n<\/tr>\n<tr>\n<th>Posodobitev OTA<\/th>\n<td>Da<\/td>\n<\/tr>\n<\/tbody>\n<\/table>\n<\/div>","protected":false},"excerpt":{"rendered":"<p>Na zalogi pri zunanjem dobavitelju. Rok dostave 3-5dni.<\/p>","protected":false},"featured_media":29366,"template":"","meta":{"_monsterinsights_skip_tracking":false,"_monsterinsights_sitenote_active":false,"_monsterinsights_sitenote_note":"","_monsterinsights_sitenote_category":0},"product_brand":[],"product_cat":[285,290,101,255],"product_tag":[],"class_list":{"0":"post-28613","1":"product","2":"type-product","3":"status-publish","4":"has-post-thumbnail","6":"product_cat-ciscenje-pametni-dom","7":"product_cat-ciscenje-bazena","8":"product_cat-pametni-dom","9":"product_cat-vsi","11":"first","12":"instock","13":"taxable","14":"shipping-taxable","15":"purchasable","16":"product-type-simple"},"jetpack_sharing_enabled":true,"_links":{"self":[{"href":"https:\/\/kobra.si\/en\/wp-json\/wp\/v2\/product\/28613","targetHints":{"allow":["GET"]}}],"collection":[{"href":"https:\/\/kobra.si\/en\/wp-json\/wp\/v2\/product"}],"about":[{"href":"https:\/\/kobra.si\/en\/wp-json\/wp\/v2\/types\/product"}],"version-history":[{"count":1,"href":"https:\/\/kobra.si\/en\/wp-json\/wp\/v2\/product\/28613\/revisions"}],"predecessor-version":[{"id":28907,"href":"https:\/\/kobra.si\/en\/wp-json\/wp\/v2\/product\/28613\/revisions\/28907"}],"wp:featuredmedia":[{"embeddable":true,"href":"https:\/\/kobra.si\/en\/wp-json\/wp\/v2\/media\/29366"}],"wp:attachment":[{"href":"https:\/\/kobra.si\/en\/wp-json\/wp\/v2\/media?parent=28613"}],"wp:term":[{"taxonomy":"product_brand","embeddable":true,"href":"https:\/\/kobra.si\/en\/wp-json\/wp\/v2\/product_brand?post=28613"},{"taxonomy":"product_cat","embeddable":true,"href":"https:\/\/kobra.si\/en\/wp-json\/wp\/v2\/product_cat?post=28613"},{"taxonomy":"product_tag","embeddable":true,"href":"https:\/\/kobra.si\/en\/wp-json\/wp\/v2\/product_tag?post=28613"}],"curies":[{"name":"wp","href":"https:\/\/api.w.org\/{rel}","templated":true}]}}