{"id":28506,"date":"2025-04-09T20:24:36","date_gmt":"2025-04-09T18:24:36","guid":{"rendered":"https:\/\/kobra.si\/spletna-trgovina-kobra\/monitor-koorui-24e3-24-1920x1080px-165hz\/"},"modified":"2026-01-27T20:52:10","modified_gmt":"2026-01-27T19:52:10","slug":"monitor-koorui-24e3-24-1920x1080px-165hz","status":"publish","type":"product","link":"https:\/\/kobra.si\/en\/spletna-trgovina-kobra\/monitor-koorui-24e3-24-1920x1080px-165hz\/","title":{"rendered":"Monitor Koorui 24E3 24&#8243; 1920x1080px 165Hz"},"content":{"rendered":"<h3>Monitor Koorui 24E3 24&#8243; 1920x1080px 165Hz<\/h3>\n<p>I\u0161\u010dete popoln monitor, ki bo popoln spremljevalec pri vseh igralnih izku\u0161njah? Monitor Koorui 24E3 ima 24-pal\u010dni zaslon, ki zagotavlja \u0161irok barvni razpon za bolj realisti\u010dne slike. Poleg tega zagotavlja nizko zakasnitev, saj je njegov odzivni \u010das le 1 ms! Odlikuje ga frekvenca osve\u017eevanja 165 Hz, kar omogo\u010da nemoteno igranje iger. U\u017eivajte v neprekinjeni zmogljivosti skupaj s Kooruijem!<\/p>\n<p><img decoding=\"async\" src=\"https:\/\/b2b.innpro.pl\/data\/include\/cms\/Koorui\/24E3\/1.jpg\" alt=\"Koorui\/24E3\/1\" title=\"\"><\/p>\n<h3>Slika najvi\u0161je kakovosti <\/h3>\n<p>Spoznajte 23,8-pal\u010dni monitor, ki ga odlikuje najnovej\u0161a generacija plo\u0161\u010de IPS, ki ponuja neprimerljivo kakovost slike. S \u0161irokim barvnim razponom sRGB 99 % in zmo\u017enostjo prikaza ve\u010d kot 16,7 milijona barv vsaka slika za\u017eivi v polnem sijaju. To je idealno za igralce, ki cenijo natan\u010dno reprodukcijo barv brez nevarnosti bledenja. Ne glede na kot, s katerega gledate, so barve realisti\u010dne, polne podrobnosti in ohranjajo doslednost. Zato ste lahko prepri\u010dani, da bo kakovost slike ostala vrhunska iz katerega koli zornega kota.<\/p>\n<p><img decoding=\"async\" src=\"https:\/\/b2b.innpro.pl\/data\/include\/cms\/Koorui\/24E3\/2.jpg\" alt=\"Koorui\/24E3\/2\" title=\"\"><\/p>\n<h3>Ustvarjeno z mislijo na ljubitelje iger<\/h3>\n<p>Monitor Koorui je popoln za igranje iger, saj zdru\u017euje napredno frekvenco osve\u017eevanja 165 Hz in najsodobnej\u0161o tehnologijo Adaptive Sync. Posledi\u010dno zagotavlja izjemno gladko in harmoni\u010dno izku\u0161njo med igranjem iger. Igralni na\u010din omogo\u010da igralcem, da v temi vidijo najfinej\u0161e podrobnosti, kar daje prednost pri boju s sovra\u017eniki, ki se skrivajo v senci. Z natan\u010dnim postavljanjem postanejo streli natan\u010dnej\u0161i, kar pove\u010da stopnjo zadetkov in vam daje konkuren\u010dno prednost.<\/p>\n<p><img decoding=\"async\" src=\"https:\/\/b2b.innpro.pl\/data\/include\/cms\/Koorui\/24E3\/3.jpg\" alt=\"Koorui\/24E3\/3\" title=\"\"><\/p>\n<h3>Premi\u0161ljena zasnova<\/h3>\n<p>Ra\u010dunalni\u0161ki monitor Koorui 24E3 zdru\u017euje mojstrsko izdelavo in sodobno oblikovanje, ki ga odlikuje izjemno tanko ohi\u0161je. Njegovo stojalo poleg hitre namestitve omogo\u010da tudi nastavitev nagiba za dodatno udobje. Poleg tega lahko monitor zaradi stenskega nosilca VESA enostavno namestite v skoraj vsako okolje in ga prilagodite individualnim potrebam uporabnika.<\/p>\n<p><img decoding=\"async\" src=\"https:\/\/b2b.innpro.pl\/data\/include\/cms\/Koorui\/24E3\/4.jpg\" alt=\"Koorui\/24E3\/4\" title=\"\"><\/p>\n<h3>\u0160tevilne mo\u017enosti povezljivosti<\/h3>\n<p>Monitorji blagovne znamke KOORUI so sinonim za odli\u010dno kakovost slike in vsestranskost. Opremljeni so s priklju\u010dkoma HDMI in DisplayPort, ki omogo\u010data enostavno povezavo z razli\u010dnimi napravami. Ta model igralnega monitorja s frekvenco osve\u017eevanja 165 Hz je zdru\u017eljiv z najbolj priljubljenimi grafi\u010dnimi karticami in uporabniku ponuja lo\u010dljivost FHD 1920x1080p. Zaradi premi\u0161ljene zasnove ga je mogo\u010de preprosto povezati s konzolo Xbox, osebnim ali prenosnim ra\u010dunalnikom, kar zagotavlja jasno in kakovostno sliko, ne glede na to, ali delate ali u\u017eivate v zabavi.<\/p>\n<p><img decoding=\"async\" src=\"https:\/\/b2b.innpro.pl\/data\/include\/cms\/Koorui\/24E3\/5.jpg\" alt=\"Koorui\/24E3\/5\" title=\"\"><\/p>\n<div class=\"table-wrapper\">\n<table>\n<tbody>\n<tr>\n<th>Proizvajalec:<\/th>\n<td>Koorui<\/td>\n<\/tr>\n<tr>\n<th>Model<\/th>\n<td>24E3<\/td>\n<\/tr>\n<tr>\n<th>Velikost zaslona<\/th>\n<td>24&#8243;<\/td>\n<\/tr>\n<tr>\n<th>Vrsta plo\u0161\u010de<\/th>\n<td>IPS<\/td>\n<\/tr>\n<tr>\n<th>Resolution<\/th>\n<td>1920 \u00d7 1080<\/td>\n<\/tr>\n<tr>\n<th>Frekvenca<\/th>\n<td>165 Hz<\/td>\n<\/tr>\n<tr>\n<th>Razmerje stranic<\/th>\n<td>16:9<\/td>\n<\/tr>\n<tr>\n<th>Odzivni \u010das<\/th>\n<td>1 ms<\/td>\n<\/tr>\n<tr>\n<th>Barvni razpon<\/th>\n<td>SRGB 99 %<\/td>\n<\/tr>\n<tr>\n<th>Svetlost<\/th>\n<td>250 cd\/m\u00b2<\/td>\n<\/tr>\n<tr>\n<th>Kot nagiba<\/th>\n<td>-5\u00b0\/20\u00b0<\/td>\n<\/tr>\n<tr>\n<th>Vhodi<\/th>\n<td>HDMI 1.4\/DP1.2<\/td>\n<\/tr>\n<tr>\n<th>Dimenzije<\/th>\n<td>515 \u00d7 428 \u00d7 320 mm<\/td>\n<\/tr>\n<tr>\n<th>Weight<\/th>\n<td>3,06 kg<\/td>\n<\/tr>\n<tr>\n<th>Razpon napajanja<\/th>\n<td>100-240 V, 47\/63 Hz, 2,0 A<\/td>\n<\/tr>\n<tr>\n<th>Dodatne funkcije<\/th>\n<td>Mo\u017enost namestitve na steno, Filter za modro svetlobo, Brez utripanja, Brezpla\u010dna sinhronizacija<\/td>\n<\/tr>\n<tr>\n<th>Razpon barv<\/th>\n<td>16,7 milijona barv<\/td>\n<\/tr>\n<tr>\n<th>Energetski razred<\/th>\n<td>E<\/td>\n<\/tr>\n<\/tbody>\n<\/table>\n<\/div>","protected":false},"excerpt":{"rendered":"<p>Na zalogi pri zunanjem dobavitelju. Rok dostave 3-5dni.<\/p>","protected":false},"featured_media":28500,"template":"","meta":{"_monsterinsights_skip_tracking":false,"_monsterinsights_sitenote_active":false,"_monsterinsights_sitenote_note":"","_monsterinsights_sitenote_category":0},"product_brand":[],"product_cat":[274,64,255],"product_tag":[],"class_list":{"0":"post-28506","1":"product","2":"type-product","3":"status-publish","4":"has-post-thumbnail","6":"product_cat-lcd-monitorji","7":"product_cat-racunalnistvo","8":"product_cat-vsi","10":"first","11":"outofstock","12":"taxable","13":"shipping-taxable","14":"purchasable","15":"product-type-simple"},"jetpack_sharing_enabled":true,"_links":{"self":[{"href":"https:\/\/kobra.si\/en\/wp-json\/wp\/v2\/product\/28506","targetHints":{"allow":["GET"]}}],"collection":[{"href":"https:\/\/kobra.si\/en\/wp-json\/wp\/v2\/product"}],"about":[{"href":"https:\/\/kobra.si\/en\/wp-json\/wp\/v2\/types\/product"}],"version-history":[{"count":1,"href":"https:\/\/kobra.si\/en\/wp-json\/wp\/v2\/product\/28506\/revisions"}],"predecessor-version":[{"id":28725,"href":"https:\/\/kobra.si\/en\/wp-json\/wp\/v2\/product\/28506\/revisions\/28725"}],"wp:featuredmedia":[{"embeddable":true,"href":"https:\/\/kobra.si\/en\/wp-json\/wp\/v2\/media\/28500"}],"wp:attachment":[{"href":"https:\/\/kobra.si\/en\/wp-json\/wp\/v2\/media?parent=28506"}],"wp:term":[{"taxonomy":"product_brand","embeddable":true,"href":"https:\/\/kobra.si\/en\/wp-json\/wp\/v2\/product_brand?post=28506"},{"taxonomy":"product_cat","embeddable":true,"href":"https:\/\/kobra.si\/en\/wp-json\/wp\/v2\/product_cat?post=28506"},{"taxonomy":"product_tag","embeddable":true,"href":"https:\/\/kobra.si\/en\/wp-json\/wp\/v2\/product_tag?post=28506"}],"curies":[{"name":"wp","href":"https:\/\/api.w.org\/{rel}","templated":true}]}}