{"id":28376,"date":"2025-04-09T14:20:14","date_gmt":"2025-04-09T12:20:14","guid":{"rendered":"https:\/\/kobra.si\/spletna-trgovina-kobra\/avtomobil-na-daljinsko-upravljanje-double-eagle-oranzna-land-rover-amfibija-e343-003\/"},"modified":"2026-01-26T20:57:46","modified_gmt":"2026-01-26T19:57:46","slug":"avtomobil-na-daljinsko-upravljanje-double-eagle-oranzna-land-rover-amfibija-e343-003","status":"publish","type":"product","link":"https:\/\/kobra.si\/en\/spletna-trgovina-kobra\/avtomobil-na-daljinsko-upravljanje-double-eagle-oranzna-land-rover-amfibija-e343-003\/","title":{"rendered":"Avtomobil na daljinsko upravljanje Double Eagle (oran\u017ena) Land Rover (amfibija) E343-003"},"content":{"rendered":"<h3>Double Eagle (oran\u017ena) Land Rover (amfibija) RC avto na daljinsko upravljanje E343-003.<\/h3>\n<p>Odkrijte brezmejno svobodo vo\u017enje z amfibijskim terenskim avtomobilom Double Eagle Land Rover E343-003. To vozilo na daljinsko upravljanje je pravi pionir na podro\u010dju RC igra\u010d, saj ponuja neprimerljivo vsestranskost tako na kopnem kot v vodi. Ta Land Rover, namenjen otrokom, starej\u0161im od 8 let, in odraslim ljubiteljem RC-modelov, zagotavlja izku\u0161njo vo\u017enje brez primere v vseh pogojih.<\/p>\n<p>\n<img decoding=\"async\" border=\"0\" src=\"https:\/\/assets.innpro.pl\/5757\/6774\/2.jpg\" title=\"\">\n<\/p>\n<h3>Amfibijsko vozilo, ki lahko po\u010dne vse<\/h3>\n<p>Land Rover Double Eagle, zasnovan za neomejene pustolov\u0161\u010dine, lahko osvoji vsak teren in se pogumno poda na osvajanje mokri\u0161\u010d. Zahvaljujo\u010d edinstveni vodoodporni zasnovi je vozilo RC pripravljeno na vse izzive.<\/p>\n<p>\n<img decoding=\"async\" border=\"0\" src=\"https:\/\/assets.innpro.pl\/5757\/6774\/1.jpg\" title=\"\">\n<\/p>\n<h3>Zanesljiv pogon 4\u00d74<\/h3>\n<p>Ne glede na to, ali gre za luknjasto pot ali vodnat teren, inovativni \u0161tirikolesni pogon zagotavlja neprekosljiv oprijem in nadzor. Land Rover Double Eagle je sinonim za vzdr\u017eljivost in mo\u010d, zaradi svoje sposobnosti premagovanja naklonov do 30\u00b0 pa je brezhiben.<\/p>\n<p>\n<img decoding=\"async\" border=\"0\" src=\"https:\/\/assets.innpro.pl\/5757\/6774\/6.jpg\" title=\"\">\n<\/p>\n<h3>Napredne tehnologije<\/h3>\n<p>Land Rover vas ne bo presenetil s premajhno mo\u010djo! Opremljen je s sistemom za opozarjanje na nizko napetost, ki vas bo takoj obvestil, ko bo raven napolnjenosti padla na minimalne vrednosti. Visokozmogljive pnevmatike TPR skrbijo za stabilnost vo\u017enje, sistem daljinskega upravljanja brez motenj pa omogo\u010da nemoteno zabavo v polmeru vsaj 25 metrov. Odpravite se na pustolov\u0161\u010dino z dvojnim orlom!<\/p>\n<p>\n<img decoding=\"async\" border=\"0\" src=\"https:\/\/assets.innpro.pl\/5757\/6774\/3.jpg\" title=\"\">\n<\/p>\n<h3>Vklju\u010duje:<\/h3>\n<ul class=\"list-disc pl-5\">\n<li>E343-003 E343-003 Avto na daljinsko upravljanje RC Land Rover (amfibijsko vozilo)<\/li>\n<li>Baterija za ponovno polnjenje<\/li>\n<li>Kabel USB za polnjenje<\/li>\n<\/ul>\n<div class=\"table-wrapper\">\n<h3><\/h3>\n<table>\n<tbody>\n<tr>\n<th>Proizvajalec:<\/th>\n<td>Double Eagle<\/td>\n<\/tr>\n<tr>\n<th>Ime izdelka<\/th>\n<td>Avtomobil RC na daljinsko upravljanje z daljinskim upravljalnikom Double Eagle Land Rover (amfibija)<\/td>\n<\/tr>\n<tr>\n<th>Serijska \u0161tevilka izdelka<\/th>\n<td>E343-003<\/td>\n<\/tr>\n<tr>\n<th>Baterija vozila<\/th>\n<td>3,7 V\/500 mAh<\/td>\n<\/tr>\n<tr>\n<th>Baterija krmilnika<\/th>\n<td>AA 1,5 V x2 (ni vklju\u010dena)<\/td>\n<\/tr>\n<tr>\n<th>Priporo\u010dena starost<\/th>\n<td>8+<\/td>\n<\/tr>\n<tr>\n<th>Obmo\u010dje krmiljenja<\/th>\n<td>\u226525m<\/td>\n<\/tr>\n<\/tbody>\n<\/table>\n<\/div>","protected":false},"excerpt":{"rendered":"<p>Na zalogi pri zunanjem dobavitelju. Rok dostave 3-5dni.<\/p>","protected":false},"featured_media":28462,"template":"","meta":{"_monsterinsights_skip_tracking":false,"_monsterinsights_sitenote_active":false,"_monsterinsights_sitenote_note":"","_monsterinsights_sitenote_category":0},"product_brand":[],"product_cat":[178,255],"product_tag":[],"class_list":{"0":"post-28376","1":"product","2":"type-product","3":"status-publish","4":"has-post-thumbnail","6":"product_cat-igrace","7":"product_cat-vsi","9":"first","10":"outofstock","11":"taxable","12":"shipping-taxable","13":"purchasable","14":"product-type-simple"},"jetpack_sharing_enabled":true,"_links":{"self":[{"href":"https:\/\/kobra.si\/en\/wp-json\/wp\/v2\/product\/28376","targetHints":{"allow":["GET"]}}],"collection":[{"href":"https:\/\/kobra.si\/en\/wp-json\/wp\/v2\/product"}],"about":[{"href":"https:\/\/kobra.si\/en\/wp-json\/wp\/v2\/types\/product"}],"version-history":[{"count":1,"href":"https:\/\/kobra.si\/en\/wp-json\/wp\/v2\/product\/28376\/revisions"}],"predecessor-version":[{"id":28465,"href":"https:\/\/kobra.si\/en\/wp-json\/wp\/v2\/product\/28376\/revisions\/28465"}],"wp:featuredmedia":[{"embeddable":true,"href":"https:\/\/kobra.si\/en\/wp-json\/wp\/v2\/media\/28462"}],"wp:attachment":[{"href":"https:\/\/kobra.si\/en\/wp-json\/wp\/v2\/media?parent=28376"}],"wp:term":[{"taxonomy":"product_brand","embeddable":true,"href":"https:\/\/kobra.si\/en\/wp-json\/wp\/v2\/product_brand?post=28376"},{"taxonomy":"product_cat","embeddable":true,"href":"https:\/\/kobra.si\/en\/wp-json\/wp\/v2\/product_cat?post=28376"},{"taxonomy":"product_tag","embeddable":true,"href":"https:\/\/kobra.si\/en\/wp-json\/wp\/v2\/product_tag?post=28376"}],"curies":[{"name":"wp","href":"https:\/\/api.w.org\/{rel}","templated":true}]}}