{"id":28019,"date":"2025-04-09T09:37:19","date_gmt":"2025-04-09T07:37:19","guid":{"rendered":"https:\/\/kobra.si\/spletna-trgovina-kobra\/rockbros-lkwd-r1-pametna-laserska-zadnja-luc\/"},"modified":"2026-03-31T21:01:11","modified_gmt":"2026-03-31T19:01:11","slug":"rockbros-lkwd-r1-pametna-laserska-zadnja-luc","status":"publish","type":"product","link":"https:\/\/kobra.si\/en\/spletna-trgovina-kobra\/rockbros-lkwd-r1-pametna-laserska-zadnja-luc\/","title":{"rendered":"Rockbros LKWD-R1 Pametna laserska zadnja lu\u010d"},"content":{"rendered":"<h3>Rockbros LKWD-R1 Pametna laserska zadnja lu\u010d<\/h3>\n<p>Zadnja lu\u010d za kolo Rockbros LKWD-R1 je opremljena s trojnim signalnim sistemom &#8211; stop lu\u010djo, smerniki in 2 vzporednima laserskima \u010drtama. Rde\u010di laserski \u017earek, ki ga oddajata, z dosegom do 5 metrov ozna\u010duje varno obmo\u010dje vo\u017enje ter pove\u010duje kolesarjevo vidljivost po temi in v te\u017ekih cestnih razmerah. Lu\u010d uporablja sistem dinami\u010dne smerne signalizacije, ki se ob enkratnem pritisku po minuti samodejno vrne v na\u010din vo\u017enje naravnost. Vodoodpornost IPX4 zagotavlja zanesljivost.<\/p>\n<p>\n<img decoding=\"async\" alt=\"\" border=\"0\" src=\"https:\/\/assets.innpro.pl\/13805\/17037\/9.jpg\" title=\"\">\n<\/p>\n<h3>Priro\u010dno upravljanje in nastavitev kota svetlobe<\/h3>\n<p>Lu\u010d se upravlja z brez\u017ei\u010dnim daljinskim upravljalnikom, ki se namesti na krmilo. Vsak gumb je odgovoren za drugo funkcijo &#8211; laser, zadnja lu\u010d ter levi in desni smernik. Z nastavljivim ro\u010dajem lahko nastavite kot lu\u010di tako, da so laserske \u010drte dobro vidne in prikazujejo pravilno sled. Napravo poganja 2000 mAh akumulatorska baterija, ki ob polni napolnjenosti (prek vhoda USB) zagotavlja pribli\u017eno 5 ur delovanja. Daljinski upravljalnik napaja baterija CR2032.<\/p>\n<p>\n<img decoding=\"async\" alt=\"\" border=\"0\" src=\"https:\/\/assets.innpro.pl\/13805\/17037\/2.jpg\" title=\"\">\n<\/p>\n<h3>Enostavna namestitev na dva na\u010dina<\/h3>\n<p>Prilo\u017eena sta dva popolna sistema za namestitev &#8211; na sede\u017eno cev in pod sedlo. Pri namestitvi na sede\u017eno oporo je treba le prilepiti peno, z vijaki pritrditi nosilec in potisniti lu\u010dko v vodilo. Druga mo\u017enost je namestitev pod sedlo &#8211; prav tako z vijaki -, ki zagotavlja stabilen oprijem tudi na neravnem terenu.<\/p>\n<p>\n<img decoding=\"async\" alt=\"\" border=\"0\" src=\"https:\/\/assets.innpro.pl\/13805\/17037\/4.jpg\" title=\"\">\n<\/p>\n<h3>Vklju\u010deno:<\/h3>\n<ul class=\"list-disc pl-5\">\n<li>Vklju\u010deno: Pametna zadnja lu\u010d za kolo<\/li>\n<li>Daljinski upravljalnik<\/li>\n<li>Kabel USB za polnjenje<\/li>\n<li>Nosilec za pritrditev na sede\u017eno oporo (s peno)<\/li>\n<li>Nosilec za pritrditev pod sedlo<\/li>\n<li>Komplet pritrdilnih vijakov<\/li>\n<li>Gumijasti nosilec za daljinski upravljalnik<\/li>\n<li>Vodnik za hiter zagon<\/li>\n<\/ul>\n<div class=\"table-wrapper\">\n<h3><\/h3>\n<table>\n<tbody>\n<tr>\n<th>Proizvajalec<\/th>\n<td>Rockbros<\/td>\n<\/tr>\n<tr>\n<th>Model<\/th>\n<td>LKWD-R1<\/td>\n<\/tr>\n<tr>\n<th>Color<\/th>\n<td>\u010drna<\/td>\n<\/tr>\n<tr>\n<th>Svetlost<\/th>\n<td>do 80 lumnov<\/td>\n<\/tr>\n<tr>\n<th>Kapaciteta baterije<\/th>\n<td>2000 mAh (polnjenje prek USB, DC 5V \/ 800 mA)<\/td>\n<\/tr>\n<tr>\n<th>Delovni \u010das po polnem polnjenju<\/th>\n<td>pribli\u017eno 5 ur<\/td>\n<\/tr>\n<tr>\n<th>Razred vodoodpornosti<\/th>\n<td>IPX4<\/td>\n<\/tr>\n<tr>\n<th>Working temperature<\/th>\n<td>od -20 \u00b0C do +60 \u00b0C<\/td>\n<\/tr>\n<tr>\n<th>Barva svetlobe<\/th>\n<td>glavna lu\u010d: rde\u010da; smerniki: rumena; laser: rde\u010da<\/td>\n<\/tr>\n<tr>\n<th>Doseg laserske svetlobe<\/th>\n<td>pribli\u017eno 5 m<\/td>\n<\/tr>\n<tr>\n<th>Dimenzije lu\u010di<\/th>\n<td>pribli\u017eno 11 x 4 x 2,7 cm<\/td>\n<\/tr>\n<tr>\n<th>Dimenzije daljinskega upravljalnika<\/th>\n<td>pribli\u017eno 4,5 x 3,5 cm<\/td>\n<\/tr>\n<tr>\n<th>Weight<\/th>\n<td>pribli\u017eno 125 g<\/td>\n<\/tr>\n<\/tbody>\n<\/table>\n<\/div>","protected":false},"excerpt":{"rendered":"<p>Na zalogi pri zunanjem dobavitelju. Rok dostave 3-5dni.<\/p>","protected":false},"featured_media":28286,"template":"","meta":{"_monsterinsights_skip_tracking":false,"_monsterinsights_sitenote_active":false,"_monsterinsights_sitenote_note":"","_monsterinsights_sitenote_category":0},"product_brand":[],"product_cat":[173,253,255],"product_tag":[],"class_list":{"0":"post-28019","1":"product","2":"type-product","3":"status-publish","4":"has-post-thumbnail","6":"product_cat-kolesarski-dodatki","7":"product_cat-sport","8":"product_cat-vsi","10":"first","11":"outofstock","12":"taxable","13":"shipping-taxable","14":"purchasable","15":"product-type-simple"},"jetpack_sharing_enabled":true,"_links":{"self":[{"href":"https:\/\/kobra.si\/en\/wp-json\/wp\/v2\/product\/28019","targetHints":{"allow":["GET"]}}],"collection":[{"href":"https:\/\/kobra.si\/en\/wp-json\/wp\/v2\/product"}],"about":[{"href":"https:\/\/kobra.si\/en\/wp-json\/wp\/v2\/types\/product"}],"version-history":[{"count":1,"href":"https:\/\/kobra.si\/en\/wp-json\/wp\/v2\/product\/28019\/revisions"}],"predecessor-version":[{"id":28084,"href":"https:\/\/kobra.si\/en\/wp-json\/wp\/v2\/product\/28019\/revisions\/28084"}],"wp:featuredmedia":[{"embeddable":true,"href":"https:\/\/kobra.si\/en\/wp-json\/wp\/v2\/media\/28286"}],"wp:attachment":[{"href":"https:\/\/kobra.si\/en\/wp-json\/wp\/v2\/media?parent=28019"}],"wp:term":[{"taxonomy":"product_brand","embeddable":true,"href":"https:\/\/kobra.si\/en\/wp-json\/wp\/v2\/product_brand?post=28019"},{"taxonomy":"product_cat","embeddable":true,"href":"https:\/\/kobra.si\/en\/wp-json\/wp\/v2\/product_cat?post=28019"},{"taxonomy":"product_tag","embeddable":true,"href":"https:\/\/kobra.si\/en\/wp-json\/wp\/v2\/product_tag?post=28019"}],"curies":[{"name":"wp","href":"https:\/\/api.w.org\/{rel}","templated":true}]}}