{"id":27999,"date":"2025-04-09T09:36:18","date_gmt":"2025-04-09T07:36:18","guid":{"rendered":"https:\/\/kobra.si\/spletna-trgovina-kobra\/kolesarska-ocala-s-fotokromnimi-stekli-rockbros-10161\/"},"modified":"2026-01-12T20:56:48","modified_gmt":"2026-01-12T19:56:48","slug":"kolesarska-ocala-s-fotokromnimi-stekli-rockbros-10161","status":"publish","type":"product","link":"https:\/\/kobra.si\/en\/spletna-trgovina-kobra\/kolesarska-ocala-s-fotokromnimi-stekli-rockbros-10161\/","title":{"rendered":"Kolesarska o\u010dala, s fotokromnimi stekli Rockbros 10161"},"content":{"rendered":"<h3>Rockbros fotohromna kolesarska o\u010dala 10161<\/h3>\n<p>Izbolj\u0161ajte svojo vidljivost med kolesarjenjem ali vo\u017enjo! O\u010dala blagovne znamke Rockbros zagotavljajo u\u010dinkovit fotokromizem v vseh vremenskih razmerah. Va\u0161e o\u010di bodo za\u0161\u010ditili pred UV-\u017earki in u\u010dinkovito pove\u010dali va\u0161e udobje. Model 10161 odlikuje univerzalna zasnova. V kompletu so korekcijski okvirji za o\u010dala, ki jih lahko uporabljate hkrati z o\u010dali Rockbros, in dodatki za priro\u010dno shranjevanje izdelka.<\/p>\n<p>\n<img decoding=\"async\" border=\"0\" src=\"https:\/\/assets.innpro.pl\/9237\/10792\/4.jpg\" title=\"\">\n<\/p>\n<h3>U\u010dinkovita za\u0161\u010dita o\u010di<\/h3>\n<p>O\u010dala Rockbros bodo odli\u010dna za kolesarske in avtomobilske navdu\u0161ence ter popotnike, katerih cilj potovanja so pogosto obalna obmo\u010dja. Fotohromna o\u010dala zagotavljajo u\u010dinkovito za\u0161\u010dito pred UV 400, spreminjajo odtenek glede na stopnjo intenzivnosti svetlobe, naredijo barve bolj nasi\u010dene in u\u010dinkovito filtrirajo ble\u0161\u010danje, kar zagotavlja bolj\u0161o vidljivost na cesti in pove\u010duje varnost med vo\u017enjo. Z njihovo uporabo boste poskrbeli za zdravje svojih o\u010di in izbolj\u0161ali vidljivost. Prozorna o\u010dala so izdelana iz trpe\u017ene plastike PC.<\/p>\n<p>\n<img decoding=\"async\" border=\"0\" src=\"https:\/\/assets.innpro.pl\/9237\/10792\/3.jpg\" title=\"\">\n<\/p>\n<h3>Pozornost do podrobnosti<\/h3>\n<p>Za o\u010dala Rockbros je zna\u010dilna njihova vsestranskost, zato jih mora imeti vsak kolesar in voznik. Zaradi premi\u0161ljene zasnove je izdelek izjemno lahek, stabilno ostane na mestu in je zelo udoben za uporabo. V kompletu so prilo\u017eeni korekcijski okvirji za o\u010dala, ki jih lahko udobno uporabljate hkrati z o\u010dali 10161. Vzemite o\u010dala na vo\u017enjo in se prepri\u010dajte, koliko udobja vam bodo prinesle \u0161tevilne funkcije. Za dodatno udobje sta kompletu prilo\u017eena etui in torbica, v kateri lahko izdelek varno shranite.<\/p>\n<p>\n<img decoding=\"async\" border=\"0\" src=\"https:\/\/assets.innpro.pl\/9237\/10792\/5.jpg\" title=\"\">\n<\/p>\n<h3>Vklju\u010deno:<\/h3>\n<ul class=\"list-disc pl-5\">\n<li>Okvirji za o\u010dala x1<\/li>\n<li>Fotohromne le\u010de x1<\/li>\n<li>etui za o\u010dala x1<\/li>\n<li>Okvirji korekcijskih o\u010dal x1<\/li>\n<li>Kov\u010dek za o\u010dala x1<\/li>\n<li>Krpica za o\u010dala x1<\/li>\n<\/ul>\n<div class=\"table-wrapper\">\n<h3><\/h3>\n<table>\n<tbody>\n<tr>\n<th>Proizvajalec<\/th>\n<td>Rockbros<\/td>\n<\/tr>\n<tr>\n<th>Model<\/th>\n<td>10161<\/td>\n<\/tr>\n<tr>\n<th>Uporaba<\/th>\n<td>Kolesarjenje\/vo\u017enja\/na obalnih obmo\u010djih<\/td>\n<\/tr>\n<tr>\n<th>Barva okvirja<\/th>\n<td>\u010crno-rde\u010da<\/td>\n<\/tr>\n<tr>\n<th>Material okvirja<\/th>\n<td>TR<\/td>\n<\/tr>\n<tr>\n<th>Vrsta objektiva<\/th>\n<td>Fotohromna<\/td>\n<\/tr>\n<tr>\n<th>Material le\u010d<\/th>\n<td>Polikarbon<\/td>\n<\/tr>\n<tr>\n<th>UV-za\u0161\u010dita<\/th>\n<td>400 nm<\/td>\n<\/tr>\n<tr>\n<th>Weight<\/th>\n<td>29 g<\/td>\n<\/tr>\n<\/tbody>\n<\/table>\n<\/div>","protected":false},"excerpt":{"rendered":"<p>Na zalogi pri zunanjem dobavitelju. Rok dostave 3-5dni.<\/p>","protected":false},"featured_media":28273,"template":"","meta":{"_monsterinsights_skip_tracking":false,"_monsterinsights_sitenote_active":false,"_monsterinsights_sitenote_note":"","_monsterinsights_sitenote_category":0},"product_brand":[],"product_cat":[173,253,255],"product_tag":[],"class_list":{"0":"post-27999","1":"product","2":"type-product","3":"status-publish","4":"has-post-thumbnail","6":"product_cat-kolesarski-dodatki","7":"product_cat-sport","8":"product_cat-vsi","10":"first","11":"outofstock","12":"taxable","13":"shipping-taxable","14":"purchasable","15":"product-type-simple"},"jetpack_sharing_enabled":true,"_links":{"self":[{"href":"https:\/\/kobra.si\/en\/wp-json\/wp\/v2\/product\/27999","targetHints":{"allow":["GET"]}}],"collection":[{"href":"https:\/\/kobra.si\/en\/wp-json\/wp\/v2\/product"}],"about":[{"href":"https:\/\/kobra.si\/en\/wp-json\/wp\/v2\/types\/product"}],"version-history":[{"count":1,"href":"https:\/\/kobra.si\/en\/wp-json\/wp\/v2\/product\/27999\/revisions"}],"predecessor-version":[{"id":28062,"href":"https:\/\/kobra.si\/en\/wp-json\/wp\/v2\/product\/27999\/revisions\/28062"}],"wp:featuredmedia":[{"embeddable":true,"href":"https:\/\/kobra.si\/en\/wp-json\/wp\/v2\/media\/28273"}],"wp:attachment":[{"href":"https:\/\/kobra.si\/en\/wp-json\/wp\/v2\/media?parent=27999"}],"wp:term":[{"taxonomy":"product_brand","embeddable":true,"href":"https:\/\/kobra.si\/en\/wp-json\/wp\/v2\/product_brand?post=27999"},{"taxonomy":"product_cat","embeddable":true,"href":"https:\/\/kobra.si\/en\/wp-json\/wp\/v2\/product_cat?post=27999"},{"taxonomy":"product_tag","embeddable":true,"href":"https:\/\/kobra.si\/en\/wp-json\/wp\/v2\/product_tag?post=27999"}],"curies":[{"name":"wp","href":"https:\/\/api.w.org\/{rel}","templated":true}]}}