{"id":27996,"date":"2025-04-09T09:36:09","date_gmt":"2025-04-09T07:36:09","guid":{"rendered":"https:\/\/kobra.si\/spletna-trgovina-kobra\/rockbros-dolge-kolesarske-hlace-velikosti-l-20420331003-crna\/"},"modified":"2026-04-20T20:50:08","modified_gmt":"2026-04-20T18:50:08","slug":"rockbros-dolge-kolesarske-hlace-velikosti-l-20420331003-crna","status":"publish","type":"product","link":"https:\/\/kobra.si\/en\/spletna-trgovina-kobra\/rockbros-dolge-kolesarske-hlace-velikosti-l-20420331003-crna\/","title":{"rendered":"Rockbros dolge kolesarske hla\u010de velikosti: L 20420331003 (\u010drna)"},"content":{"rendered":"<h3>Rockbros dolge kolesarske hla\u010de 20420331003 (\u010drne, velikost M)<\/h3>\n<p>Kolesarske hla\u010de Rockbros v velikosti M bodo primerne za letne \u010dase, kot so pomlad, jesen in zima. Ustvarjene so bile iz lahkih materialov, ki \u0161\u010ditijo pred mrazom. So prilegajo\u010de se in med kolesarjenjem zmanj\u0161ujejo zra\u010dni upor. Zapirala na velcro, ki se nahajajo na spodnjem delu nog, omogo\u010dajo prilagajanje zapenjanja, \u017eepi na zadrgo pa omogo\u010dajo shranjevanje na primer pametnega telefona ali klju\u010dev. Poleg tega so odporne na veter in vodo, odsevni elementi pa pove\u010dujejo varnost po temi.<\/p>\n<p>\n<img decoding=\"async\" border=\"0\" src=\"https:\/\/assets.innpro.pl\/10719\/12634\/1.jpg\" title=\"\">\n<\/p>\n<div class=\"table-wrapper\">\n<h3><\/h3>\n<table>\n<tbody>\n<tr>\n<th>Proizvajalec:<\/th>\n<td>Rockbors<\/td>\n<\/tr>\n<tr>\n<th>Model<\/th>\n<td>20420331003<\/td>\n<\/tr>\n<tr>\n<th>Color<\/th>\n<td>\u010drna<\/td>\n<\/tr>\n<tr>\n<th>Material<\/th>\n<td>PU, poliester, spandeks<\/td>\n<\/tr>\n<tr>\n<th>Velikost<\/th>\n<td>M<\/td>\n<\/tr>\n<\/tbody>\n<\/table>\n<\/div>","protected":false},"excerpt":{"rendered":"<p>Na zalogi pri zunanjem dobavitelju. Rok dostave 3-5dni.<\/p>","protected":false},"featured_media":28272,"template":"","meta":{"_monsterinsights_skip_tracking":false,"_monsterinsights_sitenote_active":false,"_monsterinsights_sitenote_note":"","_monsterinsights_sitenote_category":0},"product_brand":[],"product_cat":[173,253,255],"product_tag":[],"class_list":{"0":"post-27996","1":"product","2":"type-product","3":"status-publish","4":"has-post-thumbnail","6":"product_cat-kolesarski-dodatki","7":"product_cat-sport","8":"product_cat-vsi","10":"first","11":"instock","12":"taxable","13":"shipping-taxable","14":"purchasable","15":"product-type-simple"},"jetpack_sharing_enabled":true,"_links":{"self":[{"href":"https:\/\/kobra.si\/en\/wp-json\/wp\/v2\/product\/27996","targetHints":{"allow":["GET"]}}],"collection":[{"href":"https:\/\/kobra.si\/en\/wp-json\/wp\/v2\/product"}],"about":[{"href":"https:\/\/kobra.si\/en\/wp-json\/wp\/v2\/types\/product"}],"version-history":[{"count":1,"href":"https:\/\/kobra.si\/en\/wp-json\/wp\/v2\/product\/27996\/revisions"}],"predecessor-version":[{"id":28059,"href":"https:\/\/kobra.si\/en\/wp-json\/wp\/v2\/product\/27996\/revisions\/28059"}],"wp:featuredmedia":[{"embeddable":true,"href":"https:\/\/kobra.si\/en\/wp-json\/wp\/v2\/media\/28272"}],"wp:attachment":[{"href":"https:\/\/kobra.si\/en\/wp-json\/wp\/v2\/media?parent=27996"}],"wp:term":[{"taxonomy":"product_brand","embeddable":true,"href":"https:\/\/kobra.si\/en\/wp-json\/wp\/v2\/product_brand?post=27996"},{"taxonomy":"product_cat","embeddable":true,"href":"https:\/\/kobra.si\/en\/wp-json\/wp\/v2\/product_cat?post=27996"},{"taxonomy":"product_tag","embeddable":true,"href":"https:\/\/kobra.si\/en\/wp-json\/wp\/v2\/product_tag?post=27996"}],"curies":[{"name":"wp","href":"https:\/\/api.w.org\/{rel}","templated":true}]}}