{"id":27994,"date":"2025-04-09T09:36:01","date_gmt":"2025-04-09T07:36:01","guid":{"rendered":"https:\/\/kobra.si\/spletna-trgovina-kobra\/kolesarska-jakna-rockbros-velikost-l-15420381003-crna\/"},"modified":"2026-01-29T20:50:13","modified_gmt":"2026-01-29T19:50:13","slug":"kolesarska-jakna-rockbros-velikost-l-15420381003-crna","status":"publish","type":"product","link":"https:\/\/kobra.si\/en\/spletna-trgovina-kobra\/kolesarska-jakna-rockbros-velikost-l-15420381003-crna\/","title":{"rendered":"Kolesarska jakna Rockbros Velikost: L 15420381003 (\u010drna)"},"content":{"rendered":"<h3>Kolesarska jakna Rockbros 15420381003 (\u010drna in rde\u010da)<\/h3>\n<p>Jakna Rockbros bo uporabna pri \u0161portih na prostem. U\u010dinkovito \u0161\u010diti pred vetrom in de\u017ejem, odsevni elementi pa zagotavljajo varnost po temi. Poleg tega ima veliko \u017eepov in podlogo iz flisa za za\u0161\u010dito pred nizkimi temperaturami. Jakna je primerna za osebe, ki nosijo velikost L.<\/p>\n<p><img decoding=\"async\" src=\"https:\/\/b2b.innpro.pl\/data\/include\/cms\/Rockbros\/154203810-03\/2.jpg\" border=\"0\" title=\"\"><\/p>\n<h3>Za aktivne<\/h3>\n<p>Kolesarjenje, tek, planinarjenje, nordijska hoja &#8211; jakna Rockbors se bo dobro obnesla v teh in podobnih situacijah. Opremljena je z luknjami za zra\u010denje in podalj\u0161animi rokavi z odprtinami za palec. Poleg tega podalj\u0161ek na zadnjem delu jakne \u0161\u010diti hrbet pred mrazom med kolesarjenjem.<\/p>\n<p><img decoding=\"async\" src=\"https:\/\/b2b.innpro.pl\/data\/include\/cms\/Rockbros\/154203810-03\/3.jpg\" border=\"0\" title=\"\"><\/p>\n<h3>Odporna na vodo in veter<\/h3>\n<p>Jakna Rockbros je dodelana z materialom, ki odbija vodo in \u0161\u010diti pred vetrom. Zato jo lahko uporabljate v de\u017eevnem ali hladnem vremenu. Podloga iz flisa dodatno zagotavlja udobje, visok ovratnik pa \u0161\u010diti vrat pred mrazom.<\/p>\n<p><img decoding=\"async\" src=\"https:\/\/b2b.innpro.pl\/data\/include\/cms\/Rockbros\/154203810-03\/6.jpg\" border=\"0\" title=\"\"><\/p>\n<div class=\"table-wrapper\">\n<table>\n<tbody>\n<tr>\n<th>Proizvajalec:<\/th>\n<td>Rockbros<\/td>\n<\/tr>\n<tr>\n<th>Model<\/th>\n<td>15420381003<\/td>\n<\/tr>\n<tr>\n<th>Color<\/th>\n<td>\u010drna in rde\u010da<\/td>\n<\/tr>\n<tr>\n<th>Material<\/th>\n<td>poliester<\/td>\n<\/tr>\n<tr>\n<th>Temperatura<\/th>\n<td>-5\u00b0C<\/td>\n<\/tr>\n<tr>\n<th>Velikost<\/th>\n<td>L<\/td>\n<\/tr>\n<\/tbody>\n<\/table>\n<\/div>","protected":false},"excerpt":{"rendered":"<p>Na zalogi pri zunanjem dobavitelju. Rok dostave 3-5dni.<\/p>","protected":false},"featured_media":28270,"template":"","meta":{"_monsterinsights_skip_tracking":false,"_monsterinsights_sitenote_active":false,"_monsterinsights_sitenote_note":"","_monsterinsights_sitenote_category":0},"product_brand":[],"product_cat":[173,253,255],"product_tag":[],"class_list":{"0":"post-27994","1":"product","2":"type-product","3":"status-publish","4":"has-post-thumbnail","6":"product_cat-kolesarski-dodatki","7":"product_cat-sport","8":"product_cat-vsi","10":"first","11":"outofstock","12":"taxable","13":"shipping-taxable","14":"purchasable","15":"product-type-simple"},"jetpack_sharing_enabled":true,"_links":{"self":[{"href":"https:\/\/kobra.si\/en\/wp-json\/wp\/v2\/product\/27994","targetHints":{"allow":["GET"]}}],"collection":[{"href":"https:\/\/kobra.si\/en\/wp-json\/wp\/v2\/product"}],"about":[{"href":"https:\/\/kobra.si\/en\/wp-json\/wp\/v2\/types\/product"}],"version-history":[{"count":1,"href":"https:\/\/kobra.si\/en\/wp-json\/wp\/v2\/product\/27994\/revisions"}],"predecessor-version":[{"id":28057,"href":"https:\/\/kobra.si\/en\/wp-json\/wp\/v2\/product\/27994\/revisions\/28057"}],"wp:featuredmedia":[{"embeddable":true,"href":"https:\/\/kobra.si\/en\/wp-json\/wp\/v2\/media\/28270"}],"wp:attachment":[{"href":"https:\/\/kobra.si\/en\/wp-json\/wp\/v2\/media?parent=27994"}],"wp:term":[{"taxonomy":"product_brand","embeddable":true,"href":"https:\/\/kobra.si\/en\/wp-json\/wp\/v2\/product_brand?post=27994"},{"taxonomy":"product_cat","embeddable":true,"href":"https:\/\/kobra.si\/en\/wp-json\/wp\/v2\/product_cat?post=27994"},{"taxonomy":"product_tag","embeddable":true,"href":"https:\/\/kobra.si\/en\/wp-json\/wp\/v2\/product_tag?post=27994"}],"curies":[{"name":"wp","href":"https:\/\/api.w.org\/{rel}","templated":true}]}}